{"id":100,"date":"2020-07-04T12:54:20","date_gmt":"2020-07-04T12:54:20","guid":{"rendered":"http:\/\/www.univnt.ro\/?page_id=100"},"modified":"2026-04-15T12:56:47","modified_gmt":"2026-04-15T12:56:47","slug":"dreptul-afacerilor","status":"publish","type":"page","link":"https:\/\/www.univnt.ro\/index.php\/facultati\/facultatea-de-drept\/dreptul-afacerilor\/","title":{"rendered":"DREPTUL AFACERILOR"},"content":{"rendered":"\t\t<div data-elementor-type=\"wp-page\" data-elementor-id=\"100\" class=\"elementor elementor-100\" data-elementor-post-type=\"page\">\n\t\t\t\t\t\t<section class=\"elementor-section elementor-top-section elementor-element elementor-element-1aab2d5 elementor-section-boxed elementor-section-height-default elementor-section-height-default\" data-id=\"1aab2d5\" data-element_type=\"section\">\n\t\t\t\t\t\t<div class=\"elementor-container elementor-column-gap-default\">\n\t\t\t\t\t<div class=\"elementor-column elementor-col-100 elementor-top-column elementor-element elementor-element-503acc2\" data-id=\"503acc2\" data-element_type=\"column\">\n\t\t\t<div class=\"elementor-widget-wrap elementor-element-populated\">\n\t\t\t\t\t\t<div class=\"elementor-element elementor-element-6d100d9 elementor-alert-info elementor-invisible elementor-widget elementor-widget-alert\" data-id=\"6d100d9\" data-element_type=\"widget\" data-settings=\"{&quot;_animation&quot;:&quot;shake&quot;}\" data-widget_type=\"alert.default\">\n\t\t\t\t<div class=\"elementor-widget-container\">\n\t\t\t\t\t\t\t<div class=\"elementor-alert\" role=\"alert\">\n\n\t\t\t\t\t\t<span class=\"elementor-alert-title\">Au fost postate datele examenelor pentru sesiunea 2!<\/span>\n\t\t\t\n\t\t\t\n\t\t\t\t\t\t<button type=\"button\" class=\"elementor-alert-dismiss\" aria-label=\"Respinge aceast\u0103 alert\u0103.\">\n\t\t\t\t\t\t\t\t\t<span aria-hidden=\"true\">&times;<\/span>\n\t\t\t\t\t\t\t<\/button>\n\t\t\t\n\t\t<\/div>\n\t\t\t\t\t\t<\/div>\n\t\t\t\t<\/div>\n\t\t\t\t\t<\/div>\n\t\t<\/div>\n\t\t\t\t\t<\/div>\n\t\t<\/section>\n\t\t\t\t<section class=\"elementor-section elementor-top-section elementor-element elementor-element-2a67810 elementor-section-boxed elementor-section-height-default elementor-section-height-default\" data-id=\"2a67810\" data-element_type=\"section\">\n\t\t\t\t\t\t<div class=\"elementor-container elementor-column-gap-default\">\n\t\t\t\t\t<div class=\"elementor-column elementor-col-100 elementor-top-column elementor-element elementor-element-87044ad\" data-id=\"87044ad\" data-element_type=\"column\">\n\t\t\t<div class=\"elementor-widget-wrap elementor-element-populated\">\n\t\t\t\t\t\t<div class=\"elementor-element elementor-element-409b301 elementor-widget elementor-widget-accordion\" data-id=\"409b301\" data-element_type=\"widget\" data-widget_type=\"accordion.default\">\n\t\t\t\t<div class=\"elementor-widget-container\">\n\t\t\t\t\t\t\t<div class=\"elementor-accordion\">\n\t\t\t\t\t\t\t<div class=\"elementor-accordion-item\">\n\t\t\t\t\t<div id=\"elementor-tab-title-6771\" class=\"elementor-tab-title\" data-tab=\"1\" role=\"button\" aria-controls=\"elementor-tab-content-6771\" aria-expanded=\"false\">\n\t\t\t\t\t\t\t\t\t\t\t\t\t<span class=\"elementor-accordion-icon elementor-accordion-icon-left\" aria-hidden=\"true\">\n\t\t\t\t\t\t\t\t\t\t\t\t\t\t\t<span class=\"elementor-accordion-icon-closed\"><i class=\"fas fa-plus\"><\/i><\/span>\n\t\t\t\t\t\t\t\t<span class=\"elementor-accordion-icon-opened\"><i class=\"fas fa-minus\"><\/i><\/span>\n\t\t\t\t\t\t\t\t\t\t\t\t\t\t<\/span>\n\t\t\t\t\t\t\t\t\t\t\t\t<a class=\"elementor-accordion-title\" tabindex=\"0\">AVIZIER<\/a>\n\t\t\t\t\t<\/div>\n\t\t\t\t\t<div id=\"elementor-tab-content-6771\" class=\"elementor-tab-content elementor-clearfix\" data-tab=\"1\" role=\"region\" aria-labelledby=\"elementor-tab-title-6771\"><p style=\"text-align: center;\"><a href=\"https:\/\/www.univnt.ro\/index.php\/category\/dreptul-afacerilor\"><strong><button type=\"button\">Vezi anun\u021buri!<\/button><\/strong><\/a><\/p><\/div>\n\t\t\t\t<\/div>\n\t\t\t\t\t\t\t<div class=\"elementor-accordion-item\">\n\t\t\t\t\t<div id=\"elementor-tab-title-6772\" class=\"elementor-tab-title\" data-tab=\"2\" role=\"button\" aria-controls=\"elementor-tab-content-6772\" aria-expanded=\"false\">\n\t\t\t\t\t\t\t\t\t\t\t\t\t<span class=\"elementor-accordion-icon elementor-accordion-icon-left\" aria-hidden=\"true\">\n\t\t\t\t\t\t\t\t\t\t\t\t\t\t\t<span class=\"elementor-accordion-icon-closed\"><i class=\"fas fa-plus\"><\/i><\/span>\n\t\t\t\t\t\t\t\t<span class=\"elementor-accordion-icon-opened\"><i class=\"fas fa-minus\"><\/i><\/span>\n\t\t\t\t\t\t\t\t\t\t\t\t\t\t<\/span>\n\t\t\t\t\t\t\t\t\t\t\t\t<a class=\"elementor-accordion-title\" tabindex=\"0\">ORAR<\/a>\n\t\t\t\t\t<\/div>\n\t\t\t\t\t<div id=\"elementor-tab-content-6772\" class=\"elementor-tab-content elementor-clearfix\" data-tab=\"2\" role=\"region\" aria-labelledby=\"elementor-tab-title-6772\"><p style=\"text-align: center;\"><span style=\"color: #800080;\"><strong>Anul universitar 2025-2026, Semestrul 2<\/strong><\/span><\/p>\n<p style=\"text-align: center;\"><a href=\"https:\/\/drive.google.com\/file\/d\/1pHmPVqr6GEZ9hkPxFwQPehs_Un7tbVOA\/view?usp=sharing\" target=\"_blank\" rel=\"noopener\"><strong><button type=\"button\">Anul 1<\/button><\/strong><\/a><\/p>\n<p><strong><a href=\"https:\/\/drive.google.com\/file\/d\/1dLSA3SGtgZDDE-rdWoV6G9gn9ySpNz37\/view?usp=sharing\" target=\"_blank\" rel=\"noopener\"><button type=\"button\">S\u0103pt\u0103m\u00e2ni seminar<\/button><\/a><\/strong><\/p>\n<p><strong><a href=\"https:\/\/drive.google.com\/file\/d\/1YykKHw8wmO3jT5H1v5XwOkFNaMpjwO6M\/view?usp=sharing\" target=\"_blank\" rel=\"noopener\"><button type=\"button\">Anun\u021b practic\u0103 semestrul 2<\/button><\/a><\/strong><\/p>\n<p>\u00a0<\/p><\/div>\n\t\t\t\t<\/div>\n\t\t\t\t\t\t\t<div class=\"elementor-accordion-item\">\n\t\t\t\t\t<div id=\"elementor-tab-title-6773\" class=\"elementor-tab-title\" data-tab=\"3\" role=\"button\" aria-controls=\"elementor-tab-content-6773\" aria-expanded=\"false\">\n\t\t\t\t\t\t\t\t\t\t\t\t\t<span class=\"elementor-accordion-icon elementor-accordion-icon-left\" aria-hidden=\"true\">\n\t\t\t\t\t\t\t\t\t\t\t\t\t\t\t<span class=\"elementor-accordion-icon-closed\"><i class=\"fas fa-plus\"><\/i><\/span>\n\t\t\t\t\t\t\t\t<span class=\"elementor-accordion-icon-opened\"><i class=\"fas fa-minus\"><\/i><\/span>\n\t\t\t\t\t\t\t\t\t\t\t\t\t\t<\/span>\n\t\t\t\t\t\t\t\t\t\t\t\t<a class=\"elementor-accordion-title\" tabindex=\"0\">EXAMENE<\/a>\n\t\t\t\t\t<\/div>\n\t\t\t\t\t<div id=\"elementor-tab-content-6773\" class=\"elementor-tab-content elementor-clearfix\" data-tab=\"3\" role=\"region\" aria-labelledby=\"elementor-tab-title-6773\"><p style=\"text-align: center;\"><span style=\"color: #800080;\"><strong>Anul universitar 2025-2026, Semestrul 2<\/strong><\/span><\/p>\n<p style=\"text-align: center;\"><a href=\"https:\/\/drive.google.com\/file\/d\/17pAPzHdvlbJWEYmt2aPsbRVnjZYGRn5k\/view?usp=sharing\" target=\"_blank\" rel=\"noopener\"><strong><button type=\"button\">Anul 1<\/button><\/strong><\/a><\/p><\/div>\n\t\t\t\t<\/div>\n\t\t\t\t\t\t\t<div class=\"elementor-accordion-item\">\n\t\t\t\t\t<div id=\"elementor-tab-title-6774\" class=\"elementor-tab-title\" data-tab=\"4\" role=\"button\" aria-controls=\"elementor-tab-content-6774\" aria-expanded=\"false\">\n\t\t\t\t\t\t\t\t\t\t\t\t\t<span class=\"elementor-accordion-icon elementor-accordion-icon-left\" aria-hidden=\"true\">\n\t\t\t\t\t\t\t\t\t\t\t\t\t\t\t<span class=\"elementor-accordion-icon-closed\"><i class=\"fas fa-plus\"><\/i><\/span>\n\t\t\t\t\t\t\t\t<span class=\"elementor-accordion-icon-opened\"><i class=\"fas fa-minus\"><\/i><\/span>\n\t\t\t\t\t\t\t\t\t\t\t\t\t\t<\/span>\n\t\t\t\t\t\t\t\t\t\t\t\t<a class=\"elementor-accordion-title\" tabindex=\"0\">RESTAN\u0162E<\/a>\n\t\t\t\t\t<\/div>\n\t\t\t\t\t<div id=\"elementor-tab-content-6774\" class=\"elementor-tab-content elementor-clearfix\" data-tab=\"4\" role=\"region\" aria-labelledby=\"elementor-tab-title-6774\"><p style=\"text-align: center;\"><span style=\"color: #800080;\"><strong>Anul universitar 2025-2026<\/strong><\/span><\/p>\n<p style=\"text-align: center;\"><a href=\"https:\/\/drive.google.com\/file\/d\/1ax97snvZjqk1XSV-N59M6jjx0zB-zUl4\/view?usp=sharing\" target=\"_blank\" rel=\"noopener\"><strong><button type=\"button\">Anul 1<\/button><\/strong><\/a><\/p><\/div>\n\t\t\t\t<\/div>\n\t\t\t\t\t\t\t<div class=\"elementor-accordion-item\">\n\t\t\t\t\t<div id=\"elementor-tab-title-6775\" class=\"elementor-tab-title\" data-tab=\"5\" role=\"button\" aria-controls=\"elementor-tab-content-6775\" aria-expanded=\"false\">\n\t\t\t\t\t\t\t\t\t\t\t\t\t<span class=\"elementor-accordion-icon elementor-accordion-icon-left\" aria-hidden=\"true\">\n\t\t\t\t\t\t\t\t\t\t\t\t\t\t\t<span class=\"elementor-accordion-icon-closed\"><i class=\"fas fa-plus\"><\/i><\/span>\n\t\t\t\t\t\t\t\t<span class=\"elementor-accordion-icon-opened\"><i class=\"fas fa-minus\"><\/i><\/span>\n\t\t\t\t\t\t\t\t\t\t\t\t\t\t<\/span>\n\t\t\t\t\t\t\t\t\t\t\t\t<a class=\"elementor-accordion-title\" tabindex=\"0\">REEXAMIN\u0102RI<\/a>\n\t\t\t\t\t<\/div>\n\t\t\t\t\t<div id=\"elementor-tab-content-6775\" class=\"elementor-tab-content elementor-clearfix\" data-tab=\"5\" role=\"region\" aria-labelledby=\"elementor-tab-title-6775\"><p style=\"text-align: center;\"><span style=\"color: #800080;\"><strong>Anul universitar 2025-2026<\/strong><\/span><\/p>\n<p style=\"text-align: center;\"><a href=\"https:\/\/drive.google.com\/file\/d\/1b3FUOTTBhpl8Fw73FWvVhCAoL7-SX-nS\/view?usp=sharing\" target=\"_blank\" rel=\"noopener\"><strong><button type=\"button\">Anul 1<\/button><\/strong><\/a><\/p><\/div>\n\t\t\t\t<\/div>\n\t\t\t\t\t\t\t<div class=\"elementor-accordion-item\">\n\t\t\t\t\t<div id=\"elementor-tab-title-6776\" class=\"elementor-tab-title\" data-tab=\"6\" role=\"button\" aria-controls=\"elementor-tab-content-6776\" aria-expanded=\"false\">\n\t\t\t\t\t\t\t\t\t\t\t\t\t<span class=\"elementor-accordion-icon elementor-accordion-icon-left\" aria-hidden=\"true\">\n\t\t\t\t\t\t\t\t\t\t\t\t\t\t\t<span class=\"elementor-accordion-icon-closed\"><i class=\"fas fa-plus\"><\/i><\/span>\n\t\t\t\t\t\t\t\t<span class=\"elementor-accordion-icon-opened\"><i class=\"fas fa-minus\"><\/i><\/span>\n\t\t\t\t\t\t\t\t\t\t\t\t\t\t<\/span>\n\t\t\t\t\t\t\t\t\t\t\t\t<a class=\"elementor-accordion-title\" tabindex=\"0\">DISERTA\u0162IE<\/a>\n\t\t\t\t\t<\/div>\n\t\t\t\t\t<div id=\"elementor-tab-content-6776\" class=\"elementor-tab-content elementor-clearfix\" data-tab=\"6\" role=\"region\" aria-labelledby=\"elementor-tab-title-6776\"><p style=\"text-align: center;\"><span style=\"color: #800080;\"><strong>Diserta\u021bie Februarie 2026<\/strong><\/span><\/p>\n<p><a href=\"https:\/\/drive.google.com\/file\/d\/16vYhQx8fzdw4Qdqwp49HaxGDP_ILPEnP\/view?usp=sharing\" target=\"_blank\" rel=\"noopener\"><strong><button type=\"button\">Anun\u021b eliberare adeverin\u021be<\/button><\/strong><\/a><\/p>\n<p><a href=\"https:\/\/drive.google.com\/file\/d\/1g8hsCDBb6cjflbhA0TA1ac59mLQJRm3v\/view?usp=sharing\" target=\"_blank\" rel=\"noopener\"><strong><button type=\"button\">Anun\u021b \u00eenscriere diserta\u021bie<\/button><\/strong><\/a><\/p>\n<p><a href=\"https:\/\/drive.google.com\/file\/d\/1zADCI-dbJDYXbmCwuh_MEZRzKd6wT7yE\/view?usp=sharing\" target=\"_blank\" rel=\"noopener\"><strong><button type=\"button\">Cerere \u00eenscriere diserta\u021bie<\/button><\/strong><\/a><\/p>\n<p><a href=\"https:\/\/drive.google.com\/file\/d\/1RUi0tdIgEbTbqyHOzfgzV6uZ0XQSVGFr\/view?usp=sharing\" target=\"_blank\" rel=\"noopener\"><strong><button type=\"button\">Declara\u021bie autenticitate diserta\u021bie<\/button><\/strong><\/a><\/p>\n<p><a href=\"https:\/\/drive.google.com\/file\/d\/1g3kqMzQuYIw1r1sx8A0TbtOPaFlSAxxP\/view?usp=sharing\" target=\"_blank\" rel=\"noopener\"><strong><button type=\"button\">Programare examen diserta\u021bie<\/button><\/strong><\/a><\/p><\/div>\n\t\t\t\t<\/div>\n\t\t\t\t\t\t\t<div class=\"elementor-accordion-item\">\n\t\t\t\t\t<div id=\"elementor-tab-title-6777\" class=\"elementor-tab-title\" data-tab=\"7\" role=\"button\" aria-controls=\"elementor-tab-content-6777\" aria-expanded=\"false\">\n\t\t\t\t\t\t\t\t\t\t\t\t\t<span class=\"elementor-accordion-icon elementor-accordion-icon-left\" aria-hidden=\"true\">\n\t\t\t\t\t\t\t\t\t\t\t\t\t\t\t<span class=\"elementor-accordion-icon-closed\"><i class=\"fas fa-plus\"><\/i><\/span>\n\t\t\t\t\t\t\t\t<span class=\"elementor-accordion-icon-opened\"><i class=\"fas fa-minus\"><\/i><\/span>\n\t\t\t\t\t\t\t\t\t\t\t\t\t\t<\/span>\n\t\t\t\t\t\t\t\t\t\t\t\t<a class=\"elementor-accordion-title\" tabindex=\"0\">STRUCTURA ANULUI UNIVERSITAR<\/a>\n\t\t\t\t\t<\/div>\n\t\t\t\t\t<div id=\"elementor-tab-content-6777\" class=\"elementor-tab-content elementor-clearfix\" data-tab=\"7\" role=\"region\" aria-labelledby=\"elementor-tab-title-6777\"><p style=\"text-align: center;\"><span style=\"color: #800080;\"><strong>Anul universitar 2025-2026<\/strong><\/span><\/p>\n<p style=\"text-align: center;\"><a href=\"https:\/\/drive.google.com\/file\/d\/1uwkpobfTziiWIaPwzyQjBRkmfQ9zE5XC\/view?usp=sharing\" target=\"_blank\" rel=\"noopener\"><strong><button type=\"button\">vezi structura!<\/button><\/strong><\/a><\/p><\/div>\n\t\t\t\t<\/div>\n\t\t\t\t\t\t\t<div class=\"elementor-accordion-item\">\n\t\t\t\t\t<div id=\"elementor-tab-title-6778\" class=\"elementor-tab-title\" data-tab=\"8\" role=\"button\" aria-controls=\"elementor-tab-content-6778\" aria-expanded=\"false\">\n\t\t\t\t\t\t\t\t\t\t\t\t\t<span class=\"elementor-accordion-icon elementor-accordion-icon-left\" aria-hidden=\"true\">\n\t\t\t\t\t\t\t\t\t\t\t\t\t\t\t<span class=\"elementor-accordion-icon-closed\"><i class=\"fas fa-plus\"><\/i><\/span>\n\t\t\t\t\t\t\t\t<span class=\"elementor-accordion-icon-opened\"><i class=\"fas fa-minus\"><\/i><\/span>\n\t\t\t\t\t\t\t\t\t\t\t\t\t\t<\/span>\n\t\t\t\t\t\t\t\t\t\t\t\t<a class=\"elementor-accordion-title\" tabindex=\"0\">PLANURI DE \u00ceNV\u0102\u0162\u0102M\u00c2NT<\/a>\n\t\t\t\t\t<\/div>\n\t\t\t\t\t<div id=\"elementor-tab-content-6778\" class=\"elementor-tab-content elementor-clearfix\" data-tab=\"8\" role=\"region\" aria-labelledby=\"elementor-tab-title-6778\"><table width=\"0\">\n<tbody>\n<tr>\n<td width=\"69\"><strong>Nr.crt.<\/strong><\/td>\n<td width=\"300\"><strong>Disciplina<\/strong><\/td>\n<td width=\"323\"><strong>Cadru didactic<\/strong><\/td>\n<\/tr>\n<tr>\n<td width=\"69\">1.<\/td>\n<td width=\"300\">Institu\u0163ii de drept al afacerilor<\/td>\n<td width=\"323\">\n<p>Lect.univ.dr. Dan Alexandru Sitaru<\/p>\n<p>Conf.univ.dr. Vasile Neme\u0219<\/p>\n<\/td>\n<\/tr>\n<tr>\n<td width=\"69\">2.<\/td>\n<td width=\"300\">Dreptul contractelor civile<\/td>\n<td width=\"323\">\n<p>Lect.univ.dr. Drago\u015f Dumitru<\/p>\n<p>Lect.univ.dr. Ioana P\u0103durariu<\/p>\n<\/td>\n<\/tr>\n<tr>\n<td width=\"69\">3.<\/td>\n<td width=\"300\">Dreptul asigur\u0103rilor<\/td>\n<td width=\"323\">\n<p>Conf.univ.dr. Vasile Neme\u015f<\/p>\n<p>Lect.univ.dr. Dan Alexandru Sitaru<\/p>\n<\/td>\n<\/tr>\n<tr>\n<td width=\"69\">4.<\/td>\n<td width=\"300\">Dreptul de autor<\/td>\n<td width=\"323\">\n<p>Prof.univ.dr. Viorel Ro\u015f<\/p>\n<p>Lect.univ.dr. Buta Paul<\/p>\n<\/td>\n<\/tr>\n<tr>\n<td width=\"69\">5.<\/td>\n<td width=\"300\">Dreptul contractelor comerciale interna\u0163ionale<\/td>\n<td width=\"323\">\n<p>Prof.univ.dr. Drago\u015f Alexandru Sitaru<\/p>\n<p>Lect.univ.dr. Dan Alexandru Sitaru<\/p>\n<\/td>\n<\/tr>\n<tr>\n<td width=\"69\">6.<\/td>\n<td width=\"300\">Dreptul bancar<\/td>\n<td width=\"323\">\n<p>Conf.univ.dr. Vasile Neme\u0219<\/p>\n<p>Conf.univ.dr. Cristian Gheorghe<\/p>\n<\/td>\n<\/tr>\n<tr>\n<td width=\"69\">7.<\/td>\n<td width=\"300\">Dreptul propriet\u0103\u0163ii industriale<\/td>\n<td width=\"323\">\n<p>Prof.univ.dr. Viorel Ro\u015f<\/p>\n<p>Lect.univ.dr. Buta Paul<\/p>\n<\/td>\n<\/tr>\n<tr>\n<td width=\"69\">8.<\/td>\n<td width=\"300\">Pia\u0163a de capital<\/td>\n<td width=\"323\">\n<p>Conf.univ.dr. Cristian Gheorghe<\/p>\n<p>Conf.univ.dr. Vasile Neme\u0219<\/p>\n<\/td>\n<\/tr>\n<tr>\n<td width=\"69\">9.<\/td>\n<td width=\"300\">Drept penal al afacerilor<\/td>\n<td width=\"323\">\n<p>Prof.univ.dr. Mihai Hotca<\/p>\n<p>Conf.univ.dr. Mirela Gorunescu<\/p>\n<\/td>\n<\/tr>\n<tr>\n<td width=\"69\">10.<\/td>\n<td width=\"300\">Dreptul afacerilor UE<\/td>\n<td width=\"323\">\n<p>Prof.univ.dr.Augustin Fuerea<\/p>\n<p>Conf.univ.dr. Roxana Popescu<\/p>\n<\/td>\n<\/tr>\n<tr>\n<td width=\"69\">11.<\/td>\n<td width=\"300\">Dreptul consuma\u0163iei<\/td>\n<td width=\"323\">\n<p>Lector univ.dr. Anca Gheorghe<\/p>\n<p>Lector univ.dr. Alexandru Sitaru<\/p>\n<\/td>\n<\/tr>\n<tr>\n<td width=\"69\">12.<\/td>\n<td width=\"300\">Practica de specialitate I, II<\/td>\n<td width=\"323\">\n<p>Conf.univ.dr.Gabriel Uluitu<\/p>\n<p>Lect.univ.dr. Ioana P\u0103durariu<\/p>\n<\/td>\n<\/tr>\n<tr>\n<td width=\"69\">13.<\/td>\n<td width=\"300\">Etic\u0103 \u015fi integritate academic\u0103<\/td>\n<td width=\"323\">\n<p>Conf.univ.dr. Elena \u0218tefan<\/p>\n<p>Lect.univ.dr. Andrei Muraru<\/p>\n<\/td>\n<\/tr>\n<tr>\n<td width=\"69\">14.<\/td>\n<td width=\"300\">Arbitraj comercial interna\u0163ional<\/td>\n<td width=\"323\">\n<p>Prof.univ.dr. Drago\u015f Alexandru Sitaru<\/p>\n<p>Lect.univ.dr. Dan Alexandru Sitaru<\/p>\n<\/td>\n<\/tr>\n<\/tbody>\n<\/table><\/div>\n\t\t\t\t<\/div>\n\t\t\t\t\t\t\t\t<\/div>\n\t\t\t\t\t\t<\/div>\n\t\t\t\t<\/div>\n\t\t\t\t\t<\/div>\n\t\t<\/div>\n\t\t\t\t\t<\/div>\n\t\t<\/section>\n\t\t\t\t<section class=\"elementor-section elementor-top-section elementor-element elementor-element-22593e62 elementor-section-boxed elementor-section-height-default elementor-section-height-default\" data-id=\"22593e62\" data-element_type=\"section\">\n\t\t\t\t\t\t<div class=\"elementor-container elementor-column-gap-default\">\n\t\t\t\t\t<div class=\"elementor-column elementor-col-100 elementor-top-column elementor-element elementor-element-278330c4\" data-id=\"278330c4\" data-element_type=\"column\">\n\t\t\t<div class=\"elementor-widget-wrap elementor-element-populated\">\n\t\t\t\t\t\t<div class=\"elementor-element elementor-element-36079448 elementor-widget elementor-widget-text-editor\" data-id=\"36079448\" data-element_type=\"widget\" data-widget_type=\"text-editor.default\">\n\t\t\t\t<div class=\"elementor-widget-container\">\n\t\t\t\t\t\t\t\t\t\n<p><strong><u>Misiunea <\/u><\/strong><strong>programului de master \u201eDreptul afacerilor\u201d<\/strong> este de a forma la cele mai \u00eenalte standarde de calitate speciali\u015fti de \u00eenalt\u0103 calificare pentru sistemul judiciar rom\u00e2nesc sau a altor domenii conexe acestuia, care s\u0103 contribuie la \u00eembun\u0103t\u0103\u0163irea nivelului de preg\u0103tire profesional\u0103 \u015fi la cre\u015fterea eficien\u0163ei pe pia\u0163a muncii.<\/p>\n<p>Programul de master <strong>\u201eDreptul afacerilor\u201d<\/strong> dezvolt\u0103 dimensiunea managerial\u0103, juridic\u0103 \u015fi de cercetare a preg\u0103tirii masteranzilor \u00een contextul cerin\u0163elor statutului de stat membru al UE, urm\u0103rindu-se dezvoltarea capacit\u0103\u0163ii viitorilor speciali\u0219ti de adaptare \u0219i integrare pe pia\u021ba muncii, at\u00e2t \u00een domeniul public c\u00e2t \u0219i \u00een cel privat, deopotriv\u0103 \u00een plan na\u021bional c\u00e2t \u0219i european.<\/p>\n<p>Programul de master <strong>\u201eDreptul afacerilor\u201d<\/strong> se adreseaz\u0103 prin con\u0163inutul tematic, tuturor acelora care urm\u0103resc s\u0103-\u015fi \u00eembun\u0103t\u0103\u0163easc\u0103 performan\u0163ele profesionale indiferent de op\u0163iunea aleas\u0103 \u00een domeniul dreptului afacerilor.\u00a0<div class='yrm-content yrm-content-5 yrm-content-hide' id='yrm-1b497' data-id='5' data-show-status='false' data-after-action='' style=\"visibility: hidden;height: 0;\">\n\t\t\t<div id='yrm-inner-content-yrm-1b497' class='yrm-inner-content-wrapper yrm-cntent-5'><\/p>\n<p>Prin studierea disciplinelor acestui program de master, absolven\u0163ii facult\u0103\u0163ii vor dob\u00e2ndi noi cuno\u015ftin\u0163e necesare unei temeinice preg\u0103tiri pentru exercitarea profesiei \u00een domeniul reglement\u0103rilor relevante pentru buna desf\u0103\u0219urare a afacerilor. \u00a0\u00cen cadrul prelegerilor \u015fi seminarelor, o aten\u0163ie deosebit\u0103 se va acorda aspectelor juridice ale institu\u0163iilor studiate, precum \u015fi aspectelor de drept comparat \u00een domeniul dreptului afacerilor.\u00a0<\/p>\n<p>O dimensiune important\u0103 a studiului o va reprezenta analiza implica\u0163iilor teoretice \u015fi practice ale noilor reglement\u0103ri legale, care privesc armonizarea legisla\u0163iei rom\u00e2ne\u015fti din domeniul dreptului afacerilor cu cea din \u0163\u0103rile Uniunii Europene.<\/p>\n<p>\u00a0<\/p>\n<p>\u00a0 \u00a0 \u00a0 \u00a0 <strong><u>Obiectivele<\/u> <\/strong>programului de master <strong>\u201eDreptul afacerilor\u201d<\/strong> pot fi sintetizate astfel:<\/p>\n<p>&#8211;\u00a0 s\u0103 formeze deprinderile de cercetare \u0219tiin\u021bific\u0103 \u0219i practic-aplicative profesionale;<\/p>\n<p>&#8211; s\u0103 dob\u00e2ndeasc\u0103 competen\u021be de cunoa\u0219tere \u0219i de \u00een\u021belegere a conceptelor \u0219i institu\u021biilor disciplinelor specifice;<\/p>\n<p>&#8211; s\u0103 aprofundeze institu\u0163iile de drept al afacerilor necesare exercit\u0103rii unei cariere de magistrat, avocat, practician \u00een insolven\u0163\u0103, consilier juridic, mediator, arbitru, notar, magistrat asistent etc.;<\/p>\n<p>&#8211; s\u0103 formeze interesul \u0219i s\u0103 con\u015ftientizeze necesitatea cercet\u0103rii domeniului reglement\u0103rii juridice a derul\u0103rii afacerilor;<\/p>\n<p>&#8211;\u00a0 s\u0103 cunoasc\u0103 \u00een profunzime sistemul juridic din domeniul afacerilor;<\/p>\n<p>&#8211; s\u0103 realizeze cercetare \u015ftiin\u0163ific\u0103 prin aprofundarea \u015fi investigarea teoretico-practic\u0103 a unor institu\u0163ii de drept public \u015fi privat din domeniul consultan\u021bei juridice de afaceri;<\/p>\n<p>&#8211;\u00a0 s\u0103 duc\u0103 la specializarea practicienilor-juri\u015fti ca poten\u021bial manageri \u0219i \u00eentreprinz\u0103tori \u00een domeniul dreptului afacerilor ;<\/p>\n<p>&#8211;\u00a0 s\u0103 abordeze interdisciplinar problematica generat\u0103 de asigurarea consultan\u021bei juridice de afaceri;<\/p>\n<p>&#8211; s\u0103 aprofundeze cunoa\u015fterea normelor europene necesare practicienilor \u00een domeniul consultan\u021bei juridice de afaceri;<\/p>\n<p>&#8211; s\u0103 stimuleze capacitatea de specializare a cuno\u0219tin\u021belor \u0219i \u00een acela\u0219i timp de perfec\u021bionare interdisciplinar\u0103 &#8211; juridico &#8211; profesional\u0103 at\u00e2t pentru cei care deja \u00ee\u0219i desf\u0103\u0219oar\u0103 activitatea \u00een cadrul unui corp profesional precum: avoca\u021bi, magistra\u021bi, magistra\u021bi asisten\u021bi executori judec\u0103tore\u0219ti, practician \u00een insolven\u0163\u0103 etc dar \u0219i din perspectiva aspiran\u021bilor la un asemenea statut ulterior din cadrul absolven\u021bilor studiilor de licen\u021b\u0103;<\/p>\n<p>&#8211; s\u0103 interpreteze normele juridice \u0219i s\u0103 analizeze jurispruden\u021ba na\u021bional\u0103 \u0219i de drept comparat la disciplinele studiate din domeniul dreptului afacerilor;<\/p>\n<p>&#8211; s\u0103 contribuie la formarea unui corp de speciali\u0219ti cu abilit\u0103\u021bi \u0219i cuno\u0219tin\u021be \u00een domeniul dreptului afacerilor, actualizate \u00een procesul de integrare european\u0103;<\/p>\n<p>&#8211; s\u0103 contribuie la formarea \u0219i cultivarea interesului pentru respectarea normelor de deontologie profesional\u0103 \u0219i bunei conduite \u00een cercetarea \u0219tiin\u021bific\u0103;<\/p>\n<p>&#8211; s\u0103 dezvolte g\u00e2ndirea moral\u0103 \u0219i s\u0103 contribuie la dezvoltarea unui comportament etic dar \u0219i a integrit\u0103\u021bii, indiferent de profesia viitoare urmat\u0103 \u00een cadrul unui corp profesional precum: magistrat, avocat, practician \u00een insolven\u0163\u0103, consilier juridic, mediator, arbitru, notar etc.<\/p>\n<p><\/div>\n\t\t<\/div><div class='yrm-btn-wrapper yrm-btn-wrapper-5 yrm-more-button-wrapper  '\n\t\tdata-custom-more-class-name='' data-custom-less-class-name=''><span title='' data-less-title='' data-more-title='' class='yrm-toggle-expand  yrm-toggle-expand-5 ' data-rel='yrm-1b497' data-more='Mai mult' data-less='Mai pu\u021bin'><span class='yrm-text-wrapper yrm-text-wrapper-custom-dimensions'><span class=\"yrm-button-text-5 yrm-button-text-span\">Mai mult<\/span><\/span><\/span><\/div><\/p>\n\t\t\t\t\t\t\t\t<\/div>\n\t\t\t\t<\/div>\n\t\t\t\t\t<\/div>\n\t\t<\/div>\n\t\t\t\t\t<\/div>\n\t\t<\/section>\n\t\t\t\t<section class=\"elementor-section elementor-top-section elementor-element elementor-element-837745b elementor-section-boxed elementor-section-height-default elementor-section-height-default\" data-id=\"837745b\" data-element_type=\"section\">\n\t\t\t\t\t\t<div class=\"elementor-container elementor-column-gap-default\">\n\t\t\t\t\t<div class=\"elementor-column elementor-col-100 elementor-top-column elementor-element elementor-element-abd0fd6\" data-id=\"abd0fd6\" data-element_type=\"column\">\n\t\t\t<div class=\"elementor-widget-wrap elementor-element-populated\">\n\t\t\t\t\t\t<div class=\"elementor-element elementor-element-86301e8 elementor-widget elementor-widget-html\" data-id=\"86301e8\" data-element_type=\"widget\" data-widget_type=\"html.default\">\n\t\t\t\t<div class=\"elementor-widget-container\">\n\t\t\t\t\t<script> \r\njQuery(document).ready(function($) { \r\nvar delay = 100; setTimeout(function() { \r\n$('.elementor-tab-title').removeClass('elementor-active');\r\n $('.elementor-tab-content').css('display', 'none'); }, delay); \r\n}); \r\n<\/script>\t\t\t\t<\/div>\n\t\t\t\t<\/div>\n\t\t\t\t\t<\/div>\n\t\t<\/div>\n\t\t\t\t\t<\/div>\n\t\t<\/section>\n\t\t\t\t<\/div>\n\t\t","protected":false},"excerpt":{"rendered":"<p>Au fost postate datele examenelor pentru sesiunea 2! &times; AVIZIER Vezi anun\u021buri! ORAR Anul universitar 2025-2026, Semestrul 2 Anul 1 &hellip; <\/p>\n","protected":false},"author":1,"featured_media":0,"parent":72,"menu_order":0,"comment_status":"closed","ping_status":"closed","template":"","meta":{"_mi_skip_tracking":false,"_monsterinsights_sitenote_active":false,"_monsterinsights_sitenote_note":"","_monsterinsights_sitenote_category":0,"footnotes":""},"class_list":["post-100","page","type-page","status-publish","hentry"],"_links":{"self":[{"href":"https:\/\/www.univnt.ro\/index.php\/wp-json\/wp\/v2\/pages\/100","targetHints":{"allow":["GET"]}}],"collection":[{"href":"https:\/\/www.univnt.ro\/index.php\/wp-json\/wp\/v2\/pages"}],"about":[{"href":"https:\/\/www.univnt.ro\/index.php\/wp-json\/wp\/v2\/types\/page"}],"author":[{"embeddable":true,"href":"https:\/\/www.univnt.ro\/index.php\/wp-json\/wp\/v2\/users\/1"}],"replies":[{"embeddable":true,"href":"https:\/\/www.univnt.ro\/index.php\/wp-json\/wp\/v2\/comments?post=100"}],"version-history":[{"count":338,"href":"https:\/\/www.univnt.ro\/index.php\/wp-json\/wp\/v2\/pages\/100\/revisions"}],"predecessor-version":[{"id":14060,"href":"https:\/\/www.univnt.ro\/index.php\/wp-json\/wp\/v2\/pages\/100\/revisions\/14060"}],"up":[{"embeddable":true,"href":"https:\/\/www.univnt.ro\/index.php\/wp-json\/wp\/v2\/pages\/72"}],"wp:attachment":[{"href":"https:\/\/www.univnt.ro\/index.php\/wp-json\/wp\/v2\/media?parent=100"}],"curies":[{"name":"wp","href":"https:\/\/api.w.org\/{rel}","templated":true}]}}