{"id":106,"date":"2020-07-04T12:57:39","date_gmt":"2020-07-04T12:57:39","guid":{"rendered":"http:\/\/www.univnt.ro\/?page_id=106"},"modified":"2026-04-16T05:57:01","modified_gmt":"2026-04-16T05:57:01","slug":"studii-de-licenta-drept-european-si-international","status":"publish","type":"page","link":"https:\/\/www.univnt.ro\/index.php\/facultati\/facultatea-de-drept\/studii-de-licenta-drept-european-si-international\/","title":{"rendered":"STUDII DE LICEN\u021a\u0102 DREPT EUROPEAN \u0218I INTERNA\u021aIONAL"},"content":{"rendered":"\t\t<div data-elementor-type=\"wp-page\" data-elementor-id=\"106\" class=\"elementor elementor-106\" data-elementor-post-type=\"page\">\n\t\t\t\t\t\t<section class=\"elementor-section elementor-top-section elementor-element elementor-element-8abfd15 elementor-section-boxed elementor-section-height-default elementor-section-height-default\" data-id=\"8abfd15\" data-element_type=\"section\">\n\t\t\t\t\t\t<div class=\"elementor-container elementor-column-gap-default\">\n\t\t\t\t\t<div class=\"elementor-column elementor-col-100 elementor-top-column elementor-element elementor-element-62d7fa2\" data-id=\"62d7fa2\" data-element_type=\"column\">\n\t\t\t<div class=\"elementor-widget-wrap elementor-element-populated\">\n\t\t\t\t\t\t<div class=\"elementor-element elementor-element-f975075 elementor-alert-info elementor-invisible elementor-widget elementor-widget-alert\" data-id=\"f975075\" data-element_type=\"widget\" data-settings=\"{&quot;_animation&quot;:&quot;shake&quot;}\" data-widget_type=\"alert.default\">\n\t\t\t\t<div class=\"elementor-widget-container\">\n\t\t\t\t\t\t\t<div class=\"elementor-alert\" role=\"alert\">\n\n\t\t\t\t\t\t<span class=\"elementor-alert-title\">Au fost postate datele examenelor pentru sesiunea 2!<\/span>\n\t\t\t\n\t\t\t\n\t\t\t\t\t\t<button type=\"button\" class=\"elementor-alert-dismiss\" aria-label=\"Respinge aceast\u0103 alert\u0103.\">\n\t\t\t\t\t\t\t\t\t<span aria-hidden=\"true\">&times;<\/span>\n\t\t\t\t\t\t\t<\/button>\n\t\t\t\n\t\t<\/div>\n\t\t\t\t\t\t<\/div>\n\t\t\t\t<\/div>\n\t\t\t\t<div class=\"elementor-element elementor-element-03b95c8 elementor-widget elementor-widget-accordion\" data-id=\"03b95c8\" data-element_type=\"widget\" data-widget_type=\"accordion.default\">\n\t\t\t\t<div class=\"elementor-widget-container\">\n\t\t\t\t\t\t\t<div class=\"elementor-accordion\">\n\t\t\t\t\t\t\t<div class=\"elementor-accordion-item\">\n\t\t\t\t\t<div id=\"elementor-tab-title-3901\" class=\"elementor-tab-title\" data-tab=\"1\" role=\"button\" aria-controls=\"elementor-tab-content-3901\" aria-expanded=\"false\">\n\t\t\t\t\t\t\t\t\t\t\t\t\t<span class=\"elementor-accordion-icon elementor-accordion-icon-left\" aria-hidden=\"true\">\n\t\t\t\t\t\t\t\t\t\t\t\t\t\t\t<span class=\"elementor-accordion-icon-closed\"><i class=\"fas fa-plus\"><\/i><\/span>\n\t\t\t\t\t\t\t\t<span class=\"elementor-accordion-icon-opened\"><i class=\"fas fa-minus\"><\/i><\/span>\n\t\t\t\t\t\t\t\t\t\t\t\t\t\t<\/span>\n\t\t\t\t\t\t\t\t\t\t\t\t<a class=\"elementor-accordion-title\" tabindex=\"0\">AVIZIER<\/a>\n\t\t\t\t\t<\/div>\n\t\t\t\t\t<div id=\"elementor-tab-content-3901\" class=\"elementor-tab-content elementor-clearfix\" data-tab=\"1\" role=\"region\" aria-labelledby=\"elementor-tab-title-3901\"><p style=\"text-align: center;\"><a href=\"https:\/\/www.univnt.ro\/index.php\/category\/drept-european-si-international\"><strong><button type=\"button\">Vezi anun\u021buri!<\/button><\/strong><\/a><\/p><\/div>\n\t\t\t\t<\/div>\n\t\t\t\t\t\t\t<div class=\"elementor-accordion-item\">\n\t\t\t\t\t<div id=\"elementor-tab-title-3902\" class=\"elementor-tab-title\" data-tab=\"2\" role=\"button\" aria-controls=\"elementor-tab-content-3902\" aria-expanded=\"false\">\n\t\t\t\t\t\t\t\t\t\t\t\t\t<span class=\"elementor-accordion-icon elementor-accordion-icon-left\" aria-hidden=\"true\">\n\t\t\t\t\t\t\t\t\t\t\t\t\t\t\t<span class=\"elementor-accordion-icon-closed\"><i class=\"fas fa-plus\"><\/i><\/span>\n\t\t\t\t\t\t\t\t<span class=\"elementor-accordion-icon-opened\"><i class=\"fas fa-minus\"><\/i><\/span>\n\t\t\t\t\t\t\t\t\t\t\t\t\t\t<\/span>\n\t\t\t\t\t\t\t\t\t\t\t\t<a class=\"elementor-accordion-title\" tabindex=\"0\">ORAR<\/a>\n\t\t\t\t\t<\/div>\n\t\t\t\t\t<div id=\"elementor-tab-content-3902\" class=\"elementor-tab-content elementor-clearfix\" data-tab=\"2\" role=\"region\" aria-labelledby=\"elementor-tab-title-3902\"><p style=\"text-align: center;\"><span style=\"color: #800080;\"><strong>Anul universitar 2025-2026, Semestrul 2<\/strong><\/span><\/p>\n<p style=\"text-align: center;\"><strong><a href=\"https:\/\/drive.google.com\/file\/d\/1CAgOZTwXY-jegUL2CjDkeVps63lLAHuz\/view?usp=sharing\" target=\"_blank\" rel=\"noopener\"><button type=\"button\">Anul 1<\/button><\/a>\u00a0<a href=\"https:\/\/drive.google.com\/file\/d\/1AxUOGf5o7QY4ask4CylB-sstslpyVXaW\/view?usp=sharing\" target=\"_blank\" rel=\"noopener\"><button type=\"button\">Anul 2<\/button><\/a>\u00a0<a href=\"https:\/\/drive.google.com\/file\/d\/1p45x_WQJnb6QV0Vs6TfwR5RFqQJRkJOp\/view?usp=sharing\" target=\"_blank\" rel=\"noopener\"><button type=\"button\">Anul 3<\/button><\/a>\u00a0<a href=\"https:\/\/drive.google.com\/file\/d\/1hRAeLuUYtndda4wX0Q1qvjDNUauqn9mz\/view?usp=sharing\" target=\"_blank\" rel=\"noopener\"><button type=\"button\">Anul 4<\/button><\/a><\/strong><\/p>\n<p><strong><a href=\"https:\/\/drive.google.com\/file\/d\/1dLSA3SGtgZDDE-rdWoV6G9gn9ySpNz37\/view?usp=sharing\" target=\"_blank\" rel=\"noopener\"><button type=\"button\">S\u0103pt\u0103m\u00e2ni seminar<\/button><\/a><\/strong><\/p>\n<p><strong><a href=\"https:\/\/drive.google.com\/file\/d\/1YykKHw8wmO3jT5H1v5XwOkFNaMpjwO6M\/view?usp=sharing\" target=\"_blank\" rel=\"noopener\"><button type=\"button\">Anun\u021b practic\u0103 semestrul 2<\/button><\/a><\/strong><\/p><\/div>\n\t\t\t\t<\/div>\n\t\t\t\t\t\t\t<div class=\"elementor-accordion-item\">\n\t\t\t\t\t<div id=\"elementor-tab-title-3903\" class=\"elementor-tab-title\" data-tab=\"3\" role=\"button\" aria-controls=\"elementor-tab-content-3903\" aria-expanded=\"false\">\n\t\t\t\t\t\t\t\t\t\t\t\t\t<span class=\"elementor-accordion-icon elementor-accordion-icon-left\" aria-hidden=\"true\">\n\t\t\t\t\t\t\t\t\t\t\t\t\t\t\t<span class=\"elementor-accordion-icon-closed\"><i class=\"fas fa-plus\"><\/i><\/span>\n\t\t\t\t\t\t\t\t<span class=\"elementor-accordion-icon-opened\"><i class=\"fas fa-minus\"><\/i><\/span>\n\t\t\t\t\t\t\t\t\t\t\t\t\t\t<\/span>\n\t\t\t\t\t\t\t\t\t\t\t\t<a class=\"elementor-accordion-title\" tabindex=\"0\">EXAMENE\/VERIFIC\u0102RI<\/a>\n\t\t\t\t\t<\/div>\n\t\t\t\t\t<div id=\"elementor-tab-content-3903\" class=\"elementor-tab-content elementor-clearfix\" data-tab=\"3\" role=\"region\" aria-labelledby=\"elementor-tab-title-3903\"><p style=\"text-align: center;\"><span style=\"color: #800080;\"><strong>Anul universitar 2025-2026, Semestrul 2<\/strong><\/span><\/p>\n<p style=\"text-align: center;\"><strong><a href=\"https:\/\/drive.google.com\/file\/d\/1t7CvUqWI1EA2wu9Q4-Gh2Ncl2L4NbbFQ\/view?usp=sharing\" target=\"_blank\" rel=\"noopener\"><button type=\"button\">Anul 1<\/button><\/a> <a href=\"https:\/\/drive.google.com\/file\/d\/1u_0JCZ55bsWPlO9DkfOwg7aRi5V6e26g\/view?usp=sharing\" target=\"_blank\" rel=\"noopener\"><button type=\"button\">Anul 2<\/button><\/a> <a href=\"https:\/\/drive.google.com\/file\/d\/18UJN8mDfjFKpGSsWVXin9G-2FUj3rggx\/view?usp=sharing\" target=\"_blank\" rel=\"noopener\"><button type=\"button\">Anul 3<\/button><\/a> <a href=\"https:\/\/drive.google.com\/file\/d\/1NZhUO3n0EkhmcxkRwXQMp6DLDDIDbCJ_\/view?usp=sharing\" target=\"_blank\" rel=\"noopener\"><button type=\"button\">Anul 4<\/button><\/a> <a href=\"https:\/\/drive.google.com\/file\/d\/1C6m4nwWmDdSUTNNa9T1kgNkJpslvZ50U\/view?usp=sharing\" target=\"_blank\" rel=\"noopener\"><button type=\"button\">Anul 4CS<\/button><\/a><\/strong><\/p><\/div>\n\t\t\t\t<\/div>\n\t\t\t\t\t\t\t<div class=\"elementor-accordion-item\">\n\t\t\t\t\t<div id=\"elementor-tab-title-3904\" class=\"elementor-tab-title\" data-tab=\"4\" role=\"button\" aria-controls=\"elementor-tab-content-3904\" aria-expanded=\"false\">\n\t\t\t\t\t\t\t\t\t\t\t\t\t<span class=\"elementor-accordion-icon elementor-accordion-icon-left\" aria-hidden=\"true\">\n\t\t\t\t\t\t\t\t\t\t\t\t\t\t\t<span class=\"elementor-accordion-icon-closed\"><i class=\"fas fa-plus\"><\/i><\/span>\n\t\t\t\t\t\t\t\t<span class=\"elementor-accordion-icon-opened\"><i class=\"fas fa-minus\"><\/i><\/span>\n\t\t\t\t\t\t\t\t\t\t\t\t\t\t<\/span>\n\t\t\t\t\t\t\t\t\t\t\t\t<a class=\"elementor-accordion-title\" tabindex=\"0\">RESTAN\u021aE<\/a>\n\t\t\t\t\t<\/div>\n\t\t\t\t\t<div id=\"elementor-tab-content-3904\" class=\"elementor-tab-content elementor-clearfix\" data-tab=\"4\" role=\"region\" aria-labelledby=\"elementor-tab-title-3904\"><p style=\"text-align: center;\"><span style=\"color: #800080;\"><strong>Anul universitar 2025-2026<\/strong><\/span><\/p>\n<p style=\"text-align: center;\"><strong>\u00a0<a href=\"https:\/\/drive.google.com\/file\/d\/1zJMDZ8Lh8jPEgHodl9XxYmaqTeQALcm1\/view?usp=sharing\" target=\"_blank\" rel=\"noopener\"><button type=\"button\">Anul 4<\/button><\/a> <a href=\"https:\/\/drive.google.com\/file\/d\/1K_qmQn82hB0z0q7y1T-MbbUG3PPAjyKK\/view?usp=sharing\" target=\"_blank\" rel=\"noopener\"><button type=\"button\">Anul 4 cs<\/button><\/a><\/strong><\/p><\/div>\n\t\t\t\t<\/div>\n\t\t\t\t\t\t\t<div class=\"elementor-accordion-item\">\n\t\t\t\t\t<div id=\"elementor-tab-title-3905\" class=\"elementor-tab-title\" data-tab=\"5\" role=\"button\" aria-controls=\"elementor-tab-content-3905\" aria-expanded=\"false\">\n\t\t\t\t\t\t\t\t\t\t\t\t\t<span class=\"elementor-accordion-icon elementor-accordion-icon-left\" aria-hidden=\"true\">\n\t\t\t\t\t\t\t\t\t\t\t\t\t\t\t<span class=\"elementor-accordion-icon-closed\"><i class=\"fas fa-plus\"><\/i><\/span>\n\t\t\t\t\t\t\t\t<span class=\"elementor-accordion-icon-opened\"><i class=\"fas fa-minus\"><\/i><\/span>\n\t\t\t\t\t\t\t\t\t\t\t\t\t\t<\/span>\n\t\t\t\t\t\t\t\t\t\t\t\t<a class=\"elementor-accordion-title\" tabindex=\"0\">REEXAMIN\u0102RI<\/a>\n\t\t\t\t\t<\/div>\n\t\t\t\t\t<div id=\"elementor-tab-content-3905\" class=\"elementor-tab-content elementor-clearfix\" data-tab=\"5\" role=\"region\" aria-labelledby=\"elementor-tab-title-3905\"><p style=\"text-align: center;\"><span style=\"color: #800080;\"><strong>Anul universitar 2025-2026<\/strong><\/span><\/p>\n<p style=\"text-align: center;\">\u00a0<strong><a href=\"https:\/\/drive.google.com\/file\/d\/1Ch-N5aufQSeq-mM0mOO_27KUsOIV1uxK\/view?usp=sharing\" target=\"_blank\" rel=\"noopener\"><button type=\"button\">Anul 4<\/button><\/a><\/strong>\u00a0<strong><a href=\"https:\/\/drive.google.com\/file\/d\/14cSZXDvO5UgJ9w68ZtpO8SZmbfMaKi8b\/view?usp=sharing\" target=\"_blank\" rel=\"noopener\"><button type=\"button\">Anul 4 cs<\/button><\/a><\/strong><\/p>\n<p>\u00a0<\/p><\/div>\n\t\t\t\t<\/div>\n\t\t\t\t\t\t\t<div class=\"elementor-accordion-item\">\n\t\t\t\t\t<div id=\"elementor-tab-title-3906\" class=\"elementor-tab-title\" data-tab=\"6\" role=\"button\" aria-controls=\"elementor-tab-content-3906\" aria-expanded=\"false\">\n\t\t\t\t\t\t\t\t\t\t\t\t\t<span class=\"elementor-accordion-icon elementor-accordion-icon-left\" aria-hidden=\"true\">\n\t\t\t\t\t\t\t\t\t\t\t\t\t\t\t<span class=\"elementor-accordion-icon-closed\"><i class=\"fas fa-plus\"><\/i><\/span>\n\t\t\t\t\t\t\t\t<span class=\"elementor-accordion-icon-opened\"><i class=\"fas fa-minus\"><\/i><\/span>\n\t\t\t\t\t\t\t\t\t\t\t\t\t\t<\/span>\n\t\t\t\t\t\t\t\t\t\t\t\t<a class=\"elementor-accordion-title\" tabindex=\"0\">EXAMENUL DE FINALIZARE<\/a>\n\t\t\t\t\t<\/div>\n\t\t\t\t\t<div id=\"elementor-tab-content-3906\" class=\"elementor-tab-content elementor-clearfix\" data-tab=\"6\" role=\"region\" aria-labelledby=\"elementor-tab-title-3906\"><p style=\"text-align: center;\"><span style=\"color: #800080;\"><strong>Sesiunea IULIE 2026<\/strong><\/span><\/p>\n<p><a href=\"https:\/\/drive.google.com\/file\/d\/1tLlVkz6IorB6fBfiNW0zAjzUjdyS1u4Q\/view?usp=sharing\" target=\"_blank\" rel=\"noopener\"><strong><button type=\"button\">Anun\u021b examen licen\u021b\u0103 iulie 2026<\/button><\/strong><\/a><\/p>\n<p><a href=\"https:\/\/drive.google.com\/file\/d\/1puGMjY_xV0dz8UWleO8YPSqFV9epBgOt\/view?usp=sharing\" target=\"_blank\" rel=\"noopener\"><strong><button type=\"button\">Metodologie finalizare studii<\/button><\/strong><\/a><\/p>\n<p><a href=\"https:\/\/drive.google.com\/file\/d\/1R3lk5Avhfds-V_4WMkrha2NLqlxiKdNb\/view?usp=sharing\" target=\"_blank\" rel=\"noopener\"><strong><button type=\"button\">Procedura verificare similitudini<\/button><\/strong><\/a><\/p>\n<p><a href=\"https:\/\/drive.google.com\/file\/d\/1Bqv8nkqG3w09-tHE-Fk0HxY9xHA351xp\/view?usp=sharing\" target=\"_blank\" rel=\"noopener\"><strong><button type=\"button\">Regulament finalizare studii<\/button><\/strong><\/a><\/p>\n<p><a href=\"https:\/\/drive.google.com\/file\/d\/1U_GVth1h3JvVcWsoBex-gyt-Z0SAqFMh\/view?usp=sharing\" target=\"_blank\" rel=\"noopener\"><strong><button type=\"button\">Tematic\u0103 \u0219i bibliografie<\/button><\/strong><\/a><\/p>\n<p>\u00a0<\/p><\/div>\n\t\t\t\t<\/div>\n\t\t\t\t\t\t\t<div class=\"elementor-accordion-item\">\n\t\t\t\t\t<div id=\"elementor-tab-title-3907\" class=\"elementor-tab-title\" data-tab=\"7\" role=\"button\" aria-controls=\"elementor-tab-content-3907\" aria-expanded=\"false\">\n\t\t\t\t\t\t\t\t\t\t\t\t\t<span class=\"elementor-accordion-icon elementor-accordion-icon-left\" aria-hidden=\"true\">\n\t\t\t\t\t\t\t\t\t\t\t\t\t\t\t<span class=\"elementor-accordion-icon-closed\"><i class=\"fas fa-plus\"><\/i><\/span>\n\t\t\t\t\t\t\t\t<span class=\"elementor-accordion-icon-opened\"><i class=\"fas fa-minus\"><\/i><\/span>\n\t\t\t\t\t\t\t\t\t\t\t\t\t\t<\/span>\n\t\t\t\t\t\t\t\t\t\t\t\t<a class=\"elementor-accordion-title\" tabindex=\"0\">STRUCTURA ANULUI UNIVERSITAR<\/a>\n\t\t\t\t\t<\/div>\n\t\t\t\t\t<div id=\"elementor-tab-content-3907\" class=\"elementor-tab-content elementor-clearfix\" data-tab=\"7\" role=\"region\" aria-labelledby=\"elementor-tab-title-3907\"><p style=\"text-align: center;\"><span style=\"color: #800080;\"><strong>Anul universitar 2025-2026<\/strong><\/span><\/p>\n<p style=\"text-align: center;\"><a href=\"https:\/\/drive.google.com\/file\/d\/1UcHE5A1jgw0ifHTzScdHDAATvS0Hposb\/view?usp=sharing\" target=\"_blank\" rel=\"noopener\"><strong><button type=\"button\">vezi structura!<\/button><\/strong><\/a><\/p><\/div>\n\t\t\t\t<\/div>\n\t\t\t\t\t\t\t\t<\/div>\n\t\t\t\t\t\t<\/div>\n\t\t\t\t<\/div>\n\t\t\t\t\t<\/div>\n\t\t<\/div>\n\t\t\t\t\t<\/div>\n\t\t<\/section>\n\t\t\t\t<section class=\"elementor-section elementor-top-section elementor-element elementor-element-620ce4d0 elementor-section-boxed elementor-section-height-default elementor-section-height-default\" data-id=\"620ce4d0\" data-element_type=\"section\">\n\t\t\t\t\t\t<div class=\"elementor-container elementor-column-gap-default\">\n\t\t\t\t\t<div class=\"elementor-column elementor-col-100 elementor-top-column elementor-element elementor-element-65b29ac8\" data-id=\"65b29ac8\" data-element_type=\"column\">\n\t\t\t<div class=\"elementor-widget-wrap elementor-element-populated\">\n\t\t\t\t\t\t<div class=\"elementor-element elementor-element-2ce87314 elementor-widget elementor-widget-text-editor\" data-id=\"2ce87314\" data-element_type=\"widget\" data-widget_type=\"text-editor.default\">\n\t\t\t\t<div class=\"elementor-widget-container\">\n\t\t\t\t\t\t\t\t\t<p><\/p>\n<p><strong>PROGRAMUL DE STUDII DE DREPT EUROPEAN\u00a0 \u0218I INTERNA\u0162IONAL- PRIMUL DIN ROM\u00c2NIA ACREDITAT ARACIS<\/strong><\/p>\n<p><\/p>\n<p>Programul de studii a ap\u0103rut ca urmare a nevoii tot mai mult resim\u0163ite de c\u0103tre societatea rom\u00e2neasc\u0103 pentru cunoa\u015fterea, \u00een\u0163elegerea \u015fi aprofundarea, la nivel de performan\u0163\u0103 \u015fi \u00een condi\u0163ii de concuren\u0163\u0103, a vastei problematici pe care o presupune <em>Dreptul european \u0219i interna\u0163ional. <\/em><div class='yrm-content yrm-content-9 yrm-content-hide' id='yrm-yPvmI' data-id='9' data-show-status='false' data-after-action='' style=\"visibility: hidden;height: 0;\">\n\t\t\t<div id='yrm-inner-content-yrm-yPvmI' class='yrm-inner-content-wrapper yrm-cntent-9'><em><br \/><\/em><\/p>\n<p>\u00cen acest sens, a fost conceput \u015fi elaborat un plan de \u00eenv\u0103\u0163\u0103m\u00e2nt destinat\u00a0form\u0103rii de\u00a0 competen\u021be specifice domeniilor de baz\u0103 ale vie\u021bii juridice actuale \u015fi anume: dreptul na\u021bional, pe de o parte \u0219i dreptul european \u0219i interna\u021bional, pe de alt\u0103 parte. Planul de \u00eenv\u0103\u0163\u0103m\u00e2nt\u00a0include at\u00e2t disciplinele care fac obiectul de studiu al programului de studii\u00a0<em>Drept<\/em>\u00a0(intern), c\u00e2t \u015fi disciplinele care dau con\u0163inut programului de studii\u00a0<em>Drept european \u0219i interna\u0163ional.<\/em><\/p>\n<p>Absolven\u0163ii\u00a0programului de studii<em>\u00a0Drept european \u0219i interna\u0163ional\u00a0<\/em>sus\u0163in licen\u0163a pe baza acelea\u015fi tematici, bibliografii \u015fi \u00een acelea\u015fi condi\u0163ii (ziua sus\u0163inerii, locul sus\u0163inerii, num\u0103rul de \u00eentreb\u0103ri \u015fi evaluarea r\u0103spunsurilor) ca \u015fi absolven\u0163ii programului de studii\u00a0<em>Drept<\/em>, dat fiind c\u0103 au parcurs acela\u015fi plan de \u00eenv\u0103\u021b\u0103m\u00e2nt la care se adaug\u0103 disciplinele de specialitate specifice domeniului\u00a0<em>drept european \u015fi interna\u0163ional.<\/em>\u00a0Competen\u0163ele dob\u00e2ndite de licen\u0163ia\u0163ii\u00a0programului de studii<em>Drept european \u0219i interna\u0163ional<\/em>\u00a0se adaug\u0103 celor dob\u00e2ndite de licen\u0163ia\u0163ii\u00a0programului de studii\u00a0\u00a0<em>Drept.<\/em><\/p>\n<p>Diploma ob\u021binut\u0103 de licen\u021bia\u021bii\u00a0programului de studii<em>\u00a0Drept european\u00a0\u0219i interna\u0163ional\u00a0<\/em>ofer\u0103 posibilit\u0103\u0163i remarcabile de angajare la nivel na\u021bional, european \u0219i interna\u021bional.\u00a0Programul\u00a0asigur\u0103 preg\u0103tirea necesar\u0103\u00a0pentru exercitarea tuturor profesiilor juridice din Rom\u00e2nia (magistra\u0163i, avoca\u0163i, notari, consilieri pentru afaceri europene, executori judec\u0103tore\u015fti, practicieni \u00een insolven\u021b\u0103, mediatori, consilieri juridici pentru societ\u0103\u021bile comerciale din sistemul public \u015fi privat, din domeniul bancar sau pentru organiza\u021biile neguvernamentale), c\u00e2t \u015fi din celelalte state membre ale Uniunii Europene.<\/p>\n<p>De asemenea, pentru cei care urm\u0103resc o carier\u0103 european\u0103 \u0219i interna\u021bional\u0103, diploma ob\u021binut\u0103 deschide posibilitatea angaj\u0103rii \u00een cadrul institu\u021biilor, organelor, oficiilor \u0219i agen\u021biilor Uniunii Europene, \u00een diploma\u021bie sau \u00een cadrul unor companii multina\u021bionale.\u00a0<\/p>\n<p><\/div>\n\t\t<\/div><div class='yrm-btn-wrapper yrm-btn-wrapper-9 yrm-more-button-wrapper  '\n\t\tdata-custom-more-class-name='' data-custom-less-class-name=''><span title='' data-less-title='' data-more-title='' class='yrm-toggle-expand  yrm-toggle-expand-9 ' data-rel='yrm-yPvmI' data-more='Mai mult' data-less='Mai pu\u021bin'><span class='yrm-text-wrapper yrm-text-wrapper-custom-dimensions'><span class=\"yrm-button-text-9 yrm-button-text-span\">Mai mult<\/span><\/span><\/span><\/div><\/p>\n<p><\/p>\t\t\t\t\t\t\t\t<\/div>\n\t\t\t\t<\/div>\n\t\t\t\t\t<\/div>\n\t\t<\/div>\n\t\t\t\t\t<\/div>\n\t\t<\/section>\n\t\t\t\t<section class=\"elementor-section elementor-top-section elementor-element elementor-element-e7d5fbf elementor-section-boxed elementor-section-height-default elementor-section-height-default\" data-id=\"e7d5fbf\" data-element_type=\"section\">\n\t\t\t\t\t\t<div class=\"elementor-container elementor-column-gap-default\">\n\t\t\t\t\t<div class=\"elementor-column elementor-col-100 elementor-top-column elementor-element elementor-element-3afc175\" data-id=\"3afc175\" data-element_type=\"column\">\n\t\t\t<div class=\"elementor-widget-wrap elementor-element-populated\">\n\t\t\t\t\t\t<div class=\"elementor-element elementor-element-60bf09a elementor-widget elementor-widget-html\" data-id=\"60bf09a\" data-element_type=\"widget\" data-widget_type=\"html.default\">\n\t\t\t\t<div class=\"elementor-widget-container\">\n\t\t\t\t\t<script> \r\njQuery(document).ready(function($) { \r\nvar delay = 100; setTimeout(function() { \r\n$('.elementor-tab-title').removeClass('elementor-active');\r\n $('.elementor-tab-content').css('display', 'none'); }, delay); \r\n}); \r\n<\/script>\t\t\t\t<\/div>\n\t\t\t\t<\/div>\n\t\t\t\t\t<\/div>\n\t\t<\/div>\n\t\t\t\t\t<\/div>\n\t\t<\/section>\n\t\t\t\t<\/div>\n\t\t","protected":false},"excerpt":{"rendered":"<p>Au fost postate datele examenelor pentru sesiunea 2! &times; AVIZIER Vezi anun\u021buri! ORAR Anul universitar 2025-2026, Semestrul 2 Anul 1\u00a0Anul &hellip; <\/p>\n","protected":false},"author":1,"featured_media":0,"parent":72,"menu_order":0,"comment_status":"closed","ping_status":"closed","template":"","meta":{"_mi_skip_tracking":false,"_monsterinsights_sitenote_active":false,"_monsterinsights_sitenote_note":"","_monsterinsights_sitenote_category":0,"footnotes":""},"class_list":["post-106","page","type-page","status-publish","hentry"],"_links":{"self":[{"href":"https:\/\/www.univnt.ro\/index.php\/wp-json\/wp\/v2\/pages\/106","targetHints":{"allow":["GET"]}}],"collection":[{"href":"https:\/\/www.univnt.ro\/index.php\/wp-json\/wp\/v2\/pages"}],"about":[{"href":"https:\/\/www.univnt.ro\/index.php\/wp-json\/wp\/v2\/types\/page"}],"author":[{"embeddable":true,"href":"https:\/\/www.univnt.ro\/index.php\/wp-json\/wp\/v2\/users\/1"}],"replies":[{"embeddable":true,"href":"https:\/\/www.univnt.ro\/index.php\/wp-json\/wp\/v2\/comments?post=106"}],"version-history":[{"count":655,"href":"https:\/\/www.univnt.ro\/index.php\/wp-json\/wp\/v2\/pages\/106\/revisions"}],"predecessor-version":[{"id":14072,"href":"https:\/\/www.univnt.ro\/index.php\/wp-json\/wp\/v2\/pages\/106\/revisions\/14072"}],"up":[{"embeddable":true,"href":"https:\/\/www.univnt.ro\/index.php\/wp-json\/wp\/v2\/pages\/72"}],"wp:attachment":[{"href":"https:\/\/www.univnt.ro\/index.php\/wp-json\/wp\/v2\/media?parent=106"}],"curies":[{"name":"wp","href":"https:\/\/api.w.org\/{rel}","templated":true}]}}