{"id":108,"date":"2020-07-04T12:58:11","date_gmt":"2020-07-04T12:58:11","guid":{"rendered":"http:\/\/www.univnt.ro\/?page_id=108"},"modified":"2026-03-31T08:34:21","modified_gmt":"2026-03-31T08:34:21","slug":"studii-de-licenta-drept-id","status":"publish","type":"page","link":"https:\/\/www.univnt.ro\/index.php\/facultati\/facultatea-de-drept\/studii-de-licenta-drept-id\/","title":{"rendered":"STUDII DE LICEN\u021a\u0102 DREPT ID"},"content":{"rendered":"\t\t<div data-elementor-type=\"wp-page\" data-elementor-id=\"108\" class=\"elementor elementor-108\" data-elementor-post-type=\"page\">\n\t\t\t\t\t\t<section class=\"elementor-section elementor-top-section elementor-element elementor-element-7af52a0 elementor-section-boxed elementor-section-height-default elementor-section-height-default\" data-id=\"7af52a0\" data-element_type=\"section\">\n\t\t\t\t\t\t<div class=\"elementor-container elementor-column-gap-default\">\n\t\t\t\t\t<div class=\"elementor-column elementor-col-100 elementor-top-column elementor-element elementor-element-124d9a3\" data-id=\"124d9a3\" data-element_type=\"column\">\n\t\t\t<div class=\"elementor-widget-wrap elementor-element-populated\">\n\t\t\t\t\t\t<div class=\"elementor-element elementor-element-063898d elementor-alert-info elementor-invisible elementor-widget elementor-widget-alert\" data-id=\"063898d\" data-element_type=\"widget\" data-settings=\"{&quot;_animation&quot;:&quot;shake&quot;}\" data-widget_type=\"alert.default\">\n\t\t\t\t<div class=\"elementor-widget-container\">\n\t\t\t\t\t\t\t<div class=\"elementor-alert\" role=\"alert\">\n\n\t\t\t\t\t\t<span class=\"elementor-alert-title\">Au fost postate datele examenelor pentru sesiunea 2!<\/span>\n\t\t\t\n\t\t\t\n\t\t\t\t\t\t<button type=\"button\" class=\"elementor-alert-dismiss\" aria-label=\"Respinge aceast\u0103 alert\u0103.\">\n\t\t\t\t\t\t\t\t\t<span aria-hidden=\"true\">&times;<\/span>\n\t\t\t\t\t\t\t<\/button>\n\t\t\t\n\t\t<\/div>\n\t\t\t\t\t\t<\/div>\n\t\t\t\t<\/div>\n\t\t\t\t\t<\/div>\n\t\t<\/div>\n\t\t\t\t\t<\/div>\n\t\t<\/section>\n\t\t\t\t<section class=\"elementor-section elementor-top-section elementor-element elementor-element-78cb881 elementor-section-boxed elementor-section-height-default elementor-section-height-default\" data-id=\"78cb881\" data-element_type=\"section\">\n\t\t\t\t\t\t<div class=\"elementor-container elementor-column-gap-default\">\n\t\t\t\t\t<div class=\"elementor-column elementor-col-100 elementor-top-column elementor-element elementor-element-25c1a0a\" data-id=\"25c1a0a\" data-element_type=\"column\">\n\t\t\t<div class=\"elementor-widget-wrap elementor-element-populated\">\n\t\t\t\t\t\t<div class=\"elementor-element elementor-element-770e9a4 elementor-widget elementor-widget-accordion\" data-id=\"770e9a4\" data-element_type=\"widget\" data-widget_type=\"accordion.default\">\n\t\t\t\t<div class=\"elementor-widget-container\">\n\t\t\t\t\t\t\t<div class=\"elementor-accordion\">\n\t\t\t\t\t\t\t<div class=\"elementor-accordion-item\">\n\t\t\t\t\t<div id=\"elementor-tab-title-1241\" class=\"elementor-tab-title\" data-tab=\"1\" role=\"button\" aria-controls=\"elementor-tab-content-1241\" aria-expanded=\"false\">\n\t\t\t\t\t\t\t\t\t\t\t\t\t<span class=\"elementor-accordion-icon elementor-accordion-icon-left\" aria-hidden=\"true\">\n\t\t\t\t\t\t\t\t\t\t\t\t\t\t\t<span class=\"elementor-accordion-icon-closed\"><i class=\"fas fa-plus\"><\/i><\/span>\n\t\t\t\t\t\t\t\t<span class=\"elementor-accordion-icon-opened\"><i class=\"fas fa-minus\"><\/i><\/span>\n\t\t\t\t\t\t\t\t\t\t\t\t\t\t<\/span>\n\t\t\t\t\t\t\t\t\t\t\t\t<a class=\"elementor-accordion-title\" tabindex=\"0\">AVIZIER<\/a>\n\t\t\t\t\t<\/div>\n\t\t\t\t\t<div id=\"elementor-tab-content-1241\" class=\"elementor-tab-content elementor-clearfix\" data-tab=\"1\" role=\"region\" aria-labelledby=\"elementor-tab-title-1241\"><p style=\"text-align: center;\"><a href=\"https:\/\/www.univnt.ro\/index.php\/category\/drept-id\"><strong><button type=\"button\">Vezi anun\u021buri!<\/button><\/strong><\/a><\/p><\/div>\n\t\t\t\t<\/div>\n\t\t\t\t\t\t\t<div class=\"elementor-accordion-item\">\n\t\t\t\t\t<div id=\"elementor-tab-title-1242\" class=\"elementor-tab-title\" data-tab=\"2\" role=\"button\" aria-controls=\"elementor-tab-content-1242\" aria-expanded=\"false\">\n\t\t\t\t\t\t\t\t\t\t\t\t\t<span class=\"elementor-accordion-icon elementor-accordion-icon-left\" aria-hidden=\"true\">\n\t\t\t\t\t\t\t\t\t\t\t\t\t\t\t<span class=\"elementor-accordion-icon-closed\"><i class=\"fas fa-plus\"><\/i><\/span>\n\t\t\t\t\t\t\t\t<span class=\"elementor-accordion-icon-opened\"><i class=\"fas fa-minus\"><\/i><\/span>\n\t\t\t\t\t\t\t\t\t\t\t\t\t\t<\/span>\n\t\t\t\t\t\t\t\t\t\t\t\t<a class=\"elementor-accordion-title\" tabindex=\"0\">ORAR<\/a>\n\t\t\t\t\t<\/div>\n\t\t\t\t\t<div id=\"elementor-tab-content-1242\" class=\"elementor-tab-content elementor-clearfix\" data-tab=\"2\" role=\"region\" aria-labelledby=\"elementor-tab-title-1242\"><p style=\"text-align: center;\"><span style=\"color: #800080;\"><strong>Anul universitar 2025-2026, Semestrul 2<\/strong><\/span><\/p>\n<p style=\"text-align: center;\"><strong><a href=\"https:\/\/drive.google.com\/file\/d\/1RS6tdsVuwZ-d5_XdI5T9RFbWa5g5ZJ4n\/view?usp=sharing\" target=\"_blank\" rel=\"noopener\"><button type=\"button\">Anul 1<\/button><\/a>\u00a0<a href=\"https:\/\/drive.google.com\/file\/d\/1KWUYm5vOcUzWr1X5JxDMAJOwLVOmle2n\/view?usp=sharing\" target=\"_blank\" rel=\"noopener\"><button type=\"button\">Anul 2<\/button><\/a>\u00a0<a href=\"https:\/\/drive.google.com\/file\/d\/1IMjy8lgS9A0IL9PYbv91uMdGIitnBhgb\/view?usp=sharing\" target=\"_blank\" rel=\"noopener\"><button type=\"button\">Anul 3<\/button><\/a>\u00a0<a href=\"https:\/\/drive.google.com\/file\/d\/1gTCIHCqrO_VIXKW8XEilcR7qfUORfyT2\/view?usp=sharing\" target=\"_blank\" rel=\"noopener\"><button type=\"button\">Anul 4<\/button><\/a> <\/strong><\/p>\n<p><a href=\"https:\/\/drive.google.com\/file\/d\/1x4HXuN9d__j3LtDKLlinj1lPTuGyhUzs\/view?usp=sharing\" target=\"_blank\" rel=\"noopener\"><button type=\"button\">Anun\u0163 date tutorial<\/button><\/a>\u00a0\u00a0<\/p>\n<p><strong><a href=\"https:\/\/drive.google.com\/file\/d\/1YykKHw8wmO3jT5H1v5XwOkFNaMpjwO6M\/view?usp=sharing\" target=\"_blank\" rel=\"noopener\"><button type=\"button\">Anun\u021b practic\u0103 semestrul 2<\/button><\/a><\/strong><\/p>\n<p>\u00a0<\/p>\n<p style=\"text-align: center;\"><span style=\"color: #800080;\"><strong>Anul universitar 2025-2026, Semestrul 1<\/strong><\/span><\/p>\n<p style=\"text-align: center;\"><strong><a href=\"https:\/\/drive.google.com\/file\/d\/1giovxXPAznJ-pBx9zq2xP1zx-Sbf_LBc\/view?usp=sharing\" target=\"_blank\" rel=\"noopener\"><button type=\"button\">Anul 1<\/button><\/a>\u00a0<a href=\"https:\/\/drive.google.com\/file\/d\/1Mg0MoygpBWKkAJloxxPrCO2QodVCjXpq\/view?usp=sharing\" target=\"_blank\" rel=\"noopener\"><button type=\"button\">Anul 2<\/button><\/a>\u00a0<a href=\"https:\/\/drive.google.com\/file\/d\/1A6oSPLTUZY7EzafFYp65vj-w6qN5kDZn\/view?usp=sharing\" target=\"_blank\" rel=\"noopener\"><button type=\"button\">Anul 3<\/button><\/a>\u00a0<a href=\"https:\/\/drive.google.com\/file\/d\/1cEiQSSs2DF8q1Tew383QYwMKPyVOgbkH\/view?usp=sharing\" target=\"_blank\" rel=\"noopener\"><button type=\"button\">Anul 4<\/button><\/a><\/strong><\/p><\/div>\n\t\t\t\t<\/div>\n\t\t\t\t\t\t\t<div class=\"elementor-accordion-item\">\n\t\t\t\t\t<div id=\"elementor-tab-title-1243\" class=\"elementor-tab-title\" data-tab=\"3\" role=\"button\" aria-controls=\"elementor-tab-content-1243\" aria-expanded=\"false\">\n\t\t\t\t\t\t\t\t\t\t\t\t\t<span class=\"elementor-accordion-icon elementor-accordion-icon-left\" aria-hidden=\"true\">\n\t\t\t\t\t\t\t\t\t\t\t\t\t\t\t<span class=\"elementor-accordion-icon-closed\"><i class=\"fas fa-plus\"><\/i><\/span>\n\t\t\t\t\t\t\t\t<span class=\"elementor-accordion-icon-opened\"><i class=\"fas fa-minus\"><\/i><\/span>\n\t\t\t\t\t\t\t\t\t\t\t\t\t\t<\/span>\n\t\t\t\t\t\t\t\t\t\t\t\t<a class=\"elementor-accordion-title\" tabindex=\"0\">EXAMENE\/VERIFIC\u0102RI<\/a>\n\t\t\t\t\t<\/div>\n\t\t\t\t\t<div id=\"elementor-tab-content-1243\" class=\"elementor-tab-content elementor-clearfix\" data-tab=\"3\" role=\"region\" aria-labelledby=\"elementor-tab-title-1243\"><p style=\"text-align: center;\"><span style=\"color: #800080;\"><strong>Anul universitar 2025-2026, Semestrul 2<\/strong><\/span><\/p>\n<p style=\"text-align: center;\"><strong><a href=\"https:\/\/drive.google.com\/file\/d\/1nuVB-l8vCW-795qP_Tu3Mkic1jq7WImj\/view?usp=sharing\" target=\"_blank\" rel=\"noopener\"><button type=\"button\">Anul 1<\/button><\/a>\u00a0<\/strong><a href=\"https:\/\/drive.google.com\/file\/d\/1UirVNySXBUBwAJSpF2kTVQtZzkbIwiRl\/view?usp=sharing\" target=\"_blank\" rel=\"noopener\"><strong><button type=\"button\">Anul 2<\/button><\/strong><\/a><strong>\u00a0<a href=\"https:\/\/drive.google.com\/file\/d\/1vqTiBC5o6px6KoDgbvHIXKR7XHjp3OZ0\/view?usp=sharing\" target=\"_blank\" rel=\"noopener\"><button type=\"button\">Anul 3<\/button><\/a> <a href=\"https:\/\/drive.google.com\/file\/d\/1Reaiu7xUbfna7ESpsZgYBuPkJcTxG4k1\/view?usp=sharing\" target=\"_blank\" rel=\"noopener\"><button type=\"button\">Anul 4<\/button><\/a><\/strong><\/p><\/div>\n\t\t\t\t<\/div>\n\t\t\t\t\t\t\t<div class=\"elementor-accordion-item\">\n\t\t\t\t\t<div id=\"elementor-tab-title-1244\" class=\"elementor-tab-title\" data-tab=\"4\" role=\"button\" aria-controls=\"elementor-tab-content-1244\" aria-expanded=\"false\">\n\t\t\t\t\t\t\t\t\t\t\t\t\t<span class=\"elementor-accordion-icon elementor-accordion-icon-left\" aria-hidden=\"true\">\n\t\t\t\t\t\t\t\t\t\t\t\t\t\t\t<span class=\"elementor-accordion-icon-closed\"><i class=\"fas fa-plus\"><\/i><\/span>\n\t\t\t\t\t\t\t\t<span class=\"elementor-accordion-icon-opened\"><i class=\"fas fa-minus\"><\/i><\/span>\n\t\t\t\t\t\t\t\t\t\t\t\t\t\t<\/span>\n\t\t\t\t\t\t\t\t\t\t\t\t<a class=\"elementor-accordion-title\" tabindex=\"0\">REEXAMIN\u0102RI<\/a>\n\t\t\t\t\t<\/div>\n\t\t\t\t\t<div id=\"elementor-tab-content-1244\" class=\"elementor-tab-content elementor-clearfix\" data-tab=\"4\" role=\"region\" aria-labelledby=\"elementor-tab-title-1244\"><p style=\"text-align: center;\"><span style=\"color: #800080;\"><strong>Anul universitar 2024-2025<\/strong><\/span><\/p>\n<p style=\"text-align: center;\"><strong><a href=\"https:\/\/drive.google.com\/file\/d\/1oZq7DkKZMmJU3H1hKbLjOYyK-43gAvci\/view?usp=sharing\" target=\"_blank\" rel=\"noopener\"><button type=\"button\">Anul 1<\/button><\/a>\u00a0<a href=\"https:\/\/drive.google.com\/file\/d\/19j-jSxzc3XzXxEsefBUmfTMhnS7HZyTL\/view?usp=sharing\" target=\"_blank\" rel=\"noopener\"><button type=\"button\">Anul 2<\/button><\/a><\/strong>\u00a0<strong><a href=\"https:\/\/drive.google.com\/file\/d\/1Dgx1nR0cimTaPmOazXeithI2rRr-8X7i\/view?usp=sharing\" target=\"_blank\" rel=\"noopener\"><button type=\"button\">Anul 3<\/button><\/a><\/strong>\u00a0<strong><a href=\"https:\/\/drive.google.com\/file\/d\/1b1lqHyDNtjrkWdkm4Nz3AfKH63Yt1Euq\/view?usp=sharing\" target=\"_blank\" rel=\"noopener\"><button type=\"button\">Anul 4<\/button><\/a><\/strong><\/p>\n<p>\u00a0<\/p>\n<p>\u00a0<\/p>\n<p style=\"text-align: center;\">\u00a0<\/p><\/div>\n\t\t\t\t<\/div>\n\t\t\t\t\t\t\t<div class=\"elementor-accordion-item\">\n\t\t\t\t\t<div id=\"elementor-tab-title-1245\" class=\"elementor-tab-title\" data-tab=\"5\" role=\"button\" aria-controls=\"elementor-tab-content-1245\" aria-expanded=\"false\">\n\t\t\t\t\t\t\t\t\t\t\t\t\t<span class=\"elementor-accordion-icon elementor-accordion-icon-left\" aria-hidden=\"true\">\n\t\t\t\t\t\t\t\t\t\t\t\t\t\t\t<span class=\"elementor-accordion-icon-closed\"><i class=\"fas fa-plus\"><\/i><\/span>\n\t\t\t\t\t\t\t\t<span class=\"elementor-accordion-icon-opened\"><i class=\"fas fa-minus\"><\/i><\/span>\n\t\t\t\t\t\t\t\t\t\t\t\t\t\t<\/span>\n\t\t\t\t\t\t\t\t\t\t\t\t<a class=\"elementor-accordion-title\" tabindex=\"0\">RESTAN\u0162E<\/a>\n\t\t\t\t\t<\/div>\n\t\t\t\t\t<div id=\"elementor-tab-content-1245\" class=\"elementor-tab-content elementor-clearfix\" data-tab=\"5\" role=\"region\" aria-labelledby=\"elementor-tab-title-1245\"><p style=\"text-align: center;\"><span style=\"color: #800080;\"><strong>Anul universitar 2024-2025<\/strong><\/span><\/p>\n<p style=\"text-align: center;\"><strong><a href=\"https:\/\/drive.google.com\/file\/d\/1fsHYPyGuTxw2h9HN4BErKWOAYhtybPIr\/view?usp=sharing\" target=\"_blank\" rel=\"noopener\"><button type=\"button\">Anul 1<\/button><\/a> <a href=\"https:\/\/drive.google.com\/file\/d\/1fSdFRFun9h2_OwCcEL4bo2MKWWyp_aPe\/view?usp=sharing\" target=\"_blank\" rel=\"noopener\"><button type=\"button\">Anul 2<\/button><\/a><\/strong> <strong><a href=\"https:\/\/drive.google.com\/file\/d\/1v9HkCsum133m75wJ69A2q8kqSF9kcFwN\/view?usp=sharing\" target=\"_blank\" rel=\"noopener\"><button type=\"button\">Anul 3<\/button><\/a><\/strong><\/p><\/div>\n\t\t\t\t<\/div>\n\t\t\t\t\t\t\t<div class=\"elementor-accordion-item\">\n\t\t\t\t\t<div id=\"elementor-tab-title-1246\" class=\"elementor-tab-title\" data-tab=\"6\" role=\"button\" aria-controls=\"elementor-tab-content-1246\" aria-expanded=\"false\">\n\t\t\t\t\t\t\t\t\t\t\t\t\t<span class=\"elementor-accordion-icon elementor-accordion-icon-left\" aria-hidden=\"true\">\n\t\t\t\t\t\t\t\t\t\t\t\t\t\t\t<span class=\"elementor-accordion-icon-closed\"><i class=\"fas fa-plus\"><\/i><\/span>\n\t\t\t\t\t\t\t\t<span class=\"elementor-accordion-icon-opened\"><i class=\"fas fa-minus\"><\/i><\/span>\n\t\t\t\t\t\t\t\t\t\t\t\t\t\t<\/span>\n\t\t\t\t\t\t\t\t\t\t\t\t<a class=\"elementor-accordion-title\" tabindex=\"0\">EXAMENUL DE FINALIZARE<\/a>\n\t\t\t\t\t<\/div>\n\t\t\t\t\t<div id=\"elementor-tab-content-1246\" class=\"elementor-tab-content elementor-clearfix\" data-tab=\"6\" role=\"region\" aria-labelledby=\"elementor-tab-title-1246\"><p style=\"text-align: center;\"><span style=\"color: #800080;\"><strong>Sesiunea IULIE 2026<\/strong><\/span><\/p>\n<p><a href=\"https:\/\/drive.google.com\/file\/d\/1tLlVkz6IorB6fBfiNW0zAjzUjdyS1u4Q\/view?usp=sharing\" target=\"_blank\" rel=\"noopener\"><strong><button type=\"button\">Anun\u021b examen licen\u021b\u0103 iulie 2026<\/button><\/strong><\/a><\/p>\n<p><a href=\"https:\/\/drive.google.com\/file\/d\/1puGMjY_xV0dz8UWleO8YPSqFV9epBgOt\/view?usp=sharing\" target=\"_blank\" rel=\"noopener\"><strong><button type=\"button\">Metodologie finalizare studii<\/button><\/strong><\/a><\/p>\n<p><a href=\"https:\/\/drive.google.com\/file\/d\/1R3lk5Avhfds-V_4WMkrha2NLqlxiKdNb\/view?usp=sharing\" target=\"_blank\" rel=\"noopener\"><strong><button type=\"button\">Procedura verificare similitudini<\/button><\/strong><\/a><\/p>\n<p><a href=\"https:\/\/drive.google.com\/file\/d\/1Bqv8nkqG3w09-tHE-Fk0HxY9xHA351xp\/view?usp=sharing\" target=\"_blank\" rel=\"noopener\"><strong><button type=\"button\">Regulament finalizare studii<\/button><\/strong><\/a><\/p>\n<p><a href=\"https:\/\/drive.google.com\/file\/d\/1OED5NRgUmmKCvysj3VFIS7MWsMI4Ib_m\/view?usp=sharing\" target=\"_blank\" rel=\"noopener\"><strong><button type=\"button\">Tematic\u0103 \u0219i bibliografie<\/button><\/strong><\/a><\/p><\/div>\n\t\t\t\t<\/div>\n\t\t\t\t\t\t\t<div class=\"elementor-accordion-item\">\n\t\t\t\t\t<div id=\"elementor-tab-title-1247\" class=\"elementor-tab-title\" data-tab=\"7\" role=\"button\" aria-controls=\"elementor-tab-content-1247\" aria-expanded=\"false\">\n\t\t\t\t\t\t\t\t\t\t\t\t\t<span class=\"elementor-accordion-icon elementor-accordion-icon-left\" aria-hidden=\"true\">\n\t\t\t\t\t\t\t\t\t\t\t\t\t\t\t<span class=\"elementor-accordion-icon-closed\"><i class=\"fas fa-plus\"><\/i><\/span>\n\t\t\t\t\t\t\t\t<span class=\"elementor-accordion-icon-opened\"><i class=\"fas fa-minus\"><\/i><\/span>\n\t\t\t\t\t\t\t\t\t\t\t\t\t\t<\/span>\n\t\t\t\t\t\t\t\t\t\t\t\t<a class=\"elementor-accordion-title\" tabindex=\"0\">STRUCTURA ANULUI UNIVERSITAR<\/a>\n\t\t\t\t\t<\/div>\n\t\t\t\t\t<div id=\"elementor-tab-content-1247\" class=\"elementor-tab-content elementor-clearfix\" data-tab=\"7\" role=\"region\" aria-labelledby=\"elementor-tab-title-1247\"><p style=\"text-align: center;\"><span style=\"color: #800080;\"><strong>Anul universitar 2025-2026<\/strong><\/span><\/p>\n<p style=\"text-align: center;\"><a href=\"https:\/\/drive.google.com\/file\/d\/1UcHE5A1jgw0ifHTzScdHDAATvS0Hposb\/view?usp=sharing\" target=\"_blank\" rel=\"noopener\"><strong><button type=\"button\">vezi structura!<\/button><\/strong><\/a><\/p><\/div>\n\t\t\t\t<\/div>\n\t\t\t\t\t\t\t<div class=\"elementor-accordion-item\">\n\t\t\t\t\t<div id=\"elementor-tab-title-1248\" class=\"elementor-tab-title\" data-tab=\"8\" role=\"button\" aria-controls=\"elementor-tab-content-1248\" aria-expanded=\"false\">\n\t\t\t\t\t\t\t\t\t\t\t\t\t<span class=\"elementor-accordion-icon elementor-accordion-icon-left\" aria-hidden=\"true\">\n\t\t\t\t\t\t\t\t\t\t\t\t\t\t\t<span class=\"elementor-accordion-icon-closed\"><i class=\"fas fa-plus\"><\/i><\/span>\n\t\t\t\t\t\t\t\t<span class=\"elementor-accordion-icon-opened\"><i class=\"fas fa-minus\"><\/i><\/span>\n\t\t\t\t\t\t\t\t\t\t\t\t\t\t<\/span>\n\t\t\t\t\t\t\t\t\t\t\t\t<a class=\"elementor-accordion-title\" tabindex=\"0\">CALENDARUL DISCIPLINEI<\/a>\n\t\t\t\t\t<\/div>\n\t\t\t\t\t<div id=\"elementor-tab-content-1248\" class=\"elementor-tab-content elementor-clearfix\" data-tab=\"8\" role=\"region\" aria-labelledby=\"elementor-tab-title-1248\"><p><a href=\"https:\/\/www.univnt.ro\/wp-content\/uploads\/calendar_disciplina\/2025-2026\/drept\/id\/Drept privat.pdf\" target=\"_blank\" rel=\"noopener\" data-wplink-url-error=\"true\"><strong><button type=\"button\">Departamentul Drept Privat<\/button><\/strong><\/a><\/p><\/div>\n\t\t\t\t<\/div>\n\t\t\t\t\t\t\t\t<\/div>\n\t\t\t\t\t\t<\/div>\n\t\t\t\t<\/div>\n\t\t\t\t\t<\/div>\n\t\t<\/div>\n\t\t\t\t\t<\/div>\n\t\t<\/section>\n\t\t\t\t<section class=\"elementor-section elementor-top-section elementor-element elementor-element-19d8c75f elementor-section-boxed elementor-section-height-default elementor-section-height-default\" data-id=\"19d8c75f\" data-element_type=\"section\">\n\t\t\t\t\t\t<div class=\"elementor-container elementor-column-gap-default\">\n\t\t\t\t\t<div class=\"elementor-column elementor-col-100 elementor-top-column elementor-element elementor-element-1517dc11\" data-id=\"1517dc11\" data-element_type=\"column\">\n\t\t\t<div class=\"elementor-widget-wrap elementor-element-populated\">\n\t\t\t\t\t\t<div class=\"elementor-element elementor-element-728df32d elementor-widget elementor-widget-text-editor\" data-id=\"728df32d\" data-element_type=\"widget\" data-widget_type=\"text-editor.default\">\n\t\t\t\t<div class=\"elementor-widget-container\">\n\t\t\t\t\t\t\t\t\t\n<p class=\"has-text-color has-vivid-red-color\">INVATAMANT LA DISTANTA: Specializare <em><strong>acreditat\u0103 <\/strong><\/em>cf. HG 966\/2011.<\/p>\n\n<p>\u00a0\u00a0\u00a0\u00a0\u00cen scopul \u00eendeplinirii misiunii sale, Facultatea de Drept \u00ee\u015fi propune pentru specializarea Drept preg\u0103tirea unor speciali\u015fti redutabili \u00een domeniul juridic, care s\u0103 cunoasc\u0103 foarte bine dreptul rom\u00e2nesc, doctrina de specialitate \u015fi jurispruden\u0163a.<\/p>\n\n<p>\u00a0\u00a0\u00a0\u00a0Facultatea de Drept, prin specializarea Drept, continu\u0103 tradi\u0163iile \u015fcolii rom\u00e2ne\u015fti de studii juridice oferind un profil de preg\u0103tire complex. Facultatea noastr\u0103 s-a angajat \u00een procesul adapt\u0103rii la standardele europene al \u00eenv\u0103\u0163\u0103m\u00e2ntului universitar de specialitate, orient\u00e2ndu-se spre preg\u0103tirea tinerilor, dar nu numai, c\u0103rora dore\u015fte s\u0103 le cultive capacit\u0103\u0163ile de acomodare la cerin\u0163ele economiei de pia\u0163\u0103 \u015fi s\u0103 le transmit\u0103 cuno\u015ftin\u0163ele juridice necesare pentru a participa la via\u0163a profesional\u0103 juridic\u0103 cu deplin succes.<\/p>\n\t\t\t\t\t\t\t\t<\/div>\n\t\t\t\t<\/div>\n\t\t\t\t\t<\/div>\n\t\t<\/div>\n\t\t\t\t\t<\/div>\n\t\t<\/section>\n\t\t\t\t<section class=\"elementor-section elementor-top-section elementor-element elementor-element-f1bc597 elementor-section-boxed elementor-section-height-default elementor-section-height-default\" data-id=\"f1bc597\" data-element_type=\"section\">\n\t\t\t\t\t\t<div class=\"elementor-container elementor-column-gap-default\">\n\t\t\t\t\t<div class=\"elementor-column elementor-col-100 elementor-top-column elementor-element elementor-element-7b9103c\" data-id=\"7b9103c\" data-element_type=\"column\">\n\t\t\t<div class=\"elementor-widget-wrap elementor-element-populated\">\n\t\t\t\t\t\t<div class=\"elementor-element elementor-element-ed6bf63 elementor-widget elementor-widget-html\" data-id=\"ed6bf63\" data-element_type=\"widget\" data-widget_type=\"html.default\">\n\t\t\t\t<div class=\"elementor-widget-container\">\n\t\t\t\t\t<script> \r\njQuery(document).ready(function($) { \r\nvar delay = 100; setTimeout(function() { \r\n$('.elementor-tab-title').removeClass('elementor-active');\r\n $('.elementor-tab-content').css('display', 'none'); }, delay); \r\n}); \r\n<\/script>\t\t\t\t<\/div>\n\t\t\t\t<\/div>\n\t\t\t\t\t<\/div>\n\t\t<\/div>\n\t\t\t\t\t<\/div>\n\t\t<\/section>\n\t\t\t\t<\/div>\n\t\t","protected":false},"excerpt":{"rendered":"<p>Au fost postate datele examenelor pentru sesiunea 2! &times; AVIZIER Vezi anun\u021buri! ORAR Anul universitar 2025-2026, Semestrul 2 Anul 1\u00a0Anul &hellip; <\/p>\n","protected":false},"author":1,"featured_media":0,"parent":72,"menu_order":0,"comment_status":"closed","ping_status":"closed","template":"","meta":{"_mi_skip_tracking":false,"_monsterinsights_sitenote_active":false,"_monsterinsights_sitenote_note":"","_monsterinsights_sitenote_category":0,"footnotes":""},"class_list":["post-108","page","type-page","status-publish","hentry"],"_links":{"self":[{"href":"https:\/\/www.univnt.ro\/index.php\/wp-json\/wp\/v2\/pages\/108","targetHints":{"allow":["GET"]}}],"collection":[{"href":"https:\/\/www.univnt.ro\/index.php\/wp-json\/wp\/v2\/pages"}],"about":[{"href":"https:\/\/www.univnt.ro\/index.php\/wp-json\/wp\/v2\/types\/page"}],"author":[{"embeddable":true,"href":"https:\/\/www.univnt.ro\/index.php\/wp-json\/wp\/v2\/users\/1"}],"replies":[{"embeddable":true,"href":"https:\/\/www.univnt.ro\/index.php\/wp-json\/wp\/v2\/comments?post=108"}],"version-history":[{"count":633,"href":"https:\/\/www.univnt.ro\/index.php\/wp-json\/wp\/v2\/pages\/108\/revisions"}],"predecessor-version":[{"id":13979,"href":"https:\/\/www.univnt.ro\/index.php\/wp-json\/wp\/v2\/pages\/108\/revisions\/13979"}],"up":[{"embeddable":true,"href":"https:\/\/www.univnt.ro\/index.php\/wp-json\/wp\/v2\/pages\/72"}],"wp:attachment":[{"href":"https:\/\/www.univnt.ro\/index.php\/wp-json\/wp\/v2\/media?parent=108"}],"curies":[{"name":"wp","href":"https:\/\/api.w.org\/{rel}","templated":true}]}}