{"id":1148,"date":"2020-08-17T08:45:38","date_gmt":"2020-08-17T08:45:38","guid":{"rendered":"http:\/\/www.univnt.ro\/?page_id=1148"},"modified":"2026-03-18T07:37:29","modified_gmt":"2026-03-18T07:37:29","slug":"studii-de-licenta-administratie-publica-zi","status":"publish","type":"page","link":"https:\/\/www.univnt.ro\/index.php\/facultati\/facultatea-de-relatii-internationale-si-administratie\/studii-de-licenta-administratie-publica-zi\/","title":{"rendered":"STUDII DE LICEN\u0162\u0102 ADMINISTRA\u0162IE PUBLIC\u0102 ZI"},"content":{"rendered":"\t\t<div data-elementor-type=\"wp-page\" data-elementor-id=\"1148\" class=\"elementor elementor-1148\" data-elementor-post-type=\"page\">\n\t\t\t\t\t\t<section class=\"elementor-section elementor-top-section elementor-element elementor-element-0574fa6 elementor-section-boxed elementor-section-height-default elementor-section-height-default\" data-id=\"0574fa6\" data-element_type=\"section\">\n\t\t\t\t\t\t<div class=\"elementor-container elementor-column-gap-default\">\n\t\t\t\t\t<div class=\"elementor-column elementor-col-100 elementor-top-column elementor-element elementor-element-aa95118\" data-id=\"aa95118\" data-element_type=\"column\">\n\t\t\t<div class=\"elementor-widget-wrap elementor-element-populated\">\n\t\t\t\t\t\t\t<\/div>\n\t\t<\/div>\n\t\t\t\t\t<\/div>\n\t\t<\/section>\n\t\t\t\t<section class=\"elementor-section elementor-top-section elementor-element elementor-element-17666e2 elementor-section-boxed elementor-section-height-default elementor-section-height-default\" data-id=\"17666e2\" data-element_type=\"section\">\n\t\t\t\t\t\t<div class=\"elementor-container elementor-column-gap-default\">\n\t\t\t\t\t<div class=\"elementor-column elementor-col-100 elementor-top-column elementor-element elementor-element-96ab457\" data-id=\"96ab457\" data-element_type=\"column\">\n\t\t\t<div class=\"elementor-widget-wrap elementor-element-populated\">\n\t\t\t\t\t\t<div class=\"elementor-element elementor-element-1b7a531 elementor-widget elementor-widget-accordion\" data-id=\"1b7a531\" data-element_type=\"widget\" data-widget_type=\"accordion.default\">\n\t\t\t\t<div class=\"elementor-widget-container\">\n\t\t\t\t\t\t\t<div class=\"elementor-accordion\">\n\t\t\t\t\t\t\t<div class=\"elementor-accordion-item\">\n\t\t\t\t\t<div id=\"elementor-tab-title-2881\" class=\"elementor-tab-title\" data-tab=\"1\" role=\"button\" aria-controls=\"elementor-tab-content-2881\" aria-expanded=\"false\">\n\t\t\t\t\t\t\t\t\t\t\t\t\t<span class=\"elementor-accordion-icon elementor-accordion-icon-left\" aria-hidden=\"true\">\n\t\t\t\t\t\t\t\t\t\t\t\t\t\t\t<span class=\"elementor-accordion-icon-closed\"><i class=\"fas fa-plus\"><\/i><\/span>\n\t\t\t\t\t\t\t\t<span class=\"elementor-accordion-icon-opened\"><i class=\"fas fa-minus\"><\/i><\/span>\n\t\t\t\t\t\t\t\t\t\t\t\t\t\t<\/span>\n\t\t\t\t\t\t\t\t\t\t\t\t<a class=\"elementor-accordion-title\" tabindex=\"0\">AVIZIER<\/a>\n\t\t\t\t\t<\/div>\n\t\t\t\t\t<div id=\"elementor-tab-content-2881\" class=\"elementor-tab-content elementor-clearfix\" data-tab=\"1\" role=\"region\" aria-labelledby=\"elementor-tab-title-2881\"><p style=\"text-align: center;\"><a href=\"https:\/\/www.univnt.ro\/index.php\/category\/administratie-publica-if\"><strong><button type=\"button\">Vezi anun\u021buri!<\/button><\/strong><\/a><\/p><\/div>\n\t\t\t\t<\/div>\n\t\t\t\t\t\t\t<div class=\"elementor-accordion-item\">\n\t\t\t\t\t<div id=\"elementor-tab-title-2882\" class=\"elementor-tab-title\" data-tab=\"2\" role=\"button\" aria-controls=\"elementor-tab-content-2882\" aria-expanded=\"false\">\n\t\t\t\t\t\t\t\t\t\t\t\t\t<span class=\"elementor-accordion-icon elementor-accordion-icon-left\" aria-hidden=\"true\">\n\t\t\t\t\t\t\t\t\t\t\t\t\t\t\t<span class=\"elementor-accordion-icon-closed\"><i class=\"fas fa-plus\"><\/i><\/span>\n\t\t\t\t\t\t\t\t<span class=\"elementor-accordion-icon-opened\"><i class=\"fas fa-minus\"><\/i><\/span>\n\t\t\t\t\t\t\t\t\t\t\t\t\t\t<\/span>\n\t\t\t\t\t\t\t\t\t\t\t\t<a class=\"elementor-accordion-title\" tabindex=\"0\">ORAR<\/a>\n\t\t\t\t\t<\/div>\n\t\t\t\t\t<div id=\"elementor-tab-content-2882\" class=\"elementor-tab-content elementor-clearfix\" data-tab=\"2\" role=\"region\" aria-labelledby=\"elementor-tab-title-2882\"><p style=\"text-align: center;\"><span style=\"color: #800080;\"><strong>Anul universitar 2025-2026, Semestrul 2<\/strong><\/span><\/p>\n<p style=\"text-align: center;\"><strong><a href=\"https:\/\/drive.google.com\/file\/d\/11Hs7p_7TMwun2mbT3A0sRDaHwVQm73A_\/view?usp=sharing\" target=\"_blank\" rel=\"noopener\"><button type=\"button\">Anul 1<\/button><\/a>\u00a0<a href=\"https:\/\/drive.google.com\/file\/d\/1ijhxnVmqq67Bh-Rpt9xW3rEnKUODZxgk\/view?usp=sharing\" target=\"_blank\" rel=\"noopener\"><button type=\"button\">Anul 2<\/button><\/a>\u00a0<a href=\"https:\/\/drive.google.com\/file\/d\/1tUhOrx2eFefgxqRahvwbGTMvXZOeTB2W\/view?usp=sharing\" target=\"_blank\" rel=\"noopener\"><button type=\"button\">Anul 3<\/button><\/a><\/strong><\/p>\n<p><strong><a href=\"https:\/\/drive.google.com\/file\/d\/1i4hb00VN4vsOZhVlfJMTsfts80U2lcgX\/view?usp=sharing\" target=\"_blank\" rel=\"noopener\"><button type=\"button\">S\u0103pt\u0103m\u00e2ni seminar<\/button><\/a><\/strong><\/p><\/div>\n\t\t\t\t<\/div>\n\t\t\t\t\t\t\t<div class=\"elementor-accordion-item\">\n\t\t\t\t\t<div id=\"elementor-tab-title-2883\" class=\"elementor-tab-title\" data-tab=\"3\" role=\"button\" aria-controls=\"elementor-tab-content-2883\" aria-expanded=\"false\">\n\t\t\t\t\t\t\t\t\t\t\t\t\t<span class=\"elementor-accordion-icon elementor-accordion-icon-left\" aria-hidden=\"true\">\n\t\t\t\t\t\t\t\t\t\t\t\t\t\t\t<span class=\"elementor-accordion-icon-closed\"><i class=\"fas fa-plus\"><\/i><\/span>\n\t\t\t\t\t\t\t\t<span class=\"elementor-accordion-icon-opened\"><i class=\"fas fa-minus\"><\/i><\/span>\n\t\t\t\t\t\t\t\t\t\t\t\t\t\t<\/span>\n\t\t\t\t\t\t\t\t\t\t\t\t<a class=\"elementor-accordion-title\" tabindex=\"0\">EXAMENE\/VERIFIC\u0102RI<\/a>\n\t\t\t\t\t<\/div>\n\t\t\t\t\t<div id=\"elementor-tab-content-2883\" class=\"elementor-tab-content elementor-clearfix\" data-tab=\"3\" role=\"region\" aria-labelledby=\"elementor-tab-title-2883\"><p style=\"text-align: center;\"><span style=\"color: #800080;\"><strong>Anul universitar 2025-2026, Semestrul 1<\/strong><\/span><\/p>\n<p style=\"text-align: center;\"><strong><a href=\"https:\/\/drive.google.com\/file\/d\/1aSRhYoQ9Nkj0yaOZI7hDSwTo5RwSUdA0\/view?usp=sharing\" target=\"_blank\" rel=\"noopener\"><button type=\"button\">Anul 1<\/button><\/a> <a href=\"https:\/\/drive.google.com\/file\/d\/1V-efHIKMFEAfvI9JkpxJcRVVh-GNdtP1\/view?usp=sharing\" target=\"_blank\" rel=\"noopener\"><button type=\"button\">Anul 2<\/button><\/a> <a href=\"https:\/\/drive.google.com\/file\/d\/1jugC0T01zTSHjxYSg3SMVCLr8QmyL6yh\/view?usp=sharing\" target=\"_blank\" rel=\"noopener\"><button type=\"button\">Anul 3<\/button><\/a><\/strong><\/p><\/div>\n\t\t\t\t<\/div>\n\t\t\t\t\t\t\t<div class=\"elementor-accordion-item\">\n\t\t\t\t\t<div id=\"elementor-tab-title-2884\" class=\"elementor-tab-title\" data-tab=\"4\" role=\"button\" aria-controls=\"elementor-tab-content-2884\" aria-expanded=\"false\">\n\t\t\t\t\t\t\t\t\t\t\t\t\t<span class=\"elementor-accordion-icon elementor-accordion-icon-left\" aria-hidden=\"true\">\n\t\t\t\t\t\t\t\t\t\t\t\t\t\t\t<span class=\"elementor-accordion-icon-closed\"><i class=\"fas fa-plus\"><\/i><\/span>\n\t\t\t\t\t\t\t\t<span class=\"elementor-accordion-icon-opened\"><i class=\"fas fa-minus\"><\/i><\/span>\n\t\t\t\t\t\t\t\t\t\t\t\t\t\t<\/span>\n\t\t\t\t\t\t\t\t\t\t\t\t<a class=\"elementor-accordion-title\" tabindex=\"0\">REEXAMIN\u0102RI<\/a>\n\t\t\t\t\t<\/div>\n\t\t\t\t\t<div id=\"elementor-tab-content-2884\" class=\"elementor-tab-content elementor-clearfix\" data-tab=\"4\" role=\"region\" aria-labelledby=\"elementor-tab-title-2884\"><p style=\"text-align: center;\"><span style=\"color: #800080;\"><strong>Anul universitar 2024-2025<\/strong><\/span><\/p>\n<p style=\"text-align: center;\"><strong>Reexamin\u0103ri 1<\/strong><\/p>\n<p style=\"text-align: center;\"><a href=\"https:\/\/drive.google.com\/file\/d\/1M8OfuNBZpMF2I1w0raZCp5RUwo3fhW4Y\/view?usp=sharing\" target=\"_blank\" rel=\"noopener\"><strong><button type=\"button\">Anul 1<\/button><\/strong><\/a> <a href=\"https:\/\/drive.google.com\/file\/d\/16MqGcoPWXPYisyYKgATlKLh-OJk4yy-a\/view?usp=sharing\" target=\"_blank\" rel=\"noopener\"><strong><button type=\"button\">Anul 2<\/button><\/strong><\/a> <a href=\"https:\/\/drive.google.com\/file\/d\/1NeuVeLLkcDPz_2Db4SU6pS09Emxuw-0I\/view?usp=sharing\" target=\"_blank\" rel=\"noopener\"><strong><button type=\"button\">Anul 3<\/button><\/strong><\/a><\/p>\n<p style=\"text-align: center;\"><strong>Reexamin\u0103ri 2<\/strong><\/p>\n<p style=\"text-align: center;\"><a href=\"https:\/\/drive.google.com\/file\/d\/1jUSBPT7I3SexgzRa4BDwI9vpTiycDR0t\/view?usp=sharing\" target=\"_blank\" rel=\"noopener\"><strong><button type=\"button\">Anul 1<\/button><\/strong><\/a> <a href=\"https:\/\/drive.google.com\/file\/d\/1akaVR-yPBqZ95iHzTPhYL0NRkjlQLdiC\/view?usp=sharing\" target=\"_blank\" rel=\"noopener\"><strong><button type=\"button\">Anul 2<\/button><\/strong><\/a> <a href=\"https:\/\/drive.google.com\/file\/d\/1mvmQNUjfnBrgVd327Eqk401hqIjA5vhM\/view?usp=sharing\" target=\"_blank\" rel=\"noopener\"><strong><button type=\"button\">Anul 3<\/button><\/strong><\/a><\/p>\n<p>\u00a0<\/p><\/div>\n\t\t\t\t<\/div>\n\t\t\t\t\t\t\t<div class=\"elementor-accordion-item\">\n\t\t\t\t\t<div id=\"elementor-tab-title-2885\" class=\"elementor-tab-title\" data-tab=\"5\" role=\"button\" aria-controls=\"elementor-tab-content-2885\" aria-expanded=\"false\">\n\t\t\t\t\t\t\t\t\t\t\t\t\t<span class=\"elementor-accordion-icon elementor-accordion-icon-left\" aria-hidden=\"true\">\n\t\t\t\t\t\t\t\t\t\t\t\t\t\t\t<span class=\"elementor-accordion-icon-closed\"><i class=\"fas fa-plus\"><\/i><\/span>\n\t\t\t\t\t\t\t\t<span class=\"elementor-accordion-icon-opened\"><i class=\"fas fa-minus\"><\/i><\/span>\n\t\t\t\t\t\t\t\t\t\t\t\t\t\t<\/span>\n\t\t\t\t\t\t\t\t\t\t\t\t<a class=\"elementor-accordion-title\" tabindex=\"0\">RESTAN\u021aE<\/a>\n\t\t\t\t\t<\/div>\n\t\t\t\t\t<div id=\"elementor-tab-content-2885\" class=\"elementor-tab-content elementor-clearfix\" data-tab=\"5\" role=\"region\" aria-labelledby=\"elementor-tab-title-2885\"><p style=\"text-align: center;\"><span style=\"color: #800080;\"><strong>Anul universitar 2024-2025<\/strong><\/span><\/p>\n<p style=\"text-align: center;\"><a href=\"https:\/\/drive.google.com\/file\/d\/1fne7PZMySh3Q_UVdOrBPhRdAtW-tSFe4\/view?usp=sharing\" target=\"_blank\" rel=\"noopener\"><strong><button type=\"button\">Anul 1<\/button><\/strong><\/a> <a href=\"https:\/\/drive.google.com\/file\/d\/159IewM0s911DigWb2NyviMGf5bm3Gz8f\/view?usp=sharing\" target=\"_blank\" rel=\"noopener\"><strong><button type=\"button\">Anul 2<\/button><\/strong><\/a><\/p><\/div>\n\t\t\t\t<\/div>\n\t\t\t\t\t\t\t<div class=\"elementor-accordion-item\">\n\t\t\t\t\t<div id=\"elementor-tab-title-2886\" class=\"elementor-tab-title\" data-tab=\"6\" role=\"button\" aria-controls=\"elementor-tab-content-2886\" aria-expanded=\"false\">\n\t\t\t\t\t\t\t\t\t\t\t\t\t<span class=\"elementor-accordion-icon elementor-accordion-icon-left\" aria-hidden=\"true\">\n\t\t\t\t\t\t\t\t\t\t\t\t\t\t\t<span class=\"elementor-accordion-icon-closed\"><i class=\"fas fa-plus\"><\/i><\/span>\n\t\t\t\t\t\t\t\t<span class=\"elementor-accordion-icon-opened\"><i class=\"fas fa-minus\"><\/i><\/span>\n\t\t\t\t\t\t\t\t\t\t\t\t\t\t<\/span>\n\t\t\t\t\t\t\t\t\t\t\t\t<a class=\"elementor-accordion-title\" tabindex=\"0\">EXAMENUL DE FINALIZARE<\/a>\n\t\t\t\t\t<\/div>\n\t\t\t\t\t<div id=\"elementor-tab-content-2886\" class=\"elementor-tab-content elementor-clearfix\" data-tab=\"6\" role=\"region\" aria-labelledby=\"elementor-tab-title-2886\"><p style=\"text-align: center;\"><span style=\"color: #993366;\"><strong>SESIUNEA IULIE 2026<\/strong><\/span><\/p>\n<p><a href=\"https:\/\/drive.google.com\/file\/d\/15NvH75ViDmO1bQXN_w1CuIFECL5dZNR6\/view?usp=sharing\" target=\"_blank\" rel=\"noopener\"><strong><button type=\"button\">Tematic\u0103 \u015fi bibliografie<\/button><\/strong><\/a><\/p><\/div>\n\t\t\t\t<\/div>\n\t\t\t\t\t\t\t<div class=\"elementor-accordion-item\">\n\t\t\t\t\t<div id=\"elementor-tab-title-2887\" class=\"elementor-tab-title\" data-tab=\"7\" role=\"button\" aria-controls=\"elementor-tab-content-2887\" aria-expanded=\"false\">\n\t\t\t\t\t\t\t\t\t\t\t\t\t<span class=\"elementor-accordion-icon elementor-accordion-icon-left\" aria-hidden=\"true\">\n\t\t\t\t\t\t\t\t\t\t\t\t\t\t\t<span class=\"elementor-accordion-icon-closed\"><i class=\"fas fa-plus\"><\/i><\/span>\n\t\t\t\t\t\t\t\t<span class=\"elementor-accordion-icon-opened\"><i class=\"fas fa-minus\"><\/i><\/span>\n\t\t\t\t\t\t\t\t\t\t\t\t\t\t<\/span>\n\t\t\t\t\t\t\t\t\t\t\t\t<a class=\"elementor-accordion-title\" tabindex=\"0\">PLANURI DE \u00ceNV\u0102\u0162\u0102M\u00c2NT<\/a>\n\t\t\t\t\t<\/div>\n\t\t\t\t\t<div id=\"elementor-tab-content-2887\" class=\"elementor-tab-content elementor-clearfix\" data-tab=\"7\" role=\"region\" aria-labelledby=\"elementor-tab-title-2887\"><p style=\"text-align: center;\"><strong><a href=\"https:\/\/www.univnt.ro\/wp-content\/uploads\/planuri_de_invatamant\/fria\/2024\/planuri_ap_if_2023_2026.pdf\"><button type=\"button\">Planuri de inv\u0103\u021b\u0103m\u00e2nt 2023 &#8211; 2026<\/button><\/a><br \/>\u00a0<br \/>\u00a0 <a href=\"https:\/\/www.univnt.ro\/wp-content\/uploads\/planuri_de_invatamant\/fria\/2024\/planuri_ap_if_2024_2027.pdf\"><button type=\"button\">Planuri de inv\u0103\u021b\u0103m\u00e2nt 2024 &#8211; 2027<\/button><\/a>\u00a0<br \/>\u00a0<br \/>\u00a0 <a href=\"https:\/\/www.univnt.ro\/wp-content\/uploads\/planuri_de_invatamant\/fria\/2024\/planuri_ap_if_2025_2028.pdf\"><button type=\"button\">Planuri de inv\u0103\u021b\u0103m\u00e2nt 2025 &#8211; 2028<\/button><\/a><\/strong><\/p><\/div>\n\t\t\t\t<\/div>\n\t\t\t\t\t\t\t<div class=\"elementor-accordion-item\">\n\t\t\t\t\t<div id=\"elementor-tab-title-2888\" class=\"elementor-tab-title\" data-tab=\"8\" role=\"button\" aria-controls=\"elementor-tab-content-2888\" aria-expanded=\"false\">\n\t\t\t\t\t\t\t\t\t\t\t\t\t<span class=\"elementor-accordion-icon elementor-accordion-icon-left\" aria-hidden=\"true\">\n\t\t\t\t\t\t\t\t\t\t\t\t\t\t\t<span class=\"elementor-accordion-icon-closed\"><i class=\"fas fa-plus\"><\/i><\/span>\n\t\t\t\t\t\t\t\t<span class=\"elementor-accordion-icon-opened\"><i class=\"fas fa-minus\"><\/i><\/span>\n\t\t\t\t\t\t\t\t\t\t\t\t\t\t<\/span>\n\t\t\t\t\t\t\t\t\t\t\t\t<a class=\"elementor-accordion-title\" tabindex=\"0\">STRUCTURA ANULUI UNIVERSITAR<\/a>\n\t\t\t\t\t<\/div>\n\t\t\t\t\t<div id=\"elementor-tab-content-2888\" class=\"elementor-tab-content elementor-clearfix\" data-tab=\"8\" role=\"region\" aria-labelledby=\"elementor-tab-title-2888\"><p style=\"text-align: center;\"><span style=\"color: #800080;\"><strong>Anul universitar 2025 &#8211; 2026<\/strong><\/span><\/p>\n<p style=\"text-align: center;\"><a href=\"https:\/\/drive.google.com\/file\/d\/1UdRnJTPndtYvhYHM0MpifITMydnVo4rp\/view?usp=sharing\" target=\"_blank\" rel=\"noopener\"><strong><button type=\"button\">vezi structura!<\/button><\/strong><\/a><\/p><\/div>\n\t\t\t\t<\/div>\n\t\t\t\t\t\t\t\t<\/div>\n\t\t\t\t\t\t<\/div>\n\t\t\t\t<\/div>\n\t\t\t\t\t<\/div>\n\t\t<\/div>\n\t\t\t\t\t<\/div>\n\t\t<\/section>\n\t\t\t\t<section class=\"elementor-section elementor-top-section elementor-element elementor-element-248d9b1b elementor-section-boxed elementor-section-height-default elementor-section-height-default\" data-id=\"248d9b1b\" data-element_type=\"section\">\n\t\t\t\t\t\t<div class=\"elementor-container elementor-column-gap-default\">\n\t\t\t\t\t<div class=\"elementor-column elementor-col-100 elementor-top-column elementor-element elementor-element-5bc3befd\" data-id=\"5bc3befd\" data-element_type=\"column\">\n\t\t\t<div class=\"elementor-widget-wrap elementor-element-populated\">\n\t\t\t\t\t\t<div class=\"elementor-element elementor-element-3ec2cd14 elementor-widget elementor-widget-text-editor\" data-id=\"3ec2cd14\" data-element_type=\"widget\" data-widget_type=\"text-editor.default\">\n\t\t\t\t<div class=\"elementor-widget-container\">\n\t\t\t\t\t\t\t\t\t\n<p class=\"has-vivid-red-color has-text-color\">INVATAMANT CU FRECVENTA: Specializare acreditat\u0103 prin HG 922 din 2008.<\/p>\n\n<p>Are drept obiectiv preg\u0103tirea unor speciali\u015fti de \u00eenalt\u0103 calificare \u00een domeniul administra\u0163iei \u015fi politicilor publice. Absolven\u0163ii acestei specializ\u0103ri vor fi licen\u0163ia\u0163i \u00een \u015ftiin\u0163e administrative, cu specializarea \u00een administra\u0163ie public\u0103.<\/p>\n<div class='yrm-content yrm-content-16 yrm-content-hide' id='yrm-jgTax' data-id='16' data-show-status='false' data-after-action='' style=\"visibility: hidden;height: 0;\">\n<div id='yrm-inner-content-yrm-jgTax' class='yrm-inner-content-wrapper yrm-cntent-16'> Prin planul de \u00eenv\u0103\u0163\u0103m\u00e2nt, domeniul de licen\u0163\u0103 Administra\u0163ie Public\u0103 din facultatea noastr\u0103 are elemente comune cu toate facult\u0103\u0163ile de profil, av\u00e2nd \u00eens\u0103 \u015fi elemente specifice. Elementul specific cel mai important este legat de profilul s\u0103u, acesta fiind mai larg, cuprinz\u00e2nd at\u00e2t preg\u0103tirea \u00een domeniul administra\u0163iei publice, c\u00e2t \u015fi \u00een domeniul politicilor publice. Prin aceasta se asigur\u0103 o preg\u0103tire complex\u0103 a speciali\u015ftilor care vor \u00eendeplini func\u0163ii \u00een administra\u0163ia public\u0103 la diferite niveluri (de la comun\u0103 la ministere \u015fi la alte organe centrale ale administra\u0163iei), precum \u015fi \u00een alte structuri publice sau private de interes public. Avem \u00een vedere func\u0163ii de secretari \u00een unit\u0103\u0163i administrativ teritoriale, referen\u0163i stare civil\u0103, inspectori pe diferite domenii, referen\u0163i asisten\u0163a social\u0103, \u00een compartimente pentru rela\u0163ii cu publicul, gestiunea resurselor umane, contencios administrativ, fond locativ, exper\u0163i \u015fi consilieri la diferite niveluri \u00een probleme de administra\u0163ie public\u0103, directori de cabinete ministeriale etc. De asemenea, \u00een structuri publice sau private de interes public care necesit\u0103 speciali\u015fti \u00een domeniu administra\u0163iei publice (societ\u0103\u0163i de asigur\u0103ri, case de asigur\u0103ri de s\u0103n\u0103tate, case de pensii, fonduri \u015fi agen\u0163ii, organiza\u0163ii nonprofit etc.). La acestea se adaug\u0103 activit\u0103\u0163ile de consiliere \u00een probleme de administra\u0163ie public\u0103 \u015fi politici publice \u015fi de administrare de programe interne \u015fi\/sau externe \u00een acest domeniu. Facultatea, dispun\u00e2nd de un corp profesoral de \u00eenalt\u0103 calificare, asigur\u0103 o preg\u0103tire complex\u0103 a absolven\u0163ilor s\u0103i, \u00een cadrul s\u0103u pred\u00e2ndu-se discipline juridice (drept administrativ, constitu\u0163ional, civil \u015fi procedur\u0103 civil\u0103, financiar \u015fi fiscal etc.), economice (economie, finan\u0163e publice, contabilitate, economia sectorului public, buget \u015fi contabilitate bugetar\u0103 etc.), manageriale (managementul organiza\u0163iilor \u015fi al institu\u0163iilor publice, managementul resurselor umane, strategii \u015fi politici publice, politici sociale etc.) \u015fi socio-umane (teoria administra\u0163iei publice, sociologie, demografie). Se asigur\u0103, de asemenea, preg\u0103tire \u00een domeniile: statistico-matematic, birotic\u0103, informatic\u0103, rela\u0163ii publice etc. \u00cen cadrul domeniului Administra\u0163ie Public\u0103 se organizeaz\u0103 cursuri de zi (cu o durat\u0103 de 3 ani) \u015fi \u00eenv\u0103\u0163\u0103m\u00e2nt la distan\u0163\u0103 (cu o durat\u0103 de 3 ani) Disciplinele prev\u0103zute \u00een planul de \u00eenv\u0103\u0163\u0103m\u00e2nt sunt grupate pe trei categorii: 1. Discipline obligatorii 2. Discipline op\u0163ionale 3. Discipline facultative Preg\u0103tirea studen\u0163ilor se realizeaz\u0103 nu numai prin cursuri \u015fi seminarii ci \u015fi prin perioade compacte de practic\u0103 productiv\u0103, eficient\u0103 \u00een diferite institu\u0163ii publice, care permit contactul direct al acestora cu variatele probleme cu care se vor confrunta \u00een activitatea lor viitoare. <\/div>\n<\/p><\/div>\n<div class='yrm-btn-wrapper yrm-btn-wrapper-16 yrm-more-button-wrapper  '\n\t\tdata-custom-more-class-name='' data-custom-less-class-name=''><span title='' data-less-title='' data-more-title='' class='yrm-toggle-expand  yrm-toggle-expand-16 ' data-rel='yrm-jgTax' data-more='Mai mult' data-less='Mai pu\u021bin'><span class='yrm-text-wrapper yrm-text-wrapper-custom-dimensions'><span class=\"yrm-button-text-16 yrm-button-text-span\">Mai mult<\/span><\/span><\/span><\/div><\/p>\n\n<p>\u00a0<\/p>\n\t\t\t\t\t\t\t\t<\/div>\n\t\t\t\t<\/div>\n\t\t\t\t\t<\/div>\n\t\t<\/div>\n\t\t\t\t\t<\/div>\n\t\t<\/section>\n\t\t\t\t<section class=\"elementor-section elementor-top-section elementor-element elementor-element-dd64a50 elementor-section-boxed elementor-section-height-default elementor-section-height-default\" data-id=\"dd64a50\" data-element_type=\"section\">\n\t\t\t\t\t\t<div class=\"elementor-container elementor-column-gap-default\">\n\t\t\t\t\t<div class=\"elementor-column elementor-col-100 elementor-top-column elementor-element elementor-element-21e00f4\" data-id=\"21e00f4\" data-element_type=\"column\">\n\t\t\t<div class=\"elementor-widget-wrap elementor-element-populated\">\n\t\t\t\t\t\t<div class=\"elementor-element elementor-element-ad8ab63 elementor-widget elementor-widget-html\" data-id=\"ad8ab63\" data-element_type=\"widget\" data-widget_type=\"html.default\">\n\t\t\t\t<div class=\"elementor-widget-container\">\n\t\t\t\t\t<script> \r\njQuery(document).ready(function($) { \r\nvar delay = 100; setTimeout(function() { \r\n$('.elementor-tab-title').removeClass('elementor-active');\r\n $('.elementor-tab-content').css('display', 'none'); }, delay); \r\n}); \r\n<\/script>\t\t\t\t<\/div>\n\t\t\t\t<\/div>\n\t\t\t\t\t<\/div>\n\t\t<\/div>\n\t\t\t\t\t<\/div>\n\t\t<\/section>\n\t\t\t\t<\/div>\n\t\t","protected":false},"excerpt":{"rendered":"<p>AVIZIER Vezi anun\u021buri! ORAR Anul universitar 2025-2026, Semestrul 2 Anul 1\u00a0Anul 2\u00a0Anul 3 S\u0103pt\u0103m\u00e2ni seminar EXAMENE\/VERIFIC\u0102RI Anul universitar 2025-2026, Semestrul &hellip; <\/p>\n","protected":false},"author":1,"featured_media":0,"parent":134,"menu_order":0,"comment_status":"closed","ping_status":"closed","template":"","meta":{"_mi_skip_tracking":false,"_monsterinsights_sitenote_active":false,"_monsterinsights_sitenote_note":"","_monsterinsights_sitenote_category":0,"footnotes":""},"class_list":["post-1148","page","type-page","status-publish","hentry"],"_links":{"self":[{"href":"https:\/\/www.univnt.ro\/index.php\/wp-json\/wp\/v2\/pages\/1148","targetHints":{"allow":["GET"]}}],"collection":[{"href":"https:\/\/www.univnt.ro\/index.php\/wp-json\/wp\/v2\/pages"}],"about":[{"href":"https:\/\/www.univnt.ro\/index.php\/wp-json\/wp\/v2\/types\/page"}],"author":[{"embeddable":true,"href":"https:\/\/www.univnt.ro\/index.php\/wp-json\/wp\/v2\/users\/1"}],"replies":[{"embeddable":true,"href":"https:\/\/www.univnt.ro\/index.php\/wp-json\/wp\/v2\/comments?post=1148"}],"version-history":[{"count":370,"href":"https:\/\/www.univnt.ro\/index.php\/wp-json\/wp\/v2\/pages\/1148\/revisions"}],"predecessor-version":[{"id":13890,"href":"https:\/\/www.univnt.ro\/index.php\/wp-json\/wp\/v2\/pages\/1148\/revisions\/13890"}],"up":[{"embeddable":true,"href":"https:\/\/www.univnt.ro\/index.php\/wp-json\/wp\/v2\/pages\/134"}],"wp:attachment":[{"href":"https:\/\/www.univnt.ro\/index.php\/wp-json\/wp\/v2\/media?parent=1148"}],"curies":[{"name":"wp","href":"https:\/\/api.w.org\/{rel}","templated":true}]}}