{"id":11739,"date":"2025-06-18T07:55:50","date_gmt":"2025-06-18T07:55:50","guid":{"rendered":"https:\/\/www.univnt.ro\/?page_id=11739"},"modified":"2025-06-18T08:06:52","modified_gmt":"2025-06-18T08:06:52","slug":"activitate-de-cercetare","status":"publish","type":"page","link":"https:\/\/www.univnt.ro\/index.php\/activitate-de-cercetare\/","title":{"rendered":"Activitate de Cercetare"},"content":{"rendered":"\t\t<div data-elementor-type=\"wp-page\" data-elementor-id=\"11739\" class=\"elementor elementor-11739\" data-elementor-post-type=\"page\">\n\t\t\t\t\t\t<section class=\"elementor-section elementor-top-section elementor-element elementor-element-fb8f9b6 elementor-section-boxed elementor-section-height-default elementor-section-height-default\" data-id=\"fb8f9b6\" data-element_type=\"section\">\n\t\t\t\t\t\t<div class=\"elementor-container elementor-column-gap-default\">\n\t\t\t\t\t<div class=\"elementor-column elementor-col-100 elementor-top-column elementor-element elementor-element-f22b084\" data-id=\"f22b084\" data-element_type=\"column\">\n\t\t\t<div class=\"elementor-widget-wrap elementor-element-populated\">\n\t\t\t\t\t\t<div class=\"elementor-element elementor-element-ce7de3b elementor-widget elementor-widget-heading\" data-id=\"ce7de3b\" data-element_type=\"widget\" data-widget_type=\"heading.default\">\n\t\t\t\t<div class=\"elementor-widget-container\">\n\t\t\t\t\t<h2 class=\"elementor-heading-title elementor-size-default\">\u00cencurajarea activit\u0103\u021bii de cercetare<\/h2>\t\t\t\t<\/div>\n\t\t\t\t<\/div>\n\t\t\t\t\t<\/div>\n\t\t<\/div>\n\t\t\t\t\t<\/div>\n\t\t<\/section>\n\t\t\t\t<section class=\"elementor-section elementor-top-section elementor-element elementor-element-3645a43 elementor-section-boxed elementor-section-height-default elementor-section-height-default\" data-id=\"3645a43\" data-element_type=\"section\">\n\t\t\t\t\t\t<div class=\"elementor-container elementor-column-gap-default\">\n\t\t\t\t\t<div class=\"elementor-column elementor-col-100 elementor-top-column elementor-element elementor-element-a8cf3aa\" data-id=\"a8cf3aa\" data-element_type=\"column\">\n\t\t\t<div class=\"elementor-widget-wrap elementor-element-populated\">\n\t\t\t\t\t\t<div class=\"elementor-element elementor-element-4c70742 elementor-widget elementor-widget-text-editor\" data-id=\"4c70742\" data-element_type=\"widget\" data-widget_type=\"text-editor.default\">\n\t\t\t\t<div class=\"elementor-widget-container\">\n\t\t\t\t\t\t\t\t\t<p><span style=\"color: #3366ff;\">IOSUD <strong>\u201eNicolae Titulescu\u201d<\/strong> <strong>din Bucure\u0219ti<\/strong><\/span> \u00ee\u0219i reafirm\u0103 angajamentul de a sprijini activ activitatea de cercetare desf\u0103\u0219urat\u0103 de studen\u021bii doctoranzi, contribuind astfel la dezvoltarea excelen\u021bei academice \u0219i a vizibilit\u0103\u021bii \u0219tiin\u021bifice interna\u021bionale.<\/p><p>\u00cen acest sens, <span style=\"color: #3366ff;\">IOSUD<\/span> ofer\u0103 urm\u0103toarele oportunit\u0103\u021bi de sprijin pentru doctoranzii \u00eenscri\u0219i la studii universitare de doctorat:<\/p><ul><li><span style=\"color: #800080;\"><strong>Participarea la mobilit\u0103\u021bi interna\u021bionale prin programul Erasmus+<\/strong><\/span><br \/><span style=\"color: #3366ff;\">IOSUD<\/span> \u00eencurajeaz\u0103 \u0219i faciliteaz\u0103 \u00eencheierea de parteneriate cu universit\u0103\u021bi de prestigiu din str\u0103in\u0103tate, membre ale programului <span style=\"color: #3366ff;\">Erasmus+<\/span>, \u00een vederea desf\u0103\u0219ur\u0103rii de stagii de cercetare \u00een afara \u021b\u0103rii. Mobilit\u0103\u021bile contribuie la dezvoltarea competen\u021belor academice \u0219i profesionale \u0219i favorizeaz\u0103 colaborarea interna\u021bional\u0103.<\/li><li><span style=\"color: #800080;\"><strong>Decontarea cheltuielilor de participare la conferin\u021be \u0219tiin\u021bifice<\/strong><\/span><br \/>Pentru promovarea rezultatelor cercet\u0103rii doctorale \u0219i consolidarea vizibilit\u0103\u021bii academice, <span style=\"color: #3366ff;\">IOSUD<\/span> sprijin\u0103 participarea doctoranzilor la conferin\u021be \u0219tiin\u021bifice na\u021bionale \u0219i interna\u021bionale prin acoperirea cheltuielilor aferente (taxe de participare, transport, cazare, etc.), \u00een condi\u021biile stabilite de procedura intern\u0103 de decontare a cheltuielilor pentru studen\u021bii-doctoranzi.<\/li><\/ul><p>Studen\u021bii doctoranzi interesa\u021bi de aceste oportunit\u0103\u021bi sunt invita\u021bi s\u0103 consulte conduc\u0103torul de doctorat, regulamentul specific al <span style=\"color: #808080;\">\u0218colii Doctorale<\/span> \u0219i s\u0103 se adreseze <strong><span style=\"color: #3366ff;\">Secretariatului \u0218colii Doctorale<\/span><\/strong> \u0219i <strong><span style=\"color: #3366ff;\">Departamentului de Rela\u021bii Publice \u0219i Programe Interna\u021bionale<\/span><\/strong>, pentru detalii privind criteriile de eligibilitate \u0219i documenta\u021bia necesar\u0103.<\/p>\t\t\t\t\t\t\t\t<\/div>\n\t\t\t\t<\/div>\n\t\t\t\t\t<\/div>\n\t\t<\/div>\n\t\t\t\t\t<\/div>\n\t\t<\/section>\n\t\t\t\t<\/div>\n\t\t","protected":false},"excerpt":{"rendered":"<p>\u00cencurajarea activit\u0103\u021bii de cercetare IOSUD \u201eNicolae Titulescu\u201d din Bucure\u0219ti \u00ee\u0219i reafirm\u0103 angajamentul de a sprijini activ activitatea de cercetare desf\u0103\u0219urat\u0103 &hellip; <\/p>\n","protected":false},"author":1,"featured_media":0,"parent":0,"menu_order":0,"comment_status":"closed","ping_status":"closed","template":"","meta":{"_mi_skip_tracking":false,"_monsterinsights_sitenote_active":false,"_monsterinsights_sitenote_note":"","_monsterinsights_sitenote_category":0,"footnotes":""},"class_list":["post-11739","page","type-page","status-publish","hentry"],"_links":{"self":[{"href":"https:\/\/www.univnt.ro\/index.php\/wp-json\/wp\/v2\/pages\/11739","targetHints":{"allow":["GET"]}}],"collection":[{"href":"https:\/\/www.univnt.ro\/index.php\/wp-json\/wp\/v2\/pages"}],"about":[{"href":"https:\/\/www.univnt.ro\/index.php\/wp-json\/wp\/v2\/types\/page"}],"author":[{"embeddable":true,"href":"https:\/\/www.univnt.ro\/index.php\/wp-json\/wp\/v2\/users\/1"}],"replies":[{"embeddable":true,"href":"https:\/\/www.univnt.ro\/index.php\/wp-json\/wp\/v2\/comments?post=11739"}],"version-history":[{"count":4,"href":"https:\/\/www.univnt.ro\/index.php\/wp-json\/wp\/v2\/pages\/11739\/revisions"}],"predecessor-version":[{"id":11744,"href":"https:\/\/www.univnt.ro\/index.php\/wp-json\/wp\/v2\/pages\/11739\/revisions\/11744"}],"wp:attachment":[{"href":"https:\/\/www.univnt.ro\/index.php\/wp-json\/wp\/v2\/media?parent=11739"}],"curies":[{"name":"wp","href":"https:\/\/api.w.org\/{rel}","templated":true}]}}