{"id":1187,"date":"2020-08-17T12:20:32","date_gmt":"2020-08-17T12:20:32","guid":{"rendered":"http:\/\/www.univnt.ro\/?page_id=1187"},"modified":"2026-05-13T15:08:18","modified_gmt":"2026-05-13T15:08:18","slug":"documente-id","status":"publish","type":"page","link":"https:\/\/www.univnt.ro\/index.php\/departament-id\/documente-id\/","title":{"rendered":"DOCUMENTE ID"},"content":{"rendered":"\t\t<div data-elementor-type=\"wp-page\" data-elementor-id=\"1187\" class=\"elementor elementor-1187\" data-elementor-post-type=\"page\">\n\t\t\t\t\t\t<section class=\"elementor-section elementor-top-section elementor-element elementor-element-cb287e3 elementor-section-boxed elementor-section-height-default elementor-section-height-default\" data-id=\"cb287e3\" data-element_type=\"section\">\n\t\t\t\t\t\t<div class=\"elementor-container elementor-column-gap-default\">\n\t\t\t\t\t<div class=\"elementor-column elementor-col-100 elementor-top-column elementor-element elementor-element-af4e63b\" data-id=\"af4e63b\" data-element_type=\"column\">\n\t\t\t<div class=\"elementor-widget-wrap elementor-element-populated\">\n\t\t\t\t\t\t<div class=\"elementor-element elementor-element-d0c2ff7 elementor-widget elementor-widget-accordion\" data-id=\"d0c2ff7\" data-element_type=\"widget\" data-widget_type=\"accordion.default\">\n\t\t\t\t<div class=\"elementor-widget-container\">\n\t\t\t\t\t\t\t<div class=\"elementor-accordion\">\n\t\t\t\t\t\t\t<div class=\"elementor-accordion-item\">\n\t\t\t\t\t<div id=\"elementor-tab-title-2181\" class=\"elementor-tab-title\" data-tab=\"1\" role=\"button\" aria-controls=\"elementor-tab-content-2181\" aria-expanded=\"false\">\n\t\t\t\t\t\t\t\t\t\t\t\t\t<span class=\"elementor-accordion-icon elementor-accordion-icon-left\" aria-hidden=\"true\">\n\t\t\t\t\t\t\t\t\t\t\t\t\t\t\t<span class=\"elementor-accordion-icon-closed\"><i class=\"fas fa-plus\"><\/i><\/span>\n\t\t\t\t\t\t\t\t<span class=\"elementor-accordion-icon-opened\"><i class=\"fas fa-minus\"><\/i><\/span>\n\t\t\t\t\t\t\t\t\t\t\t\t\t\t<\/span>\n\t\t\t\t\t\t\t\t\t\t\t\t<a class=\"elementor-accordion-title\" tabindex=\"0\">CONTRACTE<\/a>\n\t\t\t\t\t<\/div>\n\t\t\t\t\t<div id=\"elementor-tab-content-2181\" class=\"elementor-tab-content elementor-clearfix\" data-tab=\"1\" role=\"region\" aria-labelledby=\"elementor-tab-title-2181\"><p><a href=\"https:\/\/www.univnt.ro\/wp-content\/uploads\/departament_id\/Ghid%20completare%20contracte.pdf\">Ghid completare contracte<\/a><\/p><\/div>\n\t\t\t\t<\/div>\n\t\t\t\t\t\t\t<div class=\"elementor-accordion-item\">\n\t\t\t\t\t<div id=\"elementor-tab-title-2182\" class=\"elementor-tab-title\" data-tab=\"2\" role=\"button\" aria-controls=\"elementor-tab-content-2182\" aria-expanded=\"false\">\n\t\t\t\t\t\t\t\t\t\t\t\t\t<span class=\"elementor-accordion-icon elementor-accordion-icon-left\" aria-hidden=\"true\">\n\t\t\t\t\t\t\t\t\t\t\t\t\t\t\t<span class=\"elementor-accordion-icon-closed\"><i class=\"fas fa-plus\"><\/i><\/span>\n\t\t\t\t\t\t\t\t<span class=\"elementor-accordion-icon-opened\"><i class=\"fas fa-minus\"><\/i><\/span>\n\t\t\t\t\t\t\t\t\t\t\t\t\t\t<\/span>\n\t\t\t\t\t\t\t\t\t\t\t\t<a class=\"elementor-accordion-title\" tabindex=\"0\">GHIDURI<\/a>\n\t\t\t\t\t<\/div>\n\t\t\t\t\t<div id=\"elementor-tab-content-2182\" class=\"elementor-tab-content elementor-clearfix\" data-tab=\"2\" role=\"region\" aria-labelledby=\"elementor-tab-title-2182\"><ul><li style=\"list-style-type: none;\"><ul><li><a href=\"https:\/\/www.univnt.ro\/wp-content\/uploads\/departament_id\/Ghid%20de%20prezentare%20a%20facultatii%20si%20a%20programului%20de%20studiu%20DREPT_ID.pdf\">Ghid de prezentare a Facultatii de Drept<\/a><\/li><li><a href=\"https:\/\/www.univnt.ro\/wp-content\/uploads\/departament_id\/Ghid%20de%20prezentare%20a%20facultatii%20si%20a%20programului%20de%20studiu_EAA_ID.pdf\">Ghid de prezentare a Facultatii de Economie si Administrarea Afacerilor<\/a><\/li><li><a href=\"https:\/\/www.univnt.ro\/wp-content\/uploads\/departament_id\/Ghid%20de%20prezentare%20a%20facultatii%20si%20a%20programului%20de%20studiu_FRIA_ID.pdf\">Ghid de prezentare a Facultatii de Relatii Internationale si Administratie<\/a><\/li><li><a href=\"https:\/\/www.univnt.ro\/wp-content\/uploads\/departament_id\/eLiS_Manual_student_nou.pdf\">Manual de utilizare eLis<\/a><\/li><li><a href=\"https:\/\/www.univnt.ro\/wp-content\/uploads\/departament_id\/ghid_etic_eLis.pdf\">Ghid etic eLis<\/a><\/li><li><a href=\"https:\/\/www.univnt.ro\/wp-content\/uploads\/departament_id\/Anexa27_Ghid_consiliere_orientare_profesionala.pdf\">Ghid consiliere orientare profesionala<\/a><\/li><li><a href=\"https:\/\/www.univnt.ro\/wp-content\/uploads\/departament_id\/Ghid\/Prezentare mod concret desfasurare activitati program de studii ID.pdf\" data-wplink-url-error=\"true\">Prezentare mod concret desfasurare activitati program de studii ID<\/a><\/li><li><a href=\"https:\/\/www.univnt.ro\/wp-content\/uploads\/departament_id\/Ghid\/Descrierea infrastructurii existente pentru platforma.pdf\" target=\"_blank\" rel=\"noopener\" data-wplink-url-error=\"true\">Descrierea infrastructurii existente pentru platforma<\/a><\/li><li><a href=\"https:\/\/www.univnt.ro\/wp-content\/uploads\/departament_id\/Ghid\/Prezentarea succinta a aplicatiei de informatizare eLis.pdf\" target=\"_blank\" rel=\"noopener\" data-wplink-url-error=\"true\">Prezentarea succinta a aplicatiei de informatizare eLis<\/a><\/li><li><a href=\"https:\/\/www.univnt.ro\/wp-content\/uploads\/departament_id\/Ghid\/Ghid_Cursuri_Online_UNT.pdf\" target=\"_blank\" rel=\"noopener\">Ghid privind realizarea cursurilor Online<\/a><\/li><li><a href=\"https:\/\/www.univnt.ro\/wp-content\/uploads\/departament_id\/Ghid\/Ghid privind elaborarea materialelor de studiu \u00een tehnologie ID.pdf\" target=\"_blank\" rel=\"noopener\" data-wplink-url-error=\"true\">Ghid privind elaborarea materialelor de studiu \u00een tehnologie ID<\/a><\/li><\/ul><\/li><\/ul><\/div>\n\t\t\t\t<\/div>\n\t\t\t\t\t\t\t<div class=\"elementor-accordion-item\">\n\t\t\t\t\t<div id=\"elementor-tab-title-2183\" class=\"elementor-tab-title\" data-tab=\"3\" role=\"button\" aria-controls=\"elementor-tab-content-2183\" aria-expanded=\"false\">\n\t\t\t\t\t\t\t\t\t\t\t\t\t<span class=\"elementor-accordion-icon elementor-accordion-icon-left\" aria-hidden=\"true\">\n\t\t\t\t\t\t\t\t\t\t\t\t\t\t\t<span class=\"elementor-accordion-icon-closed\"><i class=\"fas fa-plus\"><\/i><\/span>\n\t\t\t\t\t\t\t\t<span class=\"elementor-accordion-icon-opened\"><i class=\"fas fa-minus\"><\/i><\/span>\n\t\t\t\t\t\t\t\t\t\t\t\t\t\t<\/span>\n\t\t\t\t\t\t\t\t\t\t\t\t<a class=\"elementor-accordion-title\" tabindex=\"0\">PROCEDURI<\/a>\n\t\t\t\t\t<\/div>\n\t\t\t\t\t<div id=\"elementor-tab-content-2183\" class=\"elementor-tab-content elementor-clearfix\" data-tab=\"3\" role=\"region\" aria-labelledby=\"elementor-tab-title-2183\"><p><a href=\"https:\/\/www.univnt.ro\/wp-content\/uploads\/departament_id\/Proceduri\/PO-26_Procedura_solutionare_sesizari_ID.pdf\">Procedura de solutionare a sesizarilor legate de activitatea ID<\/a><\/p><p><a href=\"https:\/\/www.univnt.ro\/wp-content\/uploads\/departament_id\/Procedura%20operationala%20-%20Distribuire%20resurse%20ID%20catre%20studenti.pdf\">Procedura operationala. Distribuire resurse ID catre studenti<\/a><\/p><\/div>\n\t\t\t\t<\/div>\n\t\t\t\t\t\t\t<div class=\"elementor-accordion-item\">\n\t\t\t\t\t<div id=\"elementor-tab-title-2184\" class=\"elementor-tab-title\" data-tab=\"4\" role=\"button\" aria-controls=\"elementor-tab-content-2184\" aria-expanded=\"false\">\n\t\t\t\t\t\t\t\t\t\t\t\t\t<span class=\"elementor-accordion-icon elementor-accordion-icon-left\" aria-hidden=\"true\">\n\t\t\t\t\t\t\t\t\t\t\t\t\t\t\t<span class=\"elementor-accordion-icon-closed\"><i class=\"fas fa-plus\"><\/i><\/span>\n\t\t\t\t\t\t\t\t<span class=\"elementor-accordion-icon-opened\"><i class=\"fas fa-minus\"><\/i><\/span>\n\t\t\t\t\t\t\t\t\t\t\t\t\t\t<\/span>\n\t\t\t\t\t\t\t\t\t\t\t\t<a class=\"elementor-accordion-title\" tabindex=\"0\">REGULAMENT<\/a>\n\t\t\t\t\t<\/div>\n\t\t\t\t\t<div id=\"elementor-tab-content-2184\" class=\"elementor-tab-content elementor-clearfix\" data-tab=\"4\" role=\"region\" aria-labelledby=\"elementor-tab-title-2184\"><ul><li><a href=\"https:\/\/www.univnt.ro\/wp-content\/uploads\/departament_id\/Regulamente\/RG-26 de organizare si functionare a DID.pdf\" data-wplink-url-error=\"true\">Regulament de organizare si functionare a Departamentului ID<\/a><\/li><li><a href=\"https:\/\/www.univnt.ro\/wp-content\/uploads\/departament_id\/Regulamente\/RG-03 Regulament privind fixarea \u015fi perceperea taxelor.pdf\" data-wplink-url-error=\"true\">Regulament privind fixarea si perceperea taxelor<\/a><\/li><li><a href=\"https:\/\/www.univnt.ro\/wp-content\/uploads\/departament_id\/Regulamente\/RG-27 Regulament privind org, desfas si normarea actv did la ID.pdf\" data-wplink-url-error=\"true\">Regulament privind organizarea, desfasurarea si normarea activitatilor didactice la forma de invatamant la distanta<\/a><\/li><li>\u00a0<\/li><\/ul><\/div>\n\t\t\t\t<\/div>\n\t\t\t\t\t\t\t<div class=\"elementor-accordion-item\">\n\t\t\t\t\t<div id=\"elementor-tab-title-2185\" class=\"elementor-tab-title\" data-tab=\"5\" role=\"button\" aria-controls=\"elementor-tab-content-2185\" aria-expanded=\"false\">\n\t\t\t\t\t\t\t\t\t\t\t\t\t<span class=\"elementor-accordion-icon elementor-accordion-icon-left\" aria-hidden=\"true\">\n\t\t\t\t\t\t\t\t\t\t\t\t\t\t\t<span class=\"elementor-accordion-icon-closed\"><i class=\"fas fa-plus\"><\/i><\/span>\n\t\t\t\t\t\t\t\t<span class=\"elementor-accordion-icon-opened\"><i class=\"fas fa-minus\"><\/i><\/span>\n\t\t\t\t\t\t\t\t\t\t\t\t\t\t<\/span>\n\t\t\t\t\t\t\t\t\t\t\t\t<a class=\"elementor-accordion-title\" tabindex=\"0\">HOT\u0102R\u00c2RI SENAT<\/a>\n\t\t\t\t\t<\/div>\n\t\t\t\t\t<div id=\"elementor-tab-content-2185\" class=\"elementor-tab-content elementor-clearfix\" data-tab=\"5\" role=\"region\" aria-labelledby=\"elementor-tab-title-2185\"><ul><li><a href=\"https:\/\/www.univnt.ro\/wp-content\/uploads\/departament_id\/documente\/Hotararea Senatului pentru \u00eenfiin\u021barea DID.pdf\" data-wplink-url-error=\"true\">Hot\u0103r\u00e2rea biroului senatului privind \u00eenfiin\u021barea D.I.F.R.I.D.<\/a><\/li><li><a href=\"https:\/\/www.univnt.ro\/wp-content\/uploads\/departament_id\/documente\/Hotararea Senatului pentru functionarea DID.pdf\" data-wplink-url-error=\"true\">Hot\u0103r\u00e2rea senatului privind func\u021bionarea D.I.F.R.I.D.<\/a><\/li><\/ul><\/div>\n\t\t\t\t<\/div>\n\t\t\t\t\t\t\t\t<\/div>\n\t\t\t\t\t\t<\/div>\n\t\t\t\t<\/div>\n\t\t\t\t\t<\/div>\n\t\t<\/div>\n\t\t\t\t\t<\/div>\n\t\t<\/section>\n\t\t\t\t<section class=\"elementor-section elementor-top-section elementor-element elementor-element-72a1742 elementor-section-boxed elementor-section-height-default elementor-section-height-default\" data-id=\"72a1742\" data-element_type=\"section\">\n\t\t\t\t\t\t<div class=\"elementor-container elementor-column-gap-default\">\n\t\t\t\t\t<div class=\"elementor-column elementor-col-100 elementor-top-column elementor-element elementor-element-49c8029\" data-id=\"49c8029\" data-element_type=\"column\">\n\t\t\t<div class=\"elementor-widget-wrap elementor-element-populated\">\n\t\t\t\t\t\t<div class=\"elementor-element elementor-element-5367470 elementor-widget elementor-widget-html\" data-id=\"5367470\" data-element_type=\"widget\" data-widget_type=\"html.default\">\n\t\t\t\t<div class=\"elementor-widget-container\">\n\t\t\t\t\t<script> \r\njQuery(document).ready(function($) { \r\nvar delay = 100; setTimeout(function() { \r\n$('.elementor-tab-title').removeClass('elementor-active');\r\n $('.elementor-tab-content').css('display', 'none'); }, delay); \r\n}); \r\n<\/script>\t\t\t\t<\/div>\n\t\t\t\t<\/div>\n\t\t\t\t\t<\/div>\n\t\t<\/div>\n\t\t\t\t\t<\/div>\n\t\t<\/section>\n\t\t\t\t<\/div>\n\t\t","protected":false},"excerpt":{"rendered":"<p>CONTRACTE Ghid completare contracte GHIDURI Ghid de prezentare a Facultatii de Drept Ghid de prezentare a Facultatii de Economie si &hellip; <\/p>\n","protected":false},"author":1,"featured_media":0,"parent":304,"menu_order":0,"comment_status":"closed","ping_status":"closed","template":"","meta":{"_mi_skip_tracking":false,"_monsterinsights_sitenote_active":false,"_monsterinsights_sitenote_note":"","_monsterinsights_sitenote_category":0,"footnotes":""},"class_list":["post-1187","page","type-page","status-publish","hentry"],"_links":{"self":[{"href":"https:\/\/www.univnt.ro\/index.php\/wp-json\/wp\/v2\/pages\/1187","targetHints":{"allow":["GET"]}}],"collection":[{"href":"https:\/\/www.univnt.ro\/index.php\/wp-json\/wp\/v2\/pages"}],"about":[{"href":"https:\/\/www.univnt.ro\/index.php\/wp-json\/wp\/v2\/types\/page"}],"author":[{"embeddable":true,"href":"https:\/\/www.univnt.ro\/index.php\/wp-json\/wp\/v2\/users\/1"}],"replies":[{"embeddable":true,"href":"https:\/\/www.univnt.ro\/index.php\/wp-json\/wp\/v2\/comments?post=1187"}],"version-history":[{"count":55,"href":"https:\/\/www.univnt.ro\/index.php\/wp-json\/wp\/v2\/pages\/1187\/revisions"}],"predecessor-version":[{"id":14358,"href":"https:\/\/www.univnt.ro\/index.php\/wp-json\/wp\/v2\/pages\/1187\/revisions\/14358"}],"up":[{"embeddable":true,"href":"https:\/\/www.univnt.ro\/index.php\/wp-json\/wp\/v2\/pages\/304"}],"wp:attachment":[{"href":"https:\/\/www.univnt.ro\/index.php\/wp-json\/wp\/v2\/media?parent=1187"}],"curies":[{"name":"wp","href":"https:\/\/api.w.org\/{rel}","templated":true}]}}