{"id":1194,"date":"2020-08-18T10:01:21","date_gmt":"2020-08-18T10:01:21","guid":{"rendered":"http:\/\/www.univnt.ro\/?page_id=1194"},"modified":"2022-02-08T19:59:20","modified_gmt":"2022-02-08T19:59:20","slug":"drept-if-1","status":"publish","type":"page","link":"https:\/\/www.univnt.ro\/index.php\/facultati\/facultatea-de-drept\/studii-de-licenta-drept-if\/drept-if-1\/","title":{"rendered":"DREPT IF 1"},"content":{"rendered":"\n<figure class=\"wp-block-table\"><table><tbody><tr><td><strong>Teoria general\u0103 a dreptului<\/strong><br>Prof.univ.dr. NICOLAE POPA<br>Lect.univ.dr. CORNELIA ENE-DINU<\/td><\/tr><tr><td><br><strong>Drept constitu\u0163ional<\/strong><br>Lect.univ.dr. ANDREI MURARU<br>Asist.univ.dr. VALENTINA B\u0102RB\u0102\u0162EANU<\/td><\/tr><tr><td><br><strong>Introducere \u00een drept roman<\/strong><br>Prof.univ.dr. EMIL MOLCU\u0162<br>Lect.univ.dr. ELENA ANGHEL<\/td><\/tr><tr><td><br><strong>Drept civil I. Partea general\u0103<\/strong><br>Prof.univ.dr. GABRIEL BOROI<br>Lect.univ.dr. CARLA ANGHELESCU<\/td><\/tr><tr><td><br><strong>Economie<\/strong><br>Prof.univ.dr. VIOREL CORNESCU<br>Lect.univ.dr. MIHAELA ILIESCU<\/td><\/tr><tr><td><br><strong>Institu\u0163ii politice<\/strong><br>Lect.univ.dr.  ANDREI MURARU<br>Asist.univ.dr. VALENTINA B\u0102RB\u0102\u0162EANU<\/td><\/tr><tr><td><br><strong>Drept civil. Persoanele<\/strong><br>Prof.univ.dr. GABRIEL BOROI<br>Lect.univ.dr. CARLA ANGHELESCU<\/td><\/tr><tr><td><br><strong>Institu\u0163iile U. E.<\/strong><br>Prof.univ.dr. AUGUSTIN FUEREA<br>Lect.univ.dr. ALINA CONEA<\/td><\/tr><tr><td><br><strong>Istoria statului \u015fi dreptului romanesc<\/strong><br>Lect.univ.dr. ENE-DINU CORNELIA<br>Lect.univ.dr. ELENA ANGHEL<\/td><\/tr><tr><td><br><strong>Drept roman.Teoria obliga\u0163iilor<\/strong><br>Prof.univ.dr. EMIL MOLCU\u0162<br>Lect.univ.dr. ELENA ANGHEL&nbsp;<\/td><\/tr><tr><td><br><strong>Educa\u0163ie fizic\u0103 I<\/strong><br>Instr. Ed. Fiz. GHEORGHE Denise<\/td><\/tr><tr><td><br><strong>Limba englez\u0103 I<\/strong><br>Lect.univ.dr. FELICIA BUCUR<br>Lect.univ.dr. CAMELIA NEAGU<\/td><\/tr><tr><td><br><strong>Limba francez\u0103 I<\/strong><br>Asist.univ.drd. TUDOR&nbsp; EDUARD FLORIN<br>Lect.univ.dr. CAMELIA NEAGU<\/td><\/tr><tr><td><br><strong>Educa\u0163ie fizic\u0103 II<\/strong><br>Instr. Ed. Fiz. GHEORGHE Denise<\/td><\/tr><tr><td><br><strong>Limba englez\u0103 II<\/strong><br>Lect.univ.dr. CAMELIA NEAGU<br>Lect.univ.dr. FELICIA BUCUR<\/td><\/tr><tr><td><br><strong>Limba francez\u0103 II<\/strong><br>Asist.univ.drd. TUDOR EDUARD FLORIN<br>Lect.univ.dr. CAMELIA NEAGU<\/td><\/tr><\/tbody><\/table><\/figure>\n","protected":false},"excerpt":{"rendered":"<p>Teoria general\u0103 a dreptuluiProf.univ.dr. NICOLAE POPALect.univ.dr. CORNELIA ENE-DINU Drept constitu\u0163ionalLect.univ.dr. ANDREI MURARUAsist.univ.dr. VALENTINA B\u0102RB\u0102\u0162EANU Introducere \u00een drept romanProf.univ.dr. EMIL MOLCU\u0162Lect.univ.dr. &hellip; <\/p>\n","protected":false},"author":1,"featured_media":0,"parent":110,"menu_order":0,"comment_status":"closed","ping_status":"closed","template":"","meta":{"_mi_skip_tracking":false,"_monsterinsights_sitenote_active":false,"_monsterinsights_sitenote_note":"","_monsterinsights_sitenote_category":0,"footnotes":""},"class_list":["post-1194","page","type-page","status-publish","hentry"],"_links":{"self":[{"href":"https:\/\/www.univnt.ro\/index.php\/wp-json\/wp\/v2\/pages\/1194","targetHints":{"allow":["GET"]}}],"collection":[{"href":"https:\/\/www.univnt.ro\/index.php\/wp-json\/wp\/v2\/pages"}],"about":[{"href":"https:\/\/www.univnt.ro\/index.php\/wp-json\/wp\/v2\/types\/page"}],"author":[{"embeddable":true,"href":"https:\/\/www.univnt.ro\/index.php\/wp-json\/wp\/v2\/users\/1"}],"replies":[{"embeddable":true,"href":"https:\/\/www.univnt.ro\/index.php\/wp-json\/wp\/v2\/comments?post=1194"}],"version-history":[{"count":9,"href":"https:\/\/www.univnt.ro\/index.php\/wp-json\/wp\/v2\/pages\/1194\/revisions"}],"predecessor-version":[{"id":4431,"href":"https:\/\/www.univnt.ro\/index.php\/wp-json\/wp\/v2\/pages\/1194\/revisions\/4431"}],"up":[{"embeddable":true,"href":"https:\/\/www.univnt.ro\/index.php\/wp-json\/wp\/v2\/pages\/110"}],"wp:attachment":[{"href":"https:\/\/www.univnt.ro\/index.php\/wp-json\/wp\/v2\/media?parent=1194"}],"curies":[{"name":"wp","href":"https:\/\/api.w.org\/{rel}","templated":true}]}}