{"id":121,"date":"2020-07-04T14:39:22","date_gmt":"2020-07-04T14:39:22","guid":{"rendered":"http:\/\/www.univnt.ro\/?page_id=121"},"modified":"2026-02-13T06:35:40","modified_gmt":"2026-02-13T06:35:40","slug":"contabilitatea-si-auditul-entitatilor-economice","status":"publish","type":"page","link":"https:\/\/www.univnt.ro\/index.php\/facultati\/facultatea-de-economie-si-administrarea-afacerilor\/contabilitatea-si-auditul-entitatilor-economice\/","title":{"rendered":"CONTABILITATEA \u0218I AUDITUL ENTIT\u0102\u021aILOR ECONOMICE"},"content":{"rendered":"\t\t<div data-elementor-type=\"wp-page\" data-elementor-id=\"121\" class=\"elementor elementor-121\" data-elementor-post-type=\"page\">\n\t\t\t\t\t\t<section class=\"elementor-section elementor-top-section elementor-element elementor-element-d90e6b4 elementor-section-boxed elementor-section-height-default elementor-section-height-default\" data-id=\"d90e6b4\" data-element_type=\"section\">\n\t\t\t\t\t\t<div class=\"elementor-container elementor-column-gap-default\">\n\t\t\t\t\t<div class=\"elementor-column elementor-col-100 elementor-top-column elementor-element elementor-element-2fb8272\" data-id=\"2fb8272\" data-element_type=\"column\">\n\t\t\t<div class=\"elementor-widget-wrap elementor-element-populated\">\n\t\t\t\t\t\t<div class=\"elementor-element elementor-element-ddb9985 elementor-alert-info elementor-invisible elementor-widget elementor-widget-alert\" data-id=\"ddb9985\" data-element_type=\"widget\" data-settings=\"{&quot;_animation&quot;:&quot;shake&quot;}\" data-widget_type=\"alert.default\">\n\t\t\t\t<div class=\"elementor-widget-container\">\n\t\t\t\t\t\t\t<div class=\"elementor-alert\" role=\"alert\">\n\n\t\t\t\t\t\t<span class=\"elementor-alert-title\">A fost postat orarul! \u00cen perioada 16-20 februarie se vor desf\u0103\u0219ura doar cursurile. Seminarele se vor desf\u0103\u0219ura \u00eencep\u00e2nd cu data de 23 februarie.<\/span>\n\t\t\t\n\t\t\t\n\t\t\t\t\t\t<button type=\"button\" class=\"elementor-alert-dismiss\" aria-label=\"Respinge aceast\u0103 alert\u0103.\">\n\t\t\t\t\t\t\t\t\t<span aria-hidden=\"true\">&times;<\/span>\n\t\t\t\t\t\t\t<\/button>\n\t\t\t\n\t\t<\/div>\n\t\t\t\t\t\t<\/div>\n\t\t\t\t<\/div>\n\t\t\t\t\t<\/div>\n\t\t<\/div>\n\t\t\t\t\t<\/div>\n\t\t<\/section>\n\t\t\t\t<section class=\"elementor-section elementor-top-section elementor-element elementor-element-fccb50b elementor-section-boxed elementor-section-height-default elementor-section-height-default\" data-id=\"fccb50b\" data-element_type=\"section\">\n\t\t\t\t\t\t<div class=\"elementor-container elementor-column-gap-default\">\n\t\t\t\t\t<div class=\"elementor-column elementor-col-100 elementor-top-column elementor-element elementor-element-484698c\" data-id=\"484698c\" data-element_type=\"column\">\n\t\t\t<div class=\"elementor-widget-wrap elementor-element-populated\">\n\t\t\t\t\t\t<div class=\"elementor-element elementor-element-9ffcc64 elementor-widget elementor-widget-accordion\" data-id=\"9ffcc64\" data-element_type=\"widget\" data-widget_type=\"accordion.default\">\n\t\t\t\t<div class=\"elementor-widget-container\">\n\t\t\t\t\t\t\t<div class=\"elementor-accordion\">\n\t\t\t\t\t\t\t<div class=\"elementor-accordion-item\">\n\t\t\t\t\t<div id=\"elementor-tab-title-1671\" class=\"elementor-tab-title\" data-tab=\"1\" role=\"button\" aria-controls=\"elementor-tab-content-1671\" aria-expanded=\"false\">\n\t\t\t\t\t\t\t\t\t\t\t\t\t<span class=\"elementor-accordion-icon elementor-accordion-icon-left\" aria-hidden=\"true\">\n\t\t\t\t\t\t\t\t\t\t\t\t\t\t\t<span class=\"elementor-accordion-icon-closed\"><i class=\"fas fa-plus\"><\/i><\/span>\n\t\t\t\t\t\t\t\t<span class=\"elementor-accordion-icon-opened\"><i class=\"fas fa-minus\"><\/i><\/span>\n\t\t\t\t\t\t\t\t\t\t\t\t\t\t<\/span>\n\t\t\t\t\t\t\t\t\t\t\t\t<a class=\"elementor-accordion-title\" tabindex=\"0\">AVIZIER<\/a>\n\t\t\t\t\t<\/div>\n\t\t\t\t\t<div id=\"elementor-tab-content-1671\" class=\"elementor-tab-content elementor-clearfix\" data-tab=\"1\" role=\"region\" aria-labelledby=\"elementor-tab-title-1671\"><p style=\"text-align: center;\"><a href=\"https:\/\/www.univnt.ro\/index.php\/category\/contabilitatea-si-auditul-entitatilor-economice\"><strong><button type=\"button\">Vezi anun\u021buri!<\/button><\/strong><\/a><\/p><\/div>\n\t\t\t\t<\/div>\n\t\t\t\t\t\t\t<div class=\"elementor-accordion-item\">\n\t\t\t\t\t<div id=\"elementor-tab-title-1672\" class=\"elementor-tab-title\" data-tab=\"2\" role=\"button\" aria-controls=\"elementor-tab-content-1672\" aria-expanded=\"false\">\n\t\t\t\t\t\t\t\t\t\t\t\t\t<span class=\"elementor-accordion-icon elementor-accordion-icon-left\" aria-hidden=\"true\">\n\t\t\t\t\t\t\t\t\t\t\t\t\t\t\t<span class=\"elementor-accordion-icon-closed\"><i class=\"fas fa-plus\"><\/i><\/span>\n\t\t\t\t\t\t\t\t<span class=\"elementor-accordion-icon-opened\"><i class=\"fas fa-minus\"><\/i><\/span>\n\t\t\t\t\t\t\t\t\t\t\t\t\t\t<\/span>\n\t\t\t\t\t\t\t\t\t\t\t\t<a class=\"elementor-accordion-title\" tabindex=\"0\">ORAR<\/a>\n\t\t\t\t\t<\/div>\n\t\t\t\t\t<div id=\"elementor-tab-content-1672\" class=\"elementor-tab-content elementor-clearfix\" data-tab=\"2\" role=\"region\" aria-labelledby=\"elementor-tab-title-1672\"><p style=\"text-align: center;\"><span style=\"color: #800080;\"><strong>Anul universitar 2025-2026, Semestrul 2<\/strong><\/span><\/p>\n<p style=\"text-align: center;\"><strong><a href=\"https:\/\/drive.google.com\/file\/d\/11A85BK5geHwmcBdGN7BwWjiFB3HQmijs\/view?usp=sharing\" target=\"_blank\" rel=\"noopener\"><button type=\"button\">Anul 1<\/button><\/a>\u00a0<a href=\"https:\/\/drive.google.com\/file\/d\/10CueDNNLdSApjSHKZ4M-RyzspXPiSJmf\/view?usp=sharing\" target=\"_blank\" rel=\"noopener\"><button type=\"button\">Anul 2<\/button><\/a><\/strong><\/p>\n<p><a href=\"https:\/\/drive.google.com\/file\/d\/12eAsmMRPi5RwTLBc0JoNHupgky8ADz5n\/view?usp=sharing\" target=\"_blank\" rel=\"noopener\"><strong><button type=\"button\">s\u0103pt\u0103m\u00e2ni seminar<\/button><\/strong><\/a><\/p>\n<p>\u00a0<\/p><\/div>\n\t\t\t\t<\/div>\n\t\t\t\t\t\t\t<div class=\"elementor-accordion-item\">\n\t\t\t\t\t<div id=\"elementor-tab-title-1673\" class=\"elementor-tab-title\" data-tab=\"3\" role=\"button\" aria-controls=\"elementor-tab-content-1673\" aria-expanded=\"false\">\n\t\t\t\t\t\t\t\t\t\t\t\t\t<span class=\"elementor-accordion-icon elementor-accordion-icon-left\" aria-hidden=\"true\">\n\t\t\t\t\t\t\t\t\t\t\t\t\t\t\t<span class=\"elementor-accordion-icon-closed\"><i class=\"fas fa-plus\"><\/i><\/span>\n\t\t\t\t\t\t\t\t<span class=\"elementor-accordion-icon-opened\"><i class=\"fas fa-minus\"><\/i><\/span>\n\t\t\t\t\t\t\t\t\t\t\t\t\t\t<\/span>\n\t\t\t\t\t\t\t\t\t\t\t\t<a class=\"elementor-accordion-title\" tabindex=\"0\">EXAMENE<\/a>\n\t\t\t\t\t<\/div>\n\t\t\t\t\t<div id=\"elementor-tab-content-1673\" class=\"elementor-tab-content elementor-clearfix\" data-tab=\"3\" role=\"region\" aria-labelledby=\"elementor-tab-title-1673\"><p style=\"text-align: center;\"><span style=\"color: #800080;\"><strong>Anul universitar 2025-2026, Semestrul 1<\/strong><\/span><\/p>\n<p style=\"text-align: center;\"><strong><a href=\"https:\/\/drive.google.com\/file\/d\/1JEt1NT4Nz93mTErJjaFxfoHv2AVPTXEr\/view?usp=sharing\" target=\"_blank\" rel=\"noopener\"><button type=\"button\">Anul 1<\/button><\/a> <a href=\"https:\/\/drive.google.com\/file\/d\/1RhFpezrFaPsytwVYpmDKa8AwoHXiDM4Y\/view?usp=sharing\" target=\"_blank\" rel=\"noopener\"><button type=\"button\">Anul 2<\/button><\/a><\/strong><\/p><\/div>\n\t\t\t\t<\/div>\n\t\t\t\t\t\t\t<div class=\"elementor-accordion-item\">\n\t\t\t\t\t<div id=\"elementor-tab-title-1674\" class=\"elementor-tab-title\" data-tab=\"4\" role=\"button\" aria-controls=\"elementor-tab-content-1674\" aria-expanded=\"false\">\n\t\t\t\t\t\t\t\t\t\t\t\t\t<span class=\"elementor-accordion-icon elementor-accordion-icon-left\" aria-hidden=\"true\">\n\t\t\t\t\t\t\t\t\t\t\t\t\t\t\t<span class=\"elementor-accordion-icon-closed\"><i class=\"fas fa-plus\"><\/i><\/span>\n\t\t\t\t\t\t\t\t<span class=\"elementor-accordion-icon-opened\"><i class=\"fas fa-minus\"><\/i><\/span>\n\t\t\t\t\t\t\t\t\t\t\t\t\t\t<\/span>\n\t\t\t\t\t\t\t\t\t\t\t\t<a class=\"elementor-accordion-title\" tabindex=\"0\">REEXAMIN\u0102RI<\/a>\n\t\t\t\t\t<\/div>\n\t\t\t\t\t<div id=\"elementor-tab-content-1674\" class=\"elementor-tab-content elementor-clearfix\" data-tab=\"4\" role=\"region\" aria-labelledby=\"elementor-tab-title-1674\"><p style=\"text-align: center;\"><span style=\"color: #993366;\"><strong>Anul universitar 2025-2026<\/strong><\/span><\/p>\n<p style=\"text-align: center;\"><strong><button type=\"button\">Anul 1<\/button><\/strong> <strong><button type=\"button\">Anul 2<\/button><\/strong><\/p><\/div>\n\t\t\t\t<\/div>\n\t\t\t\t\t\t\t<div class=\"elementor-accordion-item\">\n\t\t\t\t\t<div id=\"elementor-tab-title-1675\" class=\"elementor-tab-title\" data-tab=\"5\" role=\"button\" aria-controls=\"elementor-tab-content-1675\" aria-expanded=\"false\">\n\t\t\t\t\t\t\t\t\t\t\t\t\t<span class=\"elementor-accordion-icon elementor-accordion-icon-left\" aria-hidden=\"true\">\n\t\t\t\t\t\t\t\t\t\t\t\t\t\t\t<span class=\"elementor-accordion-icon-closed\"><i class=\"fas fa-plus\"><\/i><\/span>\n\t\t\t\t\t\t\t\t<span class=\"elementor-accordion-icon-opened\"><i class=\"fas fa-minus\"><\/i><\/span>\n\t\t\t\t\t\t\t\t\t\t\t\t\t\t<\/span>\n\t\t\t\t\t\t\t\t\t\t\t\t<a class=\"elementor-accordion-title\" tabindex=\"0\">RESTAN\u0162E<\/a>\n\t\t\t\t\t<\/div>\n\t\t\t\t\t<div id=\"elementor-tab-content-1675\" class=\"elementor-tab-content elementor-clearfix\" data-tab=\"5\" role=\"region\" aria-labelledby=\"elementor-tab-title-1675\"><p style=\"text-align: center;\"><span style=\"color: #993366;\"><strong>Anul universitar 2025-2026<\/strong><\/span><\/p>\n<p style=\"text-align: center;\"><strong><button type=\"button\">Anul 1<\/button><\/strong><\/p><\/div>\n\t\t\t\t<\/div>\n\t\t\t\t\t\t\t<div class=\"elementor-accordion-item\">\n\t\t\t\t\t<div id=\"elementor-tab-title-1676\" class=\"elementor-tab-title\" data-tab=\"6\" role=\"button\" aria-controls=\"elementor-tab-content-1676\" aria-expanded=\"false\">\n\t\t\t\t\t\t\t\t\t\t\t\t\t<span class=\"elementor-accordion-icon elementor-accordion-icon-left\" aria-hidden=\"true\">\n\t\t\t\t\t\t\t\t\t\t\t\t\t\t\t<span class=\"elementor-accordion-icon-closed\"><i class=\"fas fa-plus\"><\/i><\/span>\n\t\t\t\t\t\t\t\t<span class=\"elementor-accordion-icon-opened\"><i class=\"fas fa-minus\"><\/i><\/span>\n\t\t\t\t\t\t\t\t\t\t\t\t\t\t<\/span>\n\t\t\t\t\t\t\t\t\t\t\t\t<a class=\"elementor-accordion-title\" tabindex=\"0\">DISERTA\u0162IE<\/a>\n\t\t\t\t\t<\/div>\n\t\t\t\t\t<div id=\"elementor-tab-content-1676\" class=\"elementor-tab-content elementor-clearfix\" data-tab=\"6\" role=\"region\" aria-labelledby=\"elementor-tab-title-1676\"><p style=\"text-align: center;\"><span style=\"color: #993366;\"><strong>Sesiunea IULIE 2026<\/strong><\/span><\/p>\n<p><a href=\"https:\/\/www.univnt.ro\/index.php\/facultati\/facultatea-de-economie-si-administrarea-afacerilor\/contabilitatea-si-auditul-entitatilor-economice\/tematica-bibliografie-caee\/\"><strong><button type=\"button\">Tematic\u0103, bibliografie<\/button><\/strong><\/a><\/p>\n<p><a href=\"https:\/\/drive.google.com\/file\/d\/1mjQa1QhwHrvyh4DdiJfuvFQqjG74Qmt5\/view?usp=sharing\" target=\"_blank\" rel=\"noopener\"><strong><button type=\"button\">Cerere lucrare de diserta\u021bie<\/button><\/strong><\/a><\/p><\/div>\n\t\t\t\t<\/div>\n\t\t\t\t\t\t\t<div class=\"elementor-accordion-item\">\n\t\t\t\t\t<div id=\"elementor-tab-title-1677\" class=\"elementor-tab-title\" data-tab=\"7\" role=\"button\" aria-controls=\"elementor-tab-content-1677\" aria-expanded=\"false\">\n\t\t\t\t\t\t\t\t\t\t\t\t\t<span class=\"elementor-accordion-icon elementor-accordion-icon-left\" aria-hidden=\"true\">\n\t\t\t\t\t\t\t\t\t\t\t\t\t\t\t<span class=\"elementor-accordion-icon-closed\"><i class=\"fas fa-plus\"><\/i><\/span>\n\t\t\t\t\t\t\t\t<span class=\"elementor-accordion-icon-opened\"><i class=\"fas fa-minus\"><\/i><\/span>\n\t\t\t\t\t\t\t\t\t\t\t\t\t\t<\/span>\n\t\t\t\t\t\t\t\t\t\t\t\t<a class=\"elementor-accordion-title\" tabindex=\"0\">STRUCTURA ANULUI UNIVERSITAR<\/a>\n\t\t\t\t\t<\/div>\n\t\t\t\t\t<div id=\"elementor-tab-content-1677\" class=\"elementor-tab-content elementor-clearfix\" data-tab=\"7\" role=\"region\" aria-labelledby=\"elementor-tab-title-1677\"><p style=\"text-align: center;\"><a href=\"https:\/\/drive.google.com\/file\/d\/130MdAKs1diSoDx5n4kpK8CsbJm8dmiMX\/view?usp=sharing\" target=\"_blank\" rel=\"noopener\"><strong><button type=\"button\">vezi structura!<\/button><\/strong><\/a><\/p><\/div>\n\t\t\t\t<\/div>\n\t\t\t\t\t\t\t<div class=\"elementor-accordion-item\">\n\t\t\t\t\t<div id=\"elementor-tab-title-1678\" class=\"elementor-tab-title\" data-tab=\"8\" role=\"button\" aria-controls=\"elementor-tab-content-1678\" aria-expanded=\"false\">\n\t\t\t\t\t\t\t\t\t\t\t\t\t<span class=\"elementor-accordion-icon elementor-accordion-icon-left\" aria-hidden=\"true\">\n\t\t\t\t\t\t\t\t\t\t\t\t\t\t\t<span class=\"elementor-accordion-icon-closed\"><i class=\"fas fa-plus\"><\/i><\/span>\n\t\t\t\t\t\t\t\t<span class=\"elementor-accordion-icon-opened\"><i class=\"fas fa-minus\"><\/i><\/span>\n\t\t\t\t\t\t\t\t\t\t\t\t\t\t<\/span>\n\t\t\t\t\t\t\t\t\t\t\t\t<a class=\"elementor-accordion-title\" tabindex=\"0\">PLANURI DE \u00ceNV\u0102\u0162\u0102M\u00c2NT<\/a>\n\t\t\t\t\t<\/div>\n\t\t\t\t\t<div id=\"elementor-tab-content-1678\" class=\"elementor-tab-content elementor-clearfix\" data-tab=\"8\" role=\"region\" aria-labelledby=\"elementor-tab-title-1678\"><p style=\"text-align: center;\"><a href=\"https:\/\/www.univnt.ro\/wp-content\/uploads\/facultati\/2023-2024\/feea\/master\/planuri_invatamant\/Plan master CAEE 2024 - 2026.pdf\" target=\"_blank\" rel=\"noopener\" data-wplink-url-error=\"true\"><strong><button type=\"button\">Planuri de \u00eenv\u0103\u021b\u0103m\u00e2nt 2024-2026<\/button><\/strong><\/a><\/p>\n<p style=\"text-align: center;\"><a href=\"https:\/\/www.univnt.ro\/wp-content\/uploads\/planuri_de_invatamant\/feaa\/Master_2025-2027\/Plan CAEE 2025-2027.pdf\" target=\"_blank\" rel=\"noopener\" data-wplink-url-error=\"true\"><strong><button type=\"button\">Planuri de \u00eenv\u0103\u021b\u0103m\u00e2nt 2025-2027<\/button><\/strong><\/a><\/p><\/div>\n\t\t\t\t<\/div>\n\t\t\t\t\t\t\t\t<\/div>\n\t\t\t\t\t\t<\/div>\n\t\t\t\t<\/div>\n\t\t\t\t\t<\/div>\n\t\t<\/div>\n\t\t\t\t\t<\/div>\n\t\t<\/section>\n\t\t\t\t<section class=\"elementor-section elementor-top-section elementor-element elementor-element-1462676d elementor-section-boxed elementor-section-height-default elementor-section-height-default\" data-id=\"1462676d\" data-element_type=\"section\">\n\t\t\t\t\t\t<div class=\"elementor-container elementor-column-gap-default\">\n\t\t\t\t\t<div class=\"elementor-column elementor-col-100 elementor-top-column elementor-element elementor-element-7c5fbcbd\" data-id=\"7c5fbcbd\" data-element_type=\"column\">\n\t\t\t<div class=\"elementor-widget-wrap elementor-element-populated\">\n\t\t\t\t\t\t<div class=\"elementor-element elementor-element-27be824f elementor-widget elementor-widget-text-editor\" data-id=\"27be824f\" data-element_type=\"widget\" data-widget_type=\"text-editor.default\">\n\t\t\t\t<div class=\"elementor-widget-container\">\n\t\t\t\t\t\t\t\t\t\n<p>Oportunitatea acestui program masteral rezult\u0103 din cerin\u021ba tot mai mare de speciali\u015fti \u00een domeniile contabilit\u0103\u0163ii, auditului financiar, auditului intern, \u0219i expertizei contabile.<\/p>\n\n<p><strong>Misiunea programului<\/strong>\u00a0\u201eContabilitatea \u0219i Auditul Entit\u0103\u021bilor Economice\u201d const\u0103 \u00een transmiterea cuno\u015ftin\u0163elor teoretice \u015fi practice, dezvoltarea abilit\u0103\u0163ilor \u015fi competen\u0163elor \u00een domeniul contabilit\u0103\u021bii \u0219i auditului. \u00cen acest sens,\u00a0<strong>obiectivul general<\/strong>\u00a0al programului este formarea de speciali\u015fti contabili \u0219i auditori capabili s\u0103 ia decizii economice optime \u00een cadrul entit\u0103\u0163ilor economice.<\/p>\n\n<p><strong>Obiectivele specifice\u00a0<\/strong>programului sunt:<br \/>\u00a0Preg\u0103tirea de speciali\u0219ti cu studii superioare aprofundate \u00een domeniul contabilit\u0103\u021bii financiare \u0219i manageriale pentru entit\u0103\u021bi economice din orice domeniu de activitate, capabili s\u0103 opteze pentru o politica contabil\u0103, fiscal\u0103 sau juridic\u0103 care s\u0103 rezolve eficient problematica complex\u0103 a deciziilor la nivelul acestor entit\u0103\u021bi;<\/p>\n<div class='yrm-content yrm-content-14 yrm-content-hide' id='yrm-jRUYP' data-id='14' data-show-status='false' data-after-action='' style=\"visibility: hidden;height: 0;\">\n<div id='yrm-inner-content-yrm-jRUYP' class='yrm-inner-content-wrapper yrm-cntent-14'>\n<p>&#8211; Aplicarea \u015fi valorificarea eficient\u0103 a standardelor na\u0163ionale \u015fi interna\u021bionale \u00een practica auditului intern, a controlului \u0219i auditului financiar \u00een scopul adopt\u0103rii celor mai bune decizii economice.<br \/>&#8211; Formarea de competen\u021be pe domeniul auditului financiar, auditului intern, expertizei contabile \u0219i controlului intern, astfel \u00eenc\u00e2t absolven\u021bii programului s\u0103 fie capabil\u0103 s\u0103 acceseze programele organismelor reglementate CECCAR, CAFR \u0219i s\u0103 asigure presta\u021bii la standarde interna\u021bionale pentru entit\u0103\u021bi economice din orice domeniu sau s\u0103 dezvolte afaceri individuale.<\/p>\n<p>Absolven\u021bii acestui programul de masterat beneficiaz\u0103 de\u00a0<strong>\u00a0\u00a0<a href=\"http:\/\/univnt.ro\/upload\/master\/se\/protocol%20CECCAR-CAEE.pdf\">admiterea la stagiul de expert contabil f\u0103r\u0103 sus\u0163inerea examenului<\/a><\/strong>, deoarece Facultatea de \u015etiin\u0163e Economice a \u00eencheiat protocol cu CECCAR pentru echivalarea examenului de admitere la stagiu \u00een vederea ob\u0163inerii calit\u0103\u0163ii de expert contabil.<\/p>\n<p>Structura planului de \u00eenv\u0103\u0163\u0103m\u00e2nt realizeaz\u0103 o \u00eembinare a cuno\u015ftin\u0163elor de contabilitate financiar\u0103, contabilitate managerial\u0103, standarde interna\u021bionale de contabilitate, evaluare, audit intern, audit financiar, fiscalitate, instrumente matematice \u0219i statistice folosite \u00een audit, sisteme informatice cu aplica\u021bii \u00een contabilitate \u0219i audit, dreptul afacerilor, actualizate \u00een concordan\u0163\u0103 cu cerin\u0163ele economiei mondiale actuale.<\/p>\n<p><strong>\u00centreb\u0103ri frecvente<\/strong><\/p>\n<p><em>Care este titlul ob\u0163inut la absolvire?<\/em><br \/>Master \u00een domeniul Contabilitate.<\/p>\n<p><em>Care este durata studiilor \u015fi num\u0103rul creditelor?<\/em><br \/>Durata studiilor este de 2 ani \u015fi sunt 120 de credite transferabile.<\/p>\n<p><em>Care sunt func\u0163iile sau profesiile pe care absolven\u0163ii programului de studii masterale\u00a0<\/em>\u201eContabilitatea \u0219i Auditul Entit\u0103\u021bilor Economice\u201d\u00a0<em>le pot ocupa?<\/em><br \/>Absolven\u0163ii programului \u201eContabilitatea \u0219i Auditul Entit\u0103\u021bilor Economice\u201d vor putea\u00a0\u00a0 s\u0103 exercite profesiile de contabil, auditor financiar, auditor intern \u015fi expert \u00een controlul intern \u00een entit\u0103\u0163ile private, institu\u0163iile administra\u0163iei centrale \u015fi locale, organismele interna\u0163ionale, unit\u0103\u0163i de consultan\u0163\u0103, cercetare \u015fi \u00eenv\u0103\u0163\u0103m\u00e2nt, institu\u0163ii financiar-bancare \u015fi de asigurare si reasigurare etc.<\/p>\n<\/div><\/div>\n<div class='yrm-btn-wrapper yrm-btn-wrapper-14 yrm-more-button-wrapper  '\n\t\tdata-custom-more-class-name='' data-custom-less-class-name=''><span title='' data-less-title='' data-more-title='' class='yrm-toggle-expand  yrm-toggle-expand-14 ' data-rel='yrm-jRUYP' data-more='Mai mult' data-less='Mai pu\u021bin'><span class='yrm-text-wrapper yrm-text-wrapper-custom-dimensions'><span class=\"yrm-button-text-14 yrm-button-text-span\">Mai mult<\/span><\/span><\/span><\/div><\/p>\n\t\t\t\t\t\t\t\t<\/div>\n\t\t\t\t<\/div>\n\t\t\t\t\t<\/div>\n\t\t<\/div>\n\t\t\t\t\t<\/div>\n\t\t<\/section>\n\t\t\t\t<section class=\"elementor-section elementor-top-section elementor-element elementor-element-0f8a758 elementor-section-boxed elementor-section-height-default elementor-section-height-default\" data-id=\"0f8a758\" data-element_type=\"section\">\n\t\t\t\t\t\t<div class=\"elementor-container elementor-column-gap-default\">\n\t\t\t\t\t<div class=\"elementor-column elementor-col-100 elementor-top-column elementor-element elementor-element-a74689b\" data-id=\"a74689b\" data-element_type=\"column\">\n\t\t\t<div class=\"elementor-widget-wrap elementor-element-populated\">\n\t\t\t\t\t\t<div class=\"elementor-element elementor-element-fc9ccda elementor-widget elementor-widget-html\" data-id=\"fc9ccda\" data-element_type=\"widget\" data-widget_type=\"html.default\">\n\t\t\t\t<div class=\"elementor-widget-container\">\n\t\t\t\t\t<script> \r\njQuery(document).ready(function($) { \r\nvar delay = 100; setTimeout(function() { \r\n$('.elementor-tab-title').removeClass('elementor-active');\r\n $('.elementor-tab-content').css('display', 'none'); }, delay); \r\n}); \r\n<\/script>\t\t\t\t<\/div>\n\t\t\t\t<\/div>\n\t\t\t\t\t<\/div>\n\t\t<\/div>\n\t\t\t\t\t<\/div>\n\t\t<\/section>\n\t\t\t\t<\/div>\n\t\t","protected":false},"excerpt":{"rendered":"<p>A fost postat orarul! \u00cen perioada 16-20 februarie se vor desf\u0103\u0219ura doar cursurile. Seminarele se vor desf\u0103\u0219ura \u00eencep\u00e2nd cu data &hellip; <\/p>\n","protected":false},"author":1,"featured_media":0,"parent":112,"menu_order":0,"comment_status":"closed","ping_status":"closed","template":"","meta":{"_mi_skip_tracking":false,"_monsterinsights_sitenote_active":false,"_monsterinsights_sitenote_note":"","_monsterinsights_sitenote_category":0,"footnotes":""},"class_list":["post-121","page","type-page","status-publish","hentry"],"_links":{"self":[{"href":"https:\/\/www.univnt.ro\/index.php\/wp-json\/wp\/v2\/pages\/121","targetHints":{"allow":["GET"]}}],"collection":[{"href":"https:\/\/www.univnt.ro\/index.php\/wp-json\/wp\/v2\/pages"}],"about":[{"href":"https:\/\/www.univnt.ro\/index.php\/wp-json\/wp\/v2\/types\/page"}],"author":[{"embeddable":true,"href":"https:\/\/www.univnt.ro\/index.php\/wp-json\/wp\/v2\/users\/1"}],"replies":[{"embeddable":true,"href":"https:\/\/www.univnt.ro\/index.php\/wp-json\/wp\/v2\/comments?post=121"}],"version-history":[{"count":226,"href":"https:\/\/www.univnt.ro\/index.php\/wp-json\/wp\/v2\/pages\/121\/revisions"}],"predecessor-version":[{"id":13614,"href":"https:\/\/www.univnt.ro\/index.php\/wp-json\/wp\/v2\/pages\/121\/revisions\/13614"}],"up":[{"embeddable":true,"href":"https:\/\/www.univnt.ro\/index.php\/wp-json\/wp\/v2\/pages\/112"}],"wp:attachment":[{"href":"https:\/\/www.univnt.ro\/index.php\/wp-json\/wp\/v2\/media?parent=121"}],"curies":[{"name":"wp","href":"https:\/\/api.w.org\/{rel}","templated":true}]}}