{"id":123,"date":"2020-07-04T14:39:49","date_gmt":"2020-07-04T14:39:49","guid":{"rendered":"http:\/\/www.univnt.ro\/?page_id=123"},"modified":"2026-03-23T08:43:43","modified_gmt":"2026-03-23T08:43:43","slug":"corp-profesoral-eaa","status":"publish","type":"page","link":"https:\/\/www.univnt.ro\/index.php\/facultati\/facultatea-de-economie-si-administrarea-afacerilor\/corp-profesoral-eaa\/","title":{"rendered":"CORP PROFESORAL EAA"},"content":{"rendered":"\t\t<div data-elementor-type=\"wp-page\" data-elementor-id=\"123\" class=\"elementor elementor-123\" data-elementor-post-type=\"page\">\n\t\t\t\t\t\t<section class=\"elementor-section elementor-top-section elementor-element elementor-element-736de370 elementor-section-boxed elementor-section-height-default elementor-section-height-default\" data-id=\"736de370\" data-element_type=\"section\">\n\t\t\t\t\t\t<div class=\"elementor-container elementor-column-gap-default\">\n\t\t\t\t\t<div class=\"elementor-column elementor-col-100 elementor-top-column elementor-element elementor-element-6b25ad2b\" data-id=\"6b25ad2b\" data-element_type=\"column\">\n\t\t\t<div class=\"elementor-widget-wrap elementor-element-populated\">\n\t\t\t\t\t\t<div class=\"elementor-element elementor-element-716ff321 elementor-widget elementor-widget-text-editor\" data-id=\"716ff321\" data-element_type=\"widget\" data-widget_type=\"text-editor.default\">\n\t\t\t\t<div class=\"elementor-widget-container\">\n\t\t\t\t\t\t\t\t\t\n<ol class=\"wp-block-list\">\n<li><a href=\"https:\/\/www.univnt.ro\/index.php\/profesorii\/prof-univ-dr-jula-nicoleta\/\"><strong>Prof. univ. dr. JULA Nicoleta <\/strong><\/a><\/li>\n<li><a href=\"https:\/\/www.univnt.ro\/index.php\/profesorii\/prof-univ-dr-margulescu-serghei\/\"><strong>Prof. univ. dr. M\u0102RGULESCU Serghei <\/strong><\/a><\/li>\n<li><a href=\"https:\/\/www.univnt.ro\/index.php\/profesorii\/prof-univ-dr-nedelcu-elena\/\"><strong>Prof. univ. dr. NEDELCU Elena <\/strong><\/a><\/li>\n<li><a href=\"https:\/\/www.univnt.ro\/index.php\/profesorii\/prof-univ-dr-vasile-valentina\/\"><strong>Prof. univ. dr. VASILE Valentina <\/strong><\/a><\/li>\n<li><a href=\"https:\/\/www.univnt.ro\/index.php\/profesorii\/conf-univ-dr-bragaru-constantin\/\"><strong>Conf. univ. dr. BR\u0102GARU Constantin <\/strong><\/a><\/li>\n<li><strong><a href=\"https:\/\/www.univnt.ro\/index.php\/profesorii\/chivulescu-felicia-alina\/\">Conf. univ. dr. CHIVULESCU Felicia Alina<\/a><\/strong><\/li>\n<li><a href=\"https:\/\/www.univnt.ro\/index.php\/profesorii\/conf-univ-dr-cretan-adina-georgeta\/\"><strong>Conf. univ. dr.\u00a0CRE\u0162AN Adina Georgeta <\/strong><\/a><\/li>\n<li><a href=\"https:\/\/www.univnt.ro\/index.php\/profesorii\/conf-univ-dr-gheorghe-cristian\/\"><strong>Conf. univ. dr.\u00a0GHEORGHE Cristian <\/strong><\/a><\/li>\n<li><a href=\"https:\/\/www.univnt.ro\/index.php\/profesorii\/conf-univ-dr-grigore-maria-zenovia\/\"><strong>Conf. univ. dr.\u00a0GRIGORE Maria Zenovia<\/strong><\/a><\/li>\n<li><a href=\"https:\/\/www.univnt.ro\/index.php\/profesorii\/platon-otilia-elena\/\"><strong>Conf. univ. dr. PLATON Otilia-Elena<\/strong><\/a><\/li>\n<li><a href=\"https:\/\/www.univnt.ro\/index.php\/profesorii\/conf-univ-dr-radoi-madalina-antoaneta\/\"><strong>Conf. univ. dr.\u00a0R\u0102DOI M\u0103d\u0103lina Antoaneta<\/strong><\/a><\/li>\n<li><strong><a href=\"https:\/\/www.univnt.ro\/index.php\/profesori\/sitaru-dan-alexandru\/\">Conf. univ. dr. SITARU Dan Alexandru\u00a0<\/a><\/strong><\/li>\n<li><a href=\"https:\/\/www.univnt.ro\/index.php\/profesorii\/conf-univ-dr-stanciu-costel\/\"><strong>Conf. univ. dr.\u00a0STANCIU Costel <\/strong><\/a><\/li>\n<li><a href=\"https:\/\/www.univnt.ro\/index.php\/profesorii\/conf-univ-dr-stoica-emilia-cornelia\/\"><strong>Conf. univ. dr.\u00a0STOICA Emilia Cornelia <\/strong><\/a><\/li>\n<li><a href=\"https:\/\/www.univnt.ro\/index.php\/profesorii\/conf-univ-dr-sudacevschi-mihaela\/\"><strong>Conf. univ. dr.\u00a0SUDACEVSCHI Mihaela <\/strong><\/a><\/li>\n<li><a href=\"https:\/\/www.univnt.ro\/index.php\/profesorii\/conf-univ-dr-teodorescu-sandra-cezarina\/\"><strong> Conf. univ. dr.\u00a0TEODORESCU Sandra Cezarina <\/strong><\/a><\/li>\n<li><a href=\"https:\/\/www.univnt.ro\/index.php\/profesorii\/lect-univ-dr-bucur-norica-felicia\/\"><strong>Lect. univ. dr.\u00a0BUCUR Norica Felicia\u00a0<\/strong><\/a><\/li>\n<li><a href=\"https:\/\/www.univnt.ro\/index.php\/profesorii\/asist-univ-dr-diamandescu-andrei-sebastian-lucian\/\"><strong>Lect. univ. dr.\u00a0DIAMANDESCU Andrei Sebastian Lucian<\/strong><\/a><\/li>\n<li><a href=\"https:\/\/www.univnt.ro\/index.php\/profesorii\/lect-univ-dr-dumitru-paula-andreea\/\"><strong>Lect. univ. dr.\u00a0DUMITRU Paula Andreea <\/strong><\/a><\/li>\n<li><a href=\"https:\/\/www.univnt.ro\/index.php\/profesorii\/lect-univ-dr-gurau-mariana\/\"><strong> Lect. univ. dr.\u00a0GUR\u0102U Mariana <\/strong><\/a><\/li>\n<li><a href=\"https:\/\/www.univnt.ro\/index.php\/profesorii\/lect-univ-dr-iliescu-elena-mihaela\/\"><strong>Lect. univ. dr.\u00a0ILIESCU Elena Mihaela <\/strong><\/a><\/li>\n<li><a href=\"https:\/\/www.univnt.ro\/index.php\/profesorii\/lect-univ-dr-margulescu-elena\/\"><strong> Lect. univ. dr.\u00a0M\u0102RGULESCU Elena <\/strong><\/a><\/li>\n<li><a href=\"https:\/\/www.univnt.ro\/index.php\/profesorii\/lect-univ-dr-matei-nicoleta-cristina\/\"><strong>Lect. univ. dr.\u00a0MATEI Nicoleta Cristina <\/strong><\/a><\/li>\n<li><a href=\"https:\/\/www.univnt.ro\/index.php\/profesorii\/lect-univ-dr-neagu-camelia\/\"><strong> Lect. univ. dr.\u00a0NEAGU Camelia <\/strong><\/a><\/li>\n<li><a href=\"https:\/\/www.univnt.ro\/index.php\/profesorii\/asist-univ-dr-nicolescu-maria-loredana\/\"><strong>Lect. univ. dr.\u00a0NICOLESCU Maria Loredana<\/strong><\/a><\/li>\n<li><a href=\"https:\/\/www.univnt.ro\/index.php\/profesorii\/panait-nicoleta\/\"><strong>Lect. univ. dr.\u00a0PANAIT Nicoleta<\/strong><\/a><\/li>\n<li><a href=\"https:\/\/www.univnt.ro\/index.php\/profesorii\/lect-univ-dr-stefan-duicu-viorica-mirela\/\"><strong>Lect. univ. dr.\u00a0\u015eTEFAN-DUICU Viorica-Mirela<\/strong><\/a><\/li>\n<li><a href=\"https:\/\/www.univnt.ro\/index.php\/profesori\/tomosoiu-marta\/\" target=\"_blank\" rel=\"noopener\"><strong>Lect. univ. dr. TOMO\u0218IOIU Marta<\/strong><\/a><\/li>\n<li><strong><a href=\"https:\/\/www.univnt.ro\/index.php\/profesorii\/lect-univ-dr-voicu-mirela-cristina\/\"> Lect. univ. dr.\u00a0VOICU Mirela-Cristina<\/a><\/strong><\/li>\n<li><strong><a href=\"https:\/\/www.univnt.ro\/index.php\/profesori\/loredana-carp\/\">Asist. univ. drd. CARP Loredana Simona<\/a><\/strong><\/li>\n<li><a href=\"https:\/\/www.univnt.ro\/index.php\/profesori\/almasan-nica-cristina\/\" target=\"_blank\" rel=\"noopener\"><strong>Dr. ing. ALM\u0102\u0218AN-NICA Cristina<\/strong><\/a><\/li>\n<li><a href=\"https:\/\/www.univnt.ro\/index.php\/profesori\/gheorghe-denise-camelia\/\"><strong>Instructor Educatie Fizic\u0103 GHEORGHE Denise Camelia<\/strong><\/a><\/li>\n<\/ol>\n\n<p>\u00a0<\/p>\n\t\t\t\t\t\t\t\t<\/div>\n\t\t\t\t<\/div>\n\t\t\t\t\t<\/div>\n\t\t<\/div>\n\t\t\t\t\t<\/div>\n\t\t<\/section>\n\t\t\t\t<\/div>\n\t\t","protected":false},"excerpt":{"rendered":"<p>Prof. univ. dr. JULA Nicoleta Prof. univ. dr. M\u0102RGULESCU Serghei Prof. univ. dr. NEDELCU Elena Prof. univ. dr. VASILE Valentina &hellip; <\/p>\n","protected":false},"author":1,"featured_media":0,"parent":112,"menu_order":0,"comment_status":"closed","ping_status":"closed","template":"","meta":{"_mi_skip_tracking":false,"_monsterinsights_sitenote_active":false,"_monsterinsights_sitenote_note":"","_monsterinsights_sitenote_category":0,"footnotes":""},"class_list":["post-123","page","type-page","status-publish","hentry"],"_links":{"self":[{"href":"https:\/\/www.univnt.ro\/index.php\/wp-json\/wp\/v2\/pages\/123","targetHints":{"allow":["GET"]}}],"collection":[{"href":"https:\/\/www.univnt.ro\/index.php\/wp-json\/wp\/v2\/pages"}],"about":[{"href":"https:\/\/www.univnt.ro\/index.php\/wp-json\/wp\/v2\/types\/page"}],"author":[{"embeddable":true,"href":"https:\/\/www.univnt.ro\/index.php\/wp-json\/wp\/v2\/users\/1"}],"replies":[{"embeddable":true,"href":"https:\/\/www.univnt.ro\/index.php\/wp-json\/wp\/v2\/comments?post=123"}],"version-history":[{"count":40,"href":"https:\/\/www.univnt.ro\/index.php\/wp-json\/wp\/v2\/pages\/123\/revisions"}],"predecessor-version":[{"id":13896,"href":"https:\/\/www.univnt.ro\/index.php\/wp-json\/wp\/v2\/pages\/123\/revisions\/13896"}],"up":[{"embeddable":true,"href":"https:\/\/www.univnt.ro\/index.php\/wp-json\/wp\/v2\/pages\/112"}],"wp:attachment":[{"href":"https:\/\/www.univnt.ro\/index.php\/wp-json\/wp\/v2\/media?parent=123"}],"curies":[{"name":"wp","href":"https:\/\/api.w.org\/{rel}","templated":true}]}}