{"id":128,"date":"2020-07-04T14:48:52","date_gmt":"2020-07-04T14:48:52","guid":{"rendered":"http:\/\/www.univnt.ro\/?page_id=128"},"modified":"2026-02-13T06:35:37","modified_gmt":"2026-02-13T06:35:37","slug":"management-contabil-audit-si-expertiza-contabila","status":"publish","type":"page","link":"https:\/\/www.univnt.ro\/index.php\/facultati\/facultatea-de-economie-si-administrarea-afacerilor\/management-contabil-audit-si-expertiza-contabila\/","title":{"rendered":"MANAGEMENT CONTABIL, AUDIT \u0218I EXPERTIZ\u0102 CONTABIL\u0102"},"content":{"rendered":"\t\t<div data-elementor-type=\"wp-page\" data-elementor-id=\"128\" class=\"elementor elementor-128\" data-elementor-post-type=\"page\">\n\t\t\t\t\t\t<section class=\"elementor-section elementor-top-section elementor-element elementor-element-27c8aac elementor-section-boxed elementor-section-height-default elementor-section-height-default\" data-id=\"27c8aac\" data-element_type=\"section\">\n\t\t\t\t\t\t<div class=\"elementor-container elementor-column-gap-default\">\n\t\t\t\t\t<div class=\"elementor-column elementor-col-100 elementor-top-column elementor-element elementor-element-a1cc7e5\" data-id=\"a1cc7e5\" data-element_type=\"column\">\n\t\t\t<div class=\"elementor-widget-wrap elementor-element-populated\">\n\t\t\t\t\t\t<div class=\"elementor-element elementor-element-05e54d7 elementor-alert-info elementor-invisible elementor-widget elementor-widget-alert\" data-id=\"05e54d7\" data-element_type=\"widget\" data-settings=\"{&quot;_animation&quot;:&quot;shake&quot;}\" data-widget_type=\"alert.default\">\n\t\t\t\t<div class=\"elementor-widget-container\">\n\t\t\t\t\t\t\t<div class=\"elementor-alert\" role=\"alert\">\n\n\t\t\t\t\t\t<span class=\"elementor-alert-title\">A fost postat orarul! \u00cen perioada 16-20 februarie se vor desf\u0103\u0219ura doar cursurile. Seminarele se vor desf\u0103\u0219ura \u00eencep\u00e2nd cu data de 23 februarie.<\/span>\n\t\t\t\n\t\t\t\n\t\t\t\t\t\t<button type=\"button\" class=\"elementor-alert-dismiss\" aria-label=\"Respinge aceast\u0103 alert\u0103.\">\n\t\t\t\t\t\t\t\t\t<span aria-hidden=\"true\">&times;<\/span>\n\t\t\t\t\t\t\t<\/button>\n\t\t\t\n\t\t<\/div>\n\t\t\t\t\t\t<\/div>\n\t\t\t\t<\/div>\n\t\t\t\t\t<\/div>\n\t\t<\/div>\n\t\t\t\t\t<\/div>\n\t\t<\/section>\n\t\t\t\t<section class=\"elementor-section elementor-top-section elementor-element elementor-element-05ae3d8 elementor-section-boxed elementor-section-height-default elementor-section-height-default\" data-id=\"05ae3d8\" data-element_type=\"section\">\n\t\t\t\t\t\t<div class=\"elementor-container elementor-column-gap-default\">\n\t\t\t\t\t<div class=\"elementor-column elementor-col-100 elementor-top-column elementor-element elementor-element-5cdadab\" data-id=\"5cdadab\" data-element_type=\"column\">\n\t\t\t<div class=\"elementor-widget-wrap elementor-element-populated\">\n\t\t\t\t\t\t<div class=\"elementor-element elementor-element-cc45cca elementor-widget elementor-widget-accordion\" data-id=\"cc45cca\" data-element_type=\"widget\" data-widget_type=\"accordion.default\">\n\t\t\t\t<div class=\"elementor-widget-container\">\n\t\t\t\t\t\t\t<div class=\"elementor-accordion\">\n\t\t\t\t\t\t\t<div class=\"elementor-accordion-item\">\n\t\t\t\t\t<div id=\"elementor-tab-title-2141\" class=\"elementor-tab-title\" data-tab=\"1\" role=\"button\" aria-controls=\"elementor-tab-content-2141\" aria-expanded=\"false\">\n\t\t\t\t\t\t\t\t\t\t\t\t\t<span class=\"elementor-accordion-icon elementor-accordion-icon-left\" aria-hidden=\"true\">\n\t\t\t\t\t\t\t\t\t\t\t\t\t\t\t<span class=\"elementor-accordion-icon-closed\"><i class=\"fas fa-plus\"><\/i><\/span>\n\t\t\t\t\t\t\t\t<span class=\"elementor-accordion-icon-opened\"><i class=\"fas fa-minus\"><\/i><\/span>\n\t\t\t\t\t\t\t\t\t\t\t\t\t\t<\/span>\n\t\t\t\t\t\t\t\t\t\t\t\t<a class=\"elementor-accordion-title\" tabindex=\"0\">AVIZIER<\/a>\n\t\t\t\t\t<\/div>\n\t\t\t\t\t<div id=\"elementor-tab-content-2141\" class=\"elementor-tab-content elementor-clearfix\" data-tab=\"1\" role=\"region\" aria-labelledby=\"elementor-tab-title-2141\"><p style=\"text-align: center;\"><a href=\"https:\/\/www.univnt.ro\/index.php\/category\/management-contabil-audit-si-expertiza-contabila\"><strong><button type=\"button\">Vezi anun\u021buri!<\/button><\/strong><\/a><\/p><\/div>\n\t\t\t\t<\/div>\n\t\t\t\t\t\t\t<div class=\"elementor-accordion-item\">\n\t\t\t\t\t<div id=\"elementor-tab-title-2142\" class=\"elementor-tab-title\" data-tab=\"2\" role=\"button\" aria-controls=\"elementor-tab-content-2142\" aria-expanded=\"false\">\n\t\t\t\t\t\t\t\t\t\t\t\t\t<span class=\"elementor-accordion-icon elementor-accordion-icon-left\" aria-hidden=\"true\">\n\t\t\t\t\t\t\t\t\t\t\t\t\t\t\t<span class=\"elementor-accordion-icon-closed\"><i class=\"fas fa-plus\"><\/i><\/span>\n\t\t\t\t\t\t\t\t<span class=\"elementor-accordion-icon-opened\"><i class=\"fas fa-minus\"><\/i><\/span>\n\t\t\t\t\t\t\t\t\t\t\t\t\t\t<\/span>\n\t\t\t\t\t\t\t\t\t\t\t\t<a class=\"elementor-accordion-title\" tabindex=\"0\">ORAR<\/a>\n\t\t\t\t\t<\/div>\n\t\t\t\t\t<div id=\"elementor-tab-content-2142\" class=\"elementor-tab-content elementor-clearfix\" data-tab=\"2\" role=\"region\" aria-labelledby=\"elementor-tab-title-2142\"><p style=\"text-align: center;\"><span style=\"color: #800080;\"><strong>Anul universitar 2025-2026, Semestrul 2<\/strong><\/span><\/p>\n<p style=\"text-align: center;\"><strong><a href=\"https:\/\/drive.google.com\/file\/d\/16L9rnlq7SNH39YCH1vUm-IJMVYd9hyim\/view?usp=sharing\" target=\"_blank\" rel=\"noopener\"><button type=\"button\">Anul 1<\/button><\/a>\u00a0<a href=\"https:\/\/drive.google.com\/file\/d\/1CH97oUUdx6nwArLHgScvmDGWvU5IPnmo\/view?usp=sharing\" target=\"_blank\" rel=\"noopener\"><button type=\"button\">Anul 2<\/button><\/a><\/strong><\/p>\n<p><a href=\"https:\/\/drive.google.com\/file\/d\/12eAsmMRPi5RwTLBc0JoNHupgky8ADz5n\/view?usp=sharing\" target=\"_blank\" rel=\"noopener\"><strong><button type=\"button\">s\u0103pt\u0103m\u00e2ni seminar<\/button><\/strong><\/a><\/p>\n<p>\u00a0<\/p><\/div>\n\t\t\t\t<\/div>\n\t\t\t\t\t\t\t<div class=\"elementor-accordion-item\">\n\t\t\t\t\t<div id=\"elementor-tab-title-2143\" class=\"elementor-tab-title\" data-tab=\"3\" role=\"button\" aria-controls=\"elementor-tab-content-2143\" aria-expanded=\"false\">\n\t\t\t\t\t\t\t\t\t\t\t\t\t<span class=\"elementor-accordion-icon elementor-accordion-icon-left\" aria-hidden=\"true\">\n\t\t\t\t\t\t\t\t\t\t\t\t\t\t\t<span class=\"elementor-accordion-icon-closed\"><i class=\"fas fa-plus\"><\/i><\/span>\n\t\t\t\t\t\t\t\t<span class=\"elementor-accordion-icon-opened\"><i class=\"fas fa-minus\"><\/i><\/span>\n\t\t\t\t\t\t\t\t\t\t\t\t\t\t<\/span>\n\t\t\t\t\t\t\t\t\t\t\t\t<a class=\"elementor-accordion-title\" tabindex=\"0\">EXAMENE<\/a>\n\t\t\t\t\t<\/div>\n\t\t\t\t\t<div id=\"elementor-tab-content-2143\" class=\"elementor-tab-content elementor-clearfix\" data-tab=\"3\" role=\"region\" aria-labelledby=\"elementor-tab-title-2143\"><p style=\"text-align: center;\"><span style=\"color: #800080;\"><strong>Anul universitar 2025-2026, Semestrul 1<\/strong><\/span><\/p>\n<p style=\"text-align: center;\"><strong><a href=\"https:\/\/drive.google.com\/file\/d\/1JEt1NT4Nz93mTErJjaFxfoHv2AVPTXEr\/view?usp=sharing\" target=\"_blank\" rel=\"noopener\"><button type=\"button\">Anul 1<\/button><\/a> <a href=\"https:\/\/drive.google.com\/file\/d\/1RhFpezrFaPsytwVYpmDKa8AwoHXiDM4Y\/view?usp=sharing\" target=\"_blank\" rel=\"noopener\"><button type=\"button\">Anul 2<\/button><\/a><\/strong><\/p><\/div>\n\t\t\t\t<\/div>\n\t\t\t\t\t\t\t<div class=\"elementor-accordion-item\">\n\t\t\t\t\t<div id=\"elementor-tab-title-2144\" class=\"elementor-tab-title\" data-tab=\"4\" role=\"button\" aria-controls=\"elementor-tab-content-2144\" aria-expanded=\"false\">\n\t\t\t\t\t\t\t\t\t\t\t\t\t<span class=\"elementor-accordion-icon elementor-accordion-icon-left\" aria-hidden=\"true\">\n\t\t\t\t\t\t\t\t\t\t\t\t\t\t\t<span class=\"elementor-accordion-icon-closed\"><i class=\"fas fa-plus\"><\/i><\/span>\n\t\t\t\t\t\t\t\t<span class=\"elementor-accordion-icon-opened\"><i class=\"fas fa-minus\"><\/i><\/span>\n\t\t\t\t\t\t\t\t\t\t\t\t\t\t<\/span>\n\t\t\t\t\t\t\t\t\t\t\t\t<a class=\"elementor-accordion-title\" tabindex=\"0\">REEXAMIN\u0102RI<\/a>\n\t\t\t\t\t<\/div>\n\t\t\t\t\t<div id=\"elementor-tab-content-2144\" class=\"elementor-tab-content elementor-clearfix\" data-tab=\"4\" role=\"region\" aria-labelledby=\"elementor-tab-title-2144\"><p style=\"text-align: center;\"><span style=\"color: #993366;\"><strong>Anul universitar 2025-2026<\/strong><\/span><\/p>\n<p style=\"text-align: center;\"><strong><button type=\"button\">Anul 1<\/button><\/strong> <strong><button type=\"button\">Anul 2<\/button><\/strong><\/p><\/div>\n\t\t\t\t<\/div>\n\t\t\t\t\t\t\t<div class=\"elementor-accordion-item\">\n\t\t\t\t\t<div id=\"elementor-tab-title-2145\" class=\"elementor-tab-title\" data-tab=\"5\" role=\"button\" aria-controls=\"elementor-tab-content-2145\" aria-expanded=\"false\">\n\t\t\t\t\t\t\t\t\t\t\t\t\t<span class=\"elementor-accordion-icon elementor-accordion-icon-left\" aria-hidden=\"true\">\n\t\t\t\t\t\t\t\t\t\t\t\t\t\t\t<span class=\"elementor-accordion-icon-closed\"><i class=\"fas fa-plus\"><\/i><\/span>\n\t\t\t\t\t\t\t\t<span class=\"elementor-accordion-icon-opened\"><i class=\"fas fa-minus\"><\/i><\/span>\n\t\t\t\t\t\t\t\t\t\t\t\t\t\t<\/span>\n\t\t\t\t\t\t\t\t\t\t\t\t<a class=\"elementor-accordion-title\" tabindex=\"0\">RESTAN\u0162E<\/a>\n\t\t\t\t\t<\/div>\n\t\t\t\t\t<div id=\"elementor-tab-content-2145\" class=\"elementor-tab-content elementor-clearfix\" data-tab=\"5\" role=\"region\" aria-labelledby=\"elementor-tab-title-2145\"><p style=\"text-align: center;\"><span style=\"color: #993366;\"><strong>Anul universitar 2025-2026<\/strong><\/span><\/p>\n<p style=\"text-align: center;\"><strong><button type=\"button\">Anul 1<\/button><\/strong><\/p><\/div>\n\t\t\t\t<\/div>\n\t\t\t\t\t\t\t<div class=\"elementor-accordion-item\">\n\t\t\t\t\t<div id=\"elementor-tab-title-2146\" class=\"elementor-tab-title\" data-tab=\"6\" role=\"button\" aria-controls=\"elementor-tab-content-2146\" aria-expanded=\"false\">\n\t\t\t\t\t\t\t\t\t\t\t\t\t<span class=\"elementor-accordion-icon elementor-accordion-icon-left\" aria-hidden=\"true\">\n\t\t\t\t\t\t\t\t\t\t\t\t\t\t\t<span class=\"elementor-accordion-icon-closed\"><i class=\"fas fa-plus\"><\/i><\/span>\n\t\t\t\t\t\t\t\t<span class=\"elementor-accordion-icon-opened\"><i class=\"fas fa-minus\"><\/i><\/span>\n\t\t\t\t\t\t\t\t\t\t\t\t\t\t<\/span>\n\t\t\t\t\t\t\t\t\t\t\t\t<a class=\"elementor-accordion-title\" tabindex=\"0\">DISERTA\u0162IE<\/a>\n\t\t\t\t\t<\/div>\n\t\t\t\t\t<div id=\"elementor-tab-content-2146\" class=\"elementor-tab-content elementor-clearfix\" data-tab=\"6\" role=\"region\" aria-labelledby=\"elementor-tab-title-2146\"><p style=\"text-align: center;\"><span style=\"color: #993366;\"><strong>Sesiunea IULIE 2026<\/strong><\/span><\/p>\n<p><a href=\"https:\/\/www.univnt.ro\/index.php\/facultati\/facultatea-de-economie-si-administrarea-afacerilor\/management-contabil-audit-si-expertiza-contabila\/tematica-bibliografie-mcaec\/\"><strong><button type=\"button\">Tematic\u0103, bibliografie<\/button><\/strong><\/a><\/p>\n<p><a href=\"https:\/\/drive.google.com\/file\/d\/1mjQa1QhwHrvyh4DdiJfuvFQqjG74Qmt5\/view?usp=sharing\" target=\"_blank\" rel=\"noopener\"><strong><button type=\"button\">Cerere lucrare de diserta\u021bie<\/button><\/strong><\/a><\/p><\/div>\n\t\t\t\t<\/div>\n\t\t\t\t\t\t\t<div class=\"elementor-accordion-item\">\n\t\t\t\t\t<div id=\"elementor-tab-title-2147\" class=\"elementor-tab-title\" data-tab=\"7\" role=\"button\" aria-controls=\"elementor-tab-content-2147\" aria-expanded=\"false\">\n\t\t\t\t\t\t\t\t\t\t\t\t\t<span class=\"elementor-accordion-icon elementor-accordion-icon-left\" aria-hidden=\"true\">\n\t\t\t\t\t\t\t\t\t\t\t\t\t\t\t<span class=\"elementor-accordion-icon-closed\"><i class=\"fas fa-plus\"><\/i><\/span>\n\t\t\t\t\t\t\t\t<span class=\"elementor-accordion-icon-opened\"><i class=\"fas fa-minus\"><\/i><\/span>\n\t\t\t\t\t\t\t\t\t\t\t\t\t\t<\/span>\n\t\t\t\t\t\t\t\t\t\t\t\t<a class=\"elementor-accordion-title\" tabindex=\"0\">STRUCTURA ANULUI UNIVERSITAR<\/a>\n\t\t\t\t\t<\/div>\n\t\t\t\t\t<div id=\"elementor-tab-content-2147\" class=\"elementor-tab-content elementor-clearfix\" data-tab=\"7\" role=\"region\" aria-labelledby=\"elementor-tab-title-2147\"><p style=\"text-align: center;\"><a href=\"https:\/\/drive.google.com\/file\/d\/130MdAKs1diSoDx5n4kpK8CsbJm8dmiMX\/view?usp=sharing\" target=\"_blank\" rel=\"noopener\"><strong><button type=\"button\">vezi structura!<\/button><\/strong><\/a><\/p><\/div>\n\t\t\t\t<\/div>\n\t\t\t\t\t\t\t<div class=\"elementor-accordion-item\">\n\t\t\t\t\t<div id=\"elementor-tab-title-2148\" class=\"elementor-tab-title\" data-tab=\"8\" role=\"button\" aria-controls=\"elementor-tab-content-2148\" aria-expanded=\"false\">\n\t\t\t\t\t\t\t\t\t\t\t\t\t<span class=\"elementor-accordion-icon elementor-accordion-icon-left\" aria-hidden=\"true\">\n\t\t\t\t\t\t\t\t\t\t\t\t\t\t\t<span class=\"elementor-accordion-icon-closed\"><i class=\"fas fa-plus\"><\/i><\/span>\n\t\t\t\t\t\t\t\t<span class=\"elementor-accordion-icon-opened\"><i class=\"fas fa-minus\"><\/i><\/span>\n\t\t\t\t\t\t\t\t\t\t\t\t\t\t<\/span>\n\t\t\t\t\t\t\t\t\t\t\t\t<a class=\"elementor-accordion-title\" tabindex=\"0\">PLANURI DE \u00ceNV\u0102\u0162\u0102M\u00c2NT<\/a>\n\t\t\t\t\t<\/div>\n\t\t\t\t\t<div id=\"elementor-tab-content-2148\" class=\"elementor-tab-content elementor-clearfix\" data-tab=\"8\" role=\"region\" aria-labelledby=\"elementor-tab-title-2148\"><p style=\"text-align: center;\"><a href=\"https:\/\/www.univnt.ro\/wp-content\/uploads\/facultati\/2023-2024\/feea\/master\/planuri_invatamant\/Plan master MCAEC 2024 - 2026.pdf\" target=\"_blank\" rel=\"noopener\" data-wplink-url-error=\"true\"><strong><button type=\"button\">Planuri de \u00eenv\u0103\u021b\u0103m\u00e2nt 2024-2026<\/button><\/strong><\/a><\/p>\n<p style=\"text-align: center;\"><a href=\"https:\/\/www.univnt.ro\/wp-content\/uploads\/planuri_de_invatamant\/feaa\/Master_2025-2027\/Plan MCAEC 2025-2027.pdf\" target=\"_blank\" rel=\"noopener\" data-wplink-url-error=\"true\"><strong><button type=\"button\">Planuri de \u00eenv\u0103\u021b\u0103m\u00e2nt 2025-2027<\/button><\/strong><\/a><\/p>\n<p>\u00a0<\/p><\/div>\n\t\t\t\t<\/div>\n\t\t\t\t\t\t\t\t<\/div>\n\t\t\t\t\t\t<\/div>\n\t\t\t\t<\/div>\n\t\t\t\t\t<\/div>\n\t\t<\/div>\n\t\t\t\t\t<\/div>\n\t\t<\/section>\n\t\t\t\t<section class=\"elementor-section elementor-top-section elementor-element elementor-element-449d6638 elementor-section-boxed elementor-section-height-default elementor-section-height-default\" data-id=\"449d6638\" data-element_type=\"section\">\n\t\t\t\t\t\t<div class=\"elementor-container elementor-column-gap-default\">\n\t\t\t\t\t<div class=\"elementor-column elementor-col-100 elementor-top-column elementor-element elementor-element-467c6ddb\" data-id=\"467c6ddb\" data-element_type=\"column\">\n\t\t\t<div class=\"elementor-widget-wrap elementor-element-populated\">\n\t\t\t\t\t\t<div class=\"elementor-element elementor-element-3cfad40e elementor-widget elementor-widget-text-editor\" data-id=\"3cfad40e\" data-element_type=\"widget\" data-widget_type=\"text-editor.default\">\n\t\t\t\t<div class=\"elementor-widget-container\">\n\t\t\t\t\t\t\t\t\t\n<p>Oportunitatea acestui program masteral rezult\u0103 din cerin\u021ba tot mai mare de speciali\u015fti \u00een domeniile contabilit\u0103\u0163ii, auditului financiar, auditului intern, \u0219i expertizei contabile. \u00cen acest sens,\u00a0<strong>obiectivul general<\/strong>\u00a0al programului este formarea de speciali\u015fti contabili \u0219i auditori capabili s\u0103 ia decizii economice optime \u00een cadrul entit\u0103\u0163ilor economice.<\/p>\n\n<p><strong>Obiectivele specifice\u00a0<\/strong>programului sunt:<br \/>&#8211;\u00a0 oferirea de cuno\u015ftin\u0163e de specialitate relevante referitoare la eviden\u0163a tranzac\u0163iilor \u015fi opera\u0163iilor economice desf\u0103\u015furate de agen\u0163ii economici;<br \/>&#8211;\u00a0 formarea \u015fi dezvoltarea abilit\u0103\u0163ilor masteranzilor pentru folosirea surselor de informa\u0163ii interne \u015fi interna\u0163ionale \u00een domenii specifice, pentru documentare, studiu \u015fi cercetare;<br \/>&#8211;\u00a0 \u00eembun\u0103t\u0103\u0163irea abilit\u0103\u0163ilor \u015fi deprinderilor necesare proiect\u0103rii \u015fi exploat\u0103rii sistemelor contabile ale entit\u0103\u0163ilor economice nefinanciare, financiar-bancare, de asigur\u0103ri, de finan\u0163e publice;<br \/>&#8211;\u00a0 folosirea simul\u0103rilor, a sistemelor informatice \u015fi a altor metode moderne orientate spre dezvoltarea deprinderilor practice, spre fundamentarea deciziilor, spre aprofundarea modului de conducere, organizare \u015fi func\u0163ionare a entit\u0103\u0163ilor economice, din sistemului financiar-bancar, de asigurare \u015fi al finan\u0163elor publice, spre \u00een\u0163elegerea importan\u0163ei asigur\u0103rii \u015fi controlului informa\u0163iilor ce stau la baza deciziilor de conducere.<\/p>\n<div class='yrm-content yrm-content-15 yrm-content-hide' id='yrm-VvpJb' data-id='15' data-show-status='false' data-after-action='' style=\"visibility: hidden;height: 0;\">\n<div id='yrm-inner-content-yrm-VvpJb' class='yrm-inner-content-wrapper yrm-cntent-15'>\n<p>Absolven\u0163ii programului \u201eManagement Contabil, Audit \u015fi Expertiz\u0103 Contabil\u0103\u201d vor putea s\u0103 exercite profesiile de contabil, auditor financiar, auditor intern \u015fi expert \u00een controlul intern \u00een entit\u0103\u0163ile private, institu\u0163iile administra\u0163iei centrale \u015fi locale, organismele interna\u0163ionale, unit\u0103\u0163i de consultan\u0163\u0103, cercetare \u015fi \u00eenv\u0103\u0163\u0103m\u00e2nt, institu\u0163ii financiar-bancare \u015fi de asigurare si reasigurare etc.<\/p>\n<p>Structura planului de \u00eenv\u0103\u0163\u0103m\u00e2nt realizeaz\u0103 o \u00eembinare a cuno\u015ftin\u0163elor de contabilitate financiar\u0103, contabilitate managerial\u0103, standarde interna\u021bionale de contabilitate, evaluare, audit intern, audit financiar, fiscalitate, instrumente matematice \u0219i statistice folosite \u00een audit, sisteme informatice cu aplica\u021bii \u00een contabilitate \u0219i audit, dreptul afacerilor, actualizate \u00een concordan\u0163\u0103 cu cerin\u0163ele economiei mondiale actuale.<\/p>\n<p>\u00a0Programul masteral se desf\u0103\u015foar\u0103 pe o perioad\u0103 de doi ani.<\/p>\n<p>Activit\u0103\u0163ile de cercetare \u015ftiin\u0163ific\u0103 si manifest\u0103rile \u015ftiin\u0163ifice din cadrul facult\u0103\u0163ii, baza material\u0103 \u015fi informa\u0163ional\u0103 a universit\u0103\u0163ii, consultanta de specialitate si tutoriatul pentru elaborarea lucr\u0103rii de diserta\u0163ie sunt in permanenta la dispozi\u0163ia masteranzilor.<\/p>\n<p>Absolven\u0163ii programului de master Management Contabil, Audit \u015fi Expertiz\u0103 Contabil\u0103 beneficiaz\u0103 de\u00a0<strong>admiterea la stagiul de expert contabil f\u0103r\u0103 sus\u0163inerea examenului<\/strong>, deoarece Facultatea de \u015etiin\u0163e Economice\u00a0<a href=\"http:\/\/univnt.ro\/upload\/master\/se\/protocol%20CECCAR-MACAE.pdf\">a \u00eencheiat protocol cu CECCAR pentru echivalarea examenului de admitere la stagiu \u00een vederea ob\u0163inerii calit\u0103\u0163ii de expert contabil<\/a>\u00a0(http:\/\/ceccar.ro\/ro\/wp-content\/uploads\/2011\/09\/Evidenta_programe_master_APRILIE_2012.pdf).<\/p>\n<p><strong>\u00centreb\u0103ri frecvente<\/strong><\/p>\n<p><em>Care este titlul ob\u0163inut la absolvire?<\/em><br \/>Master \u00een domeniul Contabilitate.<\/p>\n<p><em>Care este durata studiilor \u015fi num\u0103rul creditelor?<\/em><br \/>Durata studiilor este de 2 ani \u015fi sunt 120 de credite transferabile.<\/p>\n<p><em>Care sunt func\u0163iile sau profesiile pe care absolven\u0163ii programului de studii masterale\u00a0<\/em>MANAGEMENT CONTABIL, AUDIT \u015eI EXPERTIZ\u0102 CONTABIL\u0102<em>\u00a0le pot ocupa?<\/em><br \/>&#8211;\u00a0\u00a0\u00a0\u00a0\u00a0\u00a0\u00a0\u00a0\u00a0 expert contabil;<br \/>&#8211;\u00a0\u00a0\u00a0\u00a0\u00a0\u00a0\u00a0\u00a0\u00a0 contabil;<br \/>&#8211;\u00a0\u00a0\u00a0\u00a0\u00a0\u00a0\u00a0\u00a0\u00a0 referent de specialitate financiar-contabilitate;<br \/>&#8211;\u00a0\u00a0\u00a0\u00a0\u00a0\u00a0\u00a0\u00a0\u00a0 auditor intern; auditor financiar;<br \/>&#8211;\u00a0\u00a0\u00a0\u00a0\u00a0\u00a0\u00a0\u00a0\u00a0 cenzor;<br \/>&#8211;\u00a0\u00a0\u00a0\u00a0\u00a0\u00a0\u00a0\u00a0\u00a0 evaluator;lichidator;<br \/>&#8211;\u00a0\u00a0\u00a0\u00a0\u00a0\u00a0\u00a0\u00a0\u00a0 auditor intern in sectorul public;<br \/>&#8211;\u00a0\u00a0\u00a0\u00a0\u00a0\u00a0\u00a0\u00a0\u00a0 consilier\/expert\/inspector\/referent\/economist in gestiunea economica<\/p>\n<\/div><\/div>\n<div class='yrm-btn-wrapper yrm-btn-wrapper-15 yrm-more-button-wrapper  '\n\t\tdata-custom-more-class-name='' data-custom-less-class-name=''><span title='' data-less-title='' data-more-title='' class='yrm-toggle-expand  yrm-toggle-expand-15 ' data-rel='yrm-VvpJb' data-more='Mai mult' data-less='Mai pu\u021bin'><span class='yrm-text-wrapper yrm-text-wrapper-custom-dimensions'><span class=\"yrm-button-text-15 yrm-button-text-span\">Mai mult<\/span><\/span><\/span><\/div><\/p>\n\t\t\t\t\t\t\t\t<\/div>\n\t\t\t\t<\/div>\n\t\t\t\t\t<\/div>\n\t\t<\/div>\n\t\t\t\t\t<\/div>\n\t\t<\/section>\n\t\t\t\t<section class=\"elementor-section elementor-top-section elementor-element elementor-element-546a353 elementor-section-boxed elementor-section-height-default elementor-section-height-default\" data-id=\"546a353\" data-element_type=\"section\">\n\t\t\t\t\t\t<div class=\"elementor-container elementor-column-gap-default\">\n\t\t\t\t\t<div class=\"elementor-column elementor-col-100 elementor-top-column elementor-element elementor-element-f5cd32e\" data-id=\"f5cd32e\" data-element_type=\"column\">\n\t\t\t<div class=\"elementor-widget-wrap elementor-element-populated\">\n\t\t\t\t\t\t<div class=\"elementor-element elementor-element-0c4981e elementor-widget elementor-widget-html\" data-id=\"0c4981e\" data-element_type=\"widget\" data-widget_type=\"html.default\">\n\t\t\t\t<div class=\"elementor-widget-container\">\n\t\t\t\t\t<script> \r\njQuery(document).ready(function($) { \r\nvar delay = 100; setTimeout(function() { \r\n$('.elementor-tab-title').removeClass('elementor-active');\r\n $('.elementor-tab-content').css('display', 'none'); }, delay); \r\n}); \r\n<\/script>\t\t\t\t<\/div>\n\t\t\t\t<\/div>\n\t\t\t\t\t<\/div>\n\t\t<\/div>\n\t\t\t\t\t<\/div>\n\t\t<\/section>\n\t\t\t\t<\/div>\n\t\t","protected":false},"excerpt":{"rendered":"<p>A fost postat orarul! \u00cen perioada 16-20 februarie se vor desf\u0103\u0219ura doar cursurile. Seminarele se vor desf\u0103\u0219ura \u00eencep\u00e2nd cu data &hellip; <\/p>\n","protected":false},"author":1,"featured_media":0,"parent":112,"menu_order":0,"comment_status":"closed","ping_status":"closed","template":"","meta":{"_mi_skip_tracking":false,"_monsterinsights_sitenote_active":false,"_monsterinsights_sitenote_note":"","_monsterinsights_sitenote_category":0,"footnotes":""},"class_list":["post-128","page","type-page","status-publish","hentry"],"_links":{"self":[{"href":"https:\/\/www.univnt.ro\/index.php\/wp-json\/wp\/v2\/pages\/128","targetHints":{"allow":["GET"]}}],"collection":[{"href":"https:\/\/www.univnt.ro\/index.php\/wp-json\/wp\/v2\/pages"}],"about":[{"href":"https:\/\/www.univnt.ro\/index.php\/wp-json\/wp\/v2\/types\/page"}],"author":[{"embeddable":true,"href":"https:\/\/www.univnt.ro\/index.php\/wp-json\/wp\/v2\/users\/1"}],"replies":[{"embeddable":true,"href":"https:\/\/www.univnt.ro\/index.php\/wp-json\/wp\/v2\/comments?post=128"}],"version-history":[{"count":238,"href":"https:\/\/www.univnt.ro\/index.php\/wp-json\/wp\/v2\/pages\/128\/revisions"}],"predecessor-version":[{"id":13611,"href":"https:\/\/www.univnt.ro\/index.php\/wp-json\/wp\/v2\/pages\/128\/revisions\/13611"}],"up":[{"embeddable":true,"href":"https:\/\/www.univnt.ro\/index.php\/wp-json\/wp\/v2\/pages\/112"}],"wp:attachment":[{"href":"https:\/\/www.univnt.ro\/index.php\/wp-json\/wp\/v2\/media?parent=128"}],"curies":[{"name":"wp","href":"https:\/\/api.w.org\/{rel}","templated":true}]}}