{"id":138,"date":"2020-07-04T15:14:19","date_gmt":"2020-07-04T15:14:19","guid":{"rendered":"http:\/\/www.univnt.ro\/?page_id=138"},"modified":"2026-03-18T07:37:50","modified_gmt":"2026-03-18T07:37:50","slug":"managementul-organizatiilor-si-serviciilor-publice","status":"publish","type":"page","link":"https:\/\/www.univnt.ro\/index.php\/facultati\/facultatea-de-relatii-internationale-si-administratie\/managementul-organizatiilor-si-serviciilor-publice\/","title":{"rendered":"MANAGEMENTUL ORGANIZA\u021aIILOR \u0218I SERVICIILOR PUBLICE"},"content":{"rendered":"\t\t<div data-elementor-type=\"wp-page\" data-elementor-id=\"138\" class=\"elementor elementor-138\" data-elementor-post-type=\"page\">\n\t\t\t\t\t\t<section class=\"elementor-section elementor-top-section elementor-element elementor-element-5962bbb elementor-section-boxed elementor-section-height-default elementor-section-height-default\" data-id=\"5962bbb\" data-element_type=\"section\">\n\t\t\t\t\t\t<div class=\"elementor-container elementor-column-gap-default\">\n\t\t\t\t\t<div class=\"elementor-column elementor-col-100 elementor-top-column elementor-element elementor-element-bd0fe21\" data-id=\"bd0fe21\" data-element_type=\"column\">\n\t\t\t<div class=\"elementor-widget-wrap elementor-element-populated\">\n\t\t\t\t\t\t\t<\/div>\n\t\t<\/div>\n\t\t\t\t\t<\/div>\n\t\t<\/section>\n\t\t\t\t<section class=\"elementor-section elementor-top-section elementor-element elementor-element-1b2f994 elementor-section-boxed elementor-section-height-default elementor-section-height-default\" data-id=\"1b2f994\" data-element_type=\"section\">\n\t\t\t\t\t\t<div class=\"elementor-container elementor-column-gap-default\">\n\t\t\t\t\t<div class=\"elementor-column elementor-col-100 elementor-top-column elementor-element elementor-element-649007e\" data-id=\"649007e\" data-element_type=\"column\">\n\t\t\t<div class=\"elementor-widget-wrap elementor-element-populated\">\n\t\t\t\t\t\t<div class=\"elementor-element elementor-element-09204f8 elementor-widget elementor-widget-accordion\" data-id=\"09204f8\" data-element_type=\"widget\" data-widget_type=\"accordion.default\">\n\t\t\t\t<div class=\"elementor-widget-container\">\n\t\t\t\t\t\t\t<div class=\"elementor-accordion\">\n\t\t\t\t\t\t\t<div class=\"elementor-accordion-item\">\n\t\t\t\t\t<div id=\"elementor-tab-title-9561\" class=\"elementor-tab-title\" data-tab=\"1\" role=\"button\" aria-controls=\"elementor-tab-content-9561\" aria-expanded=\"false\">\n\t\t\t\t\t\t\t\t\t\t\t\t\t<span class=\"elementor-accordion-icon elementor-accordion-icon-left\" aria-hidden=\"true\">\n\t\t\t\t\t\t\t\t\t\t\t\t\t\t\t<span class=\"elementor-accordion-icon-closed\"><i class=\"fas fa-plus\"><\/i><\/span>\n\t\t\t\t\t\t\t\t<span class=\"elementor-accordion-icon-opened\"><i class=\"fas fa-minus\"><\/i><\/span>\n\t\t\t\t\t\t\t\t\t\t\t\t\t\t<\/span>\n\t\t\t\t\t\t\t\t\t\t\t\t<a class=\"elementor-accordion-title\" tabindex=\"0\">AVIZIER<\/a>\n\t\t\t\t\t<\/div>\n\t\t\t\t\t<div id=\"elementor-tab-content-9561\" class=\"elementor-tab-content elementor-clearfix\" data-tab=\"1\" role=\"region\" aria-labelledby=\"elementor-tab-title-9561\"><p style=\"text-align: center;\"><a href=\"https:\/\/www.univnt.ro\/index.php\/category\/managementul-organizatiilor-si-serviciilor-publice\"><strong><button type=\"button\">Vezi anun\u021buri!<\/button><\/strong><\/a><\/p><\/div>\n\t\t\t\t<\/div>\n\t\t\t\t\t\t\t<div class=\"elementor-accordion-item\">\n\t\t\t\t\t<div id=\"elementor-tab-title-9562\" class=\"elementor-tab-title\" data-tab=\"2\" role=\"button\" aria-controls=\"elementor-tab-content-9562\" aria-expanded=\"false\">\n\t\t\t\t\t\t\t\t\t\t\t\t\t<span class=\"elementor-accordion-icon elementor-accordion-icon-left\" aria-hidden=\"true\">\n\t\t\t\t\t\t\t\t\t\t\t\t\t\t\t<span class=\"elementor-accordion-icon-closed\"><i class=\"fas fa-plus\"><\/i><\/span>\n\t\t\t\t\t\t\t\t<span class=\"elementor-accordion-icon-opened\"><i class=\"fas fa-minus\"><\/i><\/span>\n\t\t\t\t\t\t\t\t\t\t\t\t\t\t<\/span>\n\t\t\t\t\t\t\t\t\t\t\t\t<a class=\"elementor-accordion-title\" tabindex=\"0\">ORAR<\/a>\n\t\t\t\t\t<\/div>\n\t\t\t\t\t<div id=\"elementor-tab-content-9562\" class=\"elementor-tab-content elementor-clearfix\" data-tab=\"2\" role=\"region\" aria-labelledby=\"elementor-tab-title-9562\"><p style=\"text-align: center;\"><span style=\"color: #800080;\"><strong>Anul universitar 2025-2026, Semestrul 2<\/strong><\/span><\/p>\n<p style=\"text-align: center;\"><strong><a href=\"https:\/\/drive.google.com\/file\/d\/1M_9EGRqQCjNOUs4AbC9d7by_ZAauDkMv\/view?usp=sharing\" target=\"_blank\" rel=\"noopener\"><button type=\"button\">Anul 1<\/button><\/a>\u00a0<a href=\"https:\/\/drive.google.com\/file\/d\/13BXfWHGSYjqPMHVrEEhm-NdmINJpCZjz\/view?usp=sharing\" target=\"_blank\" rel=\"noopener\"><button type=\"button\">Anul 2<\/button><\/a><\/strong><\/p>\n<p><a href=\"https:\/\/drive.google.com\/file\/d\/1i4hb00VN4vsOZhVlfJMTsfts80U2lcgX\/view?usp=sharing\" target=\"_blank\" rel=\"noopener\"><button type=\"button\">S\u0103pt\u0103m\u00e2ni seminar<\/button><\/a><\/p><\/div>\n\t\t\t\t<\/div>\n\t\t\t\t\t\t\t<div class=\"elementor-accordion-item\">\n\t\t\t\t\t<div id=\"elementor-tab-title-9563\" class=\"elementor-tab-title\" data-tab=\"3\" role=\"button\" aria-controls=\"elementor-tab-content-9563\" aria-expanded=\"false\">\n\t\t\t\t\t\t\t\t\t\t\t\t\t<span class=\"elementor-accordion-icon elementor-accordion-icon-left\" aria-hidden=\"true\">\n\t\t\t\t\t\t\t\t\t\t\t\t\t\t\t<span class=\"elementor-accordion-icon-closed\"><i class=\"fas fa-plus\"><\/i><\/span>\n\t\t\t\t\t\t\t\t<span class=\"elementor-accordion-icon-opened\"><i class=\"fas fa-minus\"><\/i><\/span>\n\t\t\t\t\t\t\t\t\t\t\t\t\t\t<\/span>\n\t\t\t\t\t\t\t\t\t\t\t\t<a class=\"elementor-accordion-title\" tabindex=\"0\">EXAMENE<\/a>\n\t\t\t\t\t<\/div>\n\t\t\t\t\t<div id=\"elementor-tab-content-9563\" class=\"elementor-tab-content elementor-clearfix\" data-tab=\"3\" role=\"region\" aria-labelledby=\"elementor-tab-title-9563\"><p style=\"text-align: center;\"><span style=\"color: #800080;\"><strong>Anul universitar 2025-2026, Semestrul 1<\/strong><\/span><\/p>\n<p style=\"text-align: center;\"><strong><a href=\"https:\/\/drive.google.com\/file\/d\/1sLeOPTYItM1t4TTL8dJvlYxPfZQuTF3S\/view?usp=sharing\" target=\"_blank\" rel=\"noopener\"><button type=\"button\">Anul 1<\/button><\/a> <a href=\"https:\/\/drive.google.com\/file\/d\/1IFE756OUTr5IHd2LBKnP6kDXJAKh1Rgp\/view?usp=sharing\" target=\"_blank\" rel=\"noopener\"><button type=\"button\">Anul 2<\/button> <\/a><\/strong><\/p><\/div>\n\t\t\t\t<\/div>\n\t\t\t\t\t\t\t<div class=\"elementor-accordion-item\">\n\t\t\t\t\t<div id=\"elementor-tab-title-9564\" class=\"elementor-tab-title\" data-tab=\"4\" role=\"button\" aria-controls=\"elementor-tab-content-9564\" aria-expanded=\"false\">\n\t\t\t\t\t\t\t\t\t\t\t\t\t<span class=\"elementor-accordion-icon elementor-accordion-icon-left\" aria-hidden=\"true\">\n\t\t\t\t\t\t\t\t\t\t\t\t\t\t\t<span class=\"elementor-accordion-icon-closed\"><i class=\"fas fa-plus\"><\/i><\/span>\n\t\t\t\t\t\t\t\t<span class=\"elementor-accordion-icon-opened\"><i class=\"fas fa-minus\"><\/i><\/span>\n\t\t\t\t\t\t\t\t\t\t\t\t\t\t<\/span>\n\t\t\t\t\t\t\t\t\t\t\t\t<a class=\"elementor-accordion-title\" tabindex=\"0\">REEXAMIN\u0102RI<\/a>\n\t\t\t\t\t<\/div>\n\t\t\t\t\t<div id=\"elementor-tab-content-9564\" class=\"elementor-tab-content elementor-clearfix\" data-tab=\"4\" role=\"region\" aria-labelledby=\"elementor-tab-title-9564\"><p style=\"text-align: center;\"><span style=\"color: #800080;\"><strong>Anul universitar 2025-2026<\/strong><\/span><\/p>\n<p style=\"text-align: center;\"><strong><button type=\"button\">Anul 1<\/button><\/strong>\u00a0<strong><button type=\"button\">Anul 2<\/button><\/strong><\/p><\/div>\n\t\t\t\t<\/div>\n\t\t\t\t\t\t\t<div class=\"elementor-accordion-item\">\n\t\t\t\t\t<div id=\"elementor-tab-title-9565\" class=\"elementor-tab-title\" data-tab=\"5\" role=\"button\" aria-controls=\"elementor-tab-content-9565\" aria-expanded=\"false\">\n\t\t\t\t\t\t\t\t\t\t\t\t\t<span class=\"elementor-accordion-icon elementor-accordion-icon-left\" aria-hidden=\"true\">\n\t\t\t\t\t\t\t\t\t\t\t\t\t\t\t<span class=\"elementor-accordion-icon-closed\"><i class=\"fas fa-plus\"><\/i><\/span>\n\t\t\t\t\t\t\t\t<span class=\"elementor-accordion-icon-opened\"><i class=\"fas fa-minus\"><\/i><\/span>\n\t\t\t\t\t\t\t\t\t\t\t\t\t\t<\/span>\n\t\t\t\t\t\t\t\t\t\t\t\t<a class=\"elementor-accordion-title\" tabindex=\"0\">RESTAN\u0162E<\/a>\n\t\t\t\t\t<\/div>\n\t\t\t\t\t<div id=\"elementor-tab-content-9565\" class=\"elementor-tab-content elementor-clearfix\" data-tab=\"5\" role=\"region\" aria-labelledby=\"elementor-tab-title-9565\"><p style=\"text-align: center;\"><span style=\"color: #800080;\"><strong>Anul universitar 2025-2026<\/strong><\/span><\/p>\n<p style=\"text-align: center;\"><strong><button type=\"button\">Anul 1<\/button><\/strong><\/p><\/div>\n\t\t\t\t<\/div>\n\t\t\t\t\t\t\t<div class=\"elementor-accordion-item\">\n\t\t\t\t\t<div id=\"elementor-tab-title-9566\" class=\"elementor-tab-title\" data-tab=\"6\" role=\"button\" aria-controls=\"elementor-tab-content-9566\" aria-expanded=\"false\">\n\t\t\t\t\t\t\t\t\t\t\t\t\t<span class=\"elementor-accordion-icon elementor-accordion-icon-left\" aria-hidden=\"true\">\n\t\t\t\t\t\t\t\t\t\t\t\t\t\t\t<span class=\"elementor-accordion-icon-closed\"><i class=\"fas fa-plus\"><\/i><\/span>\n\t\t\t\t\t\t\t\t<span class=\"elementor-accordion-icon-opened\"><i class=\"fas fa-minus\"><\/i><\/span>\n\t\t\t\t\t\t\t\t\t\t\t\t\t\t<\/span>\n\t\t\t\t\t\t\t\t\t\t\t\t<a class=\"elementor-accordion-title\" tabindex=\"0\">DISERTA\u0162IE<\/a>\n\t\t\t\t\t<\/div>\n\t\t\t\t\t<div id=\"elementor-tab-content-9566\" class=\"elementor-tab-content elementor-clearfix\" data-tab=\"6\" role=\"region\" aria-labelledby=\"elementor-tab-title-9566\"><p style=\"text-align: center;\"><span style=\"color: #ff0000;\"><strong>Diserta\u021bie iulie 2026<\/strong><\/span><\/p>\n<p><a href=\"https:\/\/drive.google.com\/file\/d\/1mHaSyGk8jJdYeDls9BfLxIvcHb58HPVb\/view?usp=sharing\" target=\"_blank\" rel=\"noopener\"><strong><button type=\"button\">TEMATIC\u0102, BIBLIOGRAFIE<\/button><\/strong><\/a><\/p><\/div>\n\t\t\t\t<\/div>\n\t\t\t\t\t\t\t<div class=\"elementor-accordion-item\">\n\t\t\t\t\t<div id=\"elementor-tab-title-9567\" class=\"elementor-tab-title\" data-tab=\"7\" role=\"button\" aria-controls=\"elementor-tab-content-9567\" aria-expanded=\"false\">\n\t\t\t\t\t\t\t\t\t\t\t\t\t<span class=\"elementor-accordion-icon elementor-accordion-icon-left\" aria-hidden=\"true\">\n\t\t\t\t\t\t\t\t\t\t\t\t\t\t\t<span class=\"elementor-accordion-icon-closed\"><i class=\"fas fa-plus\"><\/i><\/span>\n\t\t\t\t\t\t\t\t<span class=\"elementor-accordion-icon-opened\"><i class=\"fas fa-minus\"><\/i><\/span>\n\t\t\t\t\t\t\t\t\t\t\t\t\t\t<\/span>\n\t\t\t\t\t\t\t\t\t\t\t\t<a class=\"elementor-accordion-title\" tabindex=\"0\">STRUCTURA ANULUI UNIVERSITAR<\/a>\n\t\t\t\t\t<\/div>\n\t\t\t\t\t<div id=\"elementor-tab-content-9567\" class=\"elementor-tab-content elementor-clearfix\" data-tab=\"7\" role=\"region\" aria-labelledby=\"elementor-tab-title-9567\"><p style=\"text-align: center;\"><a href=\"https:\/\/drive.google.com\/file\/d\/1xjU6f3HGAtcFRPL3f43b_Whyqzllv15x\/view?usp=sharing\" target=\"_blank\" rel=\"noopener\"><strong><button type=\"button\">vezi structura!<\/button><\/strong><\/a><\/p><\/div>\n\t\t\t\t<\/div>\n\t\t\t\t\t\t\t<div class=\"elementor-accordion-item\">\n\t\t\t\t\t<div id=\"elementor-tab-title-9568\" class=\"elementor-tab-title\" data-tab=\"8\" role=\"button\" aria-controls=\"elementor-tab-content-9568\" aria-expanded=\"false\">\n\t\t\t\t\t\t\t\t\t\t\t\t\t<span class=\"elementor-accordion-icon elementor-accordion-icon-left\" aria-hidden=\"true\">\n\t\t\t\t\t\t\t\t\t\t\t\t\t\t\t<span class=\"elementor-accordion-icon-closed\"><i class=\"fas fa-plus\"><\/i><\/span>\n\t\t\t\t\t\t\t\t<span class=\"elementor-accordion-icon-opened\"><i class=\"fas fa-minus\"><\/i><\/span>\n\t\t\t\t\t\t\t\t\t\t\t\t\t\t<\/span>\n\t\t\t\t\t\t\t\t\t\t\t\t<a class=\"elementor-accordion-title\" tabindex=\"0\">PLANURI DE \u00ceNV\u0102\u0162\u0102M\u00c2NT<\/a>\n\t\t\t\t\t<\/div>\n\t\t\t\t\t<div id=\"elementor-tab-content-9568\" class=\"elementor-tab-content elementor-clearfix\" data-tab=\"8\" role=\"region\" aria-labelledby=\"elementor-tab-title-9568\"><p style=\"text-align: center;\"><strong><a href=\"https:\/\/www.univnt.ro\/wp-content\/uploads\/planuri_de_invatamant\/fria\/2022-2023\/master\/Mosp_An 1_2022-2023.pdf\" data-wplink-url-error=\"true\"><button type=\"button\">ANUL 1<\/button><\/a>\u00a0<a href=\"https:\/\/www.univnt.ro\/wp-content\/uploads\/planuri_de_invatamant\/fria\/2022-2023\/master\/Mosp_An 2_2022-2023.pdf\" data-wplink-url-error=\"true\"><button type=\"button\">ANUL 2<\/button><\/a><\/strong><\/p><\/div>\n\t\t\t\t<\/div>\n\t\t\t\t\t\t\t\t<\/div>\n\t\t\t\t\t\t<\/div>\n\t\t\t\t<\/div>\n\t\t\t\t\t<\/div>\n\t\t<\/div>\n\t\t\t\t\t<\/div>\n\t\t<\/section>\n\t\t\t\t<section class=\"elementor-section elementor-top-section elementor-element elementor-element-cc4197e elementor-section-boxed elementor-section-height-default elementor-section-height-default\" data-id=\"cc4197e\" data-element_type=\"section\">\n\t\t\t\t\t\t<div class=\"elementor-container elementor-column-gap-default\">\n\t\t\t\t\t<div class=\"elementor-column elementor-col-100 elementor-top-column elementor-element elementor-element-1b0ca56a\" data-id=\"1b0ca56a\" data-element_type=\"column\">\n\t\t\t<div class=\"elementor-widget-wrap elementor-element-populated\">\n\t\t\t\t\t\t<div class=\"elementor-element elementor-element-f817b86 elementor-widget elementor-widget-text-editor\" data-id=\"f817b86\" data-element_type=\"widget\" data-widget_type=\"text-editor.default\">\n\t\t\t\t<div class=\"elementor-widget-container\">\n\t\t\t\t\t\t\t\t\t<p><\/p>\n<p><span style=\"color: var( --e-global-color-text ); font-family: var( --e-global-typography-text-font-family ), Sans-serif; font-weight: var( --e-global-typography-text-font-weight ); font-size: 1.8rem;\">Misiunea programului de studii de masterat <\/span><strong style=\"color: var( --e-global-color-text ); font-family: var( --e-global-typography-text-font-family ), Sans-serif; font-size: 1.8rem;\">Managementul Organiza\u0163iilor \u015fi Serviciilor Publice<\/strong><span style=\"color: var( --e-global-color-text ); font-family: var( --e-global-typography-text-font-family ), Sans-serif; font-weight: var( --e-global-typography-text-font-weight ); font-size: 1.8rem;\"> este de a forma, la cele mai \u00eenalte standarde de calitate, speciali\u015fti \u00een domeniul institu\u0163iilor publice, care s\u0103 contribuie la \u00eembun\u0103t\u0103\u0163irea sistemului de gestionare a resurselor \u015fi la cre\u015fterea eficien\u0163ei procedurilor din cadrul sectorului public. Absolven\u0163ii acestui program de master vor fi speciali\u015fti \u00een domeniul managementului organiza\u0163iilor publice, al resurselor umane din acest sector, buni coordonatori \u00een sfera managementului \u015fi marketingului serviciilor publice etc.<\/span><\/p>\n<p><strong>Scurt\u0103 descriere a calific\u0103rilor vizate pe domeniu:<\/strong><\/p>\n<ol>\n<li>Consilier dezvoltare locala si regionala(Cod COR: 242229)<\/li>\n<li>Expert accesare fonduri structurale si de coeziune europene (Cod COR: 242213)<\/li>\n<li>Expert Administratie Publica(Cod COR: 242202)<\/li>\n<\/ol>\n<p>Programul de studii respectiv dezvolt\u0103 dimensiunea managerial\u0103, economic\u0103, juridic\u0103 \u015fi de cercetare a preg\u0103tirii masteranzilor \u00een contextul cerin\u0163elor statutului Rom\u00e2niei de stat membru al UE, urm\u0103rindu-se dezvoltarea capacit\u0103\u0163ii viitorilor func\u0163ionari publici \u015fi manageri publici de a coordona schimb\u0103rile determinate de procesul reformei, \u00een general, \u015fi de a gestiona interesele institu\u0163iilor publice \u00een concordan\u0163\u0103 cu a\u015ftept\u0103rile cet\u0103\u0163enilor \u015fi ale spa\u0163iului administrativ european.<\/p>\n<p>\n<\/p>\n<div class='yrm-content yrm-content-18 yrm-content-hide' id='yrm-LePmF' data-id='18' data-show-status='false' data-after-action='' style=\"visibility: hidden;height: 0;\">\n<div id='yrm-inner-content-yrm-LePmF' class='yrm-inner-content-wrapper yrm-cntent-18'>\n<p>Competen\u0163ele generale \u015fi profesionale ale programului de studii de masterat <strong>Managementul organiza\u0163iilor \u015fi serviciilor publice<\/strong> se concretizeaz\u0103 prin aplicarea creativ\u0103 a metodelor de \u00eenv\u0103\u0163are bazate pe competen\u0163e \u015fi a tehnicilor de cercetare \u015fi de rezolvare a problemelor, viz\u00e2nd urm\u0103toaele direc\u0163ii:<\/p>\n<ul>\n<li>elaborarea de studii \u015fi rapoarte publicate sau aplicate profesional;<\/li>\n<li>abilitatea de a conduce grupuri de lucru \u015fi de a comunica \u00een contexte dintre cele mai diverse;<\/li>\n<li>capacitatea de a ac\u0163iona independent \u015fi creativ \u00een abordarea \u015fi solu\u0163ionarea problemelor, de a evalua obiectiv \u015fi constructiv st\u0103ri critice, de a rezolva creativ probleme \u015fi de a comunica rezultatele \u00een mod conving\u0103tor;<\/li>\n<li>abilit\u0103\u0163i de conduc\u0103tor \u015fi angajare clar\u0103 pe calea propriei dezvolt\u0103ri profesionale;<\/li>\n<li>fundamentarea de sisteme, capacit\u0103\u0163i \u015fi strategii privind dezvoltarea \u015fi diversificarea activit\u0103\u0163ii din sectorul public;<\/li>\n<li>fundamentarea planului de afaceri, a strategiilor, planurilor \u015fi programelor specifice serviciilor publice;<\/li>\n<li>fundamentarea programelor de marketing public, strategiilor \u015fi procedurilor necesare \u00eendeplinirii \u00een condi\u0163ii de eficien\u0163\u0103 a obiectivelor organiza\u0163iilor publice;<\/li>\n<li>participarea la fundamentarea de studii de prefezabilitate \u015fi fezabilitate a investi\u0163iilor publice;<\/li>\n<li>capacitatea de evaluare a rezultatelor ob\u0163inute \u00een exercitarea profesiei de administrator \u00een institu\u0163ii publice;<\/li>\n<li>abilitatea de colaborare cu speciali\u015fti din alte domenii, de a decide \u015fi a fi responsabil de activitatea proprie, de a ac\u0163iona \u00een contextul managementului schimb\u0103rii etc.<\/li>\n<\/ul>\n<p>Debu\u015feele profesionale ale absolven\u0163ilor specializ\u0103rii programului de studii de masterat <strong>Managementul Organiza\u0163iilor \u015fi Serviciilor Publice<\/strong>:<\/p>\n<ul>\n<li>institu\u0163ii publice specializate \u00een diverse domenii;<\/li>\n<li>organiza\u0163ii private care deruleaz\u0103 activit\u0103\u0163i viz\u00e2nd managementul \u015fi tehnicile decizionale;<\/li>\n<li>asocia\u0163ii \u015fi funda\u0163ii care func\u0163ioneaz\u0103 \u00een scopuri nonprofit, \u00een slujba cet\u0103\u0163enilor;<\/li>\n<li>societ\u0103\u0163i de training \u015fi consultan\u0163\u0103;<\/li>\n<li>agen\u0163i de promovare a imaginii institu\u0163iei publice sau a serviciilor publice;<\/li>\n<li>activit\u0103\u0163i de cercetare \u00een domeniul managementului strategic, managementului proiectelor cu finan\u0163are european\u0103 \u015fi a managementului resurselor umane.<\/li>\n<\/ul>\n<\/div><\/div>\n<div class='yrm-btn-wrapper yrm-btn-wrapper-18 yrm-more-button-wrapper  '\n\t\tdata-custom-more-class-name='' data-custom-less-class-name=''><span title='' data-less-title='' data-more-title='' class='yrm-toggle-expand  yrm-toggle-expand-18 ' data-rel='yrm-LePmF' data-more='Mai mult' data-less='Mai pu\u021bin'><span class='yrm-text-wrapper yrm-text-wrapper-custom-dimensions'><span class=\"yrm-button-text-18 yrm-button-text-span\">Mai mult<\/span><\/span><\/span><\/div>\n<\/p>\n<p>\n<\/p>\t\t\t\t\t\t\t\t<\/div>\n\t\t\t\t<\/div>\n\t\t\t\t\t<\/div>\n\t\t<\/div>\n\t\t\t\t\t<\/div>\n\t\t<\/section>\n\t\t\t\t<section class=\"elementor-section elementor-top-section elementor-element elementor-element-fb8e9d2 elementor-section-boxed elementor-section-height-default elementor-section-height-default\" data-id=\"fb8e9d2\" data-element_type=\"section\">\n\t\t\t\t\t\t<div class=\"elementor-container elementor-column-gap-default\">\n\t\t\t\t\t<div class=\"elementor-column elementor-col-100 elementor-top-column elementor-element elementor-element-c0573b3\" data-id=\"c0573b3\" data-element_type=\"column\">\n\t\t\t<div class=\"elementor-widget-wrap elementor-element-populated\">\n\t\t\t\t\t\t<div class=\"elementor-element elementor-element-df20508 elementor-widget elementor-widget-html\" data-id=\"df20508\" data-element_type=\"widget\" data-widget_type=\"html.default\">\n\t\t\t\t<div class=\"elementor-widget-container\">\n\t\t\t\t\t<script> \r\njQuery(document).ready(function($) { \r\nvar delay = 100; setTimeout(function() { \r\n$('.elementor-tab-title').removeClass('elementor-active');\r\n $('.elementor-tab-content').css('display', 'none'); }, delay); \r\n}); \r\n<\/script>\t\t\t\t<\/div>\n\t\t\t\t<\/div>\n\t\t\t\t\t<\/div>\n\t\t<\/div>\n\t\t\t\t\t<\/div>\n\t\t<\/section>\n\t\t\t\t<\/div>\n\t\t","protected":false},"excerpt":{"rendered":"<p>AVIZIER Vezi anun\u021buri! ORAR Anul universitar 2025-2026, Semestrul 2 Anul 1\u00a0Anul 2 S\u0103pt\u0103m\u00e2ni seminar EXAMENE Anul universitar 2025-2026, Semestrul 1 &hellip; <\/p>\n","protected":false},"author":1,"featured_media":0,"parent":134,"menu_order":0,"comment_status":"closed","ping_status":"closed","template":"","meta":{"_mi_skip_tracking":false,"_monsterinsights_sitenote_active":false,"_monsterinsights_sitenote_note":"","_monsterinsights_sitenote_category":0,"footnotes":""},"class_list":["post-138","page","type-page","status-publish","hentry"],"_links":{"self":[{"href":"https:\/\/www.univnt.ro\/index.php\/wp-json\/wp\/v2\/pages\/138","targetHints":{"allow":["GET"]}}],"collection":[{"href":"https:\/\/www.univnt.ro\/index.php\/wp-json\/wp\/v2\/pages"}],"about":[{"href":"https:\/\/www.univnt.ro\/index.php\/wp-json\/wp\/v2\/types\/page"}],"author":[{"embeddable":true,"href":"https:\/\/www.univnt.ro\/index.php\/wp-json\/wp\/v2\/users\/1"}],"replies":[{"embeddable":true,"href":"https:\/\/www.univnt.ro\/index.php\/wp-json\/wp\/v2\/comments?post=138"}],"version-history":[{"count":233,"href":"https:\/\/www.univnt.ro\/index.php\/wp-json\/wp\/v2\/pages\/138\/revisions"}],"predecessor-version":[{"id":13893,"href":"https:\/\/www.univnt.ro\/index.php\/wp-json\/wp\/v2\/pages\/138\/revisions\/13893"}],"up":[{"embeddable":true,"href":"https:\/\/www.univnt.ro\/index.php\/wp-json\/wp\/v2\/pages\/134"}],"wp:attachment":[{"href":"https:\/\/www.univnt.ro\/index.php\/wp-json\/wp\/v2\/media?parent=138"}],"curies":[{"name":"wp","href":"https:\/\/api.w.org\/{rel}","templated":true}]}}