{"id":1661,"date":"2020-09-06T11:47:38","date_gmt":"2020-09-06T11:47:38","guid":{"rendered":"http:\/\/www.univnt.ro\/?page_id=1661"},"modified":"2020-09-06T11:47:39","modified_gmt":"2020-09-06T11:47:39","slug":"acord-de-colaborare","status":"publish","type":"page","link":"https:\/\/www.univnt.ro\/index.php\/acord-de-colaborare\/","title":{"rendered":"ACORD DE COLABORARE"},"content":{"rendered":"\n<p><strong>MASTER PRIVIND<br>COOPERAREA INTERNA\u0162IONAL\u0102 \u00ceMPOTRIVA<br>CRIMINALIT\u0102\u0162II FINANCIARE TRANSNA\u0162IONALE ORGANIZATE<br><\/strong><br>ACORD DE COOPERARE<br>(CONVEN\u0162IE INTERUNIVERSITAR\u0102)<br><br>\u00eentre<br>UNIVERSITATEA DIN TERAMO, ITALIA<br>\u015fi<br>UNIVERSITATEA \u201dNICOLAE TITULESCU\u201d, BUCURESTI, ROMANIA<br>&nbsp;Link:<br><a href=\"http:\/\/www.unite.it\/UniTE\/Engine\/RAServeFile.php\/f\/master1112\/Call_A4.pdf\">http:\/\/www.unite.it\/UniTE\/Engine\/RAServeFile.php\/f\/master1112\/Call_A4.pdf<\/a><\/p>\n\n\n\n<p><strong>Preambul<br><\/strong><br>Av\u00e2nd \u00een vedere dispozi\u0163iile din articolul 23 din Decretul ministerial italian (Decreto ministeriale) nr. 262 din 5 august 2004, \u00een cadrul programelor de dezvoltare destinate procesului de interna\u0163ionalizare a sistemului universitar, Universitatea din Teramo \u015fi UNIVERSITATEA \u201dNICOLAE TITULESCU\u201d, Bucuresti, Romania, se angajeaz\u0103, prin prezentul acord, s\u0103 stabileasc\u0103 un Master International (\u00een limba englez\u0103), intitulat \u201eCooperarea interna\u0163ional\u0103 \u00eempotriva criminalit\u0103\u0163ii financiare transna\u0163ionale organizate\u201d, cu eliberarea unui titlu comun de Master.<br>Pentru a avea un impact asupra mediului na\u0163ional, regional \u015fi global \u00een care programul de cooperare va fi implementat, se va pune un accent special pe probleme juridice \u015fi sociale legate de prevenirea, urm\u0103rirea, judecarea \u015fi pedepsirea criminalit\u0103\u0163ii transna\u0163ionale, \u00een diferitele sale tipologii: traficul ilegal (de fiin\u0163e umane, droguri, arme de foc, de\u015feuri, materiale nucleare), infrac\u0163iunile privind mediul \u00eenconjur\u0103tor, corup\u0163ia, frauda, sp\u0103larea banilor, infrac\u0163iunile informatice, contrafacerea (de m\u0103rci, produse farmaceutice \u015fi de licen\u0163e), contrabanda, terorismul.<br>\u00cen \u00eendeplinirea acestui scop, institu\u0163iile academice, p\u0103r\u0163i contractante ale prezentului Acord de Cooperare, stabilesc urm\u0103toarele reguli de baz\u0103 privind colaborarea reciproc\u0103:<\/p>\n\n\n\n<p><strong>Articolul 1<\/strong><br><br>P\u0103r\u0163ile contractante se angajeaz\u0103 s\u0103 colaboreze \u00een toate domeniile de interes reciproc cu privire la Masterul men\u0163ionat \u00een Preambulul de mai sus. \u00cen special, fiecare partener trebuie s\u0103 desemneze un reprezentant \u00een scopul de a stabili un Consiliu al Masterului care va fi coordonat de un reprezentant al Universit\u0103\u0163ii din Teramo.<br>Programul de Master va consta \u00een:<br>1) pred\u0103ri \u015fi seminarii (care vor avea loc \u00een Teramo);<br>2) stagii la institu\u0163ii interna\u0163ionale ori activit\u0103\u0163i de cercetare \u00eentreprinse la universit\u0103\u0163ile partenere;<br>3) elaborarea \u015fi discutarea tezei de diserta\u0163ie;<br>pentru o sum\u0103 total\u0103 de \u015faizeci de credite.<br>P\u0103r\u0163ile Contractante vor promova cursul de Master, prin schimb de personal academic, exper\u0163i \u015fi cercet\u0103tori, \u015fi prin facilitarea activit\u0103\u0163ilor comune de educa\u0163ie \u015fi cercetare ale candida\u0163ilor la Master. Acestea pot include:<br>&#8211; Participarea cadrelor universitare \u015fi a exper\u0163ilor p\u0103r\u0163ilor contractante la activit\u0103\u0163ile didactice \u00een cadrul Masterului care vor avea loc \u00een Teramo;<br>&#8211; Posibilitatea studen\u0163ilor de la Master s\u0103 participe, \u00een timpul programului de cooperare, la activit\u0103\u0163i specifice de predare \u00een Universit\u0103\u0163ile P\u0103r\u0163i contractante, care se vor angaja la recunoa\u015fterea reciproc\u0103 a rezultatelor;<br>&#8211; Coordonarea \u015ftiin\u0163ific\u0103 a activit\u0103\u0163ilor de cercetare \u00eentreprinse \u00een timpul stagiilor la institu\u0163iile interna\u0163ionale sau la universit\u0103\u0163ile partenere;<br>&#8211; Supravegherea tezei finale a candida\u0163ilor la Master.<\/p>\n\n\n\n<p><strong>Articolul 2<\/strong><br><br>P\u0103r\u0163ile Contractante vor coopera \u00een organizarea de cursuri de Master \u00een domenii disciplinare de interes reciproc, \u00een timpul fazei preg\u0103titoare a Masterului.<\/p>\n\n\n\n<p><strong>Articolul 3<\/strong><\/p>\n\n\n\n<p>P\u0103r\u0163ile Contractante vor promova realizarea de proiecte \u015ftiin\u0163ifice \u015fi educa\u0163ionale \u00een cadrul disciplinelor programului de Master la sf\u00e2r\u015fitul perioadei didactice. Astfel de proiecte de cercetare, valorificate prin perioada de stagiu, vor fi finalizate cu elaborarea \u015fi publicarea de materiale \u015ftiin\u0163ifice care vor include, de asemenea, elaborarea de teze de Master.<br><br><strong>Articolul 4<\/strong><\/p>\n\n\n\n<p>Fiecare parte contractant\u0103 va avea posibilitatea de a:<br>a) utiliza rezultatele de cercetare \u015ftiin\u0163ific\u0103 efectuate \u00een cadrul programului de cooperare \u00een \u0163ara respectiv\u0103;<br>b) decide transferarea drepturilor de proprietate intelectual\u0103 cu privire la astfel de rezultate de acord cu cealalt\u0103 parte.<br>Protec\u0163ia subiectului tezei, precum \u015fi publicarea, utilizarea \u015fi protejarea rezultatelor cercet\u0103rii ob\u0163inute prin activit\u0103\u0163ile desf\u0103\u015furate de c\u0103tre candida\u0163i la Master \u00een diferite institu\u0163ii sunt reglementate de normele existente \u00een statele implicate \u00een proiect.<br><br><strong>Articolul 5<\/strong><\/p>\n\n\n\n<p>Fiecare &#8222;parte contractant\u0103 gazd\u0103&#8221;<a href=\"https:\/\/www.univnt.ro\/ro\/relatii_internationale.html#_ftn1\">[1]<\/a>&nbsp;va face eforturi pentru a oferi toate facilit\u0103\u0163ile tehnice \u015fi logistice pentru a asigura (prin serviciile universitare existente), realizarea corespunz\u0103toare a programului de cooperare \u015fi de schimb.<\/p>\n\n\n\n<p><strong>Articolul 6<\/strong><\/p>\n\n\n\n<p>Fiecare parte contractant\u0103 va furniza serviciile tehnice \u015fi logistice pentru realizarea programului de cooperare prin numirea unei persoane responsabile de activitatea de coordonare a programului \u015fi pentru schimbul de informa\u0163ii cu alte p\u0103r\u0163i.<br><br><strong>Articolul 7<\/strong><\/p>\n\n\n\n<p>P\u0103r\u0163ile contractante se angajeaz\u0103 s\u0103 implice \u00een programul de cooperare &#8222;organiza\u0163iile universitate relevante&#8221;, cum ar fi asocia\u0163iile \u015fi societ\u0103\u0163ile studen\u0163e\u015fti, precum \u015fi alte entit\u0103\u0163i ale societ\u0103\u0163ii civile, \u00een special a celor angajate \u00een lupta \u00eempotriva criminalit\u0103\u0163ii.<\/p>\n\n\n\n<p><strong>Articolul 8<\/strong><\/p>\n\n\n\n<p>Prezentul acord este valabil din momentul semn\u0103rii de c\u0103tre organele competente academice ale p\u0103r\u0163ilor contractante.<br>Acordul este valabil pentru un an \u015fi valabilitatea sa poate fi prelungit\u0103, dac\u0103 va fi posibil s\u0103 se ob\u0163in\u0103 alte finan\u0163\u0103ri pentru urm\u0103torii ani, f\u0103r\u0103 a fi nevoie de re\u00eennoirea consim\u0163\u0103m\u00e2ntului.<br><br><strong>Articolul 9<\/strong><\/p>\n\n\n\n<p>\u00cen orice caz de controverse legate de punerea \u00een aplicare a prezentului acord, litigiul se solu\u0163ioneaz\u0103 cu respectarea \u00een totalitate a deciziei Consiliului de Arbitraj format dintr-un jurist, indicat de c\u0103tre Universitatea din Teramo, un jurist indicat de c\u0103tre UNIVERSITATEA \u201dNICOLAE TITULESCU\u201d, Bucuresti, Rom\u00e2nia, \u015fi o a treia persoan\u0103, Pre\u015fedinte al Consiliului de Arbitraj, ales de c\u0103tre cei doi arbitri numi\u0163i.<br><\/p>\n\n\n\n<p>___________________________________________________________________________<br><br>Semn\u0103turile p\u0103r\u0163ilor contractante<\/p>\n\n\n\n<p>Pentru Universitatea din Teramo, Italia &nbsp;&nbsp;&nbsp;&nbsp;&nbsp;&nbsp;&nbsp;&nbsp;&nbsp;&nbsp;&nbsp; &nbsp; &nbsp; &nbsp; &nbsp; &nbsp; &nbsp; &nbsp; &nbsp; &nbsp; &nbsp; &nbsp; &nbsp; &nbsp; &nbsp; &nbsp; &nbsp; &nbsp; &nbsp; &nbsp; &nbsp; &nbsp; &nbsp; &nbsp;&nbsp; &nbsp; &nbsp; Pentru Universitatea \u201dNicolae Titulescu\u201d,<br>&nbsp;&nbsp;&nbsp;&nbsp;&nbsp;&nbsp;&nbsp;&nbsp;&nbsp;&nbsp;&nbsp;&nbsp;&nbsp;&nbsp;&nbsp;&nbsp;&nbsp;&nbsp;&nbsp;&nbsp;&nbsp;&nbsp;&nbsp;&nbsp;&nbsp;&nbsp;&nbsp;&nbsp;&nbsp;&nbsp;&nbsp;&nbsp;&nbsp;&nbsp;&nbsp;&nbsp;&nbsp;&nbsp;&nbsp;&nbsp;&nbsp;&nbsp;&nbsp;&nbsp;&nbsp;&nbsp;&nbsp;&nbsp;&nbsp;&nbsp;&nbsp;&nbsp;&nbsp;&nbsp;&nbsp;&nbsp;&nbsp;&nbsp;&nbsp;&nbsp;&nbsp;&nbsp;&nbsp;&nbsp;&nbsp;&nbsp;&nbsp;&nbsp;&nbsp;&nbsp;&nbsp;&nbsp;&nbsp; &nbsp; &nbsp; &nbsp; &nbsp;&nbsp; &nbsp;&nbsp;&nbsp; &nbsp; &nbsp; &nbsp; &nbsp; &nbsp; &nbsp; &nbsp; &nbsp; &nbsp; &nbsp; &nbsp; &nbsp; &nbsp; &nbsp; &nbsp; &nbsp; &nbsp; &nbsp; &nbsp; &nbsp; &nbsp; &nbsp; &nbsp; Bucuresti, Rom\u00e2nia<\/p>\n\n\n\n<p>Prof. Rita Tranquilli Leali &nbsp;&nbsp;&nbsp;&nbsp;&nbsp;&nbsp;&nbsp;&nbsp;&nbsp;&nbsp;&nbsp;&nbsp;&nbsp;&nbsp;&nbsp;&nbsp;&nbsp;&nbsp;&nbsp;&nbsp;&nbsp;&nbsp;&nbsp;&nbsp;&nbsp;&nbsp;&nbsp;&nbsp;&nbsp;&nbsp; &nbsp; &nbsp; &nbsp; &nbsp; &nbsp; &nbsp; &nbsp; &nbsp; &nbsp; &nbsp; &nbsp; &nbsp; &nbsp; &nbsp; &nbsp; &nbsp; &nbsp; &nbsp; &nbsp; &nbsp; &nbsp; &nbsp; &nbsp; &nbsp; &nbsp; &nbsp;&nbsp; &nbsp;&nbsp; Prof. univ. dr. Ion NEAGU<br><br>(Cancelar)&nbsp;&nbsp;&nbsp;&nbsp;&nbsp;&nbsp;&nbsp;&nbsp;&nbsp;&nbsp;&nbsp;&nbsp;&nbsp; &nbsp;&nbsp;&nbsp;&nbsp;&nbsp;&nbsp;&nbsp;&nbsp;&nbsp;&nbsp;&nbsp;&nbsp;&nbsp;&nbsp;&nbsp;&nbsp;&nbsp;&nbsp;&nbsp;&nbsp;&nbsp;&nbsp;&nbsp;&nbsp;&nbsp;&nbsp;&nbsp;&nbsp;&nbsp;&nbsp;&nbsp;&nbsp;&nbsp;&nbsp;&nbsp;&nbsp;&nbsp;&nbsp;&nbsp;&nbsp;&nbsp;&nbsp;&nbsp;&nbsp;&nbsp;&nbsp;&nbsp;&nbsp;&nbsp;&nbsp; &nbsp; &nbsp; &nbsp; &nbsp; &nbsp; &nbsp; &nbsp; &nbsp; &nbsp; &nbsp; &nbsp; &nbsp; &nbsp; &nbsp; &nbsp; &nbsp; &nbsp; &nbsp; &nbsp; &nbsp; &nbsp; &nbsp; &nbsp; &nbsp; (Rector)<br>Teramo&nbsp;&nbsp;&nbsp;&nbsp;&nbsp;&nbsp;&nbsp;&nbsp;&nbsp;&nbsp;&nbsp; &nbsp;&nbsp;&nbsp;&nbsp;&nbsp;&nbsp;&nbsp;&nbsp;&nbsp;&nbsp;&nbsp;&nbsp;&nbsp;&nbsp;&nbsp;&nbsp;&nbsp;&nbsp;&nbsp;&nbsp;&nbsp;&nbsp;&nbsp;&nbsp;&nbsp;&nbsp;&nbsp;&nbsp;&nbsp;&nbsp;&nbsp;&nbsp;&nbsp;&nbsp;&nbsp;&nbsp;&nbsp;&nbsp;&nbsp;&nbsp;&nbsp;&nbsp;&nbsp;&nbsp;&nbsp;&nbsp;&nbsp;&nbsp;&nbsp;&nbsp;&nbsp;&nbsp;&nbsp;&nbsp;&nbsp;&nbsp;&nbsp;&nbsp;&nbsp;&nbsp;&nbsp;&nbsp;&nbsp;&nbsp;&nbsp;&nbsp;&nbsp;&nbsp;&nbsp;&nbsp;&nbsp;&nbsp;&nbsp;&nbsp;&nbsp;&nbsp;&nbsp;&nbsp;&nbsp;&nbsp;&nbsp;&nbsp;&nbsp;&nbsp;&nbsp;&nbsp;&nbsp;&nbsp;&nbsp;&nbsp;&nbsp;&nbsp;&nbsp;&nbsp;&nbsp;&nbsp;&nbsp;&nbsp;&nbsp;&nbsp;&nbsp;&nbsp;&nbsp;&nbsp;&nbsp; Bucure\u015fti&nbsp;&nbsp;&nbsp;&nbsp;&nbsp;&nbsp;&nbsp;&nbsp;&nbsp;&nbsp;&nbsp;&nbsp;&nbsp;&nbsp;&nbsp;&nbsp;&nbsp;&nbsp;&nbsp;&nbsp;&nbsp;&nbsp;&nbsp;&nbsp;&nbsp;&nbsp;&nbsp;&nbsp;&nbsp;&nbsp;&nbsp;&nbsp;&nbsp;\n\n<\/p>\n","protected":false},"excerpt":{"rendered":"<p>MASTER PRIVINDCOOPERAREA INTERNA\u0162IONAL\u0102 \u00ceMPOTRIVACRIMINALIT\u0102\u0162II FINANCIARE TRANSNA\u0162IONALE ORGANIZATEACORD DE COOPERARE(CONVEN\u0162IE INTERUNIVERSITAR\u0102) \u00eentreUNIVERSITATEA DIN TERAMO, ITALIA\u015fiUNIVERSITATEA \u201dNICOLAE TITULESCU\u201d, BUCURESTI, ROMANIA&nbsp;Link:http:\/\/www.unite.it\/UniTE\/Engine\/RAServeFile.php\/f\/master1112\/Call_A4.pdf PreambulAv\u00e2nd \u00een &hellip; <\/p>\n","protected":false},"author":1,"featured_media":0,"parent":0,"menu_order":0,"comment_status":"closed","ping_status":"closed","template":"","meta":{"_mi_skip_tracking":false,"_monsterinsights_sitenote_active":false,"_monsterinsights_sitenote_note":"","_monsterinsights_sitenote_category":0,"footnotes":""},"class_list":["post-1661","page","type-page","status-publish","hentry"],"_links":{"self":[{"href":"https:\/\/www.univnt.ro\/index.php\/wp-json\/wp\/v2\/pages\/1661","targetHints":{"allow":["GET"]}}],"collection":[{"href":"https:\/\/www.univnt.ro\/index.php\/wp-json\/wp\/v2\/pages"}],"about":[{"href":"https:\/\/www.univnt.ro\/index.php\/wp-json\/wp\/v2\/types\/page"}],"author":[{"embeddable":true,"href":"https:\/\/www.univnt.ro\/index.php\/wp-json\/wp\/v2\/users\/1"}],"replies":[{"embeddable":true,"href":"https:\/\/www.univnt.ro\/index.php\/wp-json\/wp\/v2\/comments?post=1661"}],"version-history":[{"count":1,"href":"https:\/\/www.univnt.ro\/index.php\/wp-json\/wp\/v2\/pages\/1661\/revisions"}],"predecessor-version":[{"id":1663,"href":"https:\/\/www.univnt.ro\/index.php\/wp-json\/wp\/v2\/pages\/1661\/revisions\/1663"}],"wp:attachment":[{"href":"https:\/\/www.univnt.ro\/index.php\/wp-json\/wp\/v2\/media?parent=1661"}],"curies":[{"name":"wp","href":"https:\/\/api.w.org\/{rel}","templated":true}]}}