{"id":2325,"date":"2020-10-30T12:17:18","date_gmt":"2020-10-30T12:17:18","guid":{"rendered":"http:\/\/www.univnt.ro\/?page_id=2325"},"modified":"2025-06-19T07:52:28","modified_gmt":"2025-06-19T07:52:28","slug":"2019-2020-semestrul-1","status":"publish","type":"page","link":"https:\/\/www.univnt.ro\/index.php\/concursuri-cadre-didactice\/2019-2020-semestrul-1\/","title":{"rendered":"2019 &#8211; 2020 SEMESTRUL 1"},"content":{"rendered":"\n<h2 class=\"wp-block-heading\" id=\"block-d6e874b0-354a-4c97-af43-8fb59f6260cb\">SEMESTRUL 1 2019-2020<\/h2>\n\n\n\n<h3 class=\"wp-block-heading\" id=\"block-f8df84d5-b748-4506-bc62-d0a806f40cc5\">Concurs Public<\/h3>\n\n\n\n<p class=\"has-vivid-red-color has-text-color\" id=\"block-b40ca95d-9e6a-4ede-8fa9-b3b1ce58a83c\"><strong>Posturi vacante<\/strong><\/p>\n\n\n\n<ul class=\"wp-block-list\">\n<li><a href=\"https:\/\/www.univnt.ro\/wp-content\/uploads\/concursuri_cadre_didactice\/2019-2020\/Semestrul%201\/concurs_public\/01_Posturi_vacante\/01_anunt_posturi_vacante.pdf\">Posturi vacante<\/a><\/li>\n\n\n\n<li><a href=\"https:\/\/www.univnt.ro\/wp-content\/uploads\/concursuri_cadre_didactice\/2019-2020\/Semestrul%201\/concurs_public\/01_Posturi_vacante\/02_metodologie_concurs.pdf\">Metodologie concurs<\/a><\/li>\n\n\n\n<li><a href=\"https:\/\/www.univnt.ro\/wp-content\/uploads\/concursuri_cadre_didactice\/2019-2020\/Semestrul%201\/concurs_public\/01_Posturi_vacante\/03_asistent_%C8%99tiin%C8%9Be_penale_14_RO.pdf\">Asistent \u015etiin\u0163e penale 14<\/a><\/li>\n\n\n\n<li><a href=\"https:\/\/www.univnt.ro\/wp-content\/uploads\/concursuri_cadre_didactice\/2019-2020\/Semestrul%201\/concurs_public\/01_Posturi_vacante\/04_calendar%20desfasurare.pdf\">Calendar<\/a><\/li>\n<\/ul>\n\n\n\n<p class=\"has-vivid-red-color has-text-color\" id=\"block-0d33453a-c9ed-4905-b328-edd64082a385\"><strong>Tematica bibliografie examene<\/strong><\/p>\n\n\n\n<ul class=\"wp-block-list\">\n<li><a href=\"https:\/\/www.univnt.ro\/\/wp-content\/uploads\/concursuri_cadre_didactice\/2019-2020\/Semestrul 1\/concurs_public\/02_Tematica_bibliografie_examene\/01_Tematica_bibliografia_asistent_stiinte_penale.pdf\">Tematic\u0103 \u015fi bibliografie<\/a><\/li>\n<\/ul>\n\n\n\n<p class=\"has-vivid-red-color has-text-color\" id=\"block-4b6fbd22-2341-4fd4-bebd-157c97c1a9e9\"><strong>Candida\u0163i<\/strong><\/p>\n\n\n\n<ul class=\"wp-block-list\">\n<li><a href=\"https:\/\/www.univnt.ro\/wp-content\/uploads\/concursuri_cadre_didactice\/2019-2020\/Semestrul%201\/concurs_public\/03_Candidati\/1.%20CV%20Alin%20Nicolescu.pdf\">CV Alin Nicolescu<\/a><\/li>\n\n\n\n<li><a href=\"https:\/\/www.univnt.ro\/wp-content\/uploads\/concursuri_cadre_didactice\/2019-2020\/Semestrul%201\/concurs_public\/03_Candidati\/2.%20Fisa%20de%20verificare%20a%20indeplinirii%20standardelor.pdf\">Fi\u015f\u0103 de verifcare Alin Nicolescu<\/a><\/li>\n<\/ul>\n\n\n\n<p class=\"has-vivid-red-color has-text-color\" id=\"block-4238a168-9f12-43c1-9f83-30c2ac61c4c7\"><strong>Desf\u0103\u015furarea probelor practice<\/strong><\/p>\n\n\n\n<ul class=\"wp-block-list\">\n<li><a href=\"https:\/\/www.univnt.ro\/wp-content\/uploads\/concursuri_cadre_didactice\/2019-2020\/Semestrul%201\/concurs_public\/04_Desfasurarea_probelor_practice\/01_Planificare_probe_concurs.pdf\">Planificare probe concurs<\/a><\/li>\n\n\n\n<li><a href=\"https:\/\/www.univnt.ro\/wp-content\/uploads\/concursuri_cadre_didactice\/2019-2020\/Semestrul%201\/concurs_public\/04_Desfasurarea_probelor_practice\/02_Proba_practica_postul_de_asistent_stiinte_penale_14.pdf\">Prob\u0103 practic\u0103 Asistent \u015etiin\u0163e penale<\/a><\/li>\n<\/ul>\n\n\n\n<p class=\"has-vivid-red-color has-text-color\" id=\"block-2613783a-13c8-4c61-881d-185c55f48643\"><strong>Rezultate concurs<\/strong><\/p>\n\n\n\n<ul class=\"wp-block-list\">\n<li><a href=\"https:\/\/www.univnt.ro\/wp-content\/uploads\/concursuri_cadre_didactice\/2019-2020\/Semestrul%201\/concurs_public\/05_Rezultate_concurs\/01_rezultate_concurs.pdf\">Rezultate concurs<\/a><\/li>\n\n\n\n<li><a href=\"https:\/\/www.univnt.ro\/wp-content\/uploads\/concursuri_cadre_didactice\/2019-2020\/Semestrul%201\/concurs_public\/05_Rezultate_concurs\/02_Extras_PV_sedinta_consiliu_FD.pdf\">Extras din pv al consiliului facult\u0103\u0163ii de drept<\/a><\/li>\n<\/ul>\n\n\n\n<hr class=\"wp-block-separator has-css-opacity\"\/>\n\n\n\n<h3 class=\"wp-block-heading\" id=\"block-fb2e39f1-b92c-4c20-85e9-116c82e3dc57\">Examen promovare<\/h3>\n\n\n\n<p class=\"has-vivid-red-color has-text-color\" id=\"block-09c7b9ca-8423-44ab-99d6-978e2c05cfae\"><strong>Posturi vacante<\/strong><\/p>\n\n\n\n<ul class=\"wp-block-list\">\n<li><a href=\"https:\/\/www.univnt.ro\/wp-content\/uploads\/concursuri_cadre_didactice\/2019-2020\/Semestrul%201\/examen_promovare\/01_Posturi%20vacante\/01_anunt_posturi_vacante.pdf\">Anun\u0163 posturi vacante<\/a><\/li>\n\n\n\n<li><a href=\"https:\/\/www.univnt.ro\/wp-content\/uploads\/concursuri_cadre_didactice\/2019-2020\/Semestrul%201\/examen_promovare\/01_Posturi%20vacante\/02_metodologie_promovare_cariera%20didactica.pdf\">Metodologie promovare<\/a><\/li>\n\n\n\n<li><a href=\"https:\/\/www.univnt.ro\/wp-content\/uploads\/concursuri_cadre_didactice\/2019-2020\/Semestrul%201\/examen_promovare\/01_Posturi%20vacante\/03_Lector_Drept%20public_12.pdf\">Lector Drept public pozi\u0163ia 12<\/a><\/li>\n\n\n\n<li><a href=\"https:\/\/www.univnt.ro\/wp-content\/uploads\/concursuri_cadre_didactice\/2019-2020\/Semestrul%201\/examen_promovare\/01_Posturi%20vacante\/04_Lector_%C8%98tiin%C8%9Be%20penale_10.pdf\">Lector \u015etiin\u0163e penale pozi\u0163ia 10<\/a><\/li>\n\n\n\n<li><a href=\"https:\/\/www.univnt.ro\/wp-content\/uploads\/concursuri_cadre_didactice\/2019-2020\/Semestrul%201\/examen_promovare\/01_Posturi%20vacante\/05_Lector_Drept%20privat_16.pdf\">Lector Drept privat pozi\u0163ia 16<\/a><\/li>\n\n\n\n<li><a href=\"https:\/\/www.univnt.ro\/wp-content\/uploads\/concursuri_cadre_didactice\/2019-2020\/Semestrul%201\/examen_promovare\/01_Posturi%20vacante\/06_Lector_Drept%20privat_17.pdf\">Lector Drept privat pozi\u0163ia 17<\/a><\/li>\n\n\n\n<li><a href=\"https:\/\/www.univnt.ro\/wp-content\/uploads\/concursuri_cadre_didactice\/2019-2020\/Semestrul%201\/examen_promovare\/01_Posturi%20vacante\/07_Lector_%C8%98tiin%C8%9Be%20economice_24.pdf\">Lector \u015etiin\u0163e economice pozi\u0163ia 24<\/a><\/li>\n\n\n\n<li><a href=\"https:\/\/www.univnt.ro\/wp-content\/uploads\/concursuri_cadre_didactice\/2019-2020\/Semestrul%201\/examen_promovare\/01_Posturi%20vacante\/08_Lector_%C8%98tiin%C8%9Be%20economice_25.pdf\">Lector \u015etiin\u0163e economice pozi\u0163ia 25<\/a><\/li>\n\n\n\n<li><a href=\"https:\/\/www.univnt.ro\/wp-content\/uploads\/concursuri_cadre_didactice\/2019-2020\/Semestrul%201\/examen_promovare\/01_Posturi%20vacante\/09_Lector_%C8%98tiin%C8%9Be%20economice_26.pdf\">Lector \u015etiin\u0163e economice pozi\u0163ia 26<\/a><\/li>\n\n\n\n<li><a href=\"https:\/\/www.univnt.ro\/wp-content\/uploads\/concursuri_cadre_didactice\/2019-2020\/Semestrul%201\/examen_promovare\/01_Posturi%20vacante\/10_calendar_desfasurare_examen.pdf\">Calendar desf\u0103\u015furare examen<\/a><\/li>\n\n\n\n<li><a href=\"https:\/\/www.univnt.ro\/wp-content\/uploads\/concursuri_cadre_didactice\/2019-2020\/Semestrul%201\/examen_promovare\/01_Posturi%20vacante\/11_decizie_rector_comisii_examen_2019.pdf\">Decizie Rector<\/a><\/li>\n<\/ul>\n\n\n\n<p class=\"has-vivid-red-color has-text-color\" id=\"block-f8301116-fc57-4454-a941-ba74fde925ff\"><strong>Tematic\u0103 bibliografie examene<\/strong><\/p>\n\n\n\n<ul class=\"wp-block-list\">\n<li><a href=\"https:\/\/www.univnt.ro\/wp-content\/uploads\/concursuri_cadre_didactice\/2019-2020\/Semestrul%201\/examen_promovare\/02_Tematica_bibliografie_examene\/01_Tematica_bibliografia_lector_drept_public_12.pdf\">Lector Drept public pozi\u0163ia 12<\/a><\/li>\n\n\n\n<li><a href=\"https:\/\/www.univnt.ro\/wp-content\/uploads\/concursuri_cadre_didactice\/2019-2020\/Semestrul%201\/examen_promovare\/02_Tematica_bibliografie_examene\/02_Tematica_bibliografia_lector_stiinte_penale_10.pdf\">Lector \u015etiin\u0163e penale pozi\u0163ia 10<\/a><\/li>\n\n\n\n<li><a href=\"https:\/\/www.univnt.ro\/wp-content\/uploads\/concursuri_cadre_didactice\/2019-2020\/Semestrul%201\/examen_promovare\/02_Tematica_bibliografie_examene\/03_Tematica_bibliografia_lector_drept_privat_16.pdf\">Lector Drept privat pozi\u0163ia 16<\/a><\/li>\n\n\n\n<li><a href=\"https:\/\/www.univnt.ro\/wp-content\/uploads\/concursuri_cadre_didactice\/2019-2020\/Semestrul%201\/examen_promovare\/02_Tematica_bibliografie_examene\/04_Tematica_bibliografia_lector_drept_privat_17.pdf\">Lector Drept privat pozi\u0163ia 17<\/a><\/li>\n\n\n\n<li><a href=\"https:\/\/www.univnt.ro\/wp-content\/uploads\/concursuri_cadre_didactice\/2019-2020\/Semestrul%201\/examen_promovare\/02_Tematica_bibliografie_examene\/05_tematica_bibliografie_lector_stiinte_economice_24.pdf\">Lector \u015etiin\u0163e economice pozi\u0163ia 24<\/a><\/li>\n\n\n\n<li><a href=\"https:\/\/www.univnt.ro\/wp-content\/uploads\/concursuri_cadre_didactice\/2019-2020\/Semestrul%201\/examen_promovare\/02_Tematica_bibliografie_examene\/06_tematica_bibliografie_lector_stiinte_economice_25.pdf\">Lector \u015etiin\u0163e economice pozi\u0163ia 25<\/a><\/li>\n\n\n\n<li><a href=\"https:\/\/www.univnt.ro\/wp-content\/uploads\/concursuri_cadre_didactice\/2019-2020\/Semestrul%201\/examen_promovare\/02_Tematica_bibliografie_examene\/07_tematica_bibliografie_lector_stiinte_economice_26.pdf\">Lector \u015etiin\u0163e economice pozi\u0163ia 26<\/a><\/li>\n<\/ul>\n\n\n\n<p class=\"has-vivid-red-color has-text-color\"><strong>Candida\u0163i<\/strong><\/p>\n\n\n\n<ul>\n<details>\n  <summary>Lector Drept public pozi\u0163ia 12<\/summary>\n<ul>\n<li><a href=\"https:\/\/www.univnt.ro\/wp-content\/uploads\/concursuri_cadre_didactice\/2019-2020\/Semestrul 1\/examen_promovare\/03_Candidati\/01_Lector_Drept public_12\/1. Cv Alina Conea.pdf\">CV Alina Conea<\/a><\/li>\n<li><a href=\"https:\/\/www.univnt.ro\/wp-content\/uploads\/concursuri_cadre_didactice\/2019-2020\/Semestrul 1\/examen_promovare\/03_Candidati\/01_Lector_Drept public_12\/2. Lista de lucrari Alina Conea.pdf\">List\u0103 de lucr\u0103ri Alina Conea<\/a><\/li>\n<li><a href=\"https:\/\/www.univnt.ro\/wp-content\/uploads\/concursuri_cadre_didactice\/2019-2020\/Semestrul 1\/examen_promovare\/03_Candidati\/01_Lector_Drept public_12\/3. Fisa de verificare a indeplinirii standardelor.pdf\">Fis\u0103 de verificare a \u00eendeplinirii standardelor<\/a><\/li>\n<\/ul>\n<\/details>\n\n<details>\n  <summary>Lector \u015etiin\u0163e penale pozi\u0163ia 10 <\/summary>\n<ul>\n<li><a href=\"https:\/\/www.univnt.ro\/wp-content\/uploads\/concursuri_cadre_didactice\/2019-2020\/Semestrul 1\/examen_promovare\/03_Candidati\/02_Lector_\u0218tiin\u021be penale_10\/CV Slavoiu Radu.pdf\">CV Radu Sl\u0103voiu<\/a><\/li>\n<li><a href=\"https:\/\/www.univnt.ro\/wp-content\/uploads\/concursuri_cadre_didactice\/2019-2020\/Semestrul 1\/examen_promovare\/03_Candidati\/02_Lector_\u0218tiin\u021be penale_10\/Lista de lucrari Slavoiu Radu.pdf\">List\u0103 de lucr\u0103ri Radu Sl\u0103voiu<\/a><\/li>\n<li><a href=\"https:\/\/www.univnt.ro\/wp-content\/uploads\/concursuri_cadre_didactice\/2019-2020\/Semestrul 1\/examen_promovare\/03_Candidati\/02_Lector_\u0218tiin\u021be penale_10\/Fisa de verificare Radu Slavoiu.pdf\">Fis\u0103 de verificare a \u00eendeplinirii standardelor<\/a><\/li>\n<\/ul>\n<\/details>\n\n<details>\n<summary>Lector Drept privat pozi\u0163ia 16<\/summary>\n<ul>\n<li><a href=\"https:\/\/www.univnt.ro\/wp-content\/uploads\/concursuri_cadre_didactice\/2019-2020\/Semestrul 1\/examen_promovare\/03_Candidati\/03_Lector_Drept privat_16\/1. CV Carla Anghelescu.pdf\">CV Carla Anghelescu<\/a><\/li>\n<li><a href=\"https:\/\/www.univnt.ro\/wp-content\/uploads\/concursuri_cadre_didactice\/2019-2020\/Semestrul 1\/examen_promovare\/03_Candidati\/03_Lector_Drept privat_16\/2. Lista de lucrari Carla Anghelescu.pdf\">List\u0103 de lucr\u0103ri Carla Anghelescu<\/a><\/li>\n<li><a href=\"https:\/\/www.univnt.ro\/wp-content\/uploads\/concursuri_cadre_didactice\/2019-2020\/Semestrul 1\/examen_promovare\/03_Candidati\/03_Lector_Drept privat_16\/3. Fisa de verificare a indeplinirii standardelor Carla Anghelescu.pdf\">Fis\u0103 de verificare a \u00eendeplinirii standardelor<\/a><\/li>\n<\/ul>\n<\/details>\n\n<details>\n  <summary>Lector Drept privat pozi\u0163ia 17<\/summary>\n<ul>\n<li><a href=\"https:\/\/www.univnt.ro\/wp-content\/uploads\/concursuri_cadre_didactice\/2019-2020\/Semestrul 1\/examen_promovare\/03_Candidati\/04_Lector_Drept privat_17\/CV Paul George Buta.pdf\">CV Paul George Buta<\/a><\/li>\n<li><a href=\"https:\/\/www.univnt.ro\/wp-content\/uploads\/concursuri_cadre_didactice\/2019-2020\/Semestrul 1\/examen_promovare\/03_Candidati\/04_Lector_Drept privat_17\/Lista de lucrari publicate.pdf\">List\u0103 de lucr\u0103ri Paul George Buta<\/a><\/li>\n<li><a href=\"https:\/\/www.univnt.ro\/wp-content\/uploads\/concursuri_cadre_didactice\/2019-2020\/Semestrul 1\/examen_promovare\/03_Candidati\/04_Lector_Drept privat_17\/Fisa de verificare a indeplinirii standardelor.pdf\">Fis\u0103 de verificare a \u00eendeplinirii standardelor<\/a><\/li>\n<\/ul>\n<\/details>\n\n<details>\n  <summary>Lector \u015etiin\u0163e economice pozi\u0163ia 24<\/summary>\n<ul>\n<li><a href=\"https:\/\/www.univnt.ro\/wp-content\/uploads\/concursuri_cadre_didactice\/2019-2020\/Semestrul 1\/examen_promovare\/03_Candidati\/05_Lector _\u0218tiin\u021be economice_24\/CV EUROPASS_2019 Diamandescu Andrei.pdf\">CV Andrei Diamandescu<\/a><\/li>\n<li><a href=\"https:\/\/www.univnt.ro\/wp-content\/uploads\/concursuri_cadre_didactice\/2019-2020\/Semestrul 1\/examen_promovare\/03_Candidati\/05_Lector _\u0218tiin\u021be economice_24\/Lista lucrari Diamandescu Andrei.pdf\">List\u0103 de lucr\u0103ri Andrei Diamandescu<\/a><\/li>\n<li><a href=\"https:\/\/www.univnt.ro\/wp-content\/uploads\/concursuri_cadre_didactice\/2019-2020\/Semestrul 1\/examen_promovare\/03_Candidati\/05_Lector _\u0218tiin\u021be economice_24\/Fisa de verificare Diamandescu Andrei.pdf\">Fis\u0103 de verificare a \u00eendeplinirii standardelor<\/a><\/li>\n<\/ul>\n<\/details>\n\n<details>\n  <summary>Lector \u015etiin\u0163e economice pozi\u0163ia 25<\/summary>\n<ul>\n<li><a href=\"https:\/\/www.univnt.ro\/wp-content\/uploads\/concursuri_cadre_didactice\/2019-2020\/Semestrul 1\/examen_promovare\/03_Candidati\/06_Lector_\u0218tiin\u021be economice_25\/CV Panait Nicoleta.pdf\">CV Nicoleta Panait<\/a><\/li>\n<li><a href=\"https:\/\/www.univnt.ro\/wp-content\/uploads\/concursuri_cadre_didactice\/2019-2020\/Semestrul 1\/examen_promovare\/03_Candidati\/06_Lector_\u0218tiin\u021be economice_25\/Lista de lucrari Panait Nicoleta.pdf\">List\u0103 de lucr\u0103ri Nicoleta Panait<\/a><\/li>\n<li><a href=\"https:\/\/www.univnt.ro\/wp-content\/uploads\/concursuri_cadre_didactice\/2019-2020\/Semestrul 1\/examen_promovare\/03_Candidati\/06_Lector_\u0218tiin\u021be economice_25\/Fisa de verificare Panait Nicoleta.pdf\">Fis\u0103 de verificare a \u00eendeplinirii standardelor<\/a><\/li>\n<\/ul>\n<\/details>\n\n<details>\n  <summary>Lector \u015etiin\u0163e economice pozi\u0163ia 26<\/summary>\n<ul>\n<li><a href=\"https:\/\/www.univnt.ro\/wp-content\/uploads\/concursuri_cadre_didactice\/2019-2020\/Semestrul 1\/examen_promovare\/03_Candidati\/07_Lector_\u0218tiin\u021be economice 26\/CV - Loredana Nicolescu.pdf\">CV Loredana Nicolescu<\/a><\/li>\n<li><a href=\"https:\/\/www.univnt.ro\/wp-content\/uploads\/concursuri_cadre_didactice\/2019-2020\/Semestrul 1\/examen_promovare\/03_Candidati\/07_Lector_\u0218tiin\u021be economice 26\/Lista de lucrari Loredana Nicolescu.pdf\">List\u0103 de lucr\u0103ri Loredana Nicolescu<\/a><\/li>\n<li><a href=\"https:\/\/www.univnt.ro\/wp-content\/uploads\/concursuri_cadre_didactice\/2019-2020\/Semestrul 1\/examen_promovare\/03_Candidati\/07_Lector_\u0218tiin\u021be economice 26\/Fisa de verificare Loredana Nicolescu.pdf\">Fis\u0103 de verificare a \u00eendeplinirii standardelor<\/a><\/li>\n<\/ul>\n<\/details><\/ul>\n\n\n\n<p class=\"has-vivid-red-color has-text-color\"><strong>Desf\u0103\u015furarea probelor practice<\/strong><\/p>\n\n\n\n<ul>\n<details>\n  <summary>Planificarea probelor de examen<\/summary>\n<ul>\n<li><a href=\"https:\/\/www.univnt.ro\/wp-content\/uploads\/concursuri_cadre_didactice\/2019-2020\/Semestrul 1\/examen_promovare\/04_Desfasurarea_probelor_practice\/01_planificare_probe_examen\/01_Planificare_probe_examen_drept.pdf\">Planificarea examen Facultatea de Drept<\/a><\/li>\n<li><a href=\"https:\/\/www.univnt.ro\/wp-content\/uploads\/concursuri_cadre_didactice\/2019-2020\/Semestrul 1\/examen_promovare\/04_Desfasurarea_probelor_practice\/01_planificare_probe_examen\/02_Planificare_probe_examen_stiinte economice.pdf\">Planificarea examen Facultatea de Economie \u0219i Administrarea Afacerilor<\/a><\/li>\n<\/ul>\n<\/details>\n\n<details>\n  <summary>Tematica probei practice <\/summary>\n<ul>\n<li><a href=\"https:\/\/www.univnt.ro\/wp-content\/uploads\/concursuri_cadre_didactice\/2019-2020\/Semestrul 1\/examen_promovare\/04_Desfasurarea_probelor_practice\/02_tematica_proba_practica_examen\/01_Proba_practica_postul_de_lector_drept_public_12.pdf\">Prob\u0103 practic\u0103 lector Drept public 12<\/a><\/li>\n\n<li><a href=\"https:\/\/www.univnt.ro\/wp-content\/uploads\/concursuri_cadre_didactice\/2019-2020\/Semestrul 1\/examen_promovare\/04_Desfasurarea_probelor_practice\/02_tematica_proba_practica_examen\/02_Proba_practica_postul_de_lector_stiinte_penale_10.pdf\">Prob\u0103 practic\u0103 lector Drept public 10<\/a><\/li>\n\n<li><a href=\"https:\/\/www.univnt.ro\/wp-content\/uploads\/concursuri_cadre_didactice\/2019-2020\/Semestrul 1\/examen_promovare\/04_Desfasurarea_probelor_practice\/02_tematica_proba_practica_examen\/03_Proba_practica_postul_de_lector_drept_privat_16.pdf\">Prob\u0103 practic\u0103 lector Drept privat 16<\/a><\/li>\n\n<li><a href=\"https:\/\/www.univnt.ro\/wp-content\/uploads\/concursuri_cadre_didactice\/2019-2020\/Semestrul 1\/examen_promovare\/04_Desfasurarea_probelor_practice\/02_tematica_proba_practica_examen\/04_Proba_practica_postul_de_lector_drept_privat_17.pdf\">Prob\u0103 practic\u0103 lector Drept privat 17<\/a><\/li>\n\n<li><a href=\"https:\/\/www.univnt.ro\/wp-content\/uploads\/concursuri_cadre_didactice\/2019-2020\/Semestrul 1\/examen_promovare\/04_Desfasurarea_probelor_practice\/02_tematica_proba_practica_examen\/05_Proba_practica_postul_de_lector_stiinte_economice_24.pdf\">Prob\u0103 practic\u0103 lector \u0218tiin\u021be economice 24<\/a><\/li>\n\n<li><a href=\"https:\/\/www.univnt.ro\/wp-content\/uploads\/concursuri_cadre_didactice\/2019-2020\/Semestrul 1\/examen_promovare\/04_Desfasurarea_probelor_practice\/02_tematica_proba_practica_examen\/06_Proba_practica_postul_de_lector_stiinte_economice_25.doc.pdf\">Prob\u0103 practic\u0103 lector \u0218tiin\u021be economice 25<\/a><\/li>\n\n<li><a href=\"https:\/\/www.univnt.ro\/wp-content\/uploads\/concursuri_cadre_didactice\/2019-2020\/Semestrul 1\/examen_promovare\/04_Desfasurarea_probelor_practice\/02_tematica_proba_practica_examen\/07_Proba_practica_postul_de_lector_stiinte_economice_26.doc.pdf\">Prob\u0103 practic\u0103 lector \u0218tiin\u021be economice 26<\/a><\/li>\n\n<\/ul>\n<\/details>\n<\/ul>\n\n\n\n<p class=\"has-vivid-red-color has-text-color\" id=\"block-0a6bc589-b73b-4116-b3a7-89f8c1812eee\"><strong>Rezultate examen<\/strong><\/p>\n\n\n\n<ul class=\"wp-block-list\">\n<li><a href=\"https:\/\/www.univnt.ro\/wp-content\/uploads\/concursuri_cadre_didactice\/2019-2020\/Semestrul%201\/examen_promovare\/05_Rezultate_examen\/01_Rezultate_examen_FD.pdf\">Rezultate examen Facultatea de Drept<\/a><\/li>\n\n\n\n<li><a href=\"https:\/\/www.univnt.ro\/wp-content\/uploads\/concursuri_cadre_didactice\/2019-2020\/Semestrul%201\/examen_promovare\/05_Rezultate_examen\/02_Extras_PV_sedinta_consiliu_FD.pdf\">Extras din \u0219edin\u021ba consiliului Facult\u0103\u021bii de Drept<\/a><\/li>\n\n\n\n<li><a href=\"https:\/\/www.univnt.ro\/wp-content\/uploads\/concursuri_cadre_didactice\/2019-2020\/Semestrul%201\/examen_promovare\/05_Rezultate_examen\/03_Rezultate_examen_FEAA.pdf\">Rezultate examen Facultatea de Economie \u0219i Administrarea Afacerilor<\/a><\/li>\n\n\n\n<li><a href=\"https:\/\/www.univnt.ro\/wp-content\/uploads\/concursuri_cadre_didactice\/2019-2020\/Semestrul%201\/examen_promovare\/05_Rezultate_examen\/04_extras_PV_sedinta_consiliu_FEAA.pdf\">Extras din \u0219edin\u021ba consiliului Facult\u0103\u021bii de Economie \u0219i Administrarea Afacerilor<\/a><\/li>\n\n\n\n<li><a href=\"https:\/\/www.univnt.ro\/wp-content\/uploads\/concursuri_cadre_didactice\/2019-2020\/Semestrul%201\/examen_promovare\/05_Rezultate_examen\/05_Lista%20candidatilor%20promovati.pdf\">Lista candida\u021bilor promova\u021bi<\/a><\/li>\n<\/ul>\n","protected":false},"excerpt":{"rendered":"<p>SEMESTRUL 1 2019-2020 Concurs Public Posturi vacante Tematica bibliografie examene Candida\u0163i Desf\u0103\u015furarea probelor practice Rezultate concurs Examen promovare Posturi vacante &hellip; <\/p>\n","protected":false},"author":1,"featured_media":0,"parent":966,"menu_order":1,"comment_status":"closed","ping_status":"closed","template":"","meta":{"_mi_skip_tracking":false,"_monsterinsights_sitenote_active":false,"_monsterinsights_sitenote_note":"","_monsterinsights_sitenote_category":0,"footnotes":""},"class_list":["post-2325","page","type-page","status-publish","hentry"],"_links":{"self":[{"href":"https:\/\/www.univnt.ro\/index.php\/wp-json\/wp\/v2\/pages\/2325","targetHints":{"allow":["GET"]}}],"collection":[{"href":"https:\/\/www.univnt.ro\/index.php\/wp-json\/wp\/v2\/pages"}],"about":[{"href":"https:\/\/www.univnt.ro\/index.php\/wp-json\/wp\/v2\/types\/page"}],"author":[{"embeddable":true,"href":"https:\/\/www.univnt.ro\/index.php\/wp-json\/wp\/v2\/users\/1"}],"replies":[{"embeddable":true,"href":"https:\/\/www.univnt.ro\/index.php\/wp-json\/wp\/v2\/comments?post=2325"}],"version-history":[{"count":3,"href":"https:\/\/www.univnt.ro\/index.php\/wp-json\/wp\/v2\/pages\/2325\/revisions"}],"predecessor-version":[{"id":6717,"href":"https:\/\/www.univnt.ro\/index.php\/wp-json\/wp\/v2\/pages\/2325\/revisions\/6717"}],"up":[{"embeddable":true,"href":"https:\/\/www.univnt.ro\/index.php\/wp-json\/wp\/v2\/pages\/966"}],"wp:attachment":[{"href":"https:\/\/www.univnt.ro\/index.php\/wp-json\/wp\/v2\/media?parent=2325"}],"curies":[{"name":"wp","href":"https:\/\/api.w.org\/{rel}","templated":true}]}}