{"id":3034,"date":"2021-03-10T08:10:53","date_gmt":"2021-03-10T08:10:53","guid":{"rendered":"http:\/\/www.univnt.ro\/?page_id=3034"},"modified":"2023-11-02T08:25:55","modified_gmt":"2023-11-02T08:25:55","slug":"protectia-integritatii-organizatiilor","status":"publish","type":"page","link":"https:\/\/www.univnt.ro\/index.php\/facultati\/facultatea-de-relatii-internationale-si-administratie\/protectia-integritatii-organizatiilor\/","title":{"rendered":"PROTECTIA INTEGRITATII ORGANIZATIILOR"},"content":{"rendered":"\t\t<div data-elementor-type=\"wp-page\" data-elementor-id=\"3034\" class=\"elementor elementor-3034\" data-elementor-post-type=\"page\">\n\t\t\t\t\t\t<section class=\"elementor-section elementor-top-section elementor-element elementor-element-5eac1ce elementor-section-boxed elementor-section-height-default elementor-section-height-default\" data-id=\"5eac1ce\" data-element_type=\"section\">\n\t\t\t\t\t\t<div class=\"elementor-container elementor-column-gap-default\">\n\t\t\t\t\t<div class=\"elementor-column elementor-col-100 elementor-top-column elementor-element elementor-element-cad5ccc\" data-id=\"cad5ccc\" data-element_type=\"column\">\n\t\t\t<div class=\"elementor-widget-wrap elementor-element-populated\">\n\t\t\t\t\t\t\t<\/div>\n\t\t<\/div>\n\t\t\t\t\t<\/div>\n\t\t<\/section>\n\t\t\t\t<section class=\"elementor-section elementor-top-section elementor-element elementor-element-bfb9a53 elementor-section-boxed elementor-section-height-default elementor-section-height-default\" data-id=\"bfb9a53\" data-element_type=\"section\">\n\t\t\t\t\t\t<div class=\"elementor-container elementor-column-gap-default\">\n\t\t\t\t\t<div class=\"elementor-column elementor-col-100 elementor-top-column elementor-element elementor-element-b26dcb6\" data-id=\"b26dcb6\" data-element_type=\"column\">\n\t\t\t<div class=\"elementor-widget-wrap elementor-element-populated\">\n\t\t\t\t\t\t<div class=\"elementor-element elementor-element-b9db8c6 elementor-widget elementor-widget-accordion\" data-id=\"b9db8c6\" data-element_type=\"widget\" data-widget_type=\"accordion.default\">\n\t\t\t\t<div class=\"elementor-widget-container\">\n\t\t\t\t\t\t\t<div class=\"elementor-accordion\">\n\t\t\t\t\t\t\t<div class=\"elementor-accordion-item\">\n\t\t\t\t\t<div id=\"elementor-tab-title-1941\" class=\"elementor-tab-title\" data-tab=\"1\" role=\"button\" aria-controls=\"elementor-tab-content-1941\" aria-expanded=\"false\">\n\t\t\t\t\t\t\t\t\t\t\t\t\t<span class=\"elementor-accordion-icon elementor-accordion-icon-left\" aria-hidden=\"true\">\n\t\t\t\t\t\t\t\t\t\t\t\t\t\t\t<span class=\"elementor-accordion-icon-closed\"><i class=\"fas fa-plus\"><\/i><\/span>\n\t\t\t\t\t\t\t\t<span class=\"elementor-accordion-icon-opened\"><i class=\"fas fa-minus\"><\/i><\/span>\n\t\t\t\t\t\t\t\t\t\t\t\t\t\t<\/span>\n\t\t\t\t\t\t\t\t\t\t\t\t<a class=\"elementor-accordion-title\" tabindex=\"0\">AVIZIER<\/a>\n\t\t\t\t\t<\/div>\n\t\t\t\t\t<div id=\"elementor-tab-content-1941\" class=\"elementor-tab-content elementor-clearfix\" data-tab=\"1\" role=\"region\" aria-labelledby=\"elementor-tab-title-1941\"><p style=\"text-align: center;\"><a href=\"https:\/\/www.univnt.ro\/index.php\/category\/protectia-integritatii-organizatiilor\"><strong><button type=\"button\">Vezi anun\u021buri!<\/button><\/strong><\/a><\/p><\/div>\n\t\t\t\t<\/div>\n\t\t\t\t\t\t\t<div class=\"elementor-accordion-item\">\n\t\t\t\t\t<div id=\"elementor-tab-title-1942\" class=\"elementor-tab-title\" data-tab=\"2\" role=\"button\" aria-controls=\"elementor-tab-content-1942\" aria-expanded=\"false\">\n\t\t\t\t\t\t\t\t\t\t\t\t\t<span class=\"elementor-accordion-icon elementor-accordion-icon-left\" aria-hidden=\"true\">\n\t\t\t\t\t\t\t\t\t\t\t\t\t\t\t<span class=\"elementor-accordion-icon-closed\"><i class=\"fas fa-plus\"><\/i><\/span>\n\t\t\t\t\t\t\t\t<span class=\"elementor-accordion-icon-opened\"><i class=\"fas fa-minus\"><\/i><\/span>\n\t\t\t\t\t\t\t\t\t\t\t\t\t\t<\/span>\n\t\t\t\t\t\t\t\t\t\t\t\t<a class=\"elementor-accordion-title\" tabindex=\"0\">ORAR<\/a>\n\t\t\t\t\t<\/div>\n\t\t\t\t\t<div id=\"elementor-tab-content-1942\" class=\"elementor-tab-content elementor-clearfix\" data-tab=\"2\" role=\"region\" aria-labelledby=\"elementor-tab-title-1942\"><p style=\"text-align: center;\"><strong>Anul universitar<\/strong><\/p><p style=\"text-align: center;\"><strong><button type=\"button\">Anul 1<\/button>\u00a0<button type=\"button\">Anul 2<\/button><\/strong><\/p><\/div>\n\t\t\t\t<\/div>\n\t\t\t\t\t\t\t<div class=\"elementor-accordion-item\">\n\t\t\t\t\t<div id=\"elementor-tab-title-1943\" class=\"elementor-tab-title\" data-tab=\"3\" role=\"button\" aria-controls=\"elementor-tab-content-1943\" aria-expanded=\"false\">\n\t\t\t\t\t\t\t\t\t\t\t\t\t<span class=\"elementor-accordion-icon elementor-accordion-icon-left\" aria-hidden=\"true\">\n\t\t\t\t\t\t\t\t\t\t\t\t\t\t\t<span class=\"elementor-accordion-icon-closed\"><i class=\"fas fa-plus\"><\/i><\/span>\n\t\t\t\t\t\t\t\t<span class=\"elementor-accordion-icon-opened\"><i class=\"fas fa-minus\"><\/i><\/span>\n\t\t\t\t\t\t\t\t\t\t\t\t\t\t<\/span>\n\t\t\t\t\t\t\t\t\t\t\t\t<a class=\"elementor-accordion-title\" tabindex=\"0\">EXAMENE<\/a>\n\t\t\t\t\t<\/div>\n\t\t\t\t\t<div id=\"elementor-tab-content-1943\" class=\"elementor-tab-content elementor-clearfix\" data-tab=\"3\" role=\"region\" aria-labelledby=\"elementor-tab-title-1943\"><p style=\"text-align: center;\"><strong>Anul universitar\u00a0<\/strong><\/p>\n<p style=\"text-align: center;\"><strong><button type=\"button\">Anul 1<\/button> <button type=\"button\">Anul 2<\/button><\/strong><\/p><\/div>\n\t\t\t\t<\/div>\n\t\t\t\t\t\t\t<div class=\"elementor-accordion-item\">\n\t\t\t\t\t<div id=\"elementor-tab-title-1944\" class=\"elementor-tab-title\" data-tab=\"4\" role=\"button\" aria-controls=\"elementor-tab-content-1944\" aria-expanded=\"false\">\n\t\t\t\t\t\t\t\t\t\t\t\t\t<span class=\"elementor-accordion-icon elementor-accordion-icon-left\" aria-hidden=\"true\">\n\t\t\t\t\t\t\t\t\t\t\t\t\t\t\t<span class=\"elementor-accordion-icon-closed\"><i class=\"fas fa-plus\"><\/i><\/span>\n\t\t\t\t\t\t\t\t<span class=\"elementor-accordion-icon-opened\"><i class=\"fas fa-minus\"><\/i><\/span>\n\t\t\t\t\t\t\t\t\t\t\t\t\t\t<\/span>\n\t\t\t\t\t\t\t\t\t\t\t\t<a class=\"elementor-accordion-title\" tabindex=\"0\">REEXAMIN\u0102RI<\/a>\n\t\t\t\t\t<\/div>\n\t\t\t\t\t<div id=\"elementor-tab-content-1944\" class=\"elementor-tab-content elementor-clearfix\" data-tab=\"4\" role=\"region\" aria-labelledby=\"elementor-tab-title-1944\"><p style=\"text-align: center;\"><strong>Anul universitar\u00a0<\/strong><\/p>\n<p style=\"text-align: center;\"><strong><button type=\"button\">Anul 1<\/button>\u00a0<button type=\"button\">Anul 2<\/button><\/strong><\/p><\/div>\n\t\t\t\t<\/div>\n\t\t\t\t\t\t\t<div class=\"elementor-accordion-item\">\n\t\t\t\t\t<div id=\"elementor-tab-title-1945\" class=\"elementor-tab-title\" data-tab=\"5\" role=\"button\" aria-controls=\"elementor-tab-content-1945\" aria-expanded=\"false\">\n\t\t\t\t\t\t\t\t\t\t\t\t\t<span class=\"elementor-accordion-icon elementor-accordion-icon-left\" aria-hidden=\"true\">\n\t\t\t\t\t\t\t\t\t\t\t\t\t\t\t<span class=\"elementor-accordion-icon-closed\"><i class=\"fas fa-plus\"><\/i><\/span>\n\t\t\t\t\t\t\t\t<span class=\"elementor-accordion-icon-opened\"><i class=\"fas fa-minus\"><\/i><\/span>\n\t\t\t\t\t\t\t\t\t\t\t\t\t\t<\/span>\n\t\t\t\t\t\t\t\t\t\t\t\t<a class=\"elementor-accordion-title\" tabindex=\"0\">RESTAN\u0162E<\/a>\n\t\t\t\t\t<\/div>\n\t\t\t\t\t<div id=\"elementor-tab-content-1945\" class=\"elementor-tab-content elementor-clearfix\" data-tab=\"5\" role=\"region\" aria-labelledby=\"elementor-tab-title-1945\"><p style=\"text-align: center;\"><strong>Anul universitar\u00a0<\/strong><\/p>\n<p style=\"text-align: center;\"><strong><button type=\"button\">Anul 1<\/button><\/strong><\/p><\/div>\n\t\t\t\t<\/div>\n\t\t\t\t\t\t\t<div class=\"elementor-accordion-item\">\n\t\t\t\t\t<div id=\"elementor-tab-title-1946\" class=\"elementor-tab-title\" data-tab=\"6\" role=\"button\" aria-controls=\"elementor-tab-content-1946\" aria-expanded=\"false\">\n\t\t\t\t\t\t\t\t\t\t\t\t\t<span class=\"elementor-accordion-icon elementor-accordion-icon-left\" aria-hidden=\"true\">\n\t\t\t\t\t\t\t\t\t\t\t\t\t\t\t<span class=\"elementor-accordion-icon-closed\"><i class=\"fas fa-plus\"><\/i><\/span>\n\t\t\t\t\t\t\t\t<span class=\"elementor-accordion-icon-opened\"><i class=\"fas fa-minus\"><\/i><\/span>\n\t\t\t\t\t\t\t\t\t\t\t\t\t\t<\/span>\n\t\t\t\t\t\t\t\t\t\t\t\t<a class=\"elementor-accordion-title\" tabindex=\"0\">STRUCTURA ANULUI UNIVERSITAR<\/a>\n\t\t\t\t\t<\/div>\n\t\t\t\t\t<div id=\"elementor-tab-content-1946\" class=\"elementor-tab-content elementor-clearfix\" data-tab=\"6\" role=\"region\" aria-labelledby=\"elementor-tab-title-1946\"><p style=\"text-align: center;\"><strong><button type=\"button\">vezi structura!<\/button><\/strong><\/p><\/div>\n\t\t\t\t<\/div>\n\t\t\t\t\t\t\t<div class=\"elementor-accordion-item\">\n\t\t\t\t\t<div id=\"elementor-tab-title-1947\" class=\"elementor-tab-title\" data-tab=\"7\" role=\"button\" aria-controls=\"elementor-tab-content-1947\" aria-expanded=\"false\">\n\t\t\t\t\t\t\t\t\t\t\t\t\t<span class=\"elementor-accordion-icon elementor-accordion-icon-left\" aria-hidden=\"true\">\n\t\t\t\t\t\t\t\t\t\t\t\t\t\t\t<span class=\"elementor-accordion-icon-closed\"><i class=\"fas fa-plus\"><\/i><\/span>\n\t\t\t\t\t\t\t\t<span class=\"elementor-accordion-icon-opened\"><i class=\"fas fa-minus\"><\/i><\/span>\n\t\t\t\t\t\t\t\t\t\t\t\t\t\t<\/span>\n\t\t\t\t\t\t\t\t\t\t\t\t<a class=\"elementor-accordion-title\" tabindex=\"0\">DISCIPLINE<\/a>\n\t\t\t\t\t<\/div>\n\t\t\t\t\t<div id=\"elementor-tab-content-1947\" class=\"elementor-tab-content elementor-clearfix\" data-tab=\"7\" role=\"region\" aria-labelledby=\"elementor-tab-title-1947\"><p style=\"text-align: center;\"><strong><button type=\"button\">Planuri de \u00eenv\u0103\u021b\u0103m\u00e2nt<\/button><\/strong><\/p><\/div>\n\t\t\t\t<\/div>\n\t\t\t\t\t\t\t\t<\/div>\n\t\t\t\t\t\t<\/div>\n\t\t\t\t<\/div>\n\t\t\t\t\t<\/div>\n\t\t<\/div>\n\t\t\t\t\t<\/div>\n\t\t<\/section>\n\t\t\t\t<section class=\"elementor-section elementor-top-section elementor-element elementor-element-8df0aa1 elementor-section-boxed elementor-section-height-default elementor-section-height-default\" data-id=\"8df0aa1\" data-element_type=\"section\">\n\t\t\t\t\t\t<div class=\"elementor-container elementor-column-gap-default\">\n\t\t\t\t\t<div class=\"elementor-column elementor-col-100 elementor-top-column elementor-element elementor-element-4cfa795\" data-id=\"4cfa795\" data-element_type=\"column\">\n\t\t\t<div class=\"elementor-widget-wrap elementor-element-populated\">\n\t\t\t\t\t\t<div class=\"elementor-element elementor-element-a1cc2d6 elementor-widget elementor-widget-text-editor\" data-id=\"a1cc2d6\" data-element_type=\"widget\" data-widget_type=\"text-editor.default\">\n\t\t\t\t<div class=\"elementor-widget-container\">\n\t\t\t\t\t\t\t\t\t<p>Programul de studii de masterat &#8211; <strong>Protec\u021bia Integrit\u0103\u021bii Organiza\u021biilor<\/strong> &#8211; r\u0103spunde noilor cerin\u021be care se manifest\u0103 pe pia\u021ba for\u021bei de munc\u0103 din Rom\u00e2nia, exist\u00e2nd o cerere mare de speciali\u0219ti \u00een domeniul protec\u021biei integrit\u0103\u021bii organiza\u021biilor publice \u0219i private. Persoanele care ocup\u0103 diverse func\u021bii \u00een cadrul organiza\u021biilor trebuie s\u0103 dob\u00e2ndeasc\u0103 anumite competen\u021be noi, a c\u0103ror necesitate a ap\u0103rut ca urmare a schimb\u0103rii legisla\u021biei \u0219i a standardelor administrative la nivel european \u0219i na\u021bional, dintre care amintim: regulile de integritate organiza\u021bional\u0103; regulile de protec\u021bie \u00eempotriva corup\u021biei; regulile de manipulare a datelor cu caracter personal; sistemul de prevenire \u0219i combatere a sp\u0103l\u0103rii banilor; managementul riscurilor; codurile de integritate; avertizorii de integritate; ofi\u021berii de integritate \u0219.a.<\/p><p><strong>Scurt\u0103 descriere a calific\u0103rilor vizate pe domeniu:<\/strong><\/p><ol><li>Responsabil cu protectia datelor cu caracter personal(Cod COR: 242231)<\/li><li>Inspector de integritate (Cod COR: 242209)<\/li><li>Administrator public(Cod COR: 247008)<\/li><\/ol><p>Programul de studii de respectiv este organizat potrivit criteriilor, standardelor \u015fi indicatorilor de performan\u0163\u0103 stabili\u0163i de Agen\u021bia Rom\u00e2n\u0103 de Asigurare a Calit\u0103\u021bii \u00een \u00cenv\u0103\u021b\u0103m\u00e2ntul Superior (ARACIS). Programul este planificat s\u0103 se desf\u0103\u015foare pe durata a 4 semestre, av\u00e2nd ca prioritate cercetarea \u015ftiin\u0163ific\u0103, dar asigur\u00e2nd \u00een acela\u015fi timp \u015fi preg\u0103tire profesional\u0103, prin acumularea de cuno\u015ftin\u0163e teoretice \u015fi competen\u0163e practice, f\u0103c\u00e2nd astfel posibil\u0103 dezvoltarea carierei \u00een domeniul \u015ftiin\u0163elor administrative. Programul de master are caracter dinamic prin continua armonizare cu programele de \u00eenv\u0103\u0163\u0103m\u00e2nt la nivel european \u015fi, mai ales, prin promovarea parteneriatului cu facult\u0103\u0163i de profil din Europa.<\/p><p><div class='yrm-content yrm-content-18 yrm-content-hide' id='yrm-YDNG3' data-id='18' data-show-status='false' data-after-action='' style=\"visibility: hidden;height: 0;\">\n\t\t\t<div id='yrm-inner-content-yrm-YDNG3' class='yrm-inner-content-wrapper yrm-cntent-18'><\/p><p>Programul de studii de master <strong>Protec\u0163ia Integrit\u0103\u0163ii Organiza\u0163iilor<\/strong> urm\u0103re\u015fte calific\u0103ri profesionale specifice administra\u0163iei publice. Astfel, acest program are ca misiune preg\u0103tirea licen\u021bia\u021bilor \u00een administra\u021bie public\u0103, rela\u021bii europene \u0219i studii europene, \u0219tiin\u021be economice etc. \u00een domeniul protec\u021biei integrit\u0103\u021bii organiza\u021biilor, domemiu care a devenit un element esen\u021bial pentru buna func\u021bionare \u0219i succesul social al oric\u0103rei organiza\u021bii.<\/p><p>Planul de \u00eenv\u0103\u0163\u0103m\u00e2nt abordeaz\u0103 domeniul larg al protec\u0163iei integrit\u0103\u0163ii organiza\u0163iilor, \u00een contextul socio-economic actual. Disciplinele ce vor fi studiate pe parcursul celor doi ani sunt structurate \u00een a\u0219a fel \u00eenc\u00e2t s\u0103 ofere at\u00e2t o perspectiv\u0103 teoretic\u0103 c\u00e2t \u0219i una practic\u0103 \u00een acest domeniu.<\/p><p>Obiectivele programului de studii de master<strong> Protec\u021bia Integrit\u0103\u021bii Organiza\u0163iilor<\/strong> pot fi sintetizate astfel:<\/p><ul><li>s\u0103 permit\u0103 masteranzilor acumularea unor cuno\u015ftin\u0163e aprofundate privind protec\u021bia integrit\u0103\u021bii \u00een organiza\u021biile publice \u0219i private, precum \u0219i \u00eensu\u015firea practicilor de lucru moderne pentru o carier\u0103 profesional\u0103 de succes \u00een domeniu;<\/li><li>s\u0103 contribuie la formarea unui corp de manageri publici sau priva\u021bi profesioni\u015fti cu abilit\u0103\u0163i \u015fi cuno\u015ftin\u0163e avansate \u00een protec\u021bia integrit\u0103\u021bii organiza\u021biilor;<\/li><li>s\u0103 \u00eei preg\u0103teasc\u0103 pe masteranzi s\u0103 aplice teoriile manageriale \u015fi instrumentele de analiz\u0103, pentru a aborda cu succes viitoarele responsabilit\u0103\u0163ile ca manageri publici sau priva\u021bi.<\/li><\/ul><p>Debu\u015feele profesionale ale absolven\u0163ilor specializ\u0103rii programului de studii de master sunt:<\/p><ul><li>organiza\u021bii publice din toate domeniile;<\/li><li>organiza\u0163ii economice publice sau private pentru func\u021bii sau ocupa\u021bii precum: DPO, ofi\u021beri de etic\u0103 \u0219i integritate; persoane responsabile cu politicile contra sp\u0103l\u0103rii banilor sau anticorup\u021bie; manageri de risc;<\/li><li>asocia\u0163ii \u015fi funda\u0163ii care func\u0163ioneaz\u0103 \u00een scopuri nonprofit \u015fi \u00een slujba cet\u0103\u0163enilor;<\/li><li>institu\u021bii financiare sau bancare;<\/li><li>auditori specializa\u021bi \u00een domeniul protec\u021biei integrit\u0103\u021bii;<\/li><\/ul><p>activit\u0103\u0163i de cercetare, consultan\u021b\u0103 sau consiliere \u00een domeniul protec\u021biei integrit\u0103\u021bii \u0219i managementului riscurilor<\/p><p><\/div>\n\t\t<\/div><div class='yrm-btn-wrapper yrm-btn-wrapper-18 yrm-more-button-wrapper  '\n\t\tdata-custom-more-class-name='' data-custom-less-class-name=''><span title='' data-less-title='' data-more-title='' class='yrm-toggle-expand  yrm-toggle-expand-18 ' data-rel='yrm-YDNG3' data-more='Mai mult' data-less='Mai pu\u021bin'><span class='yrm-text-wrapper yrm-text-wrapper-custom-dimensions'><span class=\"yrm-button-text-18 yrm-button-text-span\">Mai mult<\/span><\/span><\/span><\/div><\/p>\t\t\t\t\t\t\t\t<\/div>\n\t\t\t\t<\/div>\n\t\t\t\t\t<\/div>\n\t\t<\/div>\n\t\t\t\t\t<\/div>\n\t\t<\/section>\n\t\t\t\t<section class=\"elementor-section elementor-top-section elementor-element elementor-element-21c6866 elementor-section-boxed elementor-section-height-default elementor-section-height-default\" data-id=\"21c6866\" data-element_type=\"section\">\n\t\t\t\t\t\t<div class=\"elementor-container elementor-column-gap-default\">\n\t\t\t\t\t<div class=\"elementor-column elementor-col-100 elementor-top-column elementor-element elementor-element-4bfa31c\" data-id=\"4bfa31c\" data-element_type=\"column\">\n\t\t\t<div class=\"elementor-widget-wrap elementor-element-populated\">\n\t\t\t\t\t\t<div class=\"elementor-element elementor-element-a0e2f2f elementor-widget elementor-widget-html\" data-id=\"a0e2f2f\" data-element_type=\"widget\" data-widget_type=\"html.default\">\n\t\t\t\t<div class=\"elementor-widget-container\">\n\t\t\t\t\t<script> \r\njQuery(document).ready(function($) { \r\nvar delay = 100; setTimeout(function() { \r\n$('.elementor-tab-title').removeClass('elementor-active');\r\n $('.elementor-tab-content').css('display', 'none'); }, delay); \r\n}); \r\n<\/script>\t\t\t\t<\/div>\n\t\t\t\t<\/div>\n\t\t\t\t\t<\/div>\n\t\t<\/div>\n\t\t\t\t\t<\/div>\n\t\t<\/section>\n\t\t\t\t<\/div>\n\t\t","protected":false},"excerpt":{"rendered":"<p>AVIZIER Vezi anun\u021buri! ORAR Anul universitar Anul 1\u00a0Anul 2 EXAMENE Anul universitar\u00a0 Anul 1 Anul 2 REEXAMIN\u0102RI Anul universitar\u00a0 Anul &hellip; <\/p>\n","protected":false},"author":1,"featured_media":0,"parent":134,"menu_order":0,"comment_status":"closed","ping_status":"closed","template":"","meta":{"_mi_skip_tracking":false,"_monsterinsights_sitenote_active":false,"_monsterinsights_sitenote_note":"","_monsterinsights_sitenote_category":0,"footnotes":""},"class_list":["post-3034","page","type-page","status-publish","hentry"],"_links":{"self":[{"href":"https:\/\/www.univnt.ro\/index.php\/wp-json\/wp\/v2\/pages\/3034","targetHints":{"allow":["GET"]}}],"collection":[{"href":"https:\/\/www.univnt.ro\/index.php\/wp-json\/wp\/v2\/pages"}],"about":[{"href":"https:\/\/www.univnt.ro\/index.php\/wp-json\/wp\/v2\/types\/page"}],"author":[{"embeddable":true,"href":"https:\/\/www.univnt.ro\/index.php\/wp-json\/wp\/v2\/users\/1"}],"replies":[{"embeddable":true,"href":"https:\/\/www.univnt.ro\/index.php\/wp-json\/wp\/v2\/comments?post=3034"}],"version-history":[{"count":29,"href":"https:\/\/www.univnt.ro\/index.php\/wp-json\/wp\/v2\/pages\/3034\/revisions"}],"predecessor-version":[{"id":8546,"href":"https:\/\/www.univnt.ro\/index.php\/wp-json\/wp\/v2\/pages\/3034\/revisions\/8546"}],"up":[{"embeddable":true,"href":"https:\/\/www.univnt.ro\/index.php\/wp-json\/wp\/v2\/pages\/134"}],"wp:attachment":[{"href":"https:\/\/www.univnt.ro\/index.php\/wp-json\/wp\/v2\/media?parent=3034"}],"curies":[{"name":"wp","href":"https:\/\/api.w.org\/{rel}","templated":true}]}}