{"id":304,"date":"2020-07-10T11:20:14","date_gmt":"2020-07-10T11:20:14","guid":{"rendered":"http:\/\/www.univnt.ro\/?page_id=304"},"modified":"2023-01-10T12:16:44","modified_gmt":"2023-01-10T12:16:44","slug":"departament-id","status":"publish","type":"page","link":"https:\/\/www.univnt.ro\/index.php\/departament-id\/","title":{"rendered":"DEPARTAMENT ID"},"content":{"rendered":"\t\t<div data-elementor-type=\"wp-page\" data-elementor-id=\"304\" class=\"elementor elementor-304\" data-elementor-post-type=\"page\">\n\t\t\t\t\t\t<section class=\"elementor-section elementor-top-section elementor-element elementor-element-2f93a15 elementor-section-boxed elementor-section-height-default elementor-section-height-default\" data-id=\"2f93a15\" data-element_type=\"section\">\n\t\t\t\t\t\t<div class=\"elementor-container elementor-column-gap-default\">\n\t\t\t\t\t<div class=\"elementor-column elementor-col-100 elementor-top-column elementor-element elementor-element-6d6d1a6c\" data-id=\"6d6d1a6c\" data-element_type=\"column\">\n\t\t\t<div class=\"elementor-widget-wrap elementor-element-populated\">\n\t\t\t\t\t\t<div class=\"elementor-element elementor-element-7a3cf3d0 elementor-widget elementor-widget-text-editor\" data-id=\"7a3cf3d0\" data-element_type=\"widget\" data-widget_type=\"text-editor.default\">\n\t\t\t\t<div class=\"elementor-widget-container\">\n\t\t\t\t\t\t\t\t\t<p><\/p>\n<p><strong>Prezentarea modului concret de desf\u0103\u015furare a activit\u0103\u0163ilor \u00een cadrul programului ID<\/strong>&nbsp;&nbsp;<\/p>\n<p><\/p>\n<p><\/p>\n<p>&nbsp; Contact :&nbsp;<strong>departament_id@univnt.ro<\/strong><\/p>\n<p><\/p>\n<p><\/p>\n<p>&nbsp;&nbsp;&nbsp;&nbsp;Dezvolt\u0103rile recente din domeniul tehnologiilor informa\u0163ionale \u015fi cel al comunica\u0163iilor au produs o schimbare esen\u0163ial\u0103 at\u00e2t \u00een planul necesit\u0103\u0163ilor de dob\u00e2ndire a cuno\u015ftin\u0163elor \u015fi a capacit\u0103\u0163ii de a r\u0103spunde acestora, c\u00e2t \u015fi \u00een modul \u00een care sunt oferite programele de studiu \u00een cadrul institu\u0163iilor de \u00eenv\u0103\u0163\u0103m\u00e2nt. Principala modificare se refer\u0103 la oferta de \u00eenv\u0103\u0163\u0103m\u00e2nt centrat\u0103 pe nevoile studentului, care \u00eel plaseaz\u0103 \u00een centrul procesului de \u00eenv\u0103\u0163\u0103m\u00e2nt \u015fi la integrarea tehnologic\u0103 a resurselor de \u00eenv\u0103\u0163\u0103m\u00e2nt distribuite. Din acest punct de vedere, ID se concentreaz\u0103 mai mult pe modul \u00een care studentul \u00eenva\u0163\u0103 \u015fi mai pu\u0163in asupra locului \u00een care acesta \u00eenva\u0163\u0103.<\/p>\n<p>\u00cenv\u0103\u0163\u0103m\u00e2ntul la Distan\u0163\u0103 implic\u0103 utilizarea unei game largi de tehnologii de \u00eenv\u0103\u0163\u0103m\u00e2nt: materiale de studiu tip\u0103rite, tehnici audio \u015fi video interactive, multimedia, tele-cursuri tehnologii de \u00eenv\u0103\u0163are mediate de calculator sau re\u0163ele de calculatoare, etc. Prin natura sa, ID este o form\u0103 flexibil\u0103 de educa\u0163ie, \u00eentruc\u00e2t ofer\u0103 studen\u0163ilor posibilitatea de a opta asupra locului \u015fi timpului \u00een care s\u0103 se instruiasc\u0103. De asemenea, ID ofer\u0103 studen\u0163ilor posibilitatea de a studia individual, la locul de munc\u0103 sau acas\u0103 \u015fi de a desf\u0103\u015fura activit\u0103\u0163i de \u00eenv\u0103\u0163\u0103m\u00e2nt \u00een grup, \u00een centre ID situate la distan\u0163\u0103 fa\u0163\u0103 de institu\u0163ia de \u00eenv\u0103\u0163\u0103m\u00e2nt.<\/p>\n<p><\/p>\t\t\t\t\t\t\t\t<\/div>\n\t\t\t\t<\/div>\n\t\t\t\t\t<\/div>\n\t\t<\/div>\n\t\t\t\t\t<\/div>\n\t\t<\/section>\n\t\t\t\t<section class=\"elementor-section elementor-top-section elementor-element elementor-element-7199570 elementor-section-boxed elementor-section-height-default elementor-section-height-default\" data-id=\"7199570\" data-element_type=\"section\">\n\t\t\t\t\t\t<div class=\"elementor-container elementor-column-gap-default\">\n\t\t\t\t\t<div class=\"elementor-column elementor-col-100 elementor-top-column elementor-element elementor-element-a40526c\" data-id=\"a40526c\" data-element_type=\"column\">\n\t\t\t<div class=\"elementor-widget-wrap elementor-element-populated\">\n\t\t\t\t\t\t<div class=\"elementor-element elementor-element-5015c50 elementor-widget elementor-widget-accordion\" data-id=\"5015c50\" data-element_type=\"widget\" data-widget_type=\"accordion.default\">\n\t\t\t\t<div class=\"elementor-widget-container\">\n\t\t\t\t\t\t\t<div class=\"elementor-accordion\">\n\t\t\t\t\t\t\t<div class=\"elementor-accordion-item\">\n\t\t\t\t\t<div id=\"elementor-tab-title-8391\" class=\"elementor-tab-title\" data-tab=\"1\" role=\"button\" aria-controls=\"elementor-tab-content-8391\" aria-expanded=\"false\">\n\t\t\t\t\t\t\t\t\t\t\t\t\t<span class=\"elementor-accordion-icon elementor-accordion-icon-left\" aria-hidden=\"true\">\n\t\t\t\t\t\t\t\t\t\t\t\t\t\t\t<span class=\"elementor-accordion-icon-closed\"><i class=\"fas fa-plus\"><\/i><\/span>\n\t\t\t\t\t\t\t\t<span class=\"elementor-accordion-icon-opened\"><i class=\"fas fa-minus\"><\/i><\/span>\n\t\t\t\t\t\t\t\t\t\t\t\t\t\t<\/span>\n\t\t\t\t\t\t\t\t\t\t\t\t<a class=\"elementor-accordion-title\" tabindex=\"0\">Durat\u0103\/finalizare<\/a>\n\t\t\t\t\t<\/div>\n\t\t\t\t\t<div id=\"elementor-tab-content-8391\" class=\"elementor-tab-content elementor-clearfix\" data-tab=\"1\" role=\"region\" aria-labelledby=\"elementor-tab-title-8391\"><p>Durata studiilor ID este de 3 (4) ani \u015fi asigur\u0103 o preg\u0103tire echivalent\u0103 cu cea a studen\u0163ilor de la forma cu frecventa. Absolvirea studiilor confer\u0103 studen\u0163ilor ID dreptul la o diplom\u0103 de licen\u0163iat \u00een specializarea aleas\u0103, cu toate drepturile legale pe care aceasta le ofer\u0103 ulterior \u00een c\u00e2mpul muncii.<\/p>\n<p>Ca institu\u0163ie acreditat\u0103, Universitatea \u201eNicolae Titulescu\u201d din Bucure\u015fti are dreptul de a organiza examenele de licen\u0163\u0103 la specializ\u0103rile Drept, Administratie Publica, Contabilitate \u0219i Informatic\u0103 de Gestiune, Administrarea Afacerilor .<\/p><\/div>\n\t\t\t\t<\/div>\n\t\t\t\t\t\t\t<div class=\"elementor-accordion-item\">\n\t\t\t\t\t<div id=\"elementor-tab-title-8392\" class=\"elementor-tab-title\" data-tab=\"2\" role=\"button\" aria-controls=\"elementor-tab-content-8392\" aria-expanded=\"false\">\n\t\t\t\t\t\t\t\t\t\t\t\t\t<span class=\"elementor-accordion-icon elementor-accordion-icon-left\" aria-hidden=\"true\">\n\t\t\t\t\t\t\t\t\t\t\t\t\t\t\t<span class=\"elementor-accordion-icon-closed\"><i class=\"fas fa-plus\"><\/i><\/span>\n\t\t\t\t\t\t\t\t<span class=\"elementor-accordion-icon-opened\"><i class=\"fas fa-minus\"><\/i><\/span>\n\t\t\t\t\t\t\t\t\t\t\t\t\t\t<\/span>\n\t\t\t\t\t\t\t\t\t\t\t\t<a class=\"elementor-accordion-title\" tabindex=\"0\">Specificul \u00eenv\u0103\u0163\u0103m\u00e2ntului la distan\u0163\u0103 const\u0103 \u00een:<\/a>\n\t\t\t\t\t<\/div>\n\t\t\t\t\t<div id=\"elementor-tab-content-8392\" class=\"elementor-tab-content elementor-clearfix\" data-tab=\"2\" role=\"region\" aria-labelledby=\"elementor-tab-title-8392\"><p>* \u00eenlocuirea orelor de curs cu studiul individual<\/p>\n<p>* \u00eenlocuirea activit\u0103\u0163ilor clasice de seminar cu activit\u0103\u0163i tutoriale \u015fi de evaluare pe parcurs (prin teme de control)<\/p>\n<p>Activit\u0103\u0163ile tutoriale sunt de dou\u0103 categorii: directe (fa\u0163\u0103 \u00een fa\u0163\u0103) \u015fi indirecte (la distan\u0163\u0103, prin utilizarea mijloacelor de comunicare bidirec\u0163ional\u0103)<\/p>\n<p>Activit\u0103\u0163ile tutoriale directe presupun 2 \u2013 3 \u00eent\u00e2lniri pe semestru ale studen\u0163ilor cu tutorele desemnat pe fiecare disciplin\u0103 de studiu. Aceste tutoriate directe se programeaz\u0103 \u00een zilele de vineri\/s\u00e2mb\u0103t\u0103\/duminic\u0103 la un interval de timp de 2 \u2013 3 s\u0103pt\u0103m\u00e2ni.<\/p>\n<p>Activit\u0103\u0163ile tutoriale indirecte presupun comunicarea student \u2013 tutore prin intermediul platformei eLis, , e-mail, telefon, fax, po\u015ft\u0103 pe problemele curente de preg\u0103tire profesional\u0103.<\/p>\n<p>Men\u0163inerea activit\u0103\u0163ilor aplicative (laborator, proiecte, practic\u0103) la acela\u015fi num\u0103r de ore ca \u015fi la forma de \u00eenv\u0103\u0163\u0103m\u00e2nt cu frecventa, av\u00e2nd totodat\u0103 caracter obligatoriu.<\/p><\/div>\n\t\t\t\t<\/div>\n\t\t\t\t\t\t\t<div class=\"elementor-accordion-item\">\n\t\t\t\t\t<div id=\"elementor-tab-title-8393\" class=\"elementor-tab-title\" data-tab=\"3\" role=\"button\" aria-controls=\"elementor-tab-content-8393\" aria-expanded=\"false\">\n\t\t\t\t\t\t\t\t\t\t\t\t\t<span class=\"elementor-accordion-icon elementor-accordion-icon-left\" aria-hidden=\"true\">\n\t\t\t\t\t\t\t\t\t\t\t\t\t\t\t<span class=\"elementor-accordion-icon-closed\"><i class=\"fas fa-plus\"><\/i><\/span>\n\t\t\t\t\t\t\t\t<span class=\"elementor-accordion-icon-opened\"><i class=\"fas fa-minus\"><\/i><\/span>\n\t\t\t\t\t\t\t\t\t\t\t\t\t\t<\/span>\n\t\t\t\t\t\t\t\t\t\t\t\t<a class=\"elementor-accordion-title\" tabindex=\"0\">Admiterea pe baza mediei de bacalaureat \u015fi \u00een limita locurilor disponibile.<\/a>\n\t\t\t\t\t<\/div>\n\t\t\t\t\t<div id=\"elementor-tab-content-8393\" class=\"elementor-tab-content elementor-clearfix\" data-tab=\"3\" role=\"region\" aria-labelledby=\"elementor-tab-title-8393\"><p>Actele necesare la \u00eenscriere sunt:\u2013 cerere-tip de \u00eenscriere; \u2013 diploma de bacalaureat,original \u0219i copie simpl\u0103, certificat\u0103 asupra conformit\u0103\u021bii cu originalul (pentru absolven\u0163ii promo\u0163iei curente, adeverin\u0163\u0103 de bacalaureat, cu indicarea mediei de absolvire); \u2013 foaia matricol\u0103 original \u0219i copie simpl\u0103, certificat\u0103 asupra conformit\u0103\u021bii cu originalul; \u2013 carte\/buletin de identitate, copie; \u2013 certificat de na\u015ftere, original \u0219i copie simpl\u0103, certificat\u0103 asupra conformit\u0103\u021bii cu originalul; \u2013 certificat de c\u0103s\u0103torie, dac\u0103 este cazul, original \u0219i copie simpl\u0103, certificat\u0103 asupra conformit\u0103\u021bii cu originalul; \u2013 adeverin\u0163\u0103 medical\u0103 (de la liceu sau de la medicul de familie, cu valabilitate de 6 luni); \u2013 3 fotografii tip buletin\/carte de identitate; \u2013 un dosar plic; \u2013 100 lei tax\u0103 de \u00eenscriere. \u00censcrierea se face la secretariatul facult\u0103\u0163ii.<\/p>\n<p>\u00censcrierea se face la secretariatul facult\u0103\u0163ii.<\/p>\n<p>Candidatului i se prezint\u0103 contractul de studii pe care \u00eel cite\u015fte \u015fi \u00eel semneaz\u0103, urm\u00e2nd ca \u00een intervalul de timp men\u0163ionat s\u0103 se prezinte pentru achitarea taxei de \u015fcolarizare \u00een una din modalit\u0103\u0163ile specificate.<\/p>\n<p>Rela\u0163iile suplimentare se pot ob\u0163ine la secretariatul universit\u0103\u0163ii din Calea V\u0103c\u0103re\u015fti nr. 185, sector 4, telefon (021) 330.90.32; (021) 330.90.76; (021) 330.88.64 \/int. 228, 229, 230, 253.<\/p><\/div>\n\t\t\t\t<\/div>\n\t\t\t\t\t\t\t<div class=\"elementor-accordion-item\">\n\t\t\t\t\t<div id=\"elementor-tab-title-8394\" class=\"elementor-tab-title\" data-tab=\"4\" role=\"button\" aria-controls=\"elementor-tab-content-8394\" aria-expanded=\"false\">\n\t\t\t\t\t\t\t\t\t\t\t\t\t<span class=\"elementor-accordion-icon elementor-accordion-icon-left\" aria-hidden=\"true\">\n\t\t\t\t\t\t\t\t\t\t\t\t\t\t\t<span class=\"elementor-accordion-icon-closed\"><i class=\"fas fa-plus\"><\/i><\/span>\n\t\t\t\t\t\t\t\t<span class=\"elementor-accordion-icon-opened\"><i class=\"fas fa-minus\"><\/i><\/span>\n\t\t\t\t\t\t\t\t\t\t\t\t\t\t<\/span>\n\t\t\t\t\t\t\t\t\t\t\t\t<a class=\"elementor-accordion-title\" tabindex=\"0\">Taxele de \u015fcolarizare pentru anul curent de \u00eenv\u0103\u0163\u0103m\u00e2nt:<\/a>\n\t\t\t\t\t<\/div>\n\t\t\t\t\t<div id=\"elementor-tab-content-8394\" class=\"elementor-tab-content elementor-clearfix\" data-tab=\"4\" role=\"region\" aria-labelledby=\"elementor-tab-title-8394\"><p><a href=\"https:\/\/www.univnt.ro\/index.php\/taxe-scolarizare\/\">click aici<\/a><\/p>\n<p>Taxa de studiu include:<\/p>\n<p>* materialele de curs (pe suport electronic) pentru toate disciplinele de studiu, materiale realizate \u00een tehnologie ID<\/p>\n<p>* activit\u0103\u0163ile tutoriale directe \u015fi la distan\u0163\u0103<\/p>\n<p>* activit\u0103\u0163ile aplicative asistate<\/p>\n<p>* accesul la bilioteca universit\u0103\u0163ii<\/p>\n<p>* examin\u0103ri (fiecare student are dreptul la dou\u0103 examin\u0103ri pentru aceea\u015fi disciplin\u0103, \u00eencep\u00e2nd cu a treia examinare este obligat s\u0103 achite o tax\u0103 de reexaminare;)<\/p><\/div>\n\t\t\t\t<\/div>\n\t\t\t\t\t\t\t<div class=\"elementor-accordion-item\">\n\t\t\t\t\t<div id=\"elementor-tab-title-8395\" class=\"elementor-tab-title\" data-tab=\"5\" role=\"button\" aria-controls=\"elementor-tab-content-8395\" aria-expanded=\"false\">\n\t\t\t\t\t\t\t\t\t\t\t\t\t<span class=\"elementor-accordion-icon elementor-accordion-icon-left\" aria-hidden=\"true\">\n\t\t\t\t\t\t\t\t\t\t\t\t\t\t\t<span class=\"elementor-accordion-icon-closed\"><i class=\"fas fa-plus\"><\/i><\/span>\n\t\t\t\t\t\t\t\t<span class=\"elementor-accordion-icon-opened\"><i class=\"fas fa-minus\"><\/i><\/span>\n\t\t\t\t\t\t\t\t\t\t\t\t\t\t<\/span>\n\t\t\t\t\t\t\t\t\t\t\t\t<a class=\"elementor-accordion-title\" tabindex=\"0\">Modul de distribuire a resurselor de \u00eenv\u0103\u0163\u0103m\u00e2nt<\/a>\n\t\t\t\t\t<\/div>\n\t\t\t\t\t<div id=\"elementor-tab-content-8395\" class=\"elementor-tab-content elementor-clearfix\" data-tab=\"5\" role=\"region\" aria-labelledby=\"elementor-tab-title-8395\"><p>Procedura de distribuire comport\u0103 o anumit\u0103 flexibilitate \u00een func\u0163ie de natura suportului utilizat \u015fi care va cunoa\u015fte un proces accelerat de adaptare la cerin\u0163ele noilor tehnologii ID odat\u0103 cu reajustarea componentelor hard \u015fi soft, dar \u015fi a analizei modului concret de func\u0163ionare, inclusiv a reac\u0163iei de r\u0103spuns din partea beneficiarilor \u00eentregului sistem \u2013 studen\u0163ii \u00eenscri\u015fi la aceast\u0103 form\u0103 de \u00eenv\u0103\u0163\u0103m\u00e2nt.<\/p>\n<p>\u00cen prim\u0103 instan\u0163\u0103, din anul universitar 2003 \u2013 2004 oferim studen\u0163ilor urm\u0103toarele resurse de \u00eenv\u0103\u0163\u0103m\u00e2nt:<\/p>\n<p>\u2013 suporturi de curs \u00een format specific ID<\/p>\n<p>\u2013 suporturi de curs disponibilizate pe serverele de comunica\u0163ii, \u00een condi\u0163ii securizate \u015fi monitorizate;<\/p>\n<p>\u2013 informa\u0163ii pe suport electronic privind titlurile de material bibliografic structurate pe specializ\u0103ri ce pot fi accesate la biblioteca universit\u0103\u0163ii.<\/p><\/div>\n\t\t\t\t<\/div>\n\t\t\t\t\t\t\t<div class=\"elementor-accordion-item\">\n\t\t\t\t\t<div id=\"elementor-tab-title-8396\" class=\"elementor-tab-title\" data-tab=\"6\" role=\"button\" aria-controls=\"elementor-tab-content-8396\" aria-expanded=\"false\">\n\t\t\t\t\t\t\t\t\t\t\t\t\t<span class=\"elementor-accordion-icon elementor-accordion-icon-left\" aria-hidden=\"true\">\n\t\t\t\t\t\t\t\t\t\t\t\t\t\t\t<span class=\"elementor-accordion-icon-closed\"><i class=\"fas fa-plus\"><\/i><\/span>\n\t\t\t\t\t\t\t\t<span class=\"elementor-accordion-icon-opened\"><i class=\"fas fa-minus\"><\/i><\/span>\n\t\t\t\t\t\t\t\t\t\t\t\t\t\t<\/span>\n\t\t\t\t\t\t\t\t\t\t\t\t<a class=\"elementor-accordion-title\" tabindex=\"0\">Evaluarea cuno\u015ftin\u0163elor studentului se realizeaz\u0103 prin:<\/a>\n\t\t\t\t\t<\/div>\n\t\t\t\t\t<div id=\"elementor-tab-content-8396\" class=\"elementor-tab-content elementor-clearfix\" data-tab=\"6\" role=\"region\" aria-labelledby=\"elementor-tab-title-8396\"><p>examene, colocvii, referate, proiecte, verific\u0103ri pe parcurs, teme de control precum \u015fi prin orice alt\u0103 modalitate stabilit\u0103 de profesor. Prin promovarea unei discipline, adic\u0103 prin ob\u0163inerea notei minime 5 (cinci) sau a calificativului \u201eadmis\u201d, studen\u0163ii ob\u0163in creditele alocate acelei discipline prin planul de \u00eenv\u0103\u0163\u0103m\u00e2nt.<\/p><\/div>\n\t\t\t\t<\/div>\n\t\t\t\t\t\t\t<div class=\"elementor-accordion-item\">\n\t\t\t\t\t<div id=\"elementor-tab-title-8397\" class=\"elementor-tab-title\" data-tab=\"7\" role=\"button\" aria-controls=\"elementor-tab-content-8397\" aria-expanded=\"false\">\n\t\t\t\t\t\t\t\t\t\t\t\t\t<span class=\"elementor-accordion-icon elementor-accordion-icon-left\" aria-hidden=\"true\">\n\t\t\t\t\t\t\t\t\t\t\t\t\t\t\t<span class=\"elementor-accordion-icon-closed\"><i class=\"fas fa-plus\"><\/i><\/span>\n\t\t\t\t\t\t\t\t<span class=\"elementor-accordion-icon-opened\"><i class=\"fas fa-minus\"><\/i><\/span>\n\t\t\t\t\t\t\t\t\t\t\t\t\t\t<\/span>\n\t\t\t\t\t\t\t\t\t\t\t\t<a class=\"elementor-accordion-title\" tabindex=\"0\">Programarea activit\u0103\u0163ilor tutoriale<\/a>\n\t\t\t\t\t<\/div>\n\t\t\t\t\t<div id=\"elementor-tab-content-8397\" class=\"elementor-tab-content elementor-clearfix\" data-tab=\"7\" role=\"region\" aria-labelledby=\"elementor-tab-title-8397\"><p>aplicative \u015fi de verificare este stabilit\u0103 la \u00eenceputul fiec\u0103rui semestru \u00een:<\/p>\n<p>* centralizatorul activit\u0103\u0163ilor studen\u0163ilor;<\/p>\n<p>* setul de calendare pentru disciplinele de studiu, cuprinz\u00e2nd tematica cursului \u015fi programarea activit\u0103\u0163ilor tutoriale, aplicative \u015fi de verificare.<\/p>\n<p>Informa\u0163iile despre orar pot fi accesate de la distan\u0163\u0103 \u015fi se vor g\u0103si de asemenea la panourile din holul facult\u0103\u0163ii.<\/p><\/div>\n\t\t\t\t<\/div>\n\t\t\t\t\t\t\t<div class=\"elementor-accordion-item\">\n\t\t\t\t\t<div id=\"elementor-tab-title-8398\" class=\"elementor-tab-title\" data-tab=\"8\" role=\"button\" aria-controls=\"elementor-tab-content-8398\" aria-expanded=\"false\">\n\t\t\t\t\t\t\t\t\t\t\t\t\t<span class=\"elementor-accordion-icon elementor-accordion-icon-left\" aria-hidden=\"true\">\n\t\t\t\t\t\t\t\t\t\t\t\t\t\t\t<span class=\"elementor-accordion-icon-closed\"><i class=\"fas fa-plus\"><\/i><\/span>\n\t\t\t\t\t\t\t\t<span class=\"elementor-accordion-icon-opened\"><i class=\"fas fa-minus\"><\/i><\/span>\n\t\t\t\t\t\t\t\t\t\t\t\t\t\t<\/span>\n\t\t\t\t\t\t\t\t\t\t\t\t<a class=\"elementor-accordion-title\" tabindex=\"0\">Facilit\u0103\u0163i<\/a>\n\t\t\t\t\t<\/div>\n\t\t\t\t\t<div id=\"elementor-tab-content-8398\" class=\"elementor-tab-content elementor-clearfix\" data-tab=\"8\" role=\"region\" aria-labelledby=\"elementor-tab-title-8398\"><p><a href=\"http:\/\/admitere.univnt.ro\/facilitati\/\">click aici.<\/a><\/p><\/div>\n\t\t\t\t<\/div>\n\t\t\t\t\t\t\t\t<\/div>\n\t\t\t\t\t\t<\/div>\n\t\t\t\t<\/div>\n\t\t\t\t\t<\/div>\n\t\t<\/div>\n\t\t\t\t\t<\/div>\n\t\t<\/section>\n\t\t\t\t<section class=\"elementor-section elementor-top-section elementor-element elementor-element-0fbd895 elementor-section-boxed elementor-section-height-default elementor-section-height-default\" data-id=\"0fbd895\" data-element_type=\"section\">\n\t\t\t\t\t\t<div class=\"elementor-container elementor-column-gap-default\">\n\t\t\t\t\t<div class=\"elementor-column elementor-col-100 elementor-top-column elementor-element elementor-element-c6dbcae\" data-id=\"c6dbcae\" data-element_type=\"column\">\n\t\t\t<div class=\"elementor-widget-wrap elementor-element-populated\">\n\t\t\t\t\t\t<div class=\"elementor-element elementor-element-dfeda62 elementor-widget elementor-widget-html\" data-id=\"dfeda62\" data-element_type=\"widget\" data-widget_type=\"html.default\">\n\t\t\t\t<div class=\"elementor-widget-container\">\n\t\t\t\t\t<script> \r\njQuery(document).ready(function($) { \r\nvar delay = 100; setTimeout(function() { \r\n$('.elementor-tab-title').removeClass('elementor-active');\r\n $('.elementor-tab-content').css('display', 'none'); }, delay); \r\n}); \r\n<\/script>\t\t\t\t<\/div>\n\t\t\t\t<\/div>\n\t\t\t\t\t<\/div>\n\t\t<\/div>\n\t\t\t\t\t<\/div>\n\t\t<\/section>\n\t\t\t\t<\/div>\n\t\t","protected":false},"excerpt":{"rendered":"<p>Prezentarea modului concret de desf\u0103\u015furare a activit\u0103\u0163ilor \u00een cadrul programului ID&nbsp;&nbsp; &nbsp; Contact :&nbsp;departament_id@univnt.ro &nbsp;&nbsp;&nbsp;&nbsp;Dezvolt\u0103rile recente din domeniul tehnologiilor informa\u0163ionale &hellip; <\/p>\n","protected":false},"author":1,"featured_media":0,"parent":0,"menu_order":0,"comment_status":"closed","ping_status":"closed","template":"","meta":{"_mi_skip_tracking":false,"_monsterinsights_sitenote_active":false,"_monsterinsights_sitenote_note":"","_monsterinsights_sitenote_category":0,"footnotes":""},"class_list":["post-304","page","type-page","status-publish","hentry"],"_links":{"self":[{"href":"https:\/\/www.univnt.ro\/index.php\/wp-json\/wp\/v2\/pages\/304","targetHints":{"allow":["GET"]}}],"collection":[{"href":"https:\/\/www.univnt.ro\/index.php\/wp-json\/wp\/v2\/pages"}],"about":[{"href":"https:\/\/www.univnt.ro\/index.php\/wp-json\/wp\/v2\/types\/page"}],"author":[{"embeddable":true,"href":"https:\/\/www.univnt.ro\/index.php\/wp-json\/wp\/v2\/users\/1"}],"replies":[{"embeddable":true,"href":"https:\/\/www.univnt.ro\/index.php\/wp-json\/wp\/v2\/comments?post=304"}],"version-history":[{"count":44,"href":"https:\/\/www.univnt.ro\/index.php\/wp-json\/wp\/v2\/pages\/304\/revisions"}],"predecessor-version":[{"id":6550,"href":"https:\/\/www.univnt.ro\/index.php\/wp-json\/wp\/v2\/pages\/304\/revisions\/6550"}],"wp:attachment":[{"href":"https:\/\/www.univnt.ro\/index.php\/wp-json\/wp\/v2\/media?parent=304"}],"curies":[{"name":"wp","href":"https:\/\/api.w.org\/{rel}","templated":true}]}}