{"id":32,"date":"2020-07-04T12:22:02","date_gmt":"2020-07-04T12:22:02","guid":{"rendered":"http:\/\/www.univnt.ro\/?page_id=32"},"modified":"2026-04-01T06:30:47","modified_gmt":"2026-04-01T06:30:47","slug":"asigurarea-calitatii","status":"publish","type":"page","link":"https:\/\/www.univnt.ro\/index.php\/asigurarea-calitatii\/","title":{"rendered":"ASIGURAREA CALIT\u0102\u021aII"},"content":{"rendered":"\t\t<div data-elementor-type=\"wp-page\" data-elementor-id=\"32\" class=\"elementor elementor-32\" data-elementor-post-type=\"page\">\n\t\t\t\t\t\t<section class=\"elementor-section elementor-top-section elementor-element elementor-element-e31a8ed elementor-section-boxed elementor-section-height-default elementor-section-height-default\" data-id=\"e31a8ed\" data-element_type=\"section\">\n\t\t\t\t\t\t<div class=\"elementor-container elementor-column-gap-default\">\n\t\t\t\t\t<div class=\"elementor-column elementor-col-100 elementor-top-column elementor-element elementor-element-1cc53ad\" data-id=\"1cc53ad\" data-element_type=\"column\">\n\t\t\t<div class=\"elementor-widget-wrap elementor-element-populated\">\n\t\t\t\t\t\t<div class=\"elementor-element elementor-element-86a2391 elementor-widget elementor-widget-accordion\" data-id=\"86a2391\" data-element_type=\"widget\" data-widget_type=\"accordion.default\">\n\t\t\t\t<div class=\"elementor-widget-container\">\n\t\t\t\t\t\t\t<div class=\"elementor-accordion\">\n\t\t\t\t\t\t\t<div class=\"elementor-accordion-item\">\n\t\t\t\t\t<div id=\"elementor-tab-title-1411\" class=\"elementor-tab-title\" data-tab=\"1\" role=\"button\" aria-controls=\"elementor-tab-content-1411\" aria-expanded=\"false\">\n\t\t\t\t\t\t\t\t\t\t\t\t\t<span class=\"elementor-accordion-icon elementor-accordion-icon-left\" aria-hidden=\"true\">\n\t\t\t\t\t\t\t\t\t\t\t\t\t\t\t<span class=\"elementor-accordion-icon-closed\"><i class=\"fas fa-plus\"><\/i><\/span>\n\t\t\t\t\t\t\t\t<span class=\"elementor-accordion-icon-opened\"><i class=\"fas fa-minus\"><\/i><\/span>\n\t\t\t\t\t\t\t\t\t\t\t\t\t\t<\/span>\n\t\t\t\t\t\t\t\t\t\t\t\t<a class=\"elementor-accordion-title\" tabindex=\"0\">LEGISLA\u021aIE<\/a>\n\t\t\t\t\t<\/div>\n\t\t\t\t\t<div id=\"elementor-tab-content-1411\" class=\"elementor-tab-content elementor-clearfix\" data-tab=\"1\" role=\"region\" aria-labelledby=\"elementor-tab-title-1411\"><p><a href=\"https:\/\/www.univnt.ro\/wp-content\/uploads\/regulamente\/legislatie\/Legea educatiei nationale.pdf\" target=\"_blank\" rel=\"noopener\">&#8211; Legea \u00eenv\u0103\u021b\u0103m\u00e2ntului superior<\/a><br \/><a href=\"https:\/\/www.univnt.ro\/wp-content\/uploads\/regulamente\/legislatie\/O.U.G. nr. 75-2005 (cu modific\u0103ri).pdf\">&#8211; O.U.G. nr. 75-2005 privind asigurarea calit\u0103\u0163ii educa\u0163iei<\/a><br \/><a href=\"https:\/\/www.univnt.ro\/wp-content\/uploads\/regulamente\/legislatie\/Codul%20doctoratului2011.pdf\">&#8211; Codul studiilor universitare de doctorat<\/a><br \/><a href=\"https:\/\/www.univnt.ro\/wp-content\/uploads\/regulamente\/legislatie\/OM_3020-2024.pdf\">&#8211; Ordinul ministrului educa\u021biei nr. 3020\/2024 pentru aprobarea Regulamentului-cadru privind studiile universitare de doctorat<\/a><br \/><a href=\"https:\/\/www.univnt.ro\/wp-content\/uploads\/regulamente\/legislatie\/HG_412_2025.pdf\">&#8211; H.G. nr. 412\/2025 privind aprobarea Nomenclatorului domeniilor \u0219i al specializ\u0103rilor \/ programelor de studii universitare \u0219i a structurii institu\u021biilor de \u00eenv\u0103\u021b\u0103m\u00e2nt superior pentru anul universitar 2025-2026<\/a><\/p><\/div>\n\t\t\t\t<\/div>\n\t\t\t\t\t\t\t<div class=\"elementor-accordion-item\">\n\t\t\t\t\t<div id=\"elementor-tab-title-1412\" class=\"elementor-tab-title\" data-tab=\"2\" role=\"button\" aria-controls=\"elementor-tab-content-1412\" aria-expanded=\"false\">\n\t\t\t\t\t\t\t\t\t\t\t\t\t<span class=\"elementor-accordion-icon elementor-accordion-icon-left\" aria-hidden=\"true\">\n\t\t\t\t\t\t\t\t\t\t\t\t\t\t\t<span class=\"elementor-accordion-icon-closed\"><i class=\"fas fa-plus\"><\/i><\/span>\n\t\t\t\t\t\t\t\t<span class=\"elementor-accordion-icon-opened\"><i class=\"fas fa-minus\"><\/i><\/span>\n\t\t\t\t\t\t\t\t\t\t\t\t\t\t<\/span>\n\t\t\t\t\t\t\t\t\t\t\t\t<a class=\"elementor-accordion-title\" tabindex=\"0\">DOCUMENTE PRIVIND ASIGURAREA CALIT\u0102\u021aII \u00ceN UNIVERSITATEA NICOLAE TITULESCU<\/a>\n\t\t\t\t\t<\/div>\n\t\t\t\t\t<div id=\"elementor-tab-content-1412\" class=\"elementor-tab-content elementor-clearfix\" data-tab=\"2\" role=\"region\" aria-labelledby=\"elementor-tab-title-1412\"><p><a href=\"https:\/\/www.univnt.ro\/wp-content\/uploads\/regulamente\/documente_asigurarea_calitatii_univnt\/carta_universitara.pdf\">Carta universitar\u0103<\/a><\/p><p><span style=\"color: #800080;\"><strong>METODOLOGII<\/strong><\/span><\/p><ul><li><a href=\"https:\/\/www.univnt.ro\/wp-content\/uploads\/asigurarea_calitatii\/regulamente\/MT_01_Metodologie_alegeri.pdf\">Metodologia de constituire \u015fi de alegere a structurilor \u015fi func\u0163iilor de conducere<\/a><\/li><li><a href=\"https:\/\/www.univnt.ro\/wp-content\/uploads\/asigurarea_calitatii\/regulamente\/MT-04%20Metodologie%20alegeri%20studenti.pdf\">Metodologia privind alegerea reprezentan\u0163ilor studen\u0163ilor \u00een structurile de conducere<\/a><\/li><li><a href=\"https:\/\/drive.google.com\/file\/d\/1LEH472yIYITQSZd-yaBcIRa9kKmgEfRU\/view?usp=sharing\">Metodologie acordare credite transferabile<\/a><\/li><li><a href=\"https:\/\/drive.google.com\/file\/d\/1KLeQ2OWiod3dftVz7E9V9zDmbVv8WvR9\/view?usp=sharing\">Metodologie finalizare studii<\/a><\/li><li><a href=\"https:\/\/drive.google.com\/file\/d\/1vu1NNZImxP07o5j1K-BZwlS0vBlJ1x0C\/view?usp=sharing\">Metodologie evaluare cadre didactice<\/a><\/li><li><a href=\"https:\/\/drive.google.com\/file\/d\/1HiV1pL0SAoUOjl75WlpkPdC7ClNI5SQ_\/view?usp=sharing\">Metodologie alegeri studen\u021bi<\/a><\/li><li><a href=\"https:\/\/www.univnt.ro\/wp-content\/uploads\/asigurarea_calitatii\/metodologii\/MT-00 Metodologie angajare specialisti.pdf\" target=\"_blank\" rel=\"noopener\" data-wplink-url-error=\"true\">Metodologie angajare specialisti<\/a><\/li><\/ul><p><span style=\"color: #800080;\"><strong>REGULAMENTE<\/strong><\/span><\/p><ul><li><a href=\"https:\/\/www.univnt.ro\/wp-content\/uploads\/asigurarea_calitatii\/regulamente\/6. Anexa_RG-01_ROF.pdf\" target=\"_blank\" rel=\"noopener\" data-wplink-url-error=\"true\">Regulament de Organizare si Functionare<\/a><\/li><li><a href=\"https:\/\/www.univnt.ro\/wp-content\/uploads\/regulamente\/documente_asigurarea_calitatii_univnt\/ROI.pdf\">Regulament de Ordine Interioar\u0103<\/a><\/li><li><a href=\"https:\/\/drive.google.com\/file\/d\/1hzxxkUDAt21N2HoJ_LyOryGzaNjwhQHL\/view?usp=sharing\">Regulament Senat<\/a><\/li><li><a href=\"https:\/\/www.univnt.ro\/wp-content\/uploads\/asigurarea_calitatii\/regulamente\/CD-06%20Codul%20drepturilor%20studentilor.pdf\">Codul drepturilor studen\u0163ilor<\/a><\/li><li><a href=\"https:\/\/www.univnt.ro\/wp-content\/uploads\/asigurarea_calitatii\/regulamente\/RG-10%20Regulament%20activitate%20studenti%20.pdf\">Regulamentul privind activitatea profesional\u0103 a studen\u021bilor<\/a><\/li><li><a href=\"https:\/\/www.univnt.ro\/wp-content\/uploads\/asigurarea_calitatii\/regulamente\/RG-23%20Regulament%20masterat.pdf\">Regulament privind desf\u0103\u0219urarea ciclului de studii masterat<\/a><\/li><li><a href=\"https:\/\/www.univnt.ro\/wp-content\/uploads\/asigurarea_calitatii\/regulamente\/RG-31_Regulament_IOSUD.pdf\">Regulament institu\u021bional de organizare \u0219i desf\u0103\u0219urare a programelor de studii universitare de doctorat<\/a><\/li><li><a href=\"https:\/\/www.univnt.ro\/wp-content\/uploads\/asigurarea_calitatii\/regulamente\/RG-21%20Regulament_LICENTA.pdf\">Regulament privind desf\u0103\u0219urarea ciclului de studii licen\u021b\u0103<\/a><\/li><li><a href=\"https:\/\/drive.google.com\/file\/d\/1sO0QRTAdq7HXNpd9G8SjE1iH9jOZRH5n\/view?usp=sharing\">Regulament privind ini\u0163ierea, aprobarea, monitorizarea \u015fi evaluarea periodic\u0103 a programelor de studii<\/a><\/li><li><a href=\"https:\/\/drive.google.com\/file\/d\/1W8RVVGSW1QPyCs2Wx0KZkkzgwg_UZ19T\/view?usp=sharing\">Regulament acordare burse<\/a><\/li><li><a href=\"https:\/\/drive.google.com\/file\/d\/13qx_ZJy9N9YEWH_D3V4RVG5DUS3Hevxi\/view?usp=sharing\">Regulament evaluare studenti<\/a><\/li><li><a href=\"https:\/\/drive.google.com\/file\/d\/1SL_DWNBzJ_tR3IYtb1Df8WVqf9n7zwa8\/view?usp=sharing\">Regulament finalizare studii<\/a><\/li><li><a href=\"https:\/\/drive.google.com\/file\/d\/1vExtl181gPeY0WKTsr5zo6Gl2vJW-39Y\/view?usp=sharing\">Regulament functionare biblioteca<\/a><\/li><li><a href=\"https:\/\/drive.google.com\/file\/d\/10w8ZrOPJO-0iuym4h44XbISZX3IJAwZW\/view?usp=sharing\">Regulament centru orientare profesionala<\/a><\/li><\/ul><p><!-- \/wp:paragraph --><\/p><p><!-- \/wp:paragraph --><\/p><p><span style=\"color: #800080;\"><strong>PROCEDURI<\/strong><\/span><\/p><ul><li><a href=\"https:\/\/www.univnt.ro\/wp-content\/uploads\/regulamente\/documente_asigurarea_calitatii_univnt\/Procedura_recunoastere_automata_functii_didactice_strainatate.pdf\">Procedur\u0103 recunoa\u0219tere automat\u0103 func\u021bii didactice str\u0103in\u0103tate<\/a><\/li><li><a href=\"https:\/\/www.univnt.ro\/wp-content\/uploads\/regulamente\/documente_asigurarea_calitatii_univnt\/Procedura_recunoastere_automata_a_calitatii_de_conducator_de_doctorat_strainatate.pdf\">Procedur\u0103 recunoa\u0219tere automat\u0103 a calit\u0103\u021bii de conduc\u0103tor de doctorat strainatate<\/a><\/li><li><a href=\"https:\/\/www.univnt.ro\/wp-content\/uploads\/regulamente\/documente_asigurarea_calitatii_univnt\/Procedura_recunoastere._diploma_doctor.pdf\">Procedur\u0103 recunoastere diplom\u0103 doctor<\/a><\/li><li><a href=\"https:\/\/drive.google.com\/file\/d\/1-xDtppLygJo1xGFpm0TrmaNsQe4q6c-l\/view?usp=sharing\">Procedura operationala-Promovare si absolvire<\/a><\/li><li><a href=\"https:\/\/drive.google.com\/file\/d\/1u4J9BFf9i_1Ft7tGzDtB0L5Uf1YbC5hY\/view?usp=sharing\">Procedura verificare similitudini<\/a><\/li><li><a href=\"https:\/\/drive.google.com\/file\/d\/1jf8YtLu8fogJwl1Sj9cNOVSj3GTY9ycE\/view?usp=sharing\">Procedura discipline optionale si facultative<\/a><\/li><li><a href=\"https:\/\/drive.google.com\/file\/d\/14vvhrqmCCVz4MqGk7ZExpdbYvJcjPBh7\/view?usp=sharing\">Procedura monitorizare traseu absolventi<\/a><\/li><li><a href=\"https:\/\/drive.google.com\/file\/d\/1R9LnRSmhbCz12R5i0fTueRJaSXiJxCVd\/view?usp=sharing\">Procedura mobilitate academica studenti<\/a><\/li><li><a href=\"https:\/\/www.univnt.ro\/wp-content\/uploads\/regulamente\/documente_asigurarea_calitatii_univnt\/Cod_etica_auditori_interni.pdf\">Cod etic\u0103 auditori interni<\/a><\/li><\/ul><p><span style=\"color: #800080;\"><strong>GHIDURI<\/strong><\/span><\/p><ul><li><a href=\"https:\/\/www.univnt.ro\/wp-content\/uploads\/asigurarea_calitatii\/ghid_prevenire_combatere_hartuire.pdf\">Ghid pentru prevenirea \u0219i combaterea har\u021buirii<\/a><\/li><\/ul><p><span style=\"color: #800080;\"><strong>RAPORT\u0102RI CALITATE<\/strong><\/span><\/p><ul><li><a href=\"https:\/\/www.univnt.ro\/wp-content\/uploads\/asigurarea_calitatii\/raport\/RAPORT ANGAJABILITATE ABSOLVENTI 2023.pdf\" data-wplink-url-error=\"true\">Raport monitorizare traseu absolven\u021bi<\/a><\/li><li><a href=\"https:\/\/www.univnt.ro\/wp-content\/uploads\/regulamente\/documente_asigurarea_calitatii_univnt\/2023-2024.pdf\">Raport evaluare cadre didactice de c\u0103tre studen\u021bi<\/a><\/li><li><a href=\"https:\/\/www.univnt.ro\/wp-content\/uploads\/asigurarea_calitatii\/raport\/Raport privind respectarea prevederilor Codului drepturilor si obligatiilor studentilor 2025.pdf\" data-wplink-url-error=\"true\">Raport privind respectarea prevederilor Codului drepturilor s\u0326i obligat\u0326iilor student\u0326ilor 2025<\/a><\/li><\/ul><\/div>\n\t\t\t\t<\/div>\n\t\t\t\t\t\t\t<div class=\"elementor-accordion-item\">\n\t\t\t\t\t<div id=\"elementor-tab-title-1413\" class=\"elementor-tab-title\" data-tab=\"3\" role=\"button\" aria-controls=\"elementor-tab-content-1413\" aria-expanded=\"false\">\n\t\t\t\t\t\t\t\t\t\t\t\t\t<span class=\"elementor-accordion-icon elementor-accordion-icon-left\" aria-hidden=\"true\">\n\t\t\t\t\t\t\t\t\t\t\t\t\t\t\t<span class=\"elementor-accordion-icon-closed\"><i class=\"fas fa-plus\"><\/i><\/span>\n\t\t\t\t\t\t\t\t<span class=\"elementor-accordion-icon-opened\"><i class=\"fas fa-minus\"><\/i><\/span>\n\t\t\t\t\t\t\t\t\t\t\t\t\t\t<\/span>\n\t\t\t\t\t\t\t\t\t\t\t\t<a class=\"elementor-accordion-title\" tabindex=\"0\">COMISIA DE EVALUARE \u0218I ASIGURARE A CALIT\u0102\u021aII<\/a>\n\t\t\t\t\t<\/div>\n\t\t\t\t\t<div id=\"elementor-tab-content-1413\" class=\"elementor-tab-content elementor-clearfix\" data-tab=\"3\" role=\"region\" aria-labelledby=\"elementor-tab-title-1413\"><p style=\"text-align: center;\"><span style=\"color: #800080;\">COMISIA DE EVALUARE \u0218I ASIGURARE A CALIT\u0102\u021aII<\/span><\/p><ol><li><a href=\"https:\/\/www.univnt.ro\/index.php\/profesori\/conf-univ-dr-gorunescu-mirela\/\">Conf. univ. dr. Mirela GORUNESCU<\/a>, <strong>pre\u0219edinte<\/strong><\/li><li><a href=\"https:\/\/www.univnt.ro\/index.php\/profesori\/chivulescu-felicia-alina\/\">Conf. univ. dr. Alina CHIVULESCU<\/a>, <strong>membru<\/strong><\/li><li>Cristiana BUDILEANU, student doctorand, <strong>membru<\/strong><\/li><li>S.C.A. Mu\u0219at \u0219i Asocia\u021bii, (angajatori), <strong>membru consultant<\/strong><\/li><\/ol><p><a href=\"https:\/\/www.univnt.ro\/wp-content\/uploads\/asigurarea_calitatii\/Regulament comisie calitate.pdf\" data-wplink-url-error=\"true\">Regulament Comisia de Asigurare a Calit\u0103\u021bii<\/a><\/p><p><a href=\"https:\/\/www.univnt.ro\/wp-content\/uploads\/asigurarea_calitatii\/raport\/Raport_calitate_2024_2025.pdf\">Raport calitate 2024-2025<\/a><\/p><\/div>\n\t\t\t\t<\/div>\n\t\t\t\t\t\t\t<div class=\"elementor-accordion-item\">\n\t\t\t\t\t<div id=\"elementor-tab-title-1414\" class=\"elementor-tab-title\" data-tab=\"4\" role=\"button\" aria-controls=\"elementor-tab-content-1414\" aria-expanded=\"false\">\n\t\t\t\t\t\t\t\t\t\t\t\t\t<span class=\"elementor-accordion-icon elementor-accordion-icon-left\" aria-hidden=\"true\">\n\t\t\t\t\t\t\t\t\t\t\t\t\t\t\t<span class=\"elementor-accordion-icon-closed\"><i class=\"fas fa-plus\"><\/i><\/span>\n\t\t\t\t\t\t\t\t<span class=\"elementor-accordion-icon-opened\"><i class=\"fas fa-minus\"><\/i><\/span>\n\t\t\t\t\t\t\t\t\t\t\t\t\t\t<\/span>\n\t\t\t\t\t\t\t\t\t\t\t\t<a class=\"elementor-accordion-title\" tabindex=\"0\">RAPORTUL RECTORULUI PRIVIND STAREA UNIVERSIT\u0102\u021aII<\/a>\n\t\t\t\t\t<\/div>\n\t\t\t\t\t<div id=\"elementor-tab-content-1414\" class=\"elementor-tab-content elementor-clearfix\" data-tab=\"4\" role=\"region\" aria-labelledby=\"elementor-tab-title-1414\"><ul><li><a href=\"https:\/\/www.univnt.ro\/wp-content\/uploads\/asigurarea_calitatii\/2025_raportul_rectorului_privind_starea_universitatii.pdf\">Raportul rectorului privind starea universit\u0103\u021bii 2025<\/a><\/li><li><a href=\"https:\/\/www.univnt.ro\/wp-content\/uploads\/asigurarea_calitatii\/2024_raportul_rectorului_privind_starea_universitatii.pdf\">Raportul rectorului privind starea universit\u0103\u021bii 2024<\/a><\/li><li><a href=\"https:\/\/www.univnt.ro\/wp-content\/uploads\/asigurarea_calitatii\/2023_raportul_rectorului_privind_starea_universitatii.pdf\">Raportul rectorului privind starea universit\u0103\u021bii 2023<\/a><\/li><li><a href=\"https:\/\/www.univnt.ro\/wp-content\/uploads\/asigurarea_calitatii\/2022_raportul_rectorului_privind_starea_universitatii.pdf\">Raportul rectorului privind starea universit\u0103\u021bii 2022<\/a><\/li><li><a href=\"https:\/\/www.univnt.ro\/wp-content\/uploads\/asigurarea_calitatii\/2021_raportul_rectorului_privind_starea_universitatii.pdf\">Raportul rectorului privind starea universit\u0103\u021bii 2021<\/a><\/li><li><a href=\"https:\/\/www.univnt.ro\/wp-content\/uploads\/asigurarea_calitatii\/2020_raportul_rectorului_privind_starea_universitatii.pdf\">Raportul rectorului privind starea universit\u0103\u021bii 2020<\/a><\/li><li><a href=\"https:\/\/www.univnt.ro\/wp-content\/uploads\/asigurarea_calitatii\/2019_raportul_rectorului_privind_starea_universitatii.pdf\">Raportul rectorului privind starea universit\u0103\u021bii 2019<\/a><\/li><li><a href=\"https:\/\/www.univnt.ro\/wp-content\/uploads\/asigurarea_calitatii\/2018_raportul_rectorului_privind_starea_universitatii.pdf\">Raportul rectorului privind starea universit\u0103\u021bii 2018<\/a><\/li><li><a href=\"https:\/\/www.univnt.ro\/wp-content\/uploads\/asigurarea_calitatii\/2017_raportul_rectorului_privind_starea_universitatii.pdf\">Raportul rectorului privind starea universit\u0103\u021bii 2017<\/a><\/li><li><a href=\"https:\/\/www.univnt.ro\/wp-content\/uploads\/asigurarea_calitatii\/2016_raportul_rectorului_privind_starea_universitatii.pdf\">Raportul rectorului privind starea universit\u0103\u021bii 2016<\/a><\/li><li><a href=\"https:\/\/www.univnt.ro\/wp-content\/uploads\/asigurarea_calitatii\/2015_raportul_rectorului_privind_starea_universitatii.pdf\">Raportul rectorului privind starea universit\u0103\u021bii 2015<\/a><\/li><li><a href=\"https:\/\/www.univnt.ro\/wp-content\/uploads\/asigurarea_calitatii\/2014_raportul_rectorului_privind_starea_universitatii.pdf\">Raportul rectorului privind starea universit\u0103\u021bii 2014<\/a><\/li><li><a href=\"https:\/\/www.univnt.ro\/wp-content\/uploads\/asigurarea_calitatii\/2013_raportul_rectorului_privind_starea_universitatii.pdf\">Raportul rectorului privind starea universit\u0103\u021bii 2013<\/a><\/li><\/ul><\/div>\n\t\t\t\t<\/div>\n\t\t\t\t\t\t\t<div class=\"elementor-accordion-item\">\n\t\t\t\t\t<div id=\"elementor-tab-title-1415\" class=\"elementor-tab-title\" data-tab=\"5\" role=\"button\" aria-controls=\"elementor-tab-content-1415\" aria-expanded=\"false\">\n\t\t\t\t\t\t\t\t\t\t\t\t\t<span class=\"elementor-accordion-icon elementor-accordion-icon-left\" aria-hidden=\"true\">\n\t\t\t\t\t\t\t\t\t\t\t\t\t\t\t<span class=\"elementor-accordion-icon-closed\"><i class=\"fas fa-plus\"><\/i><\/span>\n\t\t\t\t\t\t\t\t<span class=\"elementor-accordion-icon-opened\"><i class=\"fas fa-minus\"><\/i><\/span>\n\t\t\t\t\t\t\t\t\t\t\t\t\t\t<\/span>\n\t\t\t\t\t\t\t\t\t\t\t\t<a class=\"elementor-accordion-title\" tabindex=\"0\">LINK-URI UTILE<\/a>\n\t\t\t\t\t<\/div>\n\t\t\t\t\t<div id=\"elementor-tab-content-1415\" class=\"elementor-tab-content elementor-clearfix\" data-tab=\"5\" role=\"region\" aria-labelledby=\"elementor-tab-title-1415\"><p><a href=\"http:\/\/www.edu.ro\/\">www.edu.ro<\/a><\/p><p><a href=\"http:\/\/www.aracis.ro\/\">www.aracis.ro<\/a><\/p><\/div>\n\t\t\t\t<\/div>\n\t\t\t\t\t\t\t<div class=\"elementor-accordion-item\">\n\t\t\t\t\t<div id=\"elementor-tab-title-1416\" class=\"elementor-tab-title\" data-tab=\"6\" role=\"button\" aria-controls=\"elementor-tab-content-1416\" aria-expanded=\"false\">\n\t\t\t\t\t\t\t\t\t\t\t\t\t<span class=\"elementor-accordion-icon elementor-accordion-icon-left\" aria-hidden=\"true\">\n\t\t\t\t\t\t\t\t\t\t\t\t\t\t\t<span class=\"elementor-accordion-icon-closed\"><i class=\"fas fa-plus\"><\/i><\/span>\n\t\t\t\t\t\t\t\t<span class=\"elementor-accordion-icon-opened\"><i class=\"fas fa-minus\"><\/i><\/span>\n\t\t\t\t\t\t\t\t\t\t\t\t\t\t<\/span>\n\t\t\t\t\t\t\t\t\t\t\t\t<a class=\"elementor-accordion-title\" tabindex=\"0\">PLAN STRATEGIC<\/a>\n\t\t\t\t\t<\/div>\n\t\t\t\t\t<div id=\"elementor-tab-content-1416\" class=\"elementor-tab-content elementor-clearfix\" data-tab=\"6\" role=\"region\" aria-labelledby=\"elementor-tab-title-1416\"><p><a href=\"https:\/\/www.univnt.ro\/wp-content\/uploads\/asigurarea_calitatii\/regulamente\/03_Plan strategic UNT 2024-2029.pdf\" data-wplink-url-error=\"true\">Plan strategic Universitatea Nicolae Titulescu din Bucure\u015fti 2024-2029<\/a><\/p><\/div>\n\t\t\t\t<\/div>\n\t\t\t\t\t\t\t<div class=\"elementor-accordion-item\">\n\t\t\t\t\t<div id=\"elementor-tab-title-1417\" class=\"elementor-tab-title\" data-tab=\"7\" role=\"button\" aria-controls=\"elementor-tab-content-1417\" aria-expanded=\"false\">\n\t\t\t\t\t\t\t\t\t\t\t\t\t<span class=\"elementor-accordion-icon elementor-accordion-icon-left\" aria-hidden=\"true\">\n\t\t\t\t\t\t\t\t\t\t\t\t\t\t\t<span class=\"elementor-accordion-icon-closed\"><i class=\"fas fa-plus\"><\/i><\/span>\n\t\t\t\t\t\t\t\t<span class=\"elementor-accordion-icon-opened\"><i class=\"fas fa-minus\"><\/i><\/span>\n\t\t\t\t\t\t\t\t\t\t\t\t\t\t<\/span>\n\t\t\t\t\t\t\t\t\t\t\t\t<a class=\"elementor-accordion-title\" tabindex=\"0\">PROGRAM MANAGERIAL<\/a>\n\t\t\t\t\t<\/div>\n\t\t\t\t\t<div id=\"elementor-tab-content-1417\" class=\"elementor-tab-content elementor-clearfix\" data-tab=\"7\" role=\"region\" aria-labelledby=\"elementor-tab-title-1417\"><p><a href=\"https:\/\/www.univnt.ro\/wp-content\/uploads\/asigurarea_calitatii\/regulamente\/16. Proiect program managerial_Mihai Hotca.pdf\" target=\"_blank\" rel=\"noopener\" data-wplink-url-error=\"true\">Program managerial<\/a><\/p><\/div>\n\t\t\t\t<\/div>\n\t\t\t\t\t\t\t<div class=\"elementor-accordion-item\">\n\t\t\t\t\t<div id=\"elementor-tab-title-1418\" class=\"elementor-tab-title\" data-tab=\"8\" role=\"button\" aria-controls=\"elementor-tab-content-1418\" aria-expanded=\"false\">\n\t\t\t\t\t\t\t\t\t\t\t\t\t<span class=\"elementor-accordion-icon elementor-accordion-icon-left\" aria-hidden=\"true\">\n\t\t\t\t\t\t\t\t\t\t\t\t\t\t\t<span class=\"elementor-accordion-icon-closed\"><i class=\"fas fa-plus\"><\/i><\/span>\n\t\t\t\t\t\t\t\t<span class=\"elementor-accordion-icon-opened\"><i class=\"fas fa-minus\"><\/i><\/span>\n\t\t\t\t\t\t\t\t\t\t\t\t\t\t<\/span>\n\t\t\t\t\t\t\t\t\t\t\t\t<a class=\"elementor-accordion-title\" tabindex=\"0\">COMISIILE SENATULUI<\/a>\n\t\t\t\t\t<\/div>\n\t\t\t\t\t<div id=\"elementor-tab-content-1418\" class=\"elementor-tab-content elementor-clearfix\" data-tab=\"8\" role=\"region\" aria-labelledby=\"elementor-tab-title-1418\"><p><a href=\"https:\/\/www.univnt.ro\/wp-content\/uploads\/asigurarea_calitatii\/comisii\/Comisii_ Senat_ 2025-2026.pdf\" target=\"_blank\" rel=\"noopener\" data-wplink-url-error=\"true\">Vezi comisii<\/a><\/p><\/div>\n\t\t\t\t<\/div>\n\t\t\t\t\t\t\t\t<\/div>\n\t\t\t\t\t\t<\/div>\n\t\t\t\t<\/div>\n\t\t\t\t\t<\/div>\n\t\t<\/div>\n\t\t\t\t\t<\/div>\n\t\t<\/section>\n\t\t\t\t<section class=\"elementor-section elementor-top-section elementor-element elementor-element-fe1f88b elementor-section-boxed elementor-section-height-default elementor-section-height-default\" data-id=\"fe1f88b\" data-element_type=\"section\">\n\t\t\t\t\t\t<div class=\"elementor-container elementor-column-gap-default\">\n\t\t\t\t\t<div class=\"elementor-column elementor-col-100 elementor-top-column elementor-element elementor-element-c7f64dc\" data-id=\"c7f64dc\" data-element_type=\"column\">\n\t\t\t<div class=\"elementor-widget-wrap elementor-element-populated\">\n\t\t\t\t\t\t<div class=\"elementor-element elementor-element-2385a1c elementor-widget elementor-widget-html\" data-id=\"2385a1c\" data-element_type=\"widget\" data-widget_type=\"html.default\">\n\t\t\t\t<div class=\"elementor-widget-container\">\n\t\t\t\t\t<script> \r\njQuery(document).ready(function($) { \r\nvar delay = 100; setTimeout(function() { \r\n$('.elementor-tab-title').removeClass('elementor-active');\r\n $('.elementor-tab-content').css('display', 'none'); }, delay); \r\n}); \r\n<\/script>\t\t\t\t<\/div>\n\t\t\t\t<\/div>\n\t\t\t\t\t<\/div>\n\t\t<\/div>\n\t\t\t\t\t<\/div>\n\t\t<\/section>\n\t\t\t\t<\/div>\n\t\t","protected":false},"excerpt":{"rendered":"<p>LEGISLA\u021aIE &#8211; Legea \u00eenv\u0103\u021b\u0103m\u00e2ntului superior&#8211; O.U.G. nr. 75-2005 privind asigurarea calit\u0103\u0163ii educa\u0163iei&#8211; Codul studiilor universitare de doctorat&#8211; Ordinul ministrului educa\u021biei &hellip; <\/p>\n","protected":false},"author":1,"featured_media":0,"parent":0,"menu_order":0,"comment_status":"closed","ping_status":"closed","template":"","meta":{"_mi_skip_tracking":false,"_monsterinsights_sitenote_active":false,"_monsterinsights_sitenote_note":"","_monsterinsights_sitenote_category":0,"footnotes":""},"class_list":["post-32","page","type-page","status-publish","hentry"],"_links":{"self":[{"href":"https:\/\/www.univnt.ro\/index.php\/wp-json\/wp\/v2\/pages\/32","targetHints":{"allow":["GET"]}}],"collection":[{"href":"https:\/\/www.univnt.ro\/index.php\/wp-json\/wp\/v2\/pages"}],"about":[{"href":"https:\/\/www.univnt.ro\/index.php\/wp-json\/wp\/v2\/types\/page"}],"author":[{"embeddable":true,"href":"https:\/\/www.univnt.ro\/index.php\/wp-json\/wp\/v2\/users\/1"}],"replies":[{"embeddable":true,"href":"https:\/\/www.univnt.ro\/index.php\/wp-json\/wp\/v2\/comments?post=32"}],"version-history":[{"count":140,"href":"https:\/\/www.univnt.ro\/index.php\/wp-json\/wp\/v2\/pages\/32\/revisions"}],"predecessor-version":[{"id":13982,"href":"https:\/\/www.univnt.ro\/index.php\/wp-json\/wp\/v2\/pages\/32\/revisions\/13982"}],"wp:attachment":[{"href":"https:\/\/www.univnt.ro\/index.php\/wp-json\/wp\/v2\/media?parent=32"}],"curies":[{"name":"wp","href":"https:\/\/api.w.org\/{rel}","templated":true}]}}