{"id":34,"date":"2020-07-04T12:22:23","date_gmt":"2020-07-04T12:22:23","guid":{"rendered":"http:\/\/www.univnt.ro\/?page_id=34"},"modified":"2025-10-22T12:05:20","modified_gmt":"2025-10-22T12:05:20","slug":"biblioteca","status":"publish","type":"page","link":"https:\/\/www.univnt.ro\/index.php\/biblioteca\/","title":{"rendered":"BIBLIOTEC\u0102"},"content":{"rendered":"\t\t<div data-elementor-type=\"wp-page\" data-elementor-id=\"34\" class=\"elementor elementor-34\" data-elementor-post-type=\"page\">\n\t\t\t\t\t\t<section class=\"elementor-section elementor-top-section elementor-element elementor-element-23eb37d5 elementor-section-boxed elementor-section-height-default elementor-section-height-default\" data-id=\"23eb37d5\" data-element_type=\"section\">\n\t\t\t\t\t\t<div class=\"elementor-container elementor-column-gap-default\">\n\t\t\t\t\t<div class=\"elementor-column elementor-col-100 elementor-top-column elementor-element elementor-element-636617f3\" data-id=\"636617f3\" data-element_type=\"column\">\n\t\t\t<div class=\"elementor-widget-wrap elementor-element-populated\">\n\t\t\t\t\t\t<div class=\"elementor-element elementor-element-6aeeed86 elementor-widget elementor-widget-text-editor\" data-id=\"6aeeed86\" data-element_type=\"widget\" data-widget_type=\"text-editor.default\">\n\t\t\t\t<div class=\"elementor-widget-container\">\n\t\t\t\t\t\t\t\t\t\n<p><strong>Biblioteca Universit\u0103\u0163ii ,,Nicolae Titulescu&#8221; din Bucure\u015fti<\/strong><\/p>\n<p>Biblioteca Universit\u0103\u0163ii &#8222;Nicolae Titulescu&#8221; din Bucure\u015fti este dotat\u0103 cu fond de carte de specialitate \u015fi cu abonamente la periodice rom\u00e2ne\u015fti \u015fi str\u0103ine. La data de <strong>1 octombrie 2025<\/strong> biblioteca noastr\u0103 dispunea de <strong>22.688<\/strong> volume ce reprezint\u0103 aproximativ <strong>12.901<\/strong> titluri de carte \u015fi un num\u0103r de <strong>8.521<\/strong>volume reprezent\u00e2nd <strong>147<\/strong> titluri publica\u0163ii periodice. Dintre periodicele str\u0103ine care au intrat \u00een ultimii ani \u00een colec\u0163ii amintim: Revue G\u00e9n\u00e9rale de Droit International Public; Revue de Science Criminelle et de Droit P\u00e9nal Compar\u00e9; Financial Times; American Journal of International Law; The Economist; The Journal of Finance; Journal of Financial Economics; Revue des Contrats; European Law Journal; European Law Review; Money Magazin; Cuadernos Europeos de Deusto; The Review of Finance and Banking; Journal of European Studies and International Relations; G\u00e9o\u00e9conomie: revue trimestrielle.<\/p>\n<p>Biblioteca a fost \u00eenfiin\u0163at\u0103 ca bibliotec\u0103 universitar\u0103 de drept public, menit\u0103 s\u0103 asigure baza infodocumentar\u0103 necesar\u0103 proceselor de \u00eenv\u0103\u0163\u0103m\u00e2nt, cercetare, documentare \u015fi \u00ee\u015fi desf\u0103\u015foar\u0103 activitatea \u00een conformitate cu Regulamentul de func\u0163ionare al bibliotecii. Este o bibliotec\u0103 specializat\u0103 pe profilul\u00a0 facult\u0103\u0163ilor componente, dar politica de achizi\u0163ii se contureaz\u0103 pe profil enciclopedic. Obiectivul principal al activit\u0103\u0163ii noastre este \u00eembog\u0103\u0163irea permanent\u0103 a resurselor informa\u0163ionale pentru a r\u0103spunde optim intereselor de studiu ale utilizatorilor no\u015ftri. Dezvoltarea colec\u0163iilor a fost posibil\u0103 prin:<\/p>\n<ul>\n<li>Achizi\u0163ii curente \u015fi retrospective de documente editate \u00een \u0163ar\u0103 \u015fi str\u0103in\u0103tate;<\/li>\n<li>Dona\u0163ii primite de la diverse edituri, institu\u0163ii, cadre didactice \u015fi persoane fizice;<\/li>\n<li>Schimb academic de publica\u0163ii cu alte universit\u0103\u0163i;<\/li>\n<li>Sponsoriz\u0103ri primite din partea unor edituri (\u00een luna aprilie 2012 Biblioteca Universit\u0103\u0163ii ,,Nicolae Titulescu&#8221; a \u00eencheiat un contract de sponsorizare cu Editura Hamangiu \u015fi se primesc publica\u0163ii nou ap\u0103rute la aceast\u0103 editur\u0103).<\/li>\n<\/ul>\n<p>Astfel \u00eembog\u0103\u0163irea colec\u0163iilor s-a f\u0103cut \u015fi cu publica\u0163ii provenite din: diverse dona\u0163ii ale cadrelor didactice universitare, dona\u0163ii primite de la edituri (C.H. Beck, Universul Juridic, Lumina Lex, Rosetti); schimburi interbibliotecare cu alte universit\u0103\u0163i (Universitatea Titu Maiorescu, Universitatea Spiru Haret, Universitatea ,,Valahia\u201ddin T\u00e2rgovi\u015fte, Universitatea de Vest din Timi\u015foara, Universitatea ,, Bogdan-Vod\u0103\u201d din Cluj-Napoca, etc.); teze de doctorat prezentate la \u0218coala Doctoral\u0103 a universit\u0103\u021bii noastre. Ca urmare a rela\u0163iilor str\u00e2nse cu diverse institu\u0163ii (Biblioteca Central\u0103 Universitar\u0103, Facultatea de Drept a Universit\u0103\u0163ii din Bucure\u015fti, Institutul European din Rom\u00e2nia, Asocia\u0163ia Rom\u00e2n\u0103 de Drept Umanitar, Asocia\u0163ia de Drept Interna\u0163ional \u015fi Rela\u0163ii Interna\u0163ionale, Banca Na\u0163ional\u0103 a Rom\u00e2niei, Crucea Ro\u015fie Interna\u0163ional\u0103 etc.) s-au primit publica\u0163ii de valoare, necesare document\u0103rii utilizatorilor no\u015ftri. \u00cen cadrul colabor\u0103rii cu Editura Oxford University Press, care a avut la noi expozi\u0163ii de carte str\u0103in\u0103, Biblioteca a primit dona\u0163ii de carte.<\/p>\n<p> Prin intermediul re\u0163elei INTERNET, se ofer\u0103 utilizatorilor conectarea la baze de date na\u0163ionale \u015fi interna\u0163ionale de nivel academic.<\/p>\n<p> Programul legislativ <strong>SINTACT<\/strong>, este o platform\u0103 de informare juridic\u0103 conceput\u0103 special pentru activit\u0103\u021bile de documentare \u0219i studiu ale legisla\u021biei (rom\u00e2nea\u015fti \u015fi a U.E.), jurispruden\u021bei (jurispruden\u0163\u0103 selectat\u0103 dup\u0103 relevan\u0163\u0103, ce con\u0163ine peste 15.000 de spe\u0163e din jurispruden\u0163a na\u0163ional\u0103 si european\u0103, prelucrate cu note, adnot\u0103ri sau comentarii ale profesioni\u015ftilor), practicii judiciare (con\u021bine peste 287.000 de hot\u0103r\u00e2ri judec\u0103tore\u015fti pronun\u0163ate de instan\u0163ele rom\u00e2ne\u015fti) \u0219i a peste 600 de modele de contracte, modele de cereri \u015fi ac\u0163iuni \u00een justi\u0163ie, ce pot fi utilizate ca model pentru opera\u0163iuni juridice curente. Func\u021bionalit\u0103\u021bile sale complexe permit ob\u021binerea maximului de informa\u021bie relevant\u0103, \u00een mod rapid \u0219i eficient, fiind recomandat at\u00e2t practicienilor \u2013 avoca\u021bi, magistra\u021bi, notari, economi\u0219ti sau altor profesioni\u0219ti din domeniul juridic \u0219i economic \u2013 c\u00e2t \u015fi tuturor celor interesa\u0163i pentru complexitatea informa\u021biei oferite. Toate actele normative care au Norme metodologice de aplicare pot fi vizualizate cu normele inserate direct \u00een textul actului. Peste 268 de acte normative beneficiaz\u0103 de func\u021bionalitatea de inserare a normelor metodologice.<\/p>\n<p>Programul <strong>Lex Expert<\/strong> cuprinde: Legisla\u0163ia Rom\u00e2niei, Legisla\u0163ia Uniunii Europene, Legisla\u0163ie \u00een limba englez\u0103, Jurispruden\u0163\u0103 \u015fi altele.\u00a0\u00a0<\/p>\n<p>Platforma <strong>SpringerLink Journals<\/strong> ofer\u0103 acces cu text integral la reviste str\u0103ine \u0219tiin\u021bifice de cercetare \u00een format online, f\u0103r\u0103 alt suport magnetic sau pe h\u00e2rtie. Este una din cele mai utilizate resurse electronice de documentare \u0219tiin\u021bific\u0103 din lume \u0219i de la noi din \u021bar\u0103. \u00cenfiin\u021bat\u0103 \u00een anul 1996, platforma SpringerLink a continuat s\u0103 evolueze \u00een func\u021bie de nevoile cercet\u0103torilor \u0219i \u00een prezent con\u021bine peste 2.860 de titluri de reviste , peste 169.500 de c\u0103r\u021bi online, peste 4.400 serii de c\u0103r\u021bi \u0219i 307 de lucr\u0103ri de referin\u021b\u0103 online, peste 34.000 de protocoale, colec\u021biile sale con\u021bin\u00e2nd reviste de la cele mai mari biblioteci \u0219tiin\u021bifice din lume.\u00a0\u00a0\u00a0\u00a0<\/p>\n<p>Trebuie men\u0163ionat\u0103 preocuparea pe care am avut-o pentru extinderea bibliotecii proprii, prin crearea unor spa\u0163ii noi, moderne, sal\u0103 de lectur\u0103 cu 208 locuri \u00een suprafa\u0163\u0103 total\u0103 de 356,75 mp, pentru asigurarea accesului zilnic al utilizatorilor no\u015ftri. \u00cen acela\u015fi timp, s-a dezvoltat catalogul alfabetic, elabor\u00e2ndu-se fi\u015fe pentru autori, coautori, coordonatori \u015fi titluri de publica\u0163ii \u00een paralel cu catalogul sistematic pe domenii, astfel \u00eenc\u00e2t s\u0103 r\u0103spundem, prin structur\u0103, func\u0163ionalitate \u015fi serviciile oferite, cerin\u0163elor diverse \u015fi complexe de studiu, informare \u015fi documentare.<\/p>\n<p>Utilizatorii no\u015ftrii au posibilitatea de a consulta pe site-ul universit\u0103\u0163ii baza de date ce cuprinde fondul de publica\u0163ii existent. Printr-o c\u0103utare facil\u0103 \u015fi cuprinz\u0103toare oferim acces la informa\u0163ie prin mijloace moderne \u00eentr-un timp foarte scurt.<\/p>\n<p>Asigur\u0103m integral nevoile de documentare pentru toate domeniile \u015fi formele de \u00eenv\u0103\u0163\u0103m\u00e2nt: licen\u0163\u0103, master \u015fi doctorat,\u00a0 pentru elaborarea de referate, lucr\u0103ri de licen\u0163\u0103, diserta\u0163ii, proiecte de cercetare, teze de doctorat. Bibliografiile disciplinelor prev\u0103zute \u00een planurile de \u00eenv\u0103\u0163\u0103m\u00e2nt sunt acoperite de publica\u0163iile aflate \u00een colec\u0163iile proprii. Biblioteca dispune de conexiune la INTERNET \u0219i conexiune WI-FI. Toate documentele sunt depozitate \u00een spa\u0163ii adecvate pentru p\u0103strarea \u015fi conservarea lor \u015fi sunt organizate \u015ftiin\u0163ific pe colec\u0163ii, ceea ce permite reg\u0103sirea lor \u00eentr-un timp foarte scurt.<\/p>\n<p>Activitatea bibliotecii este asigurat\u0103 de personal de specialitate, av\u00e2nd studii superioare si specializare de profil, cu statut de cadre didactice auxiliare.<\/p>\n\n\u015eef\u00a0bibliotec\u0103,<\/br>\nStan Crina-Andrea<\/br>\nE-mail: biblioteca@univnt.ro\n<\/p>\t\t\t\t\t\t\t\t<\/div>\n\t\t\t\t<\/div>\n\t\t\t\t\t<\/div>\n\t\t<\/div>\n\t\t\t\t\t<\/div>\n\t\t<\/section>\n\t\t\t\t<\/div>\n\t\t","protected":false},"excerpt":{"rendered":"<p>Biblioteca Universit\u0103\u0163ii ,,Nicolae Titulescu&#8221; din Bucure\u015fti Biblioteca Universit\u0103\u0163ii &#8222;Nicolae Titulescu&#8221; din Bucure\u015fti este dotat\u0103 cu fond de carte de specialitate &hellip; <\/p>\n","protected":false},"author":1,"featured_media":0,"parent":0,"menu_order":0,"comment_status":"closed","ping_status":"closed","template":"","meta":{"_mi_skip_tracking":false,"_monsterinsights_sitenote_active":false,"_monsterinsights_sitenote_note":"","_monsterinsights_sitenote_category":0,"footnotes":""},"class_list":["post-34","page","type-page","status-publish","hentry"],"_links":{"self":[{"href":"https:\/\/www.univnt.ro\/index.php\/wp-json\/wp\/v2\/pages\/34","targetHints":{"allow":["GET"]}}],"collection":[{"href":"https:\/\/www.univnt.ro\/index.php\/wp-json\/wp\/v2\/pages"}],"about":[{"href":"https:\/\/www.univnt.ro\/index.php\/wp-json\/wp\/v2\/types\/page"}],"author":[{"embeddable":true,"href":"https:\/\/www.univnt.ro\/index.php\/wp-json\/wp\/v2\/users\/1"}],"replies":[{"embeddable":true,"href":"https:\/\/www.univnt.ro\/index.php\/wp-json\/wp\/v2\/comments?post=34"}],"version-history":[{"count":31,"href":"https:\/\/www.univnt.ro\/index.php\/wp-json\/wp\/v2\/pages\/34\/revisions"}],"predecessor-version":[{"id":12632,"href":"https:\/\/www.univnt.ro\/index.php\/wp-json\/wp\/v2\/pages\/34\/revisions\/12632"}],"wp:attachment":[{"href":"https:\/\/www.univnt.ro\/index.php\/wp-json\/wp\/v2\/media?parent=34"}],"curies":[{"name":"wp","href":"https:\/\/api.w.org\/{rel}","templated":true}]}}