{"id":3829,"date":"2021-10-29T12:39:52","date_gmt":"2021-10-29T12:39:52","guid":{"rendered":"http:\/\/www.univnt.ro\/?page_id=3829"},"modified":"2025-06-19T07:52:43","modified_gmt":"2025-06-19T07:52:43","slug":"2020-2021-semestrul-1","status":"publish","type":"page","link":"https:\/\/www.univnt.ro\/index.php\/concursuri-cadre-didactice\/2020-2021-semestrul-1\/","title":{"rendered":"2020-2021 semestrul 1"},"content":{"rendered":"\t\t<div data-elementor-type=\"wp-page\" data-elementor-id=\"3829\" class=\"elementor elementor-3829\" data-elementor-post-type=\"page\">\n\t\t\t\t\t\t<section class=\"elementor-section elementor-top-section elementor-element elementor-element-a50432a elementor-section-boxed elementor-section-height-default elementor-section-height-default\" data-id=\"a50432a\" data-element_type=\"section\">\n\t\t\t\t\t\t<div class=\"elementor-container elementor-column-gap-default\">\n\t\t\t\t\t<div class=\"elementor-column elementor-col-100 elementor-top-column elementor-element elementor-element-4d6215d\" data-id=\"4d6215d\" data-element_type=\"column\">\n\t\t\t<div class=\"elementor-widget-wrap elementor-element-populated\">\n\t\t\t\t\t\t<div class=\"elementor-element elementor-element-3349fbb elementor-widget elementor-widget-text-editor\" data-id=\"3349fbb\" data-element_type=\"widget\" data-widget_type=\"text-editor.default\">\n\t\t\t\t<div class=\"elementor-widget-container\">\n\t\t\t\t\t\t\t\t\t<ul><li><h3>SEMESTRUL 1 2020-2021<\/h3><h3 class=\"has-text-align-center\">Examen promovare<\/h3><p class=\"has-vivid-red-color has-text-color\"><strong>Posturi vacante<\/strong><\/p><ul id=\"block-63cad4d1-282e-4339-8bc6-991c713f1a72\"><li><a href=\"https:\/\/www.univnt.ro\/wp-content\/uploads\/concursuri_cadre_didactice\/2020-2021\/Semestrul%201\/01_anunt_posturi_vacante.pdf\">Posturi vacante<\/a><\/li><li><a href=\"https:\/\/www.univnt.ro\/wp-content\/uploads\/concursuri_cadre_didactice\/2020-2021\/Semestrul%201\/01_anunt_posturi_vacante_en.pdf\">Academic vacancies<\/a><\/li><li><a href=\"https:\/\/www.univnt.ro\/wp-content\/uploads\/concursuri_cadre_didactice\/2020-2021\/Semestrul%201\/02_metodologie_promovare_cariera%20didactica.pdf\">Metodologie concurs<\/a><\/li><li><a href=\"https:\/\/www.univnt.ro\/wp-content\/uploads\/concursuri_cadre_didactice\/2020-2021\/Semestrul%201\/03_Conferentiar_Drept%20public_5.pdf\">Conferen\u0163iar universitar Drept public<\/a><\/li><li><a href=\"https:\/\/www.univnt.ro\/wp-content\/uploads\/concursuri_cadre_didactice\/2020-2021\/Semestrul%201\/03_Conferentiar_Drept%20public_5_en.pdf\">Associate Professor Public law<\/a><\/li><li><a href=\"https:\/\/www.univnt.ro\/wp-content\/uploads\/concursuri_cadre_didactice\/2020-2021\/Semestrul%201\/04_Lector_%C8%98tiin%C8%9Be%20economice_28.pdf\">Lector \u015etiin\u0163e economice<\/a><\/li><li><a href=\"https:\/\/www.univnt.ro\/wp-content\/uploads\/concursuri_cadre_didactice\/2020-2021\/Semestrul%201\/calendar_desfasurare_examen.pdf\">Calendar<\/a><\/li><li><a href=\"https:\/\/www.univnt.ro\/wp-content\/uploads\/concursuri_cadre_didactice\/2020-2021\/Semestrul%201\/11_decizie_rector_comisii_examen_2020.pdf\">Decizie comisii examen<\/a><\/li><\/ul><p class=\"has-vivid-red-color has-text-color\"><strong>Tematic\u0103 bibliografie examene<\/strong><\/p><ul><li><a href=\"https:\/\/www.univnt.ro\/wp-content\/uploads\/concursuri_cadre_didactice\/2020-2021\/Semestrul%201\/01.Tematica_bibliografie_conferen%C8%9Biar_drept%20public_5.pdf\">Tematic\u0103 \u015fi bibliografie Conferen\u0163iar Drept public<\/a><\/li><li><a href=\"https:\/\/www.univnt.ro\/wp-content\/uploads\/concursuri_cadre_didactice\/2020-2021\/Semestrul%201\/02.Tematic%C4%83_bibliografie_lector_%C8%99tiin%C8%9Be%20economince_28.pdf\">Tematic\u0103 \u015fi bibliografie Lector \u015etiin\u0163e economice<\/a><\/li><\/ul><p class=\"has-vivid-red-color has-text-color\"><strong>Candida\u0163i<\/strong><\/p><details open=\"\"><summary>Conferen\u021biar Drept public, pozi\u021bia 5<\/summary><ul><li><a href=\"https:\/\/www.univnt.ro\/wp-content\/uploads\/concursuri_cadre_didactice\/2020-2021\/Semestrul%201\/Curriculum%20vitae%20Elena%20Stefan.pdf\">CV Elena Emilia \u015etefan<\/a><\/li><li><a href=\"https:\/\/www.univnt.ro\/wp-content\/uploads\/concursuri_cadre_didactice\/2020-2021\/Semestrul%201\/LISTA%20DE%20LUCR%C4%82RI%20candidat%20Elena%20%C8%98tefan.pdf\">List\u0103 de lucr\u0103ri Elena Emilia \u015etefan<\/a><\/li><li><a href=\"https:\/\/www.univnt.ro\/wp-content\/uploads\/concursuri_cadre_didactice\/2020-2021\/Semestrul%201\/FI%C8%98%C4%82%20DE%20VERIFICARE-%20Elena%20%C8%98tefan.pdf\">Fis\u0103 de verificare a \u00eendeplinirii standardelor<\/a><\/li><\/ul><\/details><details open=\"\"><summary>Lector \u0218tiin\u021be economice, pozi\u021bia 28<\/summary><ul><li><a href=\"https:\/\/www.univnt.ro\/wp-content\/uploads\/concursuri_cadre_didactice\/2020-2021\/Semestrul%201\/CV%20Platon%20Otilia%20Elena.pdf\">CV Otilia Elena Platon<\/a><\/li><li><a href=\"https:\/\/www.univnt.ro\/wp-content\/uploads\/concursuri_cadre_didactice\/2020-2021\/Semestrul%201\/Lista%20de%20lucrari%20Platon%20Otilia%20Elena.pdf\">List\u0103 de lucr\u0103ri Otilia Elena Platon<\/a><\/li><li><a href=\"https:\/\/www.univnt.ro\/wp-content\/uploads\/concursuri_cadre_didactice\/2020-2021\/Semestrul%201\/Fisa%20de%20verificare%20a%20indeplinirii%20standardelor_Platon%20Otilia.pdf\">Fis\u0103 de verificare a \u00eendeplinirii standardelor<\/a><\/li><\/ul><\/details><p><strong>Aviz compartiment juridic<\/strong><\/p><ul><li><a href=\"https:\/\/www.univnt.ro\/wp-content\/uploads\/concursuri_cadre_didactice\/2020-2021\/Semestrul%201\/03_Aviz%20compartiment%20juridic.pdf\">Aviz compartiment juridic<\/a><\/li><\/ul><p class=\"has-text-align-center\"><strong>Desf\u0103\u015furarea probelor practice<\/strong><\/p><details open=\"\"><summary>Conferen\u021biar Drept public, pozi\u021bia 5<\/summary><ul><li><a href=\"https:\/\/www.univnt.ro\/wp-content\/uploads\/concursuri_cadre_didactice\/2020-2021\/Semestrul%201\/01_Planificare_probe_examen_drept%20public.pdf\">Planificare probe concurs<\/a><\/li><li><a href=\"https:\/\/www.univnt.ro\/wp-content\/uploads\/concursuri_cadre_didactice\/2020-2021\/Semestrul%201\/01_Proba_practica_postul%20_de_conferen%C8%9Biar_drept_public_5.pdf\">Proba practic\u0103<\/a><\/li><\/ul><\/details><details open=\"\"><summary>Lector \u0218tiin\u021be economice, pozi\u021bia 28<\/summary><ul><li><a href=\"https:\/\/www.univnt.ro\/wp-content\/uploads\/concursuri_cadre_didactice\/2020-2021\/Semestrul%201\/02_Planificare_probe_examen_%C8%99tin%C8%9Be%20economice.pdf\">Planificare probe concurs<\/a><\/li><li><a href=\"https:\/\/www.univnt.ro\/wp-content\/uploads\/concursuri_cadre_didactice\/2020-2021\/Semestrul%201\/02_Proba_practica_postul%20_de_lector_%C8%99tiin%C8%9Be_economice_28.pdf\">Proba practic\u0103<\/a><\/li><\/ul><\/details><p class=\"has-text-align-center\"><strong>Rezultate concurs<\/strong><\/p><details open=\"\"><summary>Conferen\u021biar Drept public, pozi\u021bia 5<\/summary><ul><li><a href=\"https:\/\/www.univnt.ro\/wp-content\/uploads\/concursuri_cadre_didactice\/2020-2021\/Semestrul%201\/Rezultatele%20examenului.pdf\">Rezultate concurs<\/a><\/li><li><a href=\"https:\/\/www.univnt.ro\/wp-content\/uploads\/concursuri_cadre_didactice\/2020-2021\/Semestrul%201\/Extras_consiliu%20_FD_29.01.2021.pdf\">Extras din pv al consiliului facult\u0103\u0163ii de drept<\/a><\/li><\/ul><\/details><details open=\"\"><summary>Lector \u0218tiin\u021be economice, pozi\u021bia 28<\/summary><ul><li><a href=\"https:\/\/www.univnt.ro\/wp-content\/uploads\/concursuri_cadre_didactice\/2020-2021\/Semestrul%201\/Rezultatul%20examenului%20de%20promovare%20feaa.pdf\">Rezultate concurs<\/a><\/li><li><a href=\"https:\/\/www.univnt.ro\/wp-content\/uploads\/concursuri_cadre_didactice\/2020-2021\/Semestrul%201\/extras_consiliu_FEAA_29_01_2021.pdf\">Extras din pv al consiliului facult\u0103\u0163ii de economie \u015fi administrarea afacerilor<\/a><\/li><\/ul><\/details><p><a href=\"https:\/\/www.univnt.ro\/wp-content\/uploads\/concursuri_cadre_didactice\/2020-2021\/Semestrul%201\/Lista%20candidatilor%20promovati.pdf\" data-wplink-url-error=\"true\">Lista candida\u021bilor promova\u021bi<\/a><\/p><hr \/><h3 class=\"has-text-align-center\"><strong>Concurs cadre didactice<\/strong><\/h3><p class=\"has-vivid-red-color has-text-color\"><strong>Posturi vacante<\/strong><\/p><ul><li><a href=\"https:\/\/www.univnt.ro\/wp-content\/uploads\/concursuri_cadre_didactice\/2020-2021\/Semestrul%201\/001_anunt_posturi_vacante.pdf\">Anun\u0163 posturi vacante<\/a><\/li><li><a href=\"https:\/\/www.univnt.ro\/wp-content\/uploads\/concursuri_cadre_didactice\/2020-2021\/Semestrul%201\/002_metodologie%20concurs%20cadre%20didactice.pdf\">Metodologie concurs<\/a><\/li><li><a href=\"https:\/\/www.univnt.ro\/wp-content\/uploads\/concursuri_cadre_didactice\/2020-2021\/Semestrul%201\/003_asistent_%C8%99tiin%C8%9Be_penale_13_RO.pdf\">Asistent \u015etiin\u0163e penale 13<\/a><\/li><li><a href=\"https:\/\/www.univnt.ro\/wp-content\/uploads\/concursuri_cadre_didactice\/2020-2021\/Semestrul%201\/004_asistent_%C8%99tiin%C8%9Be_penale_17_RO.pdf\">Asistent \u015etiin\u0163e penale 17<\/a><\/li><li><a href=\"https:\/\/www.univnt.ro\/wp-content\/uploads\/concursuri_cadre_didactice\/2020-2021\/Semestrul%201\/005_asistent_%C8%99tiin%C8%9Be_penale_18_RO.pdf\">Asistent \u015etiin\u0163e penale 18<\/a><\/li><li><a href=\"https:\/\/www.univnt.ro\/wp-content\/uploads\/concursuri_cadre_didactice\/2020-2021\/Semestrul%201\/calendar_concurs.pdf\">Calendar<\/a><\/li><li><a href=\"https:\/\/www.univnt.ro\/wp-content\/uploads\/concursuri_cadre_didactice\/2020-2021\/Semestrul%201\/11_decizie_rector_comisii_2020.pdf\">Decizie comisii concurs<\/a><\/li><\/ul><p><strong>Tematica si bibliografie<\/strong><\/p><ul><li><a href=\"https:\/\/www.univnt.ro\/wp-content\/uploads\/concursuri_cadre_didactice\/2020-2021\/Semestrul%201\/01_Tematica_si_bibliografia_asistent_stiinte%20penale_13.pdf\">Tematica si bibliografie asistent stiinte penale 13<\/a><\/li><li><a href=\"https:\/\/www.univnt.ro\/wp-content\/uploads\/concursuri_cadre_didactice\/2020-2021\/Semestrul%201\/02_Tematica_si_bibliografia_asistent_stiinte%20penale_17.pdf\">Tematica si bibliografie asistent stiinte penale 17<\/a><\/li><li><a href=\"https:\/\/www.univnt.ro\/wp-content\/uploads\/concursuri_cadre_didactice\/2020-2021\/Semestrul%201\/03_Tematica_si_bibliografia_asistent_stiinte%20penale_18.pdf\">Tematica si bibliografie asistent stiinte penale 18<\/a><\/li><\/ul><p><strong>Candida\u0163i<\/strong><\/p><details open=\"\"><summary>Asistent \u0219tiin\u021be penale, pozi\u0163ia 13<\/summary><ul><li><a href=\"https:\/\/www.univnt.ro\/wp-content\/uploads\/concursuri_cadre_didactice\/2020-2021\/Semestrul%201\/1.%20CV%20Nadia%20Cantemir-Stoica%20.pdf\">CV Nadia Cantemir Stoica<\/a><\/li><li><a href=\"https:\/\/www.univnt.ro\/wp-content\/uploads\/concursuri_cadre_didactice\/2020-2021\/Semestrul%201\/2.%20Fi%C8%99a%20de%20verificare%20standarde%20Nadia%20Cantemir-Stoica.pdf\">Fi\u015f\u0103 de verificare<\/a><\/li><\/ul><\/details><details open=\"\"><summary>Asistent \u0219tiin\u021be penale, pozi\u0163ia 17<\/summary><ul><li><a href=\"https:\/\/www.univnt.ro\/wp-content\/uploads\/concursuri_cadre_didactice\/2020-2021\/Semestrul%201\/1.%20CV%20Constantin%20Neagu.pdf\">CV Constantin Neagu<\/a><\/li><li><a href=\"https:\/\/www.univnt.ro\/wp-content\/uploads\/concursuri_cadre_didactice\/2020-2021\/Semestrul%201\/2.%20Fisa%20de%20verificare%20standarde%20Constantin%20Neagu%20.pdf\">Fi\u015f\u0103 de verificare<\/a><\/li><\/ul><\/details><details open=\"\"><summary>Asistent \u0219tiin\u021be penale, pozi\u0163ia 18<\/summary><ul><li><a href=\"https:\/\/www.univnt.ro\/wp-content\/uploads\/concursuri_cadre_didactice\/2020-2021\/Semestrul%201\/1.%20CV%20Radu%20Geam%C4%83nu.pdf\">CV Radu Geam\u0103nu<\/a><\/li><li><a href=\"https:\/\/www.univnt.ro\/wp-content\/uploads\/concursuri_cadre_didactice\/2020-2021\/Semestrul%201\/2.%20Fisa%20de%20verificare%20standarde%20Radu%20Geam%C4%83nu.pdf\">Fi\u015f\u0103 de verificare<\/a><\/li><\/ul><\/details><p><strong>Desfasurarea probelor practice<\/strong><\/p><ul><li><a href=\"https:\/\/www.univnt.ro\/wp-content\/uploads\/concursuri_cadre_didactice\/2020-2021\/Semestrul%201\/01_Planificare_probe_concurs.pdf\">Planificare probe concurs<\/a><\/li><li><a href=\"https:\/\/www.univnt.ro\/wp-content\/uploads\/concursuri_cadre_didactice\/2020-2021\/Semestrul%201\/02_Proba_practica_postul_de_asistent_stiinte_penale_13_2.pdf\">Proba practica asistent \u0219tiin\u021be penale, pozi\u021bia 13<\/a><\/li><li><a href=\"https:\/\/www.univnt.ro\/wp-content\/uploads\/concursuri_cadre_didactice\/2020-2021\/Semestrul%201\/03_Proba_practica_postul_de_asistent_stiinte_penale_17_2.pdf\">Proba practica asistent \u0219tiin\u021be penale, pozi\u021bia 17<\/a><\/li><li><a href=\"https:\/\/www.univnt.ro\/wp-content\/uploads\/concursuri_cadre_didactice\/2020-2021\/Semestrul%201\/04_Proba_practica_postul_de_asistent_stiinte_penale_18_2.pdf\">Proba practica asistent \u0219tiin\u021be penale, pozi\u021bia 18<\/a><\/li><\/ul><p><strong>Rezultate concurs<\/strong><\/p><ul><li><a href=\"https:\/\/www.univnt.ro\/wp-content\/uploads\/concursuri_cadre_didactice\/2020-2021\/Semestrul%201\/Rezultatele%20concursului.pdf\">Rezultate concurs<\/a><\/li><li><a href=\"https:\/\/www.univnt.ro\/wp-content\/uploads\/concursuri_cadre_didactice\/2020-2021\/Semestrul%201\/10_Extras_consiliu_raport_concurs.pdf\">Extras din pv al consiliului facult\u0103\u0163ii de drept<\/a><\/li><\/ul><\/li><li>\u00a0<\/li><\/ul>\t\t\t\t\t\t\t\t<\/div>\n\t\t\t\t<\/div>\n\t\t\t\t\t<\/div>\n\t\t<\/div>\n\t\t\t\t\t<\/div>\n\t\t<\/section>\n\t\t\t\t<\/div>\n\t\t","protected":false},"excerpt":{"rendered":"<p>SEMESTRUL 1 2020-2021 Examen promovare Posturi vacante Posturi vacante Academic vacancies Metodologie concurs Conferen\u0163iar universitar Drept public Associate Professor Public &hellip; <\/p>\n","protected":false},"author":1,"featured_media":0,"parent":966,"menu_order":2,"comment_status":"closed","ping_status":"closed","template":"","meta":{"_mi_skip_tracking":false,"_monsterinsights_sitenote_active":false,"_monsterinsights_sitenote_note":"","_monsterinsights_sitenote_category":0,"footnotes":""},"class_list":["post-3829","page","type-page","status-publish","hentry"],"_links":{"self":[{"href":"https:\/\/www.univnt.ro\/index.php\/wp-json\/wp\/v2\/pages\/3829","targetHints":{"allow":["GET"]}}],"collection":[{"href":"https:\/\/www.univnt.ro\/index.php\/wp-json\/wp\/v2\/pages"}],"about":[{"href":"https:\/\/www.univnt.ro\/index.php\/wp-json\/wp\/v2\/types\/page"}],"author":[{"embeddable":true,"href":"https:\/\/www.univnt.ro\/index.php\/wp-json\/wp\/v2\/users\/1"}],"replies":[{"embeddable":true,"href":"https:\/\/www.univnt.ro\/index.php\/wp-json\/wp\/v2\/comments?post=3829"}],"version-history":[{"count":11,"href":"https:\/\/www.univnt.ro\/index.php\/wp-json\/wp\/v2\/pages\/3829\/revisions"}],"predecessor-version":[{"id":4500,"href":"https:\/\/www.univnt.ro\/index.php\/wp-json\/wp\/v2\/pages\/3829\/revisions\/4500"}],"up":[{"embeddable":true,"href":"https:\/\/www.univnt.ro\/index.php\/wp-json\/wp\/v2\/pages\/966"}],"wp:attachment":[{"href":"https:\/\/www.univnt.ro\/index.php\/wp-json\/wp\/v2\/media?parent=3829"}],"curies":[{"name":"wp","href":"https:\/\/api.w.org\/{rel}","templated":true}]}}