{"id":40,"date":"2020-07-04T12:24:10","date_gmt":"2020-07-04T12:24:10","guid":{"rendered":"http:\/\/www.univnt.ro\/?page_id=40"},"modified":"2026-02-23T13:23:07","modified_gmt":"2026-02-23T13:23:07","slug":"program-biblioteca","status":"publish","type":"page","link":"https:\/\/www.univnt.ro\/index.php\/biblioteca\/program-biblioteca\/","title":{"rendered":"PROGRAM BIBLIOTEC\u0102"},"content":{"rendered":"\t\t<div data-elementor-type=\"wp-page\" data-elementor-id=\"40\" class=\"elementor elementor-40\" data-elementor-post-type=\"page\">\n\t\t\t\t\t\t<section class=\"elementor-section elementor-top-section elementor-element elementor-element-321628c elementor-section-boxed elementor-section-height-default elementor-section-height-default\" data-id=\"321628c\" data-element_type=\"section\">\n\t\t\t\t\t\t<div class=\"elementor-container elementor-column-gap-default\">\n\t\t\t\t\t<div class=\"elementor-column elementor-col-100 elementor-top-column elementor-element elementor-element-4ae7472\" data-id=\"4ae7472\" data-element_type=\"column\">\n\t\t\t<div class=\"elementor-widget-wrap elementor-element-populated\">\n\t\t\t\t\t\t\t<\/div>\n\t\t<\/div>\n\t\t\t\t\t<\/div>\n\t\t<\/section>\n\t\t\t\t<section class=\"elementor-section elementor-top-section elementor-element elementor-element-381d317 elementor-section-boxed elementor-section-height-default elementor-section-height-default\" data-id=\"381d317\" data-element_type=\"section\">\n\t\t\t\t\t\t<div class=\"elementor-container elementor-column-gap-default\">\n\t\t\t\t\t<div class=\"elementor-column elementor-col-100 elementor-top-column elementor-element elementor-element-001382d\" data-id=\"001382d\" data-element_type=\"column\">\n\t\t\t<div class=\"elementor-widget-wrap elementor-element-populated\">\n\t\t\t\t\t\t<div class=\"elementor-element elementor-element-a236115 elementor-widget elementor-widget-heading\" data-id=\"a236115\" data-element_type=\"widget\" data-widget_type=\"heading.default\">\n\t\t\t\t<div class=\"elementor-widget-container\">\n\t\t\t\t\t<h2 class=\"elementor-heading-title elementor-size-default\">Program bibliotec\u0103<\/h2>\t\t\t\t<\/div>\n\t\t\t\t<\/div>\n\t\t\t\t<div class=\"elementor-element elementor-element-8f60259 elementor-widget elementor-widget-text-editor\" data-id=\"8f60259\" data-element_type=\"widget\" data-widget_type=\"text-editor.default\">\n\t\t\t\t<div class=\"elementor-widget-container\">\n\t\t\t\t\t\t\t\t\t<p style=\"text-align: center;\"><span style=\"color: #ff0000;\"><strong>LUNI &#8211; VINERI<\/strong><\/span><br \/><span style=\"color: #ff0000;\"><strong>10.00 &#8211; 18.00<\/strong><\/span><\/p>\t\t\t\t\t\t\t\t<\/div>\n\t\t\t\t<\/div>\n\t\t\t\t<div class=\"elementor-element elementor-element-d594085 elementor-widget elementor-widget-text-editor\" data-id=\"d594085\" data-element_type=\"widget\" data-widget_type=\"text-editor.default\">\n\t\t\t\t<div class=\"elementor-widget-container\">\n\t\t\t\t\t\t\t\t\t<p>\u00cen zilele de s\u00e2mb\u0103t\u0103 men\u0163ionate mai jos, Biblioteca UNT va fi deschis\u0103 pentru activit\u0103\u0163i tutoriale ID:<\/p>\n<p style=\"text-align: center;\"><strong>28 FEBRUARIE 2026: 9.00 \u2013 14.00<\/strong><br \/><strong>14 MARTIE 2026: 9.00 \u2013 14.00<\/strong><br \/><strong>28 MARTIE 2026: 9.00 \u2013 14.00<\/strong><\/p>\n<p>\u00ceN ACESTE ZILE BIBLIOTECA ESTE DESCHIS\u0102 PENTRU TO\u0162I STUDEN\u0162II, DE LA TOATE FORMELE DE \u00ceNV\u0102\u0162\u0102M\u00c2NT (IF SAU ID)<\/p>\t\t\t\t\t\t\t\t<\/div>\n\t\t\t\t<\/div>\n\t\t\t\t\t<\/div>\n\t\t<\/div>\n\t\t\t\t\t<\/div>\n\t\t<\/section>\n\t\t\t\t<section class=\"elementor-section elementor-top-section elementor-element elementor-element-abe48bf elementor-section-boxed elementor-section-height-default elementor-section-height-default\" data-id=\"abe48bf\" data-element_type=\"section\">\n\t\t\t\t\t\t<div class=\"elementor-container elementor-column-gap-default\">\n\t\t\t\t\t<div class=\"elementor-column elementor-col-100 elementor-top-column elementor-element elementor-element-d56a91d\" data-id=\"d56a91d\" data-element_type=\"column\">\n\t\t\t<div class=\"elementor-widget-wrap elementor-element-populated\">\n\t\t\t\t\t\t<div class=\"elementor-element elementor-element-7e42d81 elementor-widget elementor-widget-text-editor\" data-id=\"7e42d81\" data-element_type=\"widget\" data-widget_type=\"text-editor.default\">\n\t\t\t\t<div class=\"elementor-widget-container\">\n\t\t\t\t\t\t\t\t\t<p style=\"text-align: center;\"><strong>BIBLIOTECA ESTE DESCHIS\u0102 PENTRU TO\u0162I STUDEN\u0162II DE LA TOATE FORMELE DE \u00ceNV\u0102\u0162\u0102M\u00c2NT (IF SAU ID).<\/strong><\/p>\t\t\t\t\t\t\t\t<\/div>\n\t\t\t\t<\/div>\n\t\t\t\t\t<\/div>\n\t\t<\/div>\n\t\t\t\t\t<\/div>\n\t\t<\/section>\n\t\t\t\t<section class=\"elementor-section elementor-top-section elementor-element elementor-element-42119f12 elementor-section-boxed elementor-section-height-default elementor-section-height-default\" data-id=\"42119f12\" data-element_type=\"section\">\n\t\t\t\t\t\t<div class=\"elementor-container elementor-column-gap-default\">\n\t\t\t\t\t<div class=\"elementor-column elementor-col-100 elementor-top-column elementor-element elementor-element-a5bb17f\" data-id=\"a5bb17f\" data-element_type=\"column\">\n\t\t\t<div class=\"elementor-widget-wrap elementor-element-populated\">\n\t\t\t\t\t\t<div class=\"elementor-element elementor-element-37446717 elementor-widget elementor-widget-text-editor\" data-id=\"37446717\" data-element_type=\"widget\" data-widget_type=\"text-editor.default\">\n\t\t\t\t<div class=\"elementor-widget-container\">\n\t\t\t\t\t\t\t\t\t<p><\/p>\n<p><\/p>\n<p><span style=\"color: var( --e-global-color-text ); font-family: var( --e-global-typography-text-font-family ), Sans-serif; font-weight: var( --e-global-typography-text-font-weight ); font-size: 1.8rem;\">Publica\u021biile bibliotecii nu se \u00eemprumut\u0103 la domiciliu.<\/span><\/p>\n<p><\/p>\n<p>Accesul la copiator este temporar suspendat, dar este permis\u0103 fotografierea \u00een regim de 30 pagini\/volum\/zi.<\/p>\n<p><\/p>\n<p>Permisul de acces se ob\u021bine conform prevederilor specificate la rubrica de mai jos, <strong><em>ELIBER\u0102RI PERMISE, <\/em><\/strong>unde sunt men\u021bionate documentele necesare.<\/p>\n<p><\/p>\n<p><\/p>\n<p><\/p>\n<p class=\"has-vivid-red-color has-text-color\"><strong>V\u0103 recomand\u0103m ca pe perioada lecturii \u00een sal\u0103 s\u0103 purta\u0163i masca de protec\u021bie!<\/strong><\/p>\n<p><\/p>\n<hr class=\"wp-block-separator\" \/>\n<p><\/p>\n<p><strong>ELIBERAREA PERMISELOR<\/strong><br \/>Permisele se elibereaza la Biblioteca Universitatii \u201cN. Titulescu\u201d in cadrul programului de la sala de lectura. (Etajul II, camera 69)<br \/>Permisul este valabil pe durata studiilor universitare si trebuie vizat la inceputul fiecarui an universitar.<\/p>\n<p><strong>DOCUMENTE NECESARE PENTRU ELIBERAREA PERMISULUI.<\/strong><br \/>\u2013<strong>STUDENTI<\/strong>: C.I., fotografie tip legitimatie,carnetul de student vizat pe anul universitar in curs (chitanta de plata a taxei sau adeverinta eliberata de secretariat).<br \/>\u2013<strong>MASTERANZI<\/strong>: C.I., fotografie tip legitimatie, carnetul de student masterand vizat pe anul in curs (chitanta de plata a taxei sau adeverinta eliberata de secretariat).<br \/>\u2013<strong>DOCTORANZI<\/strong>: C.I., fotografie tip legitimatie, adeverinta de inscriere la doctorat.<br \/>\u2013<strong>CADRE DIDACTICE DIN UNIVERSITATE:<\/strong>: C.I., legitimatia de serviciu vizata.<\/p>\n<p><\/p>\n<p class=\"has-vivid-red-color has-text-color\"><strong>PERMISUL SE ELIBEREAZA GRATUIT!<\/strong><\/p>\n<p><\/p>\n<p class=\"has-vivid-red-color has-text-color\"><strong>PENTRU VIZAREA PERMISULUI SUNT NECESARE DOCUMENTELE DE LA ELIBERARE PERMIS, MAI PU\u021aIN FOTOGRAFIA.<\/strong><\/p>\n<p><\/p>\n<p><\/p>\t\t\t\t\t\t\t\t<\/div>\n\t\t\t\t<\/div>\n\t\t\t\t\t<\/div>\n\t\t<\/div>\n\t\t\t\t\t<\/div>\n\t\t<\/section>\n\t\t\t\t<\/div>\n\t\t","protected":false},"excerpt":{"rendered":"<p>Program bibliotec\u0103 LUNI &#8211; VINERI10.00 &#8211; 18.00 \u00cen zilele de s\u00e2mb\u0103t\u0103 men\u0163ionate mai jos, Biblioteca UNT va fi deschis\u0103 pentru &hellip; <\/p>\n","protected":false},"author":1,"featured_media":0,"parent":34,"menu_order":0,"comment_status":"closed","ping_status":"closed","template":"","meta":{"_mi_skip_tracking":false,"_monsterinsights_sitenote_active":false,"_monsterinsights_sitenote_note":"","_monsterinsights_sitenote_category":0,"footnotes":""},"class_list":["post-40","page","type-page","status-publish","hentry"],"_links":{"self":[{"href":"https:\/\/www.univnt.ro\/index.php\/wp-json\/wp\/v2\/pages\/40","targetHints":{"allow":["GET"]}}],"collection":[{"href":"https:\/\/www.univnt.ro\/index.php\/wp-json\/wp\/v2\/pages"}],"about":[{"href":"https:\/\/www.univnt.ro\/index.php\/wp-json\/wp\/v2\/types\/page"}],"author":[{"embeddable":true,"href":"https:\/\/www.univnt.ro\/index.php\/wp-json\/wp\/v2\/users\/1"}],"replies":[{"embeddable":true,"href":"https:\/\/www.univnt.ro\/index.php\/wp-json\/wp\/v2\/comments?post=40"}],"version-history":[{"count":277,"href":"https:\/\/www.univnt.ro\/index.php\/wp-json\/wp\/v2\/pages\/40\/revisions"}],"predecessor-version":[{"id":13724,"href":"https:\/\/www.univnt.ro\/index.php\/wp-json\/wp\/v2\/pages\/40\/revisions\/13724"}],"up":[{"embeddable":true,"href":"https:\/\/www.univnt.ro\/index.php\/wp-json\/wp\/v2\/pages\/34"}],"wp:attachment":[{"href":"https:\/\/www.univnt.ro\/index.php\/wp-json\/wp\/v2\/media?parent=40"}],"curies":[{"name":"wp","href":"https:\/\/api.w.org\/{rel}","templated":true}]}}