{"id":4503,"date":"2022-02-23T11:52:25","date_gmt":"2022-02-23T11:52:25","guid":{"rendered":"https:\/\/www.univnt.ro\/?page_id=4503"},"modified":"2025-06-19T07:52:57","modified_gmt":"2025-06-19T07:52:57","slug":"2021-2022-semestrul-1","status":"publish","type":"page","link":"https:\/\/www.univnt.ro\/index.php\/concursuri-cadre-didactice\/2021-2022-semestrul-1\/","title":{"rendered":"2021-2022 Semestrul 1"},"content":{"rendered":"\t\t<div data-elementor-type=\"wp-page\" data-elementor-id=\"4503\" class=\"elementor elementor-4503\" data-elementor-post-type=\"page\">\n\t\t\t\t\t\t<section class=\"elementor-section elementor-top-section elementor-element elementor-element-8a618cf elementor-section-boxed elementor-section-height-default elementor-section-height-default\" data-id=\"8a618cf\" data-element_type=\"section\">\n\t\t\t\t\t\t<div class=\"elementor-container elementor-column-gap-default\">\n\t\t\t\t\t<div class=\"elementor-column elementor-col-100 elementor-top-column elementor-element elementor-element-9b7b409\" data-id=\"9b7b409\" data-element_type=\"column\">\n\t\t\t<div class=\"elementor-widget-wrap elementor-element-populated\">\n\t\t\t\t\t\t<div class=\"elementor-element elementor-element-8e39bf3 elementor-widget elementor-widget-text-editor\" data-id=\"8e39bf3\" data-element_type=\"widget\" data-widget_type=\"text-editor.default\">\n\t\t\t\t<div class=\"elementor-widget-container\">\n\t\t\t\t\t\t\t\t\t<h3 style=\"text-align: center;\">SEMESTRUL 1 2021-2022<\/h3><h3>Examen promovare<\/h3><p><strong>Posturi vacante<\/strong><\/p><ul><li><a href=\"https:\/\/www.univnt.ro\/wp-content\/uploads\/concursuri_cadre_didactice\/2021-2022\/01%20Posturi%20vacante\/01_anunt_posturi_vacante.pdf\">Posturi vacante<\/a><\/li><li><a href=\"https:\/\/www.univnt.ro\/wp-content\/uploads\/concursuri_cadre_didactice\/2021-2022\/01%20Posturi%20vacante\/02_metodologie_promovare_cariera%20didactica.pdf\">Metodologie concurs<\/a><\/li><li><a href=\"https:\/\/www.univnt.ro\/wp-content\/uploads\/concursuri_cadre_didactice\/2021-2022\/01%20Posturi%20vacante\/03_Lector_%C8%98tiin%C8%9Be%20penale_11.pdf\">Lector \u015etiin\u0163e penale<\/a><\/li><li><a href=\"https:\/\/www.univnt.ro\/wp-content\/uploads\/concursuri_cadre_didactice\/2021-2022\/01%20Posturi%20vacante\/calendar_desfasurare_examen.pdf\">Calendar desfasurare examen<\/a><\/li><li><a href=\"https:\/\/www.univnt.ro\/wp-content\/uploads\/concursuri_cadre_didactice\/2021-2022\/01%20Posturi%20vacante\/11_decizie_rector_comisii_examen_2021.pdf\">Decizie comisie rector<\/a><\/li><\/ul><p><strong>Tematic\u0103 bibliografie examene<\/strong><\/p><ul><li><a href=\"https:\/\/www.univnt.ro\/wp-content\/uploads\/concursuri_cadre_didactice\/2021-2022\/02%20Tematic%C4%83%20%C8%99i%20bibliografie\/01_Tematica%20si%20bibliografia_lector_%C8%98tiinte%20penale_%2011.pdf\">Tematic\u0103 \u015fi bibliografie Lector \u015etiin\u0163e penale<\/a><\/li><\/ul><div><strong>Candida\u0163i<\/strong><\/div><div><ul><li><a href=\"https:\/\/www.univnt.ro\/wp-content\/uploads\/concursuri_cadre_didactice\/2021-2022\/CV%20haratau%20lamya%20diana.pdf\" data-wplink-url-error=\"true\">CV Lamya Diana H\u0103r\u0103t\u0103u<\/a><\/li><li><a href=\"https:\/\/www.univnt.ro\/wp-content\/uploads\/concursuri_cadre_didactice\/2021-2022\/list%C4%83%20lucr%C4%83ri%20%C8%99tiin%C8%9Bifice%20.pdf\" data-wplink-url-error=\"true\">List\u0103 de lucr\u0103ri Lamya Diana H\u0103r\u0103t\u0103u<\/a><\/li><li><a href=\"https:\/\/www.univnt.ro\/wp-content\/uploads\/concursuri_cadre_didactice\/2021-2022\/fisa%20verificare%20standardare.pdf\" data-wplink-url-error=\"true\">Fis\u0103 de verificare a \u00eendeplinirii standardelor<\/a><\/li><\/ul><div><strong>Aviz compartiment juridic<\/strong><\/div><div><ul><li><a href=\"https:\/\/www.univnt.ro\/wp-content\/uploads\/concursuri_cadre_didactice\/2021-2022\/03_Aviz%20compartiment%20juridic.pdf\" data-wplink-url-error=\"true\">Aviz compartiment juridic<\/a><\/li><\/ul><div><strong>Desfasurarea probelor<\/strong><\/div><div><ul><li><a href=\"https:\/\/www.univnt.ro\/wp-content\/uploads\/concursuri_cadre_didactice\/2021-2022\/09_zile_loc.pdf\">Planificare examen<\/a><\/li><li><a href=\"https:\/\/www.univnt.ro\/wp-content\/uploads\/concursuri_cadre_didactice\/2021-2022\/08_Decizie_tema_stiinte%20penale_lector_11.pdf\" data-wplink-url-error=\"true\">Tematica proba practica<\/a><\/li><\/ul><p id=\"block-2613783a-13c8-4c61-881d-185c55f48643\" class=\"has-vivid-red-color has-text-color\"><strong>Rezultate concurs<\/strong><\/p><ul id=\"block-b706882a-5143-48b8-888f-fa6a97494e9a\"><li><a href=\"https:\/\/www.univnt.ro\/wp-content\/uploads\/concursuri_cadre_didactice\/2021-2022\/Rezultatele%20examenului.pdf\" data-wplink-url-error=\"true\">Rezultate concurs<\/a><\/li><li><a href=\"https:\/\/www.univnt.ro\/wp-content\/uploads\/concursuri_cadre_didactice\/2021-2022\/Lista%20candidatilor%20promovati.pdf\" data-wplink-url-error=\"true\">Lista candidatilor promovati<\/a><\/li><\/ul><\/div><\/div><\/div>\t\t\t\t\t\t\t\t<\/div>\n\t\t\t\t<\/div>\n\t\t\t\t\t<\/div>\n\t\t<\/div>\n\t\t\t\t\t<\/div>\n\t\t<\/section>\n\t\t\t\t<\/div>\n\t\t","protected":false},"excerpt":{"rendered":"<p>SEMESTRUL 1 2021-2022 Examen promovare Posturi vacante Posturi vacante Metodologie concurs Lector \u015etiin\u0163e penale Calendar desfasurare examen Decizie comisie rector &hellip; <\/p>\n","protected":false},"author":1,"featured_media":0,"parent":966,"menu_order":3,"comment_status":"closed","ping_status":"closed","template":"","meta":{"_mi_skip_tracking":false,"_monsterinsights_sitenote_active":false,"_monsterinsights_sitenote_note":"","_monsterinsights_sitenote_category":0,"footnotes":""},"class_list":["post-4503","page","type-page","status-publish","hentry"],"_links":{"self":[{"href":"https:\/\/www.univnt.ro\/index.php\/wp-json\/wp\/v2\/pages\/4503","targetHints":{"allow":["GET"]}}],"collection":[{"href":"https:\/\/www.univnt.ro\/index.php\/wp-json\/wp\/v2\/pages"}],"about":[{"href":"https:\/\/www.univnt.ro\/index.php\/wp-json\/wp\/v2\/types\/page"}],"author":[{"embeddable":true,"href":"https:\/\/www.univnt.ro\/index.php\/wp-json\/wp\/v2\/users\/1"}],"replies":[{"embeddable":true,"href":"https:\/\/www.univnt.ro\/index.php\/wp-json\/wp\/v2\/comments?post=4503"}],"version-history":[{"count":8,"href":"https:\/\/www.univnt.ro\/index.php\/wp-json\/wp\/v2\/pages\/4503\/revisions"}],"predecessor-version":[{"id":6715,"href":"https:\/\/www.univnt.ro\/index.php\/wp-json\/wp\/v2\/pages\/4503\/revisions\/6715"}],"up":[{"embeddable":true,"href":"https:\/\/www.univnt.ro\/index.php\/wp-json\/wp\/v2\/pages\/966"}],"wp:attachment":[{"href":"https:\/\/www.univnt.ro\/index.php\/wp-json\/wp\/v2\/media?parent=4503"}],"curies":[{"name":"wp","href":"https:\/\/api.w.org\/{rel}","templated":true}]}}