{"id":46,"date":"2020-07-04T12:28:32","date_gmt":"2020-07-04T12:28:32","guid":{"rendered":"http:\/\/www.univnt.ro\/?page_id=46"},"modified":"2025-10-28T06:29:57","modified_gmt":"2025-10-28T06:29:57","slug":"contact","status":"publish","type":"page","link":"https:\/\/www.univnt.ro\/index.php\/contact\/","title":{"rendered":"CONTACT"},"content":{"rendered":"\t\t<div data-elementor-type=\"wp-page\" data-elementor-id=\"46\" class=\"elementor elementor-46\" data-elementor-post-type=\"page\">\n\t\t\t\t\t\t<section class=\"elementor-section elementor-top-section elementor-element elementor-element-5833e4f7 elementor-section-boxed elementor-section-height-default elementor-section-height-default\" data-id=\"5833e4f7\" data-element_type=\"section\">\n\t\t\t\t\t\t<div class=\"elementor-container elementor-column-gap-default\">\n\t\t\t\t\t<div class=\"elementor-column elementor-col-100 elementor-top-column elementor-element elementor-element-26954eb1\" data-id=\"26954eb1\" data-element_type=\"column\">\n\t\t\t<div class=\"elementor-widget-wrap elementor-element-populated\">\n\t\t\t\t\t\t<div class=\"elementor-element elementor-element-4b74f9f6 elementor-widget elementor-widget-text-editor\" data-id=\"4b74f9f6\" data-element_type=\"widget\" data-widget_type=\"text-editor.default\">\n\t\t\t\t<div class=\"elementor-widget-container\">\n\t\t\t\t\t\t\t\t\t<p><strong>Informa\u0163ii de contact<\/strong><\/p>\n<p><!-- \/wp:paragraph --><\/p>\n<p><!-- wp:html --><\/p>\n<p>Adresa:\u00a0<strong>Calea V\u0103c\u0103re\u015fti, Nr. 185, Sector 4, Bucure\u015fti, cod 040051. <\/strong>&#8211;\u00a0<strong>(zona Timpuri Noi)<\/strong> <br \/>Telefoane:\u00a0<strong>021.330.90.32; 021.330.90.76; 021.330.88.64; 021.330.89.58.<\/strong> <br \/>Fax:\u00a0<strong>021.330.86.06 ; 021.330.86.30<\/strong> <br \/>e-mail: <a href=\"mailto:office@univnt.ro\"><strong>office@univnt.ro<\/strong><\/a> <br \/>Rectorat: <a href=\"mailto:rectorat@univnt.ro\"><strong>rectorat@univnt.ro<\/strong><\/a> <br \/>Departamentul it: <a href=\"mailto:departament_it@univnt.ro\"><strong>departament_it@univnt.ro<\/strong><\/a> <br \/>Departamentul Contabilitate: <a href=\"mailto:contabilitate@univnt.ro\"><strong>contabilitate@univnt.ro<\/strong><\/a> <br \/>Secretariat universitate: <a href=\"mailto:secretariat@univnt.ro\"><strong>secretariat@univnt.ro<\/strong><\/a> Biroul Acte de Studii: <a href=\"mailto:diplome@univnt.ro\"><strong>diplome@univnt.ro<\/strong> <\/a> <br \/>Arhiv\u0103: <strong><a href=\"mailto:arhiva@univnt.ro\">arhiva@univnt.ro<\/a>\u00a0<\/strong><br \/>Registratur\u0103: <a href=\"mailto:alexandra.miron@univnt.ro\"><strong>alexandra.miron@univnt.ro<\/strong><\/a><\/p>\n<p><span style=\"color: #800080;\"><strong>Secretariat Facultatea de Drept<\/strong><\/span><\/p>\n<p><strong><span style=\"color: #800080;\">Secretar \u0219ef<\/span>: <\/strong><span style=\"color: #808080;\">Iuliana C\u0102LIN<\/span><br \/><span style=\"color: #808080;\">e-mail: iuliana.calin@univnt.ro<\/span><br \/>\n<span style=\"color: #808080;\"><em>Anul II<\/em>: DREPT IF, DEI<\/span><\/p>\n<p><!-- \/wp:paragraph --><\/p>\n<p><!-- wp:paragraph --><\/p>\n<p><span style=\"color: #800080;\"><strong>Secretar:<\/strong><\/span> <span style=\"color: #808080;\">Serena Virginia PETRAS<\/span><br \/><span style=\"color: #808080;\">e-mail: serena.petras@univnt.ro<\/span><br \/><span style=\"color: #808080;\"><em>Anul I<\/em>: DREPT IF \u015fi DEI<\/span><\/p>\n<p><span style=\"color: #800080;\"><strong>Secretar:<\/strong><\/span> <span style=\"color: #808080;\">Daniela-Mihaela CRISTEA<\/span><br \/><span style=\"color: #808080;\">e-mail: daniela.cristea@univnt.ro<\/span><br \/><span style=\"color: #808080;\"><em>Anul III<\/em>: DREPT IF, DEI, MASTER<\/span><\/p>\n<p><span style=\"color: #800080;\"><strong>Secretar:<\/strong><\/span> <span style=\"color: #808080;\">Teodora T\u0102UTU<\/span><br \/><span style=\"color: #808080;\">e-mail: teodora.tautu@univnt.ro<\/span><br \/><span style=\"color: #808080;\"><em>Anul IV<\/em>: DREPT IF, DEI<\/span><\/p>\n<p><!-- \/wp:paragraph --><\/p>\n<p><!-- wp:paragraph --><\/p>\n<p><!-- \/wp:paragraph --><\/p>\n<p><!-- wp:paragraph --><\/p>\n<p><!-- \/wp:paragraph --><\/p>\n<p><!-- wp:paragraph --><\/p>\n<p><span style=\"color: #800080;\"><strong>Secretar:<\/strong><\/span> <span style=\"color: #808080;\">Ioana Marina VILCEANU <\/span><br \/><span style=\"color: #808080;\">e-mail:\u00a0ioana.vilceanu@univnt.ro<\/span><br \/><span style=\"color: #808080;\"><em>Anul I, II, III, IV<\/em>: DREPT ID<\/span><\/p>\n<p><span style=\"color: #800080;\"><strong>Secretariat Facultatea de Economie \u0219i Administrarea Afacerilor<\/strong><\/span><\/p>\n<p style=\"padding-left: 40px;\"><strong>Secretar \u0219ef:<\/strong> Camelia CR\u0102CIUN<br \/>e-mail: cameliacraciun@univnt.ro<\/p>\n<p style=\"padding-left: 40px;\"><strong>Secretar:<\/strong> Alexandra MIRON<br \/>e-mail: alexandra.miron@univnt.ro<\/p>\n<p><span style=\"color: #800080;\"><strong>Secretariat Facultatea de Rela\u021bii Interna\u021bionale \u0219i Administra\u021bie<\/strong><\/span><\/p>\n<p style=\"padding-left: 40px;\"><strong>Secretar \u0219ef:<\/strong> Ioana PETRIC\u0102<br \/>e-mail: ioana.petrica@univnt.ro<\/p>\n<p><!-- \/wp:html --><\/p>\n<p><!-- wp:shortcode --><\/p>\n<p>\n<div class=\"wpcf7 no-js\" id=\"wpcf7-f700-o1\" lang=\"en-US\" dir=\"ltr\">\n<div class=\"screen-reader-response\"><p role=\"status\" aria-live=\"polite\" aria-atomic=\"true\"><\/p> <ul><\/ul><\/div>\n<form action=\"\/index.php\/wp-json\/wp\/v2\/pages\/46#wpcf7-f700-o1\" method=\"post\" class=\"wpcf7-form init\" aria-label=\"Contact form\" novalidate=\"novalidate\" data-status=\"init\">\n<div style=\"display: none;\">\n<input type=\"hidden\" name=\"_wpcf7\" value=\"700\" \/>\n<input type=\"hidden\" name=\"_wpcf7_version\" value=\"5.8.4\" \/>\n<input type=\"hidden\" name=\"_wpcf7_locale\" value=\"en_US\" \/>\n<input type=\"hidden\" name=\"_wpcf7_unit_tag\" value=\"wpcf7-f700-o1\" \/>\n<input type=\"hidden\" name=\"_wpcf7_container_post\" value=\"0\" \/>\n<input type=\"hidden\" name=\"_wpcf7_posted_data_hash\" value=\"\" \/>\n<input type=\"hidden\" name=\"_wpcf7_recaptcha_response\" value=\"\" \/>\n<\/div>\n<p><label> Nume: (obligatoriu)<br \/>\n<span class=\"wpcf7-form-control-wrap\" data-name=\"your-name\"><input size=\"40\" class=\"wpcf7-form-control wpcf7-text wpcf7-validates-as-required\" aria-required=\"true\" aria-invalid=\"false\" value=\"\" type=\"text\" name=\"your-name\" \/><\/span> <\/label>\n<\/p>\n<p><label> Prenume: (obligatoriu)<br \/>\n<span class=\"wpcf7-form-control-wrap\" data-name=\"your-name\"><input size=\"40\" class=\"wpcf7-form-control wpcf7-text wpcf7-validates-as-required\" aria-required=\"true\" aria-invalid=\"false\" value=\"\" type=\"text\" name=\"your-name\" \/><\/span> <\/label>\n<\/p>\n<p><label> E-mail: (obligatoriu)<br \/>\n<span class=\"wpcf7-form-control-wrap\" data-name=\"your-email\"><input size=\"40\" class=\"wpcf7-form-control wpcf7-email wpcf7-validates-as-required wpcf7-text wpcf7-validates-as-email\" aria-required=\"true\" aria-invalid=\"false\" value=\"\" type=\"email\" name=\"your-email\" \/><\/span> <\/label>\n<\/p>\n<p><label> Subiect:<br \/>\n<span class=\"wpcf7-form-control-wrap\" data-name=\"your-subject\"><input size=\"40\" class=\"wpcf7-form-control wpcf7-text\" aria-invalid=\"false\" value=\"\" type=\"text\" name=\"your-subject\" \/><\/span> <\/label>\n<\/p>\n<p><label> Mesaj:<br \/>\n<span class=\"wpcf7-form-control-wrap\" data-name=\"your-message\"><textarea cols=\"40\" rows=\"10\" class=\"wpcf7-form-control wpcf7-textarea\" aria-invalid=\"false\" name=\"your-message\"><\/textarea><\/span> <\/label>\n<\/p>\n<p><input class=\"wpcf7-form-control wpcf7-submit has-spinner\" type=\"submit\" value=\"Trimite\" \/>\n<\/p><div class=\"wpcf7-response-output\" aria-hidden=\"true\"><\/div>\n<\/form>\n<\/div>\n<\/p>\n<p><!-- \/wp:shortcode --><\/p>\t\t\t\t\t\t\t\t<\/div>\n\t\t\t\t<\/div>\n\t\t\t\t\t<\/div>\n\t\t<\/div>\n\t\t\t\t\t<\/div>\n\t\t<\/section>\n\t\t\t\t<\/div>\n\t\t","protected":false},"excerpt":{"rendered":"<p>Informa\u0163ii de contact Adresa:\u00a0Calea V\u0103c\u0103re\u015fti, Nr. 185, Sector 4, Bucure\u015fti, cod 040051. &#8211;\u00a0(zona Timpuri Noi) Telefoane:\u00a0021.330.90.32; 021.330.90.76; 021.330.88.64; 021.330.89.58. Fax:\u00a0021.330.86.06 &hellip; <\/p>\n","protected":false},"author":1,"featured_media":0,"parent":0,"menu_order":0,"comment_status":"closed","ping_status":"closed","template":"","meta":{"_mi_skip_tracking":false,"_monsterinsights_sitenote_active":false,"_monsterinsights_sitenote_note":"","_monsterinsights_sitenote_category":0,"footnotes":""},"class_list":["post-46","page","type-page","status-publish","hentry"],"_links":{"self":[{"href":"https:\/\/www.univnt.ro\/index.php\/wp-json\/wp\/v2\/pages\/46","targetHints":{"allow":["GET"]}}],"collection":[{"href":"https:\/\/www.univnt.ro\/index.php\/wp-json\/wp\/v2\/pages"}],"about":[{"href":"https:\/\/www.univnt.ro\/index.php\/wp-json\/wp\/v2\/types\/page"}],"author":[{"embeddable":true,"href":"https:\/\/www.univnt.ro\/index.php\/wp-json\/wp\/v2\/users\/1"}],"replies":[{"embeddable":true,"href":"https:\/\/www.univnt.ro\/index.php\/wp-json\/wp\/v2\/comments?post=46"}],"version-history":[{"count":31,"href":"https:\/\/www.univnt.ro\/index.php\/wp-json\/wp\/v2\/pages\/46\/revisions"}],"predecessor-version":[{"id":12681,"href":"https:\/\/www.univnt.ro\/index.php\/wp-json\/wp\/v2\/pages\/46\/revisions\/12681"}],"wp:attachment":[{"href":"https:\/\/www.univnt.ro\/index.php\/wp-json\/wp\/v2\/media?parent=46"}],"curies":[{"name":"wp","href":"https:\/\/api.w.org\/{rel}","templated":true}]}}