{"id":4939,"date":"2022-06-14T11:53:39","date_gmt":"2022-06-14T11:53:39","guid":{"rendered":"https:\/\/www.univnt.ro\/?page_id=4939"},"modified":"2022-12-29T10:34:32","modified_gmt":"2022-12-29T10:34:32","slug":"parteneri-facultatea-de-relatii-internationale-si-administratie","status":"publish","type":"page","link":"https:\/\/www.univnt.ro\/index.php\/facultati\/facultatea-de-relatii-internationale-si-administratie\/parteneri-facultatea-de-relatii-internationale-si-administratie\/","title":{"rendered":"Parteneri Facultatea de Rela\u0163ii Interna\u0163ionale si Administra\u0163ie"},"content":{"rendered":"\t\t<div data-elementor-type=\"wp-page\" data-elementor-id=\"4939\" class=\"elementor elementor-4939\" data-elementor-post-type=\"page\">\n\t\t\t\t\t\t<section class=\"elementor-section elementor-top-section elementor-element elementor-element-f06d826 elementor-section-boxed elementor-section-height-default elementor-section-height-default\" data-id=\"f06d826\" data-element_type=\"section\">\n\t\t\t\t\t\t<div class=\"elementor-container elementor-column-gap-default\">\n\t\t\t\t\t<div class=\"elementor-column elementor-col-33 elementor-top-column elementor-element elementor-element-640a192\" data-id=\"640a192\" data-element_type=\"column\">\n\t\t\t<div class=\"elementor-widget-wrap elementor-element-populated\">\n\t\t\t\t\t\t<div class=\"elementor-element elementor-element-21046a1 elementor-invisible elementor-widget elementor-widget-image\" data-id=\"21046a1\" data-element_type=\"widget\" data-settings=\"{&quot;_animation&quot;:&quot;zoomIn&quot;}\" data-widget_type=\"image.default\">\n\t\t\t\t<div class=\"elementor-widget-container\">\n\t\t\t\t\t\t\t\t\t\t\t\t\t\t\t\t<a href=\"http:\/\/www.anfp.gov.ro\/\">\n\t\t\t\t\t\t\t<img decoding=\"async\" src=\"https:\/\/www.univnt.ro\/wp-content\/uploads\/anfp.png\" title=\"anfp\" alt=\"anfp\" loading=\"lazy\" \/>\t\t\t\t\t\t\t\t<\/a>\n\t\t\t\t\t\t\t\t\t\t\t\t\t\t\t<\/div>\n\t\t\t\t<\/div>\n\t\t\t\t\t<\/div>\n\t\t<\/div>\n\t\t\t\t<div class=\"elementor-column elementor-col-33 elementor-top-column elementor-element elementor-element-1730d10\" data-id=\"1730d10\" data-element_type=\"column\">\n\t\t\t<div class=\"elementor-widget-wrap elementor-element-populated\">\n\t\t\t\t\t\t<div class=\"elementor-element elementor-element-a5b1bc1 elementor-invisible elementor-widget elementor-widget-image\" data-id=\"a5b1bc1\" data-element_type=\"widget\" data-settings=\"{&quot;_animation&quot;:&quot;zoomIn&quot;}\" data-widget_type=\"image.default\">\n\t\t\t\t<div class=\"elementor-widget-container\">\n\t\t\t\t\t\t\t\t\t\t\t\t\t\t\t\t<a href=\"https:\/\/www.curteadeconturi.ro\/\">\n\t\t\t\t\t\t\t<img decoding=\"async\" src=\"https:\/\/www.univnt.ro\/wp-content\/uploads\/elementor\/thumbs\/curtea-de-conturi-py2ubqq5y7hscxw6ncn9h5gl2pifqc4ctojvjaf0kk.png\" title=\"curtea de conturi\" alt=\"curtea de conturi\" loading=\"lazy\" \/>\t\t\t\t\t\t\t\t<\/a>\n\t\t\t\t\t\t\t\t\t\t\t\t\t\t\t<\/div>\n\t\t\t\t<\/div>\n\t\t\t\t\t<\/div>\n\t\t<\/div>\n\t\t\t\t<div class=\"elementor-column elementor-col-33 elementor-top-column elementor-element elementor-element-6c10163\" data-id=\"6c10163\" data-element_type=\"column\">\n\t\t\t<div class=\"elementor-widget-wrap elementor-element-populated\">\n\t\t\t\t\t\t<div class=\"elementor-element elementor-element-0ad60e1 elementor-invisible elementor-widget elementor-widget-image\" data-id=\"0ad60e1\" data-element_type=\"widget\" data-settings=\"{&quot;_animation&quot;:&quot;zoomIn&quot;}\" data-widget_type=\"image.default\">\n\t\t\t\t<div class=\"elementor-widget-container\">\n\t\t\t\t\t\t\t\t\t\t\t\t\t\t\t\t<a href=\"https:\/\/www.ejobs.ro\/\">\n\t\t\t\t\t\t\t<img decoding=\"async\" src=\"https:\/\/www.univnt.ro\/wp-content\/uploads\/ejobs.png\" title=\"ejobs\" alt=\"ejobs\" loading=\"lazy\" \/>\t\t\t\t\t\t\t\t<\/a>\n\t\t\t\t\t\t\t\t\t\t\t\t\t\t\t<\/div>\n\t\t\t\t<\/div>\n\t\t\t\t\t<\/div>\n\t\t<\/div>\n\t\t\t\t\t<\/div>\n\t\t<\/section>\n\t\t\t\t<section class=\"elementor-section elementor-top-section elementor-element elementor-element-3602241 elementor-section-boxed elementor-section-height-default elementor-section-height-default\" data-id=\"3602241\" data-element_type=\"section\">\n\t\t\t\t\t\t<div class=\"elementor-container elementor-column-gap-default\">\n\t\t\t\t\t<div class=\"elementor-column elementor-col-33 elementor-top-column elementor-element elementor-element-e9eff13\" data-id=\"e9eff13\" data-element_type=\"column\">\n\t\t\t<div class=\"elementor-widget-wrap elementor-element-populated\">\n\t\t\t\t\t\t<div class=\"elementor-element elementor-element-0938978 elementor-invisible elementor-widget elementor-widget-image\" data-id=\"0938978\" data-element_type=\"widget\" data-settings=\"{&quot;_animation&quot;:&quot;zoomIn&quot;}\" data-widget_type=\"image.default\">\n\t\t\t\t<div class=\"elementor-widget-container\">\n\t\t\t\t\t\t\t\t\t\t\t\t\t\t\t\t<a href=\"https:\/\/ps4.ro\/\">\n\t\t\t\t\t\t\t<img decoding=\"async\" src=\"https:\/\/www.univnt.ro\/wp-content\/uploads\/elementor\/thumbs\/ps4-py2ud7d4kxhuf3rq3zedcs6ecaazpdxbox32es8yw4.png\" title=\"ps4\" alt=\"ps4\" loading=\"lazy\" \/>\t\t\t\t\t\t\t\t<\/a>\n\t\t\t\t\t\t\t\t\t\t\t\t\t\t\t<\/div>\n\t\t\t\t<\/div>\n\t\t\t\t\t<\/div>\n\t\t<\/div>\n\t\t\t\t<div class=\"elementor-column elementor-col-33 elementor-top-column elementor-element elementor-element-f340e0b\" data-id=\"f340e0b\" data-element_type=\"column\">\n\t\t\t<div class=\"elementor-widget-wrap elementor-element-populated\">\n\t\t\t\t\t\t<div class=\"elementor-element elementor-element-926c212 elementor-invisible elementor-widget elementor-widget-image\" data-id=\"926c212\" data-element_type=\"widget\" data-settings=\"{&quot;_animation&quot;:&quot;zoomIn&quot;}\" data-widget_type=\"image.default\">\n\t\t\t\t<div class=\"elementor-widget-container\">\n\t\t\t\t\t\t\t\t\t\t\t\t\t\t\t\t<a href=\"https:\/\/anes.gov.ro\/\">\n\t\t\t\t\t\t\t<img decoding=\"async\" src=\"https:\/\/www.univnt.ro\/wp-content\/uploads\/elementor\/thumbs\/anes-py2uds1kraa5iixor8c5vmyjerh2eq7f3rfqyveb38.png\" title=\"anes\" alt=\"anes\" loading=\"lazy\" \/>\t\t\t\t\t\t\t\t<\/a>\n\t\t\t\t\t\t\t\t\t\t\t\t\t\t\t<\/div>\n\t\t\t\t<\/div>\n\t\t\t\t\t<\/div>\n\t\t<\/div>\n\t\t\t\t<div class=\"elementor-column elementor-col-33 elementor-top-column elementor-element elementor-element-129753c\" data-id=\"129753c\" data-element_type=\"column\">\n\t\t\t<div class=\"elementor-widget-wrap elementor-element-populated\">\n\t\t\t\t\t\t<div class=\"elementor-element elementor-element-6b6b9d9 elementor-invisible elementor-widget elementor-widget-image\" data-id=\"6b6b9d9\" data-element_type=\"widget\" data-settings=\"{&quot;_animation&quot;:&quot;zoomIn&quot;}\" data-widget_type=\"image.default\">\n\t\t\t\t<div class=\"elementor-widget-container\">\n\t\t\t\t\t\t\t\t\t\t\t\t\t\t\t\t<a href=\"http:\/\/www.primaria-voluntari.ro\/\">\n\t\t\t\t\t\t\t<img decoding=\"async\" src=\"https:\/\/www.univnt.ro\/wp-content\/uploads\/elementor\/thumbs\/p_voluntari-py2uebs6qt16ac50jyvbtzz7vurrwdds6h4y1ol1gk.png\" title=\"p_voluntari\" alt=\"p_voluntari\" loading=\"lazy\" \/>\t\t\t\t\t\t\t\t<\/a>\n\t\t\t\t\t\t\t\t\t\t\t\t\t\t\t<\/div>\n\t\t\t\t<\/div>\n\t\t\t\t\t<\/div>\n\t\t<\/div>\n\t\t\t\t\t<\/div>\n\t\t<\/section>\n\t\t\t\t<section class=\"elementor-section elementor-top-section elementor-element elementor-element-4261b2c elementor-section-boxed elementor-section-height-default elementor-section-height-default\" data-id=\"4261b2c\" data-element_type=\"section\">\n\t\t\t\t\t\t<div class=\"elementor-container elementor-column-gap-default\">\n\t\t\t\t\t<div class=\"elementor-column elementor-col-33 elementor-top-column elementor-element elementor-element-7261305\" data-id=\"7261305\" data-element_type=\"column\">\n\t\t\t<div class=\"elementor-widget-wrap elementor-element-populated\">\n\t\t\t\t\t\t<div class=\"elementor-element elementor-element-a0accd6 elementor-invisible elementor-widget elementor-widget-image\" data-id=\"a0accd6\" data-element_type=\"widget\" data-settings=\"{&quot;_animation&quot;:&quot;zoomIn&quot;}\" data-widget_type=\"image.default\">\n\t\t\t\t<div class=\"elementor-widget-container\">\n\t\t\t\t\t\t\t\t\t\t\t\t\t\t\t\t<a href=\"https:\/\/www.apc-romania.ro\/\">\n\t\t\t\t\t\t\t<img decoding=\"async\" src=\"https:\/\/www.univnt.ro\/wp-content\/uploads\/elementor\/thumbs\/apc-pod5ki5r7tdmt19gj7se3e39gv5l8qfuxim40bii04.png\" title=\"\" alt=\"\" loading=\"lazy\" \/>\t\t\t\t\t\t\t\t<\/a>\n\t\t\t\t\t\t\t\t\t\t\t\t\t\t\t<\/div>\n\t\t\t\t<\/div>\n\t\t\t\t\t<\/div>\n\t\t<\/div>\n\t\t\t\t<div class=\"elementor-column elementor-col-33 elementor-top-column elementor-element elementor-element-483e54e\" data-id=\"483e54e\" data-element_type=\"column\">\n\t\t\t<div class=\"elementor-widget-wrap elementor-element-populated\">\n\t\t\t\t\t\t<div class=\"elementor-element elementor-element-357f603 elementor-invisible elementor-widget elementor-widget-image\" data-id=\"357f603\" data-element_type=\"widget\" data-settings=\"{&quot;_animation&quot;:&quot;zoomIn&quot;}\" data-widget_type=\"image.default\">\n\t\t\t\t<div class=\"elementor-widget-container\">\n\t\t\t\t\t\t\t\t\t\t\t\t\t\t\t<img decoding=\"async\" src=\"https:\/\/www.univnt.ro\/wp-content\/uploads\/elementor\/thumbs\/ana-py2ugodntw8zb8q4tzfr2empcj6t54pmi3un8l3lwk.png\" title=\"ana\" alt=\"ana\" loading=\"lazy\" \/>\t\t\t\t\t\t\t\t\t\t\t\t\t\t\t<\/div>\n\t\t\t\t<\/div>\n\t\t\t\t\t<\/div>\n\t\t<\/div>\n\t\t\t\t<div class=\"elementor-column elementor-col-33 elementor-top-column elementor-element elementor-element-347a7e2\" data-id=\"347a7e2\" data-element_type=\"column\">\n\t\t\t<div class=\"elementor-widget-wrap elementor-element-populated\">\n\t\t\t\t\t\t<div class=\"elementor-element elementor-element-7895336 elementor-invisible elementor-widget elementor-widget-image\" data-id=\"7895336\" data-element_type=\"widget\" data-settings=\"{&quot;_animation&quot;:&quot;zoomIn&quot;}\" data-widget_type=\"image.default\">\n\t\t\t\t<div class=\"elementor-widget-container\">\n\t\t\t\t\t\t\t\t\t\t\t\t\t\t\t\t<a href=\"https:\/\/www.nhp.ro\/?lang=ro\">\n\t\t\t\t\t\t\t<img decoding=\"async\" src=\"https:\/\/www.univnt.ro\/wp-content\/uploads\/elementor\/thumbs\/hirsch-py2uhjec3fffydh2suufuoswy8xx754rmddo2ptm78.png\" title=\"hirsch\" alt=\"hirsch\" loading=\"lazy\" \/>\t\t\t\t\t\t\t\t<\/a>\n\t\t\t\t\t\t\t\t\t\t\t\t\t\t\t<\/div>\n\t\t\t\t<\/div>\n\t\t\t\t\t<\/div>\n\t\t<\/div>\n\t\t\t\t\t<\/div>\n\t\t<\/section>\n\t\t\t\t<section class=\"elementor-section elementor-top-section elementor-element elementor-element-58b3372 elementor-section-boxed elementor-section-height-default elementor-section-height-default\" data-id=\"58b3372\" data-element_type=\"section\">\n\t\t\t\t\t\t<div class=\"elementor-container elementor-column-gap-default\">\n\t\t\t\t\t<div class=\"elementor-column elementor-col-33 elementor-top-column elementor-element elementor-element-95647f1\" data-id=\"95647f1\" data-element_type=\"column\">\n\t\t\t<div class=\"elementor-widget-wrap elementor-element-populated\">\n\t\t\t\t\t\t<div class=\"elementor-element elementor-element-d48b7a8 elementor-invisible elementor-widget elementor-widget-image\" data-id=\"d48b7a8\" data-element_type=\"widget\" data-settings=\"{&quot;_animation&quot;:&quot;zoomIn&quot;}\" data-widget_type=\"image.default\">\n\t\t\t\t<div class=\"elementor-widget-container\">\n\t\t\t\t\t\t\t\t\t\t\t\t\t\t\t\t<a href=\"https:\/\/rajac.ro\/\">\n\t\t\t\t\t\t\t<img decoding=\"async\" src=\"https:\/\/www.univnt.ro\/wp-content\/uploads\/elementor\/thumbs\/raja-py2ui8rz7ye6nug7ontd80eczngtyyxipuzs16rzj8.png\" title=\"raja\" alt=\"raja\" loading=\"lazy\" \/>\t\t\t\t\t\t\t\t<\/a>\n\t\t\t\t\t\t\t\t\t\t\t\t\t\t\t<\/div>\n\t\t\t\t<\/div>\n\t\t\t\t\t<\/div>\n\t\t<\/div>\n\t\t\t\t<div class=\"elementor-column elementor-col-33 elementor-top-column elementor-element elementor-element-cc3a32e\" data-id=\"cc3a32e\" data-element_type=\"column\">\n\t\t\t<div class=\"elementor-widget-wrap elementor-element-populated\">\n\t\t\t\t\t\t<div class=\"elementor-element elementor-element-6d883e6 elementor-invisible elementor-widget elementor-widget-image\" data-id=\"6d883e6\" data-element_type=\"widget\" data-settings=\"{&quot;_animation&quot;:&quot;zoomIn&quot;}\" data-widget_type=\"image.default\">\n\t\t\t\t<div class=\"elementor-widget-container\">\n\t\t\t\t\t\t\t\t\t\t\t\t\t\t\t\t<a href=\"https:\/\/ddbuftea.ro\/\">\n\t\t\t\t\t\t\t<img fetchpriority=\"high\" decoding=\"async\" width=\"320\" height=\"170\" src=\"https:\/\/www.univnt.ro\/wp-content\/uploads\/liceul-dumitru-dumitrescu.png\" class=\"attachment-large size-large wp-image-6081\" alt=\"\" srcset=\"https:\/\/www.univnt.ro\/wp-content\/uploads\/liceul-dumitru-dumitrescu.png 320w, https:\/\/www.univnt.ro\/wp-content\/uploads\/liceul-dumitru-dumitrescu-300x159.png 300w\" sizes=\"(max-width: 320px) 100vw, 320px\" \/>\t\t\t\t\t\t\t\t<\/a>\n\t\t\t\t\t\t\t\t\t\t\t\t\t\t\t<\/div>\n\t\t\t\t<\/div>\n\t\t\t\t\t<\/div>\n\t\t<\/div>\n\t\t\t\t<div class=\"elementor-column elementor-col-33 elementor-top-column elementor-element elementor-element-b6eb3dd\" data-id=\"b6eb3dd\" data-element_type=\"column\">\n\t\t\t<div class=\"elementor-widget-wrap elementor-element-populated\">\n\t\t\t\t\t\t<div class=\"elementor-element elementor-element-eb2baee elementor-invisible elementor-widget elementor-widget-image\" data-id=\"eb2baee\" data-element_type=\"widget\" data-settings=\"{&quot;_animation&quot;:&quot;zoomIn&quot;}\" data-widget_type=\"image.default\">\n\t\t\t\t<div class=\"elementor-widget-container\">\n\t\t\t\t\t\t\t\t\t\t\t\t\t\t\t\t<a href=\"https:\/\/primariaminzalesti.ro\/\">\n\t\t\t\t\t\t\t<img decoding=\"async\" src=\"https:\/\/www.univnt.ro\/wp-content\/uploads\/elementor\/thumbs\/manzalesti-py2uj4qhoblxml5si1moksc16r3b8oge696aclglno.png\" title=\"manzalesti\" alt=\"manzalesti\" loading=\"lazy\" \/>\t\t\t\t\t\t\t\t<\/a>\n\t\t\t\t\t\t\t\t\t\t\t\t\t\t\t<\/div>\n\t\t\t\t<\/div>\n\t\t\t\t\t<\/div>\n\t\t<\/div>\n\t\t\t\t\t<\/div>\n\t\t<\/section>\n\t\t\t\t<section class=\"elementor-section elementor-top-section elementor-element elementor-element-e0797d9 elementor-section-boxed elementor-section-height-default elementor-section-height-default\" data-id=\"e0797d9\" data-element_type=\"section\">\n\t\t\t\t\t\t<div class=\"elementor-container elementor-column-gap-default\">\n\t\t\t\t\t<div class=\"elementor-column elementor-col-33 elementor-top-column elementor-element elementor-element-be089c7\" data-id=\"be089c7\" data-element_type=\"column\">\n\t\t\t<div class=\"elementor-widget-wrap elementor-element-populated\">\n\t\t\t\t\t\t<div class=\"elementor-element elementor-element-e7347df elementor-invisible elementor-widget elementor-widget-image\" data-id=\"e7347df\" data-element_type=\"widget\" data-settings=\"{&quot;_animation&quot;:&quot;zoomIn&quot;}\" data-widget_type=\"image.default\">\n\t\t\t\t<div class=\"elementor-widget-container\">\n\t\t\t\t\t\t\t\t\t\t\t\t\t\t\t\t<a href=\"https:\/\/dmc-advice.ro\/\">\n\t\t\t\t\t\t\t<img decoding=\"async\" width=\"320\" height=\"170\" src=\"https:\/\/www.univnt.ro\/wp-content\/uploads\/dmc.png\" class=\"attachment-large size-large wp-image-6392\" alt=\"\" srcset=\"https:\/\/www.univnt.ro\/wp-content\/uploads\/dmc.png 320w, https:\/\/www.univnt.ro\/wp-content\/uploads\/dmc-300x159.png 300w\" sizes=\"(max-width: 320px) 100vw, 320px\" \/>\t\t\t\t\t\t\t\t<\/a>\n\t\t\t\t\t\t\t\t\t\t\t\t\t\t\t<\/div>\n\t\t\t\t<\/div>\n\t\t\t\t\t<\/div>\n\t\t<\/div>\n\t\t\t\t<div class=\"elementor-column elementor-col-33 elementor-top-column elementor-element elementor-element-ca7529c\" data-id=\"ca7529c\" data-element_type=\"column\">\n\t\t\t<div class=\"elementor-widget-wrap\">\n\t\t\t\t\t\t\t<\/div>\n\t\t<\/div>\n\t\t\t\t<div class=\"elementor-column elementor-col-33 elementor-top-column elementor-element elementor-element-2e3224a\" data-id=\"2e3224a\" data-element_type=\"column\">\n\t\t\t<div class=\"elementor-widget-wrap\">\n\t\t\t\t\t\t\t<\/div>\n\t\t<\/div>\n\t\t\t\t\t<\/div>\n\t\t<\/section>\n\t\t\t\t<\/div>\n\t\t","protected":false},"excerpt":{"rendered":"","protected":false},"author":1,"featured_media":0,"parent":134,"menu_order":0,"comment_status":"closed","ping_status":"closed","template":"","meta":{"_mi_skip_tracking":false,"_monsterinsights_sitenote_active":false,"_monsterinsights_sitenote_note":"","_monsterinsights_sitenote_category":0,"footnotes":""},"class_list":["post-4939","page","type-page","status-publish","hentry"],"_links":{"self":[{"href":"https:\/\/www.univnt.ro\/index.php\/wp-json\/wp\/v2\/pages\/4939","targetHints":{"allow":["GET"]}}],"collection":[{"href":"https:\/\/www.univnt.ro\/index.php\/wp-json\/wp\/v2\/pages"}],"about":[{"href":"https:\/\/www.univnt.ro\/index.php\/wp-json\/wp\/v2\/types\/page"}],"author":[{"embeddable":true,"href":"https:\/\/www.univnt.ro\/index.php\/wp-json\/wp\/v2\/users\/1"}],"replies":[{"embeddable":true,"href":"https:\/\/www.univnt.ro\/index.php\/wp-json\/wp\/v2\/comments?post=4939"}],"version-history":[{"count":28,"href":"https:\/\/www.univnt.ro\/index.php\/wp-json\/wp\/v2\/pages\/4939\/revisions"}],"predecessor-version":[{"id":6398,"href":"https:\/\/www.univnt.ro\/index.php\/wp-json\/wp\/v2\/pages\/4939\/revisions\/6398"}],"up":[{"embeddable":true,"href":"https:\/\/www.univnt.ro\/index.php\/wp-json\/wp\/v2\/pages\/134"}],"wp:attachment":[{"href":"https:\/\/www.univnt.ro\/index.php\/wp-json\/wp\/v2\/media?parent=4939"}],"curies":[{"name":"wp","href":"https:\/\/api.w.org\/{rel}","templated":true}]}}