{"id":5856,"date":"2022-10-13T06:19:05","date_gmt":"2022-10-13T06:19:05","guid":{"rendered":"https:\/\/www.univnt.ro\/?page_id=5856"},"modified":"2025-12-03T12:27:02","modified_gmt":"2025-12-03T12:27:02","slug":"conducerea-facultatii-de-economie-si-administrarea-afacerilor","status":"publish","type":"page","link":"https:\/\/www.univnt.ro\/index.php\/facultati\/facultatea-de-economie-si-administrarea-afacerilor\/conducerea-facultatii-de-economie-si-administrarea-afacerilor\/","title":{"rendered":"Conducerea facultatii de economie si administrarea afacerilor"},"content":{"rendered":"\t\t<div data-elementor-type=\"wp-page\" data-elementor-id=\"5856\" class=\"elementor elementor-5856\" data-elementor-post-type=\"page\">\n\t\t\t\t\t\t<section class=\"elementor-section elementor-top-section elementor-element elementor-element-a47822c elementor-section-boxed elementor-section-height-default elementor-section-height-default\" data-id=\"a47822c\" data-element_type=\"section\">\n\t\t\t\t\t\t<div class=\"elementor-container elementor-column-gap-default\">\n\t\t\t\t\t<div class=\"elementor-column elementor-col-100 elementor-top-column elementor-element elementor-element-7f441e4\" data-id=\"7f441e4\" data-element_type=\"column\">\n\t\t\t<div class=\"elementor-widget-wrap elementor-element-populated\">\n\t\t\t\t\t\t<div class=\"elementor-element elementor-element-f205cb6 elementor-widget elementor-widget-heading\" data-id=\"f205cb6\" data-element_type=\"widget\" data-widget_type=\"heading.default\">\n\t\t\t\t<div class=\"elementor-widget-container\">\n\t\t\t\t\t<h2 class=\"elementor-heading-title elementor-size-default\">Conducere Facultatea de Economie \u015fi Administrarea Afacerilor<\/h2>\t\t\t\t<\/div>\n\t\t\t\t<\/div>\n\t\t\t\t\t<\/div>\n\t\t<\/div>\n\t\t\t\t\t<\/div>\n\t\t<\/section>\n\t\t\t\t<section class=\"elementor-section elementor-top-section elementor-element elementor-element-3422291 elementor-section-boxed elementor-section-height-default elementor-section-height-default\" data-id=\"3422291\" data-element_type=\"section\">\n\t\t\t\t\t\t<div class=\"elementor-container elementor-column-gap-default\">\n\t\t\t\t\t<div class=\"elementor-column elementor-col-100 elementor-top-column elementor-element elementor-element-83b2b64\" data-id=\"83b2b64\" data-element_type=\"column\">\n\t\t\t<div class=\"elementor-widget-wrap elementor-element-populated\">\n\t\t\t\t\t\t<div class=\"elementor-element elementor-element-ba90191 elementor-widget elementor-widget-text-editor\" data-id=\"ba90191\" data-element_type=\"widget\" data-widget_type=\"text-editor.default\">\n\t\t\t\t<div class=\"elementor-widget-container\">\n\t\t\t\t\t\t\t\t\t<p style=\"text-align: center;\"><strong>DECAN<\/strong><\/p><p><img decoding=\"async\" class=\"alignnone size-full wp-image-605 aligncenter\" src=\"https:\/\/www.univnt.ro\/wp-content\/uploads\/2020\/07\/profesor_157_Grigore_Maria.jpg\" alt=\"\" width=\"147\" height=\"137\" \/><\/p><p style=\"text-align: center;\"><a href=\"https:\/\/www.univnt.ro\/index.php\/profesori\/conf-univ-dr-grigore-maria-zenovia\/\">Conf. univ. dr. Maria Zenovia GRIGORE<\/a><\/p>\t\t\t\t\t\t\t\t<\/div>\n\t\t\t\t<\/div>\n\t\t\t\t\t<\/div>\n\t\t<\/div>\n\t\t\t\t\t<\/div>\n\t\t<\/section>\n\t\t\t\t<section class=\"elementor-section elementor-top-section elementor-element elementor-element-19cd854 elementor-section-boxed elementor-section-height-default elementor-section-height-default\" data-id=\"19cd854\" data-element_type=\"section\">\n\t\t\t\t\t\t<div class=\"elementor-container elementor-column-gap-default\">\n\t\t\t\t\t<div class=\"elementor-column elementor-col-100 elementor-top-column elementor-element elementor-element-77544f0\" data-id=\"77544f0\" data-element_type=\"column\">\n\t\t\t<div class=\"elementor-widget-wrap elementor-element-populated\">\n\t\t\t\t\t\t<div class=\"elementor-element elementor-element-2de1ddd elementor-widget-divider--view-line elementor-widget elementor-widget-divider\" data-id=\"2de1ddd\" data-element_type=\"widget\" data-widget_type=\"divider.default\">\n\t\t\t\t<div class=\"elementor-widget-container\">\n\t\t\t\t\t\t\t<div class=\"elementor-divider\">\n\t\t\t<span class=\"elementor-divider-separator\">\n\t\t\t\t\t\t<\/span>\n\t\t<\/div>\n\t\t\t\t\t\t<\/div>\n\t\t\t\t<\/div>\n\t\t\t\t\t<\/div>\n\t\t<\/div>\n\t\t\t\t\t<\/div>\n\t\t<\/section>\n\t\t\t\t<section class=\"elementor-section elementor-top-section elementor-element elementor-element-1a87d23 elementor-section-boxed elementor-section-height-default elementor-section-height-default\" data-id=\"1a87d23\" data-element_type=\"section\">\n\t\t\t\t\t\t<div class=\"elementor-container elementor-column-gap-default\">\n\t\t\t\t\t<div class=\"elementor-column elementor-col-100 elementor-top-column elementor-element elementor-element-307af94\" data-id=\"307af94\" data-element_type=\"column\">\n\t\t\t<div class=\"elementor-widget-wrap elementor-element-populated\">\n\t\t\t\t\t\t<div class=\"elementor-element elementor-element-3c2bbd9 elementor-widget elementor-widget-text-editor\" data-id=\"3c2bbd9\" data-element_type=\"widget\" data-widget_type=\"text-editor.default\">\n\t\t\t\t<div class=\"elementor-widget-container\">\n\t\t\t\t\t\t\t\t\t<p style=\"text-align: center;\"><strong>Director departamentul de \u015ftiin\u0163e economice<\/strong><\/p><p><img decoding=\"async\" class=\"size-full wp-image-624 aligncenter\" src=\"https:\/\/www.univnt.ro\/wp-content\/uploads\/2020\/07\/profesor_333_Iliescu_Mihaela.jpg\" alt=\"\" width=\"147\" height=\"137\" \/><\/p><p style=\"text-align: center;\"><a href=\"https:\/\/www.univnt.ro\/index.php\/profesori\/lect-univ-dr-iliescu-elena-mihaela\/\">Lect. univ. dr. Mihaela Elena ILIESCU<\/a><\/p>\t\t\t\t\t\t\t\t<\/div>\n\t\t\t\t<\/div>\n\t\t\t\t\t<\/div>\n\t\t<\/div>\n\t\t\t\t\t<\/div>\n\t\t<\/section>\n\t\t\t\t<section class=\"elementor-section elementor-top-section elementor-element elementor-element-9d5ec57 elementor-section-boxed elementor-section-height-default elementor-section-height-default\" data-id=\"9d5ec57\" data-element_type=\"section\">\n\t\t\t\t\t\t<div class=\"elementor-container elementor-column-gap-default\">\n\t\t\t\t\t<div class=\"elementor-column elementor-col-100 elementor-top-column elementor-element elementor-element-904904b\" data-id=\"904904b\" data-element_type=\"column\">\n\t\t\t<div class=\"elementor-widget-wrap elementor-element-populated\">\n\t\t\t\t\t\t<div class=\"elementor-element elementor-element-718ea5c elementor-widget-divider--view-line elementor-widget elementor-widget-divider\" data-id=\"718ea5c\" data-element_type=\"widget\" data-widget_type=\"divider.default\">\n\t\t\t\t<div class=\"elementor-widget-container\">\n\t\t\t\t\t\t\t<div class=\"elementor-divider\">\n\t\t\t<span class=\"elementor-divider-separator\">\n\t\t\t\t\t\t<\/span>\n\t\t<\/div>\n\t\t\t\t\t\t<\/div>\n\t\t\t\t<\/div>\n\t\t\t\t\t<\/div>\n\t\t<\/div>\n\t\t\t\t\t<\/div>\n\t\t<\/section>\n\t\t\t\t<section class=\"elementor-section elementor-top-section elementor-element elementor-element-5beac4b elementor-section-boxed elementor-section-height-default elementor-section-height-default\" data-id=\"5beac4b\" data-element_type=\"section\">\n\t\t\t\t\t\t<div class=\"elementor-container elementor-column-gap-default\">\n\t\t\t\t\t<div class=\"elementor-column elementor-col-100 elementor-top-column elementor-element elementor-element-1706b07\" data-id=\"1706b07\" data-element_type=\"column\">\n\t\t\t<div class=\"elementor-widget-wrap elementor-element-populated\">\n\t\t\t\t\t\t<div class=\"elementor-element elementor-element-7f7f9b8 elementor-widget elementor-widget-text-editor\" data-id=\"7f7f9b8\" data-element_type=\"widget\" data-widget_type=\"text-editor.default\">\n\t\t\t\t<div class=\"elementor-widget-container\">\n\t\t\t\t\t\t\t\t\t<p style=\"text-align: center;\"><strong>Consiliul Facult\u0103\u0163ii de Economie \u015fi Administrarea Afacerilor<\/strong><\/p><table width=\"291\"><tbody><tr><td width=\"291\">Prof. univ. dr. VASILE Valentina<\/td><\/tr><tr><td>Conf. univ. dr. GRIGORE Maria<\/td><\/tr><tr><td>Conf. univ. dr. PLATON Otilia\u00a0<\/td><\/tr><tr><td>Conf. univ. dr. R\u0102DOI M\u0103d\u0103lina<\/td><\/tr><tr><td>Conf. univ. dr. SUDACEVSCHI Mihaela<\/td><\/tr><tr><td>Conf. univ. dr. TEODORESCU Sandra<\/td><\/tr><tr><td>Conf. univ. dr. CHIVULESCU Alina\u00a0<\/td><\/tr><tr><td>Lector univ. dr. ILIESCU Mihaela<\/td><\/tr><tr><td>Lector univ. dr. PANAIT Nicoleta<\/td><\/tr><tr><td>Lector univ. dr. \u0218TEFAN-DUICU Viorica<\/td><\/tr><tr><td>Lector univ. dr. VOICU Mirela<\/td><\/tr><tr><td>Student DIMA Maria Denisa<\/td><\/tr><tr><td>Student\u0103 DOROBAN\u021aU Otilia<\/td><\/tr><tr><td>Student\u0103 IONI\u021a\u0102 Ioana Andra<\/td><\/tr><tr><td>Student IRIMIA Tamara Elisabeta<\/td><\/tr><\/tbody><\/table>\t\t\t\t\t\t\t\t<\/div>\n\t\t\t\t<\/div>\n\t\t\t\t\t<\/div>\n\t\t<\/div>\n\t\t\t\t\t<\/div>\n\t\t<\/section>\n\t\t\t\t<\/div>\n\t\t","protected":false},"excerpt":{"rendered":"<p>Conducere Facultatea de Economie \u015fi Administrarea Afacerilor DECAN Conf. univ. dr. Maria Zenovia GRIGORE Director departamentul de \u015ftiin\u0163e economice Lect. &hellip; <\/p>\n","protected":false},"author":1,"featured_media":0,"parent":112,"menu_order":0,"comment_status":"closed","ping_status":"closed","template":"","meta":{"_mi_skip_tracking":false,"_monsterinsights_sitenote_active":false,"_monsterinsights_sitenote_note":"","_monsterinsights_sitenote_category":0,"footnotes":""},"class_list":["post-5856","page","type-page","status-publish","hentry"],"_links":{"self":[{"href":"https:\/\/www.univnt.ro\/index.php\/wp-json\/wp\/v2\/pages\/5856","targetHints":{"allow":["GET"]}}],"collection":[{"href":"https:\/\/www.univnt.ro\/index.php\/wp-json\/wp\/v2\/pages"}],"about":[{"href":"https:\/\/www.univnt.ro\/index.php\/wp-json\/wp\/v2\/types\/page"}],"author":[{"embeddable":true,"href":"https:\/\/www.univnt.ro\/index.php\/wp-json\/wp\/v2\/users\/1"}],"replies":[{"embeddable":true,"href":"https:\/\/www.univnt.ro\/index.php\/wp-json\/wp\/v2\/comments?post=5856"}],"version-history":[{"count":43,"href":"https:\/\/www.univnt.ro\/index.php\/wp-json\/wp\/v2\/pages\/5856\/revisions"}],"predecessor-version":[{"id":13005,"href":"https:\/\/www.univnt.ro\/index.php\/wp-json\/wp\/v2\/pages\/5856\/revisions\/13005"}],"up":[{"embeddable":true,"href":"https:\/\/www.univnt.ro\/index.php\/wp-json\/wp\/v2\/pages\/112"}],"wp:attachment":[{"href":"https:\/\/www.univnt.ro\/index.php\/wp-json\/wp\/v2\/media?parent=5856"}],"curies":[{"name":"wp","href":"https:\/\/api.w.org\/{rel}","templated":true}]}}