{"id":93,"date":"2020-07-04T12:50:58","date_gmt":"2020-07-04T12:50:58","guid":{"rendered":"http:\/\/www.univnt.ro\/?page_id=93"},"modified":"2026-03-04T07:13:02","modified_gmt":"2026-03-04T07:13:02","slug":"corp-profesoral-drept","status":"publish","type":"page","link":"https:\/\/www.univnt.ro\/index.php\/facultati\/facultatea-de-drept\/corp-profesoral-drept\/","title":{"rendered":"CORP PROFESORAL DREPT"},"content":{"rendered":"\t\t<div data-elementor-type=\"wp-page\" data-elementor-id=\"93\" class=\"elementor elementor-93\" data-elementor-post-type=\"page\">\n\t\t\t\t\t\t<section class=\"elementor-section elementor-top-section elementor-element elementor-element-25a4fbb6 elementor-section-boxed elementor-section-height-default elementor-section-height-default\" data-id=\"25a4fbb6\" data-element_type=\"section\">\n\t\t\t\t\t\t<div class=\"elementor-container elementor-column-gap-default\">\n\t\t\t\t\t<div class=\"elementor-column elementor-col-100 elementor-top-column elementor-element elementor-element-2be8c79b\" data-id=\"2be8c79b\" data-element_type=\"column\">\n\t\t\t<div class=\"elementor-widget-wrap elementor-element-populated\">\n\t\t\t\t\t\t<div class=\"elementor-element elementor-element-46857d92 elementor-widget elementor-widget-text-editor\" data-id=\"46857d92\" data-element_type=\"widget\" data-widget_type=\"text-editor.default\">\n\t\t\t\t<div class=\"elementor-widget-container\">\n\t\t\t\t\t\t\t\t\t\n<ol class=\"wp-block-list\">\n<li><strong><a href=\"https:\/\/www.univnt.ro\/index.php\/profesorii\/prof-univ-dr-aurescu-bogdan-lucian\/\">Prof. univ. dr.\u00a0AURESCU Bogdan Lucian<\/a><\/strong><\/li>\n\n<li><a href=\"https:\/\/www.univnt.ro\/index.php\/profesorii\/prof-univ-dr-boroi-gabriel\/\"><strong>Prof. univ. dr.\u00a0BOROI Gabriel <\/strong><\/a><\/li>\n\n<li><a href=\"https:\/\/www.univnt.ro\/index.php\/profesorii\/prof-univ-dr-cornescu-viorel\/\"><strong>Prof. univ. dr.\u00a0CORNESCU Viorel<\/strong><\/a><\/li>\n\n<li><a href=\"https:\/\/www.univnt.ro\/index.php\/profesorii\/prof-univ-dr-damaschin-mircea\/\"><strong>Prof. univ. dr.\u00a0DAMASCHIN Mircea<\/strong><\/a><\/li>\n<li><a href=\"https:\/\/www.univnt.ro\/index.php\/profesori\/prof-univ-dr-dobrinoiu-vasile\/\"><strong>Prof. univ. dr. DOBRINOIU Vasile<\/strong><\/a><\/li>\n\n<li><a href=\"https:\/\/www.univnt.ro\/index.php\/profesorii\/prof-univ-dr-dorneanu-valer\/\"><strong>Prof. univ. dr.\u00a0DORNEANU Valer <\/strong><\/a><\/li>\n\n<li><a href=\"https:\/\/www.univnt.ro\/index.php\/profesorii\/prof-univ-dr-fuerea-augustin\/\"><strong>Prof. univ. dr.\u00a0FUEREA Augustin <\/strong><\/a><\/li>\n\n<li><a href=\"https:\/\/www.univnt.ro\/index.php\/profesorii\/prof-univ-dr-hotca-mihai-adrian\/\"><strong>Prof. univ. dr.\u00a0HOTCA Mihai Adrian <\/strong><\/a><\/li>\n\n<li><a href=\"https:\/\/www.univnt.ro\/index.php\/profesorii\/prof-univ-dr-lupascu-dan\/\"><strong>Prof. univ. dr.\u00a0LUPA\u015eCU Dan<\/strong><\/a><\/li>\n<li><a href=\"https:\/\/www.univnt.ro\/index.php\/profesori\/prof-univ-dr-margulescu-serghei\/\"><strong>Prof. univ. dr. M\u0102RGULESCU Serghei<\/strong><\/a><\/li>\n<li><a href=\"https:\/\/www.univnt.ro\/index.php\/profesori\/micu-bogdan-florin\/\"><strong>Prof. univ. dr. MICU Bogdan Florin<\/strong><\/a><\/li>\n<li><a href=\"https:\/\/www.univnt.ro\/index.php\/profesori\/moarcas-claudia-ana\/\"><strong>Prof. univ. dr. MOARC\u0102\u0218 Claudia-Ana<\/strong><\/a><\/li>\n\n<li><a href=\"https:\/\/www.univnt.ro\/index.php\/profesorii\/prof-univ-dr-neagu-ion\/\"><strong>Prof. univ. dr. NEAGU Ion<\/strong><\/a><\/li>\n\n<li><a href=\"https:\/\/www.univnt.ro\/index.php\/profesorii\/prof-univ-dr-ros-viorel\/\"><strong>Prof. univ. dr.\u00a0RO\u015e Viorel <\/strong><\/a><\/li>\n\n<li><a href=\"https:\/\/www.univnt.ro\/index.php\/profesorii\/prof-univ-dr-sitaru-dragos-alexandru\/\"><strong>Prof. univ. dr.\u00a0SITARU Drago\u015f Alexandru <\/strong><\/a><\/li>\n\n<li><a href=\"https:\/\/www.univnt.ro\/index.php\/profesori\/anghel-comsa-elena\/\"><strong>Conf. univ. dr. ANGHEL (COM\u015eA) Elena<\/strong><\/a><\/li>\n<li><a href=\"https:\/\/www.univnt.ro\/index.php\/profesorii\/conf-univ-dr-cliza-marta-claudia\/\"><strong>Conf. univ. dr. CLIZA Marta Claudia <\/strong><\/a><\/li>\n<li><a href=\"https:\/\/www.univnt.ro\/index.php\/profesorii\/dinu-cornelia-beatrice-gabriela\/\"><strong>Conf. univ. dr. DINU Cornelia Beatrice Gabriela<\/strong><\/a><\/li>\n\n<li><a href=\"https:\/\/www.univnt.ro\/index.php\/profesorii\/conf-univ-dr-dobrinoiu-maxim\/\"><strong>Conf. univ. dr.\u00a0DOBRINOIU Maxim <\/strong><\/a><\/li>\n\n<li><a href=\"https:\/\/www.univnt.ro\/index.php\/profesorii\/conf-univ-dr-gheorghe-cristian\/\"><strong>Conf. univ. dr.\u00a0GHEORGHE Cristian <\/strong><\/a><\/li>\n\n<li><a href=\"https:\/\/www.univnt.ro\/index.php\/profesorii\/conf-univ-dr-gorunescu-mirela\/\"><strong>Conf. univ. dr.\u00a0GORUNESCU Mirela <\/strong><\/a><\/li>\n\n<li><a href=\"https:\/\/www.univnt.ro\/index.php\/profesori\/naubauer-stefan\/\"><strong>Conf. univ. dr. NAUBAUER \u015etefan<\/strong><\/a><\/li>\n\n<li><a href=\"https:\/\/www.univnt.ro\/index.php\/profesorii\/conf-univ-dr-nemes-vasile\/\"><strong>Conf. univ. dr.\u00a0NEME\u015e Vasile <\/strong><\/a><\/li>\n\n<li><a href=\"https:\/\/www.univnt.ro\/index.php\/profesorii\/conf-univ-dr-popescu-roxana\/\"><strong>Conf. univ. dr.\u00a0POPESCU Roxana<\/strong><\/a><\/li>\n<li><strong><a href=\"https:\/\/www.univnt.ro\/index.php\/profesori\/sitaru-dan-alexandru\/\">Conf. univ. dr. SITARU Dan Alexandru\u00a0<\/a><\/strong><\/li>\n\n<li><a href=\"https:\/\/www.univnt.ro\/index.php\/profesorii\/slavoiu-radu\/\"><strong>Conf. univ. dr. SL\u0102VOIU Radu<\/strong><\/a><\/li>\n<li><strong><a href=\"https:\/\/www.univnt.ro\/index.php\/profesori\/conf-univ-dr-stoica-emilia-cornelia\/\">Conf. univ. dr. STOICA Emilia Cornelia<\/a><\/strong><\/li>\n<li><strong><a href=\"https:\/\/www.univnt.ro\/index.php\/profesori\/conf-univ-dr-sudacevschi-mihaela\/\">Conf. univ. dr. SUDACEVSCHI Mihaela<\/a><\/strong><\/li>\n<li><a href=\"https:\/\/www.univnt.ro\/index.php\/profesorii\/lect-univ-dr-stefan-elena-emilia\/\"><strong>Conf. univ. dr. \u015eTEFAN Elena Emilia<\/strong><\/a><\/li>\n\n<li><a href=\"https:\/\/www.univnt.ro\/index.php\/profesorii\/asist-univ-dr-anghelescu-carla-alexandra\/\"><strong> Lect. univ. dr.\u00a0ANGHELESCU Carla Alexandra<\/strong><\/a><\/li>\n<li><a href=\"https:\/\/www.univnt.ro\/index.php\/profesori\/bancila-andrei\/\"><strong>Lect. univ. dr. B\u0102NCIL\u0102 Andrei<\/strong><\/a><\/li>\n<li><a href=\"https:\/\/www.univnt.ro\/index.php\/profesorii\/lect-univ-dr-bucur-norica-felicia\/\"><strong>Lect. univ. dr.\u00a0BUCUR Norica Felicia<\/strong><\/a><\/li>\n\n<li><strong><a href=\"https:\/\/www.univnt.ro\/index.php\/profesorii\/asist-univ-dr-buta-paul-george\/\"> Lec<\/a><\/strong><a href=\"https:\/\/www.univnt.ro\/index.php\/profesorii\/asist-univ-dr-buta-paul-george\/\"><strong>t<\/strong><\/a><strong><a href=\"https:\/\/www.univnt.ro\/index.php\/profesorii\/asist-univ-dr-buta-paul-george\/\">. univ. dr.\u00a0BUTA Paul George<\/a><\/strong><\/li>\n\n<li><a href=\"https:\/\/www.univnt.ro\/index.php\/profesorii\/asist-univ-dr-conea-alina-mihaela\/\"><strong> Lect. univ. dr.\u00a0CONEA Alina Mihaela<\/strong><\/a><\/li>\n<li><a href=\"https:\/\/www.univnt.ro\/index.php\/profesori\/cristiu-ninu-luminita\/\"><strong>Lect. univ. dr. CRI\u015eTIU-NINU Lumini\u0163a<\/strong><\/a><\/li>\n<li><a href=\"https:\/\/www.univnt.ro\/index.php\/profesorii\/lect-univ-dr-dragne-ion\/\"><strong>Lect. univ. dr.\u00a0DRAGNE Ion <\/strong><\/a><\/li>\n\n<li><strong><a href=\"https:\/\/www.univnt.ro\/index.php\/profesorii\/lect-univ-dr-dumitru-dragos-nicolae\/\">Lect. univ. dr.\u00a0DUMITRU Drago\u015f Nicolae\u00a0<\/a><\/strong><\/li>\n<li><strong><a href=\"https:\/\/www.univnt.ro\/index.php\/profesori\/fratilescu-anca-nicoleta\/\" target=\"_blank\" rel=\"noopener\">Lect. univ. dr. FR\u0102\u021aILESCU GHEORGHE Anca\u00a0<\/a><\/strong><\/li>\n\n<li><a href=\"https:\/\/www.univnt.ro\/index.php\/profesorii\/geamanu-radu\/\"><strong>Lect. univ. dr. GEAM\u0102NU Radu<\/strong><\/a><\/li>\n\n<li><a href=\"https:\/\/www.univnt.ro\/index.php\/profesorii\/asist-univ-dr-haratau-lamya-diana\/\"><strong>Lect. univ. dr.\u00a0H\u0102R\u0102T\u0102U Lamya Diana<\/strong><\/a><\/li>\n<li><strong><a href=\"https:\/\/www.univnt.ro\/index.php\/profesori\/lect-univ-dr-iliescu-elena-mihaela\/\">Lect. univ. dr. ILIESCU Elena Mihaela<\/a><\/strong><\/li>\n<li><a href=\"https:\/\/www.univnt.ro\/index.php\/profesori\/livadariu-andreea\/\"><strong>Lect. univ. dr. LIV\u0102DARIU Andreea<\/strong><\/a><\/li>\n<li><a href=\"https:\/\/www.univnt.ro\/index.php\/profesorii\/magdalena-catalin\/\"><strong>Lect. univ. dr. MAGDALENA C\u0103t\u0103lin<\/strong><\/a><\/li>\n<li><a href=\"https:\/\/www.univnt.ro\/index.php\/profesori\/meiu-emilian\/\"><strong>Lect. univ. dr. MEIU Emilian Constantin<\/strong><\/a><\/li>\n<li><a href=\"https:\/\/www.univnt.ro\/index.php\/profesorii\/lect-univ-dr-muraru-andrei\/\"><strong>Lect. univ. dr.\u00a0MURARU Andrei <\/strong><\/a><\/li>\n\n<li><a href=\"https:\/\/www.univnt.ro\/index.php\/profesorii\/lect-univ-dr-nazat-catalin-bogdan\/\"><strong>Lect. univ. dr.\u00a0NAZAT C\u0103t\u0103lin Bogdan <\/strong><\/a><\/li>\n\n<li><a href=\"https:\/\/www.univnt.ro\/index.php\/profesorii\/lect-univ-dr-nedelcu-constantin\/\"><strong>Lect. univ. dr.\u00a0NEDELCU Constantin<\/strong><\/a><\/li>\n<li><a href=\"https:\/\/www.univnt.ro\/index.php\/profesorii\/nicolescu-alin\/\"><strong>Lect. univ. dr. NICOLESCU Alin<\/strong><\/a><\/li>\n\n<li><a href=\"https:\/\/www.univnt.ro\/index.php\/profesorii\/lect-univ-dr-padurariu-ioana\/\"><strong>Lect. univ. dr.\u00a0P\u0102DURARIU Ioana<\/strong><\/a><\/li>\n<li><strong><a href=\"https:\/\/www.univnt.ro\/index.php\/profesori\/lect-univ-dr-panait-nicoleta\/\">Lect. univ. dr. PANAIT Nicoleta<\/a><\/strong><\/li>\n\n<li><a href=\"https:\/\/www.univnt.ro\/index.php\/profesorii\/lect-univ-dr-popa-rodica-aida\/\"><strong>Lect. univ. dr.\u00a0POPA Rodica Aida <\/strong><\/a><\/li>\n\n<li><a href=\"https:\/\/www.univnt.ro\/index.php\/profesorii\/lect-univ-dr-radu-liviu-george\/\"><strong>Lect. univ. dr.\u00a0RADU Liviu George <\/strong><\/a><\/li>\n\n<li><a href=\"https:\/\/www.univnt.ro\/index.php\/profesorii\/lect-univ-dr-sinescu-mircea-constantin\/\"><strong> Lect. univ. dr.\u00a0SINESCU Mircea Constantin <\/strong><\/a><\/li>\n\n<li><a href=\"https:\/\/www.univnt.ro\/index.php\/profesori\/tomosoiu-marta\/\" target=\"_blank\" rel=\"noopener\"><strong>Lect. univ. dr. TOMO\u0218OIU Marta<\/strong><\/a><\/li>\n<li><strong><a href=\"https:\/\/www.univnt.ro\/index.php\/profesori\/ulariu-claudiu\/\">Lect. univ. dr. ULARIU Claudiu<\/a><\/strong><\/li>\n<li><a href=\"https:\/\/www.univnt.ro\/index.php\/profesorii\/asist-univ-dr-barbateanu-valentina\/\"><strong>Asist. univ. dr.\u00a0B\u0102RB\u0102\u0162EANU Valentina<\/strong><\/a><\/li>\n\n<li><strong><a href=\"https:\/\/www.univnt.ro\/index.php\/profesori\/asist-univ-dr-catea-roxana\/\">Asist. univ. dr. C\u0102TEA Roxana<\/a><\/strong><\/li>\n<li><a href=\"https:\/\/www.univnt.ro\/index.php\/profesorii\/asist-univ-drd-haratau-adrian\/\"><strong>Asist. univ. dr. H\u0102R\u0102T\u0102U Adrian<\/strong><\/a><\/li>\n\n<li><strong><a href=\"https:\/\/www.univnt.ro\/index.php\/profesori\/asist-univ-dr-olanescu-alexandru\/\">Asist. univ. dr. OL\u0102NESCU Alexandru<\/a><\/strong><\/li>\n<li><strong><a href=\"https:\/\/www.univnt.ro\/index.php\/profesori\/sandu-madalina\/\" target=\"_blank\" rel=\"noopener\">Asist. univ. dr. SANDU M\u0103d\u0103lina<\/a><\/strong><\/li>\n\n<li><strong><a href=\"https:\/\/www.univnt.ro\/index.php\/profesori\/solacolu-maria\/\">Asist. univ. dr. SOLACOLU Maria<\/a><\/strong><\/li>\n<li><strong><a href=\"https:\/\/www.univnt.ro\/index.php\/profesori\/asist-univ-dr-sorica-irina\/\">Asist. univ. dr. SORICA Irina<\/a><\/strong><\/li>\n\n<li><a href=\"https:\/\/www.univnt.ro\/index.php\/profesorii\/asist-univ-drd-stoica-cantemir-nadia\/\"><strong> Asist. univ. dr.\u00a0STOICA CANTEMIR Nadia<\/strong><\/a><\/li>\n<li><strong><a href=\"https:\/\/www.univnt.ro\/index.php\/profesori\/asist-univ-dr-vasii-gabriel\/\">Asist. univ. dr. V\u0102SII Gabriel<\/a><\/strong><\/li>\n<li><strong><a href=\"https:\/\/www.univnt.ro\/index.php\/profesori\/tudose-roxana\/\">Asistent de cercetare dr. TUDOSE Roxana<\/a><\/strong><\/li>\n<li><strong><a href=\"https:\/\/www.univnt.ro\/index.php\/profesori\/asist-univ-drd-andrescu-alina\/\">Asist. univ. drd. ANDRESCU Alina<\/a><\/strong><\/li>\n\n<li><a href=\"https:\/\/www.univnt.ro\/index.php\/profesorii\/asist-univ-drd-arghir-bogdan\/\"><strong>Asist. univ. drd.\u00a0ARGHIR Bogdan<\/strong><\/a><\/li>\n<li><strong><a href=\"https:\/\/www.univnt.ro\/index.php\/profesori\/asist-univ-drd-burlacu-tudor\/\">Asist. univ. drd. BURLACU Tudor<\/a><\/strong><\/li>\n<li><strong><a href=\"https:\/\/www.univnt.ro\/index.php\/profesori\/budileanu-cristiana\/\" target=\"_blank\" rel=\"noopener\">Asist. univ. drd. BUDILEANU Cristiana<\/a><\/strong><\/li>\n<li><strong><a href=\"https:\/\/www.univnt.ro\/index.php\/profesori\/asist-univ-drd-calin-radu\/\">Asist. univ. drd. C\u0102LIN Radu<\/a><\/strong><\/li>\n\n<li><a href=\"https:\/\/www.univnt.ro\/index.php\/profesorii\/asist-univ-drd-chis-paul-ioan\/\"><strong>Asist. univ. drd.\u00a0CHI\u015e Paul Ioan<\/strong><\/a><\/li>\n<li><strong><a href=\"https:\/\/www.univnt.ro\/index.php\/profesori\/asist-univ-drd-dimitriu-oana\/\">Asist. univ. drd. DIMITRIU Oana<\/a><\/strong><\/li>\n<li><strong><a href=\"https:\/\/www.univnt.ro\/index.php\/profesori\/bogdan-george-gabriel\/\">Asist. univ. drd. GEORGE Bogdan-Gabriel<\/a><\/strong><\/li>\n<li><strong><a href=\"https:\/\/www.univnt.ro\/index.php\/profesori\/asist-univ-drd-ilie-alexandru\/\">Asist. univ. drd. ILIE Alexandru<\/a><\/strong><\/li>\n\n<li><a href=\"https:\/\/www.univnt.ro\/index.php\/profesori\/imre-lajos\/\"><strong>Asist. univ. drd. IMRE Lajos<\/strong><\/a><\/li>\n<li><a href=\"https:\/\/www.univnt.ro\/index.php\/profesori\/ionescu-lupeanu-bogdan\/\"><strong>Asist. univ. drd. IONESCU-LUPEANU Bogdan<\/strong><\/a><\/li>\n<li><strong><a href=\"https:\/\/www.univnt.ro\/index.php\/profesori\/asist-univ-drd-marin-andrada\/\">Asist. univ. drd. MARIN Andrada<\/a><\/strong><\/li>\n<li><strong><a href=\"https:\/\/www.univnt.ro\/index.php\/profesori\/asist-univ-drd-neacsu-mirel\/\">Asist. univ. drd. NEAC\u0218U Mirel<\/a><\/strong><\/li>\n<li><strong><a href=\"https:\/\/www.univnt.ro\/index.php\/profesori\/asist-univ-drd-onea-larisa\/\">Asist. univ. drd. ONEA Larisa<\/a><\/strong><\/li>\n<li><a href=\"https:\/\/www.univnt.ro\/index.php\/profesori\/popescu-marin-simina\/\"><strong>Asist. univ. drd. POPESCU-MARIN Simina<\/strong><\/a><\/li>\n\n<li><a href=\"https:\/\/www.univnt.ro\/index.php\/profesori\/stan-alexandru\/\"><strong>Asist. univ. drd. STAN Alexandru<\/strong><\/a><\/li>\n<li><a href=\"https:\/\/www.univnt.ro\/index.php\/profesori\/stoica-andrei-alexandru\/\"><strong>Asist. univ. drd. STOICA Andrei-Alexandru<\/strong><\/a><\/li>\n<li><strong><a href=\"https:\/\/www.univnt.ro\/index.php\/profesori\/asist-univ-drd-toma-diana\/\">Asist. univ. drd. TOMA Diana<\/a><\/strong><\/li>\n<li><a href=\"https:\/\/www.univnt.ro\/index.php\/profesorii\/asist-univ-drd-tudor-eduard-florin\/\"><strong>Asist. univ. drd.\u00a0TUDOR Eduard Florin<\/strong><\/a><\/li>\n<li><strong><a href=\"https:\/\/www.univnt.ro\/index.php\/profesori\/asist-univ-drd-viorel-georgiana\/\">Asist. univ. drd. VIOREL Georgiana<\/a><\/strong><\/li>\n<li><strong><a href=\"https:\/\/www.univnt.ro\/index.php\/profesori\/asist-univ-drd-viorel-liviu\/\">Asist. univ. drd. VIOREL Liviu<\/a><\/strong><\/li>\n<li><strong><a href=\"https:\/\/www.univnt.ro\/index.php\/profesori\/asist-univ-drd-visoiu-ruxandra\/\">Asist. univ. drd. VI\u0218OIU Ruxandra<\/a><\/strong><\/li>\n<li><strong><a href=\"https:\/\/www.univnt.ro\/index.php\/profesori\/asist-univ-drd-voiculescu-anca-magda\/\">Asist. univ. drd. VOICULESCU Anca-Magda<\/a><\/strong><\/li>\n<li><a href=\"https:\/\/www.univnt.ro\/index.php\/profesorii\/asist-univ-dieac-bogdan\/\"><strong> Av.\u00a0DIEAC Bogdan<\/strong><\/a><\/li>\n\n<li><a href=\"https:\/\/www.univnt.ro\/index.php\/profesori\/gheorghe-denise-camelia\/\"><strong>Instructor Educatie Fizic\u0103 GHEORGHE Denise Camelia<\/strong><\/a><\/li>\n<\/ol>\n<!-- \/wp:list -->\t\t\t\t\t\t\t\t<\/div>\n\t\t\t\t<\/div>\n\t\t\t\t\t<\/div>\n\t\t<\/div>\n\t\t\t\t\t<\/div>\n\t\t<\/section>\n\t\t\t\t<\/div>\n\t\t","protected":false},"excerpt":{"rendered":"","protected":false},"author":1,"featured_media":0,"parent":72,"menu_order":0,"comment_status":"closed","ping_status":"closed","template":"","meta":{"_mi_skip_tracking":false,"_monsterinsights_sitenote_active":false,"_monsterinsights_sitenote_note":"","_monsterinsights_sitenote_category":0,"footnotes":""},"class_list":["post-93","page","type-page","status-publish","hentry"],"_links":{"self":[{"href":"https:\/\/www.univnt.ro\/index.php\/wp-json\/wp\/v2\/pages\/93","targetHints":{"allow":["GET"]}}],"collection":[{"href":"https:\/\/www.univnt.ro\/index.php\/wp-json\/wp\/v2\/pages"}],"about":[{"href":"https:\/\/www.univnt.ro\/index.php\/wp-json\/wp\/v2\/types\/page"}],"author":[{"embeddable":true,"href":"https:\/\/www.univnt.ro\/index.php\/wp-json\/wp\/v2\/users\/1"}],"replies":[{"embeddable":true,"href":"https:\/\/www.univnt.ro\/index.php\/wp-json\/wp\/v2\/comments?post=93"}],"version-history":[{"count":136,"href":"https:\/\/www.univnt.ro\/index.php\/wp-json\/wp\/v2\/pages\/93\/revisions"}],"predecessor-version":[{"id":13867,"href":"https:\/\/www.univnt.ro\/index.php\/wp-json\/wp\/v2\/pages\/93\/revisions\/13867"}],"up":[{"embeddable":true,"href":"https:\/\/www.univnt.ro\/index.php\/wp-json\/wp\/v2\/pages\/72"}],"wp:attachment":[{"href":"https:\/\/www.univnt.ro\/index.php\/wp-json\/wp\/v2\/media?parent=93"}],"curies":[{"name":"wp","href":"https:\/\/api.w.org\/{rel}","templated":true}]}}