{"id":95,"date":"2020-07-04T12:52:52","date_gmt":"2020-07-04T12:52:52","guid":{"rendered":"http:\/\/www.univnt.ro\/?page_id=95"},"modified":"2026-03-31T08:23:59","modified_gmt":"2026-03-31T08:23:59","slug":"drept-financiar-bancar-si-al-uniunii-europene","status":"publish","type":"page","link":"https:\/\/www.univnt.ro\/index.php\/facultati\/facultatea-de-drept\/drept-financiar-bancar-si-al-uniunii-europene\/","title":{"rendered":"DREPT FINANCIAR, BANCAR \u0218I AL ASIGUR\u0102RILOR"},"content":{"rendered":"\t\t<div data-elementor-type=\"wp-page\" data-elementor-id=\"95\" class=\"elementor elementor-95\" data-elementor-post-type=\"page\">\n\t\t\t\t\t\t<section class=\"elementor-section elementor-top-section elementor-element elementor-element-1663631 elementor-section-boxed elementor-section-height-default elementor-section-height-default\" data-id=\"1663631\" data-element_type=\"section\">\n\t\t\t\t\t\t<div class=\"elementor-container elementor-column-gap-default\">\n\t\t\t\t\t<div class=\"elementor-column elementor-col-100 elementor-top-column elementor-element elementor-element-e65fa62\" data-id=\"e65fa62\" data-element_type=\"column\">\n\t\t\t<div class=\"elementor-widget-wrap elementor-element-populated\">\n\t\t\t\t\t\t<div class=\"elementor-element elementor-element-5182676 elementor-alert-info elementor-invisible elementor-widget elementor-widget-alert\" data-id=\"5182676\" data-element_type=\"widget\" data-settings=\"{&quot;_animation&quot;:&quot;shake&quot;}\" data-widget_type=\"alert.default\">\n\t\t\t\t<div class=\"elementor-widget-container\">\n\t\t\t\t\t\t\t<div class=\"elementor-alert\" role=\"alert\">\n\n\t\t\t\t\t\t<span class=\"elementor-alert-title\">Au fost postate datele examenelor pentru sesiunea 2!<\/span>\n\t\t\t\n\t\t\t\n\t\t\t\t\t\t<button type=\"button\" class=\"elementor-alert-dismiss\" aria-label=\"Respinge aceast\u0103 alert\u0103.\">\n\t\t\t\t\t\t\t\t\t<span aria-hidden=\"true\">&times;<\/span>\n\t\t\t\t\t\t\t<\/button>\n\t\t\t\n\t\t<\/div>\n\t\t\t\t\t\t<\/div>\n\t\t\t\t<\/div>\n\t\t\t\t\t<\/div>\n\t\t<\/div>\n\t\t\t\t\t<\/div>\n\t\t<\/section>\n\t\t\t\t<section class=\"elementor-section elementor-top-section elementor-element elementor-element-4c8ee2e elementor-section-boxed elementor-section-height-default elementor-section-height-default\" data-id=\"4c8ee2e\" data-element_type=\"section\">\n\t\t\t\t\t\t<div class=\"elementor-container elementor-column-gap-default\">\n\t\t\t\t\t<div class=\"elementor-column elementor-col-100 elementor-top-column elementor-element elementor-element-0838f91\" data-id=\"0838f91\" data-element_type=\"column\">\n\t\t\t<div class=\"elementor-widget-wrap elementor-element-populated\">\n\t\t\t\t\t\t<div class=\"elementor-element elementor-element-e4affc7 elementor-widget elementor-widget-accordion\" data-id=\"e4affc7\" data-element_type=\"widget\" data-widget_type=\"accordion.default\">\n\t\t\t\t<div class=\"elementor-widget-container\">\n\t\t\t\t\t\t\t<div class=\"elementor-accordion\">\n\t\t\t\t\t\t\t<div class=\"elementor-accordion-item\">\n\t\t\t\t\t<div id=\"elementor-tab-title-2391\" class=\"elementor-tab-title\" data-tab=\"1\" role=\"button\" aria-controls=\"elementor-tab-content-2391\" aria-expanded=\"false\">\n\t\t\t\t\t\t\t\t\t\t\t\t\t<span class=\"elementor-accordion-icon elementor-accordion-icon-left\" aria-hidden=\"true\">\n\t\t\t\t\t\t\t\t\t\t\t\t\t\t\t<span class=\"elementor-accordion-icon-closed\"><i class=\"fas fa-plus\"><\/i><\/span>\n\t\t\t\t\t\t\t\t<span class=\"elementor-accordion-icon-opened\"><i class=\"fas fa-minus\"><\/i><\/span>\n\t\t\t\t\t\t\t\t\t\t\t\t\t\t<\/span>\n\t\t\t\t\t\t\t\t\t\t\t\t<a class=\"elementor-accordion-title\" tabindex=\"0\">AVIZIER<\/a>\n\t\t\t\t\t<\/div>\n\t\t\t\t\t<div id=\"elementor-tab-content-2391\" class=\"elementor-tab-content elementor-clearfix\" data-tab=\"1\" role=\"region\" aria-labelledby=\"elementor-tab-title-2391\"><p style=\"text-align: center;\"><a href=\"https:\/\/www.univnt.ro\/index.php\/category\/drept-financiar-bancar-si-al-asigurarilor\"><strong><button type=\"button\">Vezi anun\u021buri!<\/button><\/strong><\/a><\/p><\/div>\n\t\t\t\t<\/div>\n\t\t\t\t\t\t\t<div class=\"elementor-accordion-item\">\n\t\t\t\t\t<div id=\"elementor-tab-title-2392\" class=\"elementor-tab-title\" data-tab=\"2\" role=\"button\" aria-controls=\"elementor-tab-content-2392\" aria-expanded=\"false\">\n\t\t\t\t\t\t\t\t\t\t\t\t\t<span class=\"elementor-accordion-icon elementor-accordion-icon-left\" aria-hidden=\"true\">\n\t\t\t\t\t\t\t\t\t\t\t\t\t\t\t<span class=\"elementor-accordion-icon-closed\"><i class=\"fas fa-plus\"><\/i><\/span>\n\t\t\t\t\t\t\t\t<span class=\"elementor-accordion-icon-opened\"><i class=\"fas fa-minus\"><\/i><\/span>\n\t\t\t\t\t\t\t\t\t\t\t\t\t\t<\/span>\n\t\t\t\t\t\t\t\t\t\t\t\t<a class=\"elementor-accordion-title\" tabindex=\"0\">ORAR<\/a>\n\t\t\t\t\t<\/div>\n\t\t\t\t\t<div id=\"elementor-tab-content-2392\" class=\"elementor-tab-content elementor-clearfix\" data-tab=\"2\" role=\"region\" aria-labelledby=\"elementor-tab-title-2392\"><p style=\"text-align: center;\"><span style=\"color: #800080;\"><strong>Anul universitar 2025-2026, Semestrul 2<\/strong><\/span><\/p>\n<p style=\"text-align: center;\"><a href=\"https:\/\/drive.google.com\/file\/d\/14wQAD5gwR0xL_iBfHRNYywlMrDc527gj\/view?usp=sharing\" target=\"_blank\" rel=\"noopener\"><strong><button type=\"button\">Anul 1<\/button><\/strong><\/a><\/p>\n<p><strong><a href=\"https:\/\/drive.google.com\/file\/d\/1dLSA3SGtgZDDE-rdWoV6G9gn9ySpNz37\/view?usp=sharing\" target=\"_blank\" rel=\"noopener\"><button type=\"button\">S\u0103pt\u0103m\u00e2ni seminar<\/button><\/a><\/strong><\/p>\n<p><strong><a href=\"https:\/\/drive.google.com\/file\/d\/1YykKHw8wmO3jT5H1v5XwOkFNaMpjwO6M\/view?usp=sharing\" target=\"_blank\" rel=\"noopener\"><button type=\"button\">Anun\u021b practic\u0103 semestrul 2<\/button><\/a><\/strong><\/p>\n<p>\u00a0<\/p>\n<p>\u00a0<\/p><\/div>\n\t\t\t\t<\/div>\n\t\t\t\t\t\t\t<div class=\"elementor-accordion-item\">\n\t\t\t\t\t<div id=\"elementor-tab-title-2393\" class=\"elementor-tab-title\" data-tab=\"3\" role=\"button\" aria-controls=\"elementor-tab-content-2393\" aria-expanded=\"false\">\n\t\t\t\t\t\t\t\t\t\t\t\t\t<span class=\"elementor-accordion-icon elementor-accordion-icon-left\" aria-hidden=\"true\">\n\t\t\t\t\t\t\t\t\t\t\t\t\t\t\t<span class=\"elementor-accordion-icon-closed\"><i class=\"fas fa-plus\"><\/i><\/span>\n\t\t\t\t\t\t\t\t<span class=\"elementor-accordion-icon-opened\"><i class=\"fas fa-minus\"><\/i><\/span>\n\t\t\t\t\t\t\t\t\t\t\t\t\t\t<\/span>\n\t\t\t\t\t\t\t\t\t\t\t\t<a class=\"elementor-accordion-title\" tabindex=\"0\">EXAMENE<\/a>\n\t\t\t\t\t<\/div>\n\t\t\t\t\t<div id=\"elementor-tab-content-2393\" class=\"elementor-tab-content elementor-clearfix\" data-tab=\"3\" role=\"region\" aria-labelledby=\"elementor-tab-title-2393\"><p style=\"text-align: center;\"><span style=\"color: #800080;\"><strong>Anul universitar 2025-2026, Semestrul 2<\/strong><\/span><\/p>\n<p style=\"text-align: center;\"><a href=\"https:\/\/drive.google.com\/file\/d\/1f9iJsNwVNEUcVYBFYzbgbP8qrIa51pJG\/view?usp=sharing\" target=\"_blank\" rel=\"noopener\"><strong><button type=\"button\">Anul 1<\/button><\/strong><\/a><\/p><\/div>\n\t\t\t\t<\/div>\n\t\t\t\t\t\t\t<div class=\"elementor-accordion-item\">\n\t\t\t\t\t<div id=\"elementor-tab-title-2394\" class=\"elementor-tab-title\" data-tab=\"4\" role=\"button\" aria-controls=\"elementor-tab-content-2394\" aria-expanded=\"false\">\n\t\t\t\t\t\t\t\t\t\t\t\t\t<span class=\"elementor-accordion-icon elementor-accordion-icon-left\" aria-hidden=\"true\">\n\t\t\t\t\t\t\t\t\t\t\t\t\t\t\t<span class=\"elementor-accordion-icon-closed\"><i class=\"fas fa-plus\"><\/i><\/span>\n\t\t\t\t\t\t\t\t<span class=\"elementor-accordion-icon-opened\"><i class=\"fas fa-minus\"><\/i><\/span>\n\t\t\t\t\t\t\t\t\t\t\t\t\t\t<\/span>\n\t\t\t\t\t\t\t\t\t\t\t\t<a class=\"elementor-accordion-title\" tabindex=\"0\">REEXAMIN\u0102RI<\/a>\n\t\t\t\t\t<\/div>\n\t\t\t\t\t<div id=\"elementor-tab-content-2394\" class=\"elementor-tab-content elementor-clearfix\" data-tab=\"4\" role=\"region\" aria-labelledby=\"elementor-tab-title-2394\"><p style=\"text-align: center;\"><span style=\"color: #800080;\"><strong>Anul universitar 2025-2026<\/strong><\/span><\/p>\n<p style=\"text-align: center;\"><strong><button type=\"button\">Anul 1<\/button><\/strong><\/p><\/div>\n\t\t\t\t<\/div>\n\t\t\t\t\t\t\t<div class=\"elementor-accordion-item\">\n\t\t\t\t\t<div id=\"elementor-tab-title-2395\" class=\"elementor-tab-title\" data-tab=\"5\" role=\"button\" aria-controls=\"elementor-tab-content-2395\" aria-expanded=\"false\">\n\t\t\t\t\t\t\t\t\t\t\t\t\t<span class=\"elementor-accordion-icon elementor-accordion-icon-left\" aria-hidden=\"true\">\n\t\t\t\t\t\t\t\t\t\t\t\t\t\t\t<span class=\"elementor-accordion-icon-closed\"><i class=\"fas fa-plus\"><\/i><\/span>\n\t\t\t\t\t\t\t\t<span class=\"elementor-accordion-icon-opened\"><i class=\"fas fa-minus\"><\/i><\/span>\n\t\t\t\t\t\t\t\t\t\t\t\t\t\t<\/span>\n\t\t\t\t\t\t\t\t\t\t\t\t<a class=\"elementor-accordion-title\" tabindex=\"0\">RESTAN\u0162E<\/a>\n\t\t\t\t\t<\/div>\n\t\t\t\t\t<div id=\"elementor-tab-content-2395\" class=\"elementor-tab-content elementor-clearfix\" data-tab=\"5\" role=\"region\" aria-labelledby=\"elementor-tab-title-2395\"><p style=\"text-align: center;\"><span style=\"color: #800080;\"><strong>Anul universitar 2025-2026<\/strong><\/span><\/p>\n<p style=\"text-align: center;\"><strong><button type=\"button\">Anul 1<\/button><\/strong><\/p><\/div>\n\t\t\t\t<\/div>\n\t\t\t\t\t\t\t<div class=\"elementor-accordion-item\">\n\t\t\t\t\t<div id=\"elementor-tab-title-2396\" class=\"elementor-tab-title\" data-tab=\"6\" role=\"button\" aria-controls=\"elementor-tab-content-2396\" aria-expanded=\"false\">\n\t\t\t\t\t\t\t\t\t\t\t\t\t<span class=\"elementor-accordion-icon elementor-accordion-icon-left\" aria-hidden=\"true\">\n\t\t\t\t\t\t\t\t\t\t\t\t\t\t\t<span class=\"elementor-accordion-icon-closed\"><i class=\"fas fa-plus\"><\/i><\/span>\n\t\t\t\t\t\t\t\t<span class=\"elementor-accordion-icon-opened\"><i class=\"fas fa-minus\"><\/i><\/span>\n\t\t\t\t\t\t\t\t\t\t\t\t\t\t<\/span>\n\t\t\t\t\t\t\t\t\t\t\t\t<a class=\"elementor-accordion-title\" tabindex=\"0\">DISERTA\u0162IE<\/a>\n\t\t\t\t\t<\/div>\n\t\t\t\t\t<div id=\"elementor-tab-content-2396\" class=\"elementor-tab-content elementor-clearfix\" data-tab=\"6\" role=\"region\" aria-labelledby=\"elementor-tab-title-2396\"><p style=\"text-align: center;\"><span style=\"color: #800080;\"><strong>Diserta\u021bie Februarie 2026<\/strong><\/span><\/p>\n<p><a href=\"https:\/\/drive.google.com\/file\/d\/16vYhQx8fzdw4Qdqwp49HaxGDP_ILPEnP\/view?usp=sharing\" target=\"_blank\" rel=\"noopener\"><strong><button type=\"button\">Anun\u021b eliberare adeverin\u021be<\/button><\/strong><\/a><\/p>\n<p><a href=\"https:\/\/drive.google.com\/file\/d\/1g8hsCDBb6cjflbhA0TA1ac59mLQJRm3v\/view?usp=sharing\" target=\"_blank\" rel=\"noopener\"><strong><button type=\"button\">Anun\u021b \u00eenscriere diserta\u021bie<\/button><\/strong><\/a><\/p>\n<p><a href=\"https:\/\/drive.google.com\/file\/d\/1zADCI-dbJDYXbmCwuh_MEZRzKd6wT7yE\/view?usp=sharing\" target=\"_blank\" rel=\"noopener\"><strong><button type=\"button\">Cerere \u00eenscriere diserta\u021bie<\/button><\/strong><\/a><\/p>\n<p><a href=\"https:\/\/drive.google.com\/file\/d\/1RUi0tdIgEbTbqyHOzfgzV6uZ0XQSVGFr\/view?usp=sharing\" target=\"_blank\" rel=\"noopener\"><strong><button type=\"button\">Declara\u021bie autenticitate diserta\u021bie<\/button><\/strong><\/a><\/p>\n<p><a href=\"https:\/\/drive.google.com\/file\/d\/15nTInIHxslqriHud1iFYWjn1zirZnovg\/view?usp=sharing\" target=\"_blank\" rel=\"noopener\"><strong><button type=\"button\">Programare examen diserta\u021bie<\/button><\/strong><\/a><\/p><\/div>\n\t\t\t\t<\/div>\n\t\t\t\t\t\t\t<div class=\"elementor-accordion-item\">\n\t\t\t\t\t<div id=\"elementor-tab-title-2397\" class=\"elementor-tab-title\" data-tab=\"7\" role=\"button\" aria-controls=\"elementor-tab-content-2397\" aria-expanded=\"false\">\n\t\t\t\t\t\t\t\t\t\t\t\t\t<span class=\"elementor-accordion-icon elementor-accordion-icon-left\" aria-hidden=\"true\">\n\t\t\t\t\t\t\t\t\t\t\t\t\t\t\t<span class=\"elementor-accordion-icon-closed\"><i class=\"fas fa-plus\"><\/i><\/span>\n\t\t\t\t\t\t\t\t<span class=\"elementor-accordion-icon-opened\"><i class=\"fas fa-minus\"><\/i><\/span>\n\t\t\t\t\t\t\t\t\t\t\t\t\t\t<\/span>\n\t\t\t\t\t\t\t\t\t\t\t\t<a class=\"elementor-accordion-title\" tabindex=\"0\">STRUCTURA ANULUI UNIVERSITAR<\/a>\n\t\t\t\t\t<\/div>\n\t\t\t\t\t<div id=\"elementor-tab-content-2397\" class=\"elementor-tab-content elementor-clearfix\" data-tab=\"7\" role=\"region\" aria-labelledby=\"elementor-tab-title-2397\"><p style=\"text-align: center;\"><span style=\"color: #800080;\"><strong>Anul universitar 2025-2026<\/strong><\/span><\/p>\n<p style=\"text-align: center;\"><a href=\"https:\/\/drive.google.com\/file\/d\/1uwkpobfTziiWIaPwzyQjBRkmfQ9zE5XC\/view?usp=sharing\" target=\"_blank\" rel=\"noopener\"><strong><button type=\"button\">vezi structura!<\/button><\/strong><\/a><\/p><\/div>\n\t\t\t\t<\/div>\n\t\t\t\t\t\t\t<div class=\"elementor-accordion-item\">\n\t\t\t\t\t<div id=\"elementor-tab-title-2398\" class=\"elementor-tab-title\" data-tab=\"8\" role=\"button\" aria-controls=\"elementor-tab-content-2398\" aria-expanded=\"false\">\n\t\t\t\t\t\t\t\t\t\t\t\t\t<span class=\"elementor-accordion-icon elementor-accordion-icon-left\" aria-hidden=\"true\">\n\t\t\t\t\t\t\t\t\t\t\t\t\t\t\t<span class=\"elementor-accordion-icon-closed\"><i class=\"fas fa-plus\"><\/i><\/span>\n\t\t\t\t\t\t\t\t<span class=\"elementor-accordion-icon-opened\"><i class=\"fas fa-minus\"><\/i><\/span>\n\t\t\t\t\t\t\t\t\t\t\t\t\t\t<\/span>\n\t\t\t\t\t\t\t\t\t\t\t\t<a class=\"elementor-accordion-title\" tabindex=\"0\">PLANURI DE \u00ceNV\u0102\u0162\u0102M\u00c2NT<\/a>\n\t\t\t\t\t<\/div>\n\t\t\t\t\t<div id=\"elementor-tab-content-2398\" class=\"elementor-tab-content elementor-clearfix\" data-tab=\"8\" role=\"region\" aria-labelledby=\"elementor-tab-title-2398\"><table width=\"0\">\n<tbody>\n<tr>\n<td width=\"69\"><strong>Nr.crt.<\/strong><\/td>\n<td width=\"300\"><strong>Disciplina<\/strong><\/td>\n<td width=\"333\"><strong>Cadru didactic<\/strong><\/td>\n<\/tr>\n<tr>\n<td width=\"69\">1.<\/td>\n<td width=\"300\">Proceduri \u015fi tehnici de fiscalitate na\u0163ional\u0103 \u015fi interna\u0163ional\u0103<\/td>\n<td width=\"333\">\n<p>Conf.univ.dr.Emilia Stoica<\/p>\n<p>Lect.univ.dr. Liviu Radu<\/p>\n<\/td>\n<\/tr>\n<tr>\n<td width=\"69\">2.<\/td>\n<td width=\"300\">Dreptul asigur\u0103rilor<\/td>\n<td width=\"333\">\n<p>Conf.univ.dr. Vasile Neme\u015f<\/p>\n<p>Lect.univ.dr. Dan Alexandru Sitaru<\/p>\n<\/td>\n<\/tr>\n<tr>\n<td width=\"69\">3.<\/td>\n<td width=\"300\">Managementul riscurilor pe pia\u0163a titlurilor financiare<\/td>\n<td width=\"333\">\n<p>Conf.univ.dr. Sudacevschi Mihaela<\/p>\n<p>Conf.univ.dr. Emilia Stoica<\/p>\n<\/td>\n<\/tr>\n<tr>\n<td width=\"69\">4.<\/td>\n<td width=\"300\">Pia\u0163a de capital<\/td>\n<td width=\"333\">\n<p>Conf.univ.dr. Cristian Gheorghe<\/p>\n<p>Lect.univ.dr. Dan Alexandru Sitaru<\/p>\n<\/td>\n<\/tr>\n<tr>\n<td width=\"69\">5.<\/td>\n<td width=\"300\">Criminalitatea informatic\u0103<\/td>\n<td width=\"333\">\n<p>Conf.univ.dr. Maxim Dobrinoiu<\/p>\n<p>Conf.univ.dr. Mirela Gorunescu<\/p>\n<\/td>\n<\/tr>\n<tr>\n<td width=\"69\">6.<\/td>\n<td width=\"300\">Managementul riscurilor financiar-bancare<\/td>\n<td width=\"333\">\n<p>Conf.univ.dr. R\u0103doi M\u0103d\u0103lina<\/p>\n<p>Asist.univ.dr. Nicoleta Panait<\/p>\n<\/td>\n<\/tr>\n<tr>\n<td width=\"69\">7.<\/td>\n<td width=\"300\">Dreptul penal al afacerilor<\/td>\n<td width=\"333\">\n<p>Conf.univ.dr. Mirela Gorunescu<\/p>\n<p>Lect.univ.dr. Constantin Nedelcu<\/p>\n<\/td>\n<\/tr>\n<tr>\n<td width=\"69\">8.<\/td>\n<td width=\"300\">Managementul riscurilor pe pia\u0163a na\u0163ional\u0103 \u015fi interna\u0163ional\u0103 a asigur\u0103rilor<\/td>\n<td width=\"333\">\n<p>Prof.univ.dr. Serghei M\u0103rgulescu<\/p>\n<p>Conf.univ.dr. Emilia Stoica<\/p>\n<\/td>\n<\/tr>\n<tr>\n<td width=\"69\">9.<\/td>\n<td width=\"300\">Drept bancar<\/td>\n<td width=\"333\">\n<p>Conf.univ.dr.Vasile Neme\u015f<\/p>\n<p>Conf.univ.dr. Cristian Gheorghe<\/p>\n<\/td>\n<\/tr>\n<tr>\n<td width=\"69\">10.<\/td>\n<td width=\"300\">Practica de specialitate I, II<\/td>\n<td width=\"333\">\n<p>Conf.univ.dr. Gabriel Uluitu<\/p>\n<p>Lect.univ.dr. Ioana P\u0103durariu<\/p>\n<\/td>\n<\/tr>\n<tr>\n<td width=\"69\">11.<\/td>\n<td width=\"300\">Etic\u0103 \u015fi integritate academic\u0103<\/td>\n<td width=\"333\">\n<p>Conf. univ.dr. Elena \u0218tefan<\/p>\n<p>Lect.univ.dr. Andrei Muraru<\/p>\n<\/td>\n<\/tr>\n<\/tbody>\n<\/table><\/div>\n\t\t\t\t<\/div>\n\t\t\t\t\t\t\t\t<\/div>\n\t\t\t\t\t\t<\/div>\n\t\t\t\t<\/div>\n\t\t\t\t\t<\/div>\n\t\t<\/div>\n\t\t\t\t\t<\/div>\n\t\t<\/section>\n\t\t\t\t<section class=\"elementor-section elementor-top-section elementor-element elementor-element-79fb6f1f elementor-section-boxed elementor-section-height-default elementor-section-height-default\" data-id=\"79fb6f1f\" data-element_type=\"section\">\n\t\t\t\t\t\t<div class=\"elementor-container elementor-column-gap-default\">\n\t\t\t\t\t<div class=\"elementor-column elementor-col-100 elementor-top-column elementor-element elementor-element-3fd1e84a\" data-id=\"3fd1e84a\" data-element_type=\"column\">\n\t\t\t<div class=\"elementor-widget-wrap elementor-element-populated\">\n\t\t\t\t\t\t<div class=\"elementor-element elementor-element-164bf9b0 elementor-widget elementor-widget-text-editor\" data-id=\"164bf9b0\" data-element_type=\"widget\" data-widget_type=\"text-editor.default\">\n\t\t\t\t<div class=\"elementor-widget-container\">\n\t\t\t\t\t\t\t\t\t<p><\/p>\n<p><strong><u>Misiunea <\/u><\/strong><strong>programului de master \u201eDrept financiar-bancar \u0219i al asigur\u0103rilor\u201d<\/strong> este de a forma la cele mai \u00eenalte standarde de calitate speciali\u015fti de \u00eenalt\u0103 calificare pentru sistemului bancar \u0219i al asigur\u0103rilor \u0219i a pie\u021bei de capital, care s\u0103 contribuie la \u00eembun\u0103t\u0103\u0163irea nivelului de preg\u0103tire profesional\u0103 \u015fi la cre\u015fterea eficien\u0163ei pe pia\u0163a muncii.<\/p>\n<p>Programul de master <strong>\u201eDrept financiar-bancar \u0219i al asigur\u0103rilor\u201d<\/strong> dezvolt\u0103 dimensiunea managerial\u0103, juridic\u0103 \u015fi de cercetare a preg\u0103tirii masteranzilor \u00een contextul cerin\u0163elor statutului de stat membru al UE, urm\u0103rindu-se dezvoltarea capacit\u0103\u0163ii viitorilor speciali\u0219ti de adaptare \u0219i integrare pe pia\u021ba muncii, at\u00e2t \u00een domeniul public c\u00e2t \u0219i \u00een cel privat, deopotriv\u0103 \u00een plan na\u021bional c\u00e2t \u0219i european.<\/p>\n<p>Programul de master <strong>\u201eDrept financiar-bancar \u0219i al asigur\u0103rilor\u201d<\/strong> se adreseaz\u0103 prin con\u0163inutul tematic, tuturor acelora care urm\u0103resc s\u0103-\u015fi\u00a0 \u00eembun\u0103t\u0103\u0163easc\u0103 performan\u0163ele profesionale indiferent de op\u0163iunea aleas\u0103 pentru cariera profesional\u0103 din domeniul financiar-bancar, al asigur\u0103rilor \u0219i a pie\u021bei de capital.\u00a0<div class='yrm-content yrm-content-6 yrm-content-hide' id='yrm-m8Xgf' data-id='6' data-show-status='false' data-after-action='' style=\"visibility: hidden;height: 0;\">\n<div id='yrm-inner-content-yrm-m8Xgf' class='yrm-inner-content-wrapper yrm-cntent-6'>\n<p>\n<\/p>\n<p>Prin studierea disciplinelor acestui program de master, absolven\u0163ii facult\u0103\u0163ii vor dob\u00e2ndi noi cuno\u015ftin\u0163e necesare unei temeinice preg\u0103tiri pentru exercitarea profesiei \u00een domeniul financiar- bancar, al asigur\u0103rilor \u0219i a pie\u021bei de capital.\u00a0<\/p>\n<p>\u00a0\u00cen cadrul prelegerilor \u015fi seminarelor, o aten\u0163ie deosebit\u0103 se va acorda aspectelor juridice ale institu\u0163iilor studiate, precum \u015fi aspectele de drept comparat.\u00a0<\/p>\n<p>O dimensiune important\u0103 a studiului o va reprezenta analiza implica\u0163iilor teoretice \u015fi practice ale noilor reglement\u0103ri legale, care privesc armonizarea legisla\u0163iei rom\u00e2ne\u015fti cu cea din \u0163\u0103rile Uniunii Europene.<\/p>\n<p>\u00a0<\/p>\n<p>\u00a0\u00a0\u00a0\u00a0\u00a0\u00a0\u00a0\u00a0\u00a0\u00a0\u00a0 <strong><u>Obiectivele<\/u> <\/strong>programului de master <strong>\u201eDrept financiar-bancar \u0219i al asigur\u0103rilor\u201d<\/strong> pot fi sintetizate astfel:<\/p>\n<p>&#8211; s\u0103 formeze deprinderile de cercetare stiin\u0163ific\u0103 si practic-aplicative profesionale;<\/p>\n<p>&#8211; s\u0103 dob\u00e2ndeasc\u0103 competen\u021be de cunoa\u0219tere \u0219i de \u00een\u021belegere a conceptelor \u0219i institu\u021biilor disciplinelor specifice;<\/p>\n<p>\u00a0\u00a0\u00a0\u00a0\u00a0\u00a0\u00a0\u00a0\u00a0\u00a0\u00a0 &#8211; s\u0103 aprofundeze institu\u0163iile de drept necesare exercit\u0103rii unei cariere de avocat, practician \u00een insolven\u0163\u0103, consilier juridic, consilier financiar-bancar, mediator, arbitru, manager banca, ofiter bancar, expert financiar-bancar, inspector asigurari, evaluator asigurari, specialist evaluare daune, trezorier, analist financiar bancar, ministru, consilier preziden\u021bial etc.;<\/p>\n<p>\u00a0\u00a0\u00a0\u00a0\u00a0\u00a0\u00a0\u00a0\u00a0\u00a0\u00a0 &#8211; s\u0103 formeze interesului \u0219i con\u015ftiin\u0163a necesit\u0103\u0163ii cercet\u0103rii domeniului afacerilor bancare, asigur\u0103rilor \u0219i pie\u021bei de capital;<\/p>\n<p>&#8211; s\u0103 duc\u0103 la specializarea practicienilor-juri\u015fti;<\/p>\n<p>&#8211; s\u0103 formeze deprinderile de cercetare \u0219tiin\u021bific\u0103 \u0219i practic-aplicative profesionale;<\/p>\n<p>&#8211; s\u0103 aprofundeze institu\u021biilor de drept necesare exercit\u0103rii unei cariere \u00een domeniul bancar, al asigur\u0103rilor \u0219i pie\u021bei de capital;<\/p>\n<p>&#8211; s\u0103 formeze interesul \u0219i con\u0219tiin\u021ba necesit\u0103\u021bii cercet\u0103rii domeniului financiar-bancar na\u021bional \u0219i interna\u021bional \u0219i organiz\u0103rii acestuia;<\/p>\n<p>&#8211; s\u0103 cunoasc\u0103 \u00een mod aprofundat asigur\u0103rile \u0219i func\u021bionarea agen\u021bilor comerciali care func\u021bioneaz\u0103 \u00een domeniu;<\/p>\n<p>&#8211; s\u0103 cunoasc\u0103 aprofundat pia\u021ba de capital \u0219i a organiz\u0103rii acesteia;<\/p>\n<p>&#8211; s\u0103 realizeze cercetarea \u0219tiin\u021bific\u0103 prin aprofundarea \u0219i investigarea teoretico-practic\u0103 a unor institu\u021bii financiar bancare \u0219i din domeniul asigur\u0103rilor;<\/p>\n<p>&#8211; s\u0103 dob\u00e2ndeasc\u0103 competene\u021be \u00een ceea ce prive\u0219te managementul riscurilor financiar-bancare \u0219i al riscurilor pe pia\u021ba na\u021bional\u0103 \u0219i interna\u021bional\u0103 a asigur\u0103rilor;<\/p>\n<p>&#8211; s\u0103 cunoasc\u0103 procedurile \u0219i tehnicile de fiscalitate na\u021bional\u0103 \u0219i interna\u021bional\u0103;<\/p>\n<p>&#8211; s\u0103 aprofundeze regulilor europene necesare practicienilor \u00een domeniul financiar-bancar \u0219i al asigur\u0103rilor;<\/p>\n<p>&#8211; s\u0103 interpreteze normele juridice \u0219i s\u0103 interpreteze jurispruden\u021ba na\u021bional\u0103 \u0219i de drept comparat la disciplinele studiate;<\/p>\n<p>&#8211; s\u0103 contribuie la formarea unui corp de speciali\u0219ti cu abilit\u0103\u021bi \u0219i cuno\u0219tin\u021be actualizate \u00een procesul de integrare european\u0103;<\/p>\n<p>&#8211; s\u0103 contribuie la formarea \u0219i cultivarea interesului pentru respectarea normelor de deontologie profesional\u0103 \u0219i bunei conduite \u00een cercetarea \u0219tiin\u021bific\u0103;<\/p>\n<p>-s\u0103 dezvolte g\u00e2ndirea moral\u0103 \u0219i s\u0103 contribuie la dezvoltarea unui comportament etic dar \u0219i a integrit\u0103\u021bii, indiferent de profesia viitoare urmat\u0103 \u00een cadrul unui corp profesional precum: avocat, practician \u00een insolven\u0163\u0103, consilier juridic, consilier financiar-bancar, mediator, arbitru, manager banca, ofiter bancar, expert financiar-bancar, inspector asigurari, evaluator asigurari, specialist evaluare daune, trezorier, analist financiar bancar etc.<\/p>\n<p><\/div>\n\t\t<\/div><div class='yrm-btn-wrapper yrm-btn-wrapper-6 yrm-more-button-wrapper  '\n\t\tdata-custom-more-class-name='' data-custom-less-class-name=''><span title='' data-less-title='' data-more-title='' class='yrm-toggle-expand  yrm-toggle-expand-6 ' data-rel='yrm-m8Xgf' data-more='Mai mult' data-less='Mai pu\u021bin'><span class='yrm-text-wrapper yrm-text-wrapper-custom-dimensions'><span class=\"yrm-button-text-6 yrm-button-text-span\">Mai mult<\/span><\/span><\/span><\/div><br \/><\/p>\t\t\t\t\t\t\t\t<\/div>\n\t\t\t\t<\/div>\n\t\t\t\t\t<\/div>\n\t\t<\/div>\n\t\t\t\t\t<\/div>\n\t\t<\/section>\n\t\t\t\t<section class=\"elementor-section elementor-top-section elementor-element elementor-element-c1999bd elementor-section-boxed elementor-section-height-default elementor-section-height-default\" data-id=\"c1999bd\" data-element_type=\"section\">\n\t\t\t\t\t\t<div class=\"elementor-container elementor-column-gap-default\">\n\t\t\t\t\t<div class=\"elementor-column elementor-col-100 elementor-top-column elementor-element elementor-element-a9deda7\" data-id=\"a9deda7\" data-element_type=\"column\">\n\t\t\t<div class=\"elementor-widget-wrap elementor-element-populated\">\n\t\t\t\t\t\t<div class=\"elementor-element elementor-element-c987264 elementor-widget elementor-widget-html\" data-id=\"c987264\" data-element_type=\"widget\" data-widget_type=\"html.default\">\n\t\t\t\t<div class=\"elementor-widget-container\">\n\t\t\t\t\t<script> \r\njQuery(document).ready(function($) { \r\nvar delay = 100; setTimeout(function() { \r\n$('.elementor-tab-title').removeClass('elementor-active');\r\n $('.elementor-tab-content').css('display', 'none'); }, delay); \r\n}); \r\n<\/script>\t\t\t\t<\/div>\n\t\t\t\t<\/div>\n\t\t\t\t\t<\/div>\n\t\t<\/div>\n\t\t\t\t\t<\/div>\n\t\t<\/section>\n\t\t\t\t<\/div>\n\t\t","protected":false},"excerpt":{"rendered":"<p>Au fost postate datele examenelor pentru sesiunea 2! &times; AVIZIER Vezi anun\u021buri! ORAR Anul universitar 2025-2026, Semestrul 2 Anul 1 &hellip; <\/p>\n","protected":false},"author":1,"featured_media":0,"parent":72,"menu_order":0,"comment_status":"closed","ping_status":"closed","template":"","meta":{"_mi_skip_tracking":false,"_monsterinsights_sitenote_active":false,"_monsterinsights_sitenote_note":"","_monsterinsights_sitenote_category":0,"footnotes":""},"class_list":["post-95","page","type-page","status-publish","hentry"],"_links":{"self":[{"href":"https:\/\/www.univnt.ro\/index.php\/wp-json\/wp\/v2\/pages\/95","targetHints":{"allow":["GET"]}}],"collection":[{"href":"https:\/\/www.univnt.ro\/index.php\/wp-json\/wp\/v2\/pages"}],"about":[{"href":"https:\/\/www.univnt.ro\/index.php\/wp-json\/wp\/v2\/types\/page"}],"author":[{"embeddable":true,"href":"https:\/\/www.univnt.ro\/index.php\/wp-json\/wp\/v2\/users\/1"}],"replies":[{"embeddable":true,"href":"https:\/\/www.univnt.ro\/index.php\/wp-json\/wp\/v2\/comments?post=95"}],"version-history":[{"count":283,"href":"https:\/\/www.univnt.ro\/index.php\/wp-json\/wp\/v2\/pages\/95\/revisions"}],"predecessor-version":[{"id":13956,"href":"https:\/\/www.univnt.ro\/index.php\/wp-json\/wp\/v2\/pages\/95\/revisions\/13956"}],"up":[{"embeddable":true,"href":"https:\/\/www.univnt.ro\/index.php\/wp-json\/wp\/v2\/pages\/72"}],"wp:attachment":[{"href":"https:\/\/www.univnt.ro\/index.php\/wp-json\/wp\/v2\/media?parent=95"}],"curies":[{"name":"wp","href":"https:\/\/api.w.org\/{rel}","templated":true}]}}