{"id":9525,"date":"2024-05-17T09:57:34","date_gmt":"2024-05-17T09:57:34","guid":{"rendered":"https:\/\/www.univnt.ro\/?page_id=9525"},"modified":"2024-08-16T10:03:01","modified_gmt":"2024-08-16T10:03:01","slug":"conferinta-nationala-de-drept-executional-penal","status":"publish","type":"page","link":"https:\/\/www.univnt.ro\/index.php\/conferinta-nationala-de-drept-executional-penal\/","title":{"rendered":"Conferin\u021ba Na\u021bional\u0103 de Drept Execu\u021bional Penal"},"content":{"rendered":"\t\t<div data-elementor-type=\"wp-page\" data-elementor-id=\"9525\" class=\"elementor elementor-9525\" data-elementor-post-type=\"page\">\n\t\t\t\t\t\t<section class=\"elementor-section elementor-top-section elementor-element elementor-element-9256395 elementor-section-boxed elementor-section-height-default elementor-section-height-default\" data-id=\"9256395\" data-element_type=\"section\">\n\t\t\t\t\t\t<div class=\"elementor-container elementor-column-gap-default\">\n\t\t\t\t\t<div class=\"elementor-column elementor-col-100 elementor-top-column elementor-element elementor-element-57e2662\" data-id=\"57e2662\" data-element_type=\"column\">\n\t\t\t<div class=\"elementor-widget-wrap elementor-element-populated\">\n\t\t\t\t\t\t<div class=\"elementor-element elementor-element-311a088 elementor-widget elementor-widget-heading\" data-id=\"311a088\" data-element_type=\"widget\" data-widget_type=\"heading.default\">\n\t\t\t\t<div class=\"elementor-widget-container\">\n\t\t\t\t\t<h1 class=\"elementor-heading-title elementor-size-default\">Conferin\u021ba Na\u021bional\u0103 de Drept Execu\u021bional Penal<\/h1>\t\t\t\t<\/div>\n\t\t\t\t<\/div>\n\t\t\t\t\t<\/div>\n\t\t<\/div>\n\t\t\t\t\t<\/div>\n\t\t<\/section>\n\t\t\t\t<section class=\"elementor-section elementor-top-section elementor-element elementor-element-0425982 elementor-section-boxed elementor-section-height-default elementor-section-height-default\" data-id=\"0425982\" data-element_type=\"section\">\n\t\t\t\t\t\t<div class=\"elementor-container elementor-column-gap-default\">\n\t\t\t\t\t<div class=\"elementor-column elementor-col-100 elementor-top-column elementor-element elementor-element-afce709\" data-id=\"afce709\" data-element_type=\"column\">\n\t\t\t<div class=\"elementor-widget-wrap elementor-element-populated\">\n\t\t\t\t\t\t<div class=\"elementor-element elementor-element-727e15b elementor-widget elementor-widget-spacer\" data-id=\"727e15b\" data-element_type=\"widget\" data-widget_type=\"spacer.default\">\n\t\t\t\t<div class=\"elementor-widget-container\">\n\t\t\t\t\t\t\t<div class=\"elementor-spacer\">\n\t\t\t<div class=\"elementor-spacer-inner\"><\/div>\n\t\t<\/div>\n\t\t\t\t\t\t<\/div>\n\t\t\t\t<\/div>\n\t\t\t\t\t<\/div>\n\t\t<\/div>\n\t\t\t\t\t<\/div>\n\t\t<\/section>\n\t\t\t\t<section class=\"elementor-section elementor-top-section elementor-element elementor-element-20bfbd5 elementor-section-boxed elementor-section-height-default elementor-section-height-default\" data-id=\"20bfbd5\" data-element_type=\"section\">\n\t\t\t\t\t\t<div class=\"elementor-container elementor-column-gap-default\">\n\t\t\t\t\t<div class=\"elementor-column elementor-col-50 elementor-top-column elementor-element elementor-element-7e4c618\" data-id=\"7e4c618\" data-element_type=\"column\">\n\t\t\t<div class=\"elementor-widget-wrap elementor-element-populated\">\n\t\t\t\t\t\t<div class=\"elementor-element elementor-element-c9659bc elementor-widget__width-initial elementor-widget-mobile__width-initial elementor-widget elementor-widget-image\" data-id=\"c9659bc\" data-element_type=\"widget\" data-widget_type=\"image.default\">\n\t\t\t\t<div class=\"elementor-widget-container\">\n\t\t\t\t\t\t\t\t\t\t\t\t\t\t\t<img fetchpriority=\"high\" decoding=\"async\" width=\"300\" height=\"300\" src=\"https:\/\/www.univnt.ro\/wp-content\/uploads\/cropped-logo-unt-color-transparenta-e1597657560749-300x300.png\" class=\"attachment-medium size-medium wp-image-1171\" alt=\"\" srcset=\"https:\/\/www.univnt.ro\/wp-content\/uploads\/cropped-logo-unt-color-transparenta-e1597657560749-300x300.png 300w, https:\/\/www.univnt.ro\/wp-content\/uploads\/cropped-logo-unt-color-transparenta-e1597657560749-150x150.png 150w, https:\/\/www.univnt.ro\/wp-content\/uploads\/cropped-logo-unt-color-transparenta-e1597657560749-70x70.png 70w, https:\/\/www.univnt.ro\/wp-content\/uploads\/cropped-logo-unt-color-transparenta-e1597657560749-246x246.png 246w, https:\/\/www.univnt.ro\/wp-content\/uploads\/cropped-logo-unt-color-transparenta-e1597657560749-276x276.png 276w, https:\/\/www.univnt.ro\/wp-content\/uploads\/cropped-logo-unt-color-transparenta-e1597657560749-125x125.png 125w, https:\/\/www.univnt.ro\/wp-content\/uploads\/cropped-logo-unt-color-transparenta-e1597657560749-270x270.png 270w, https:\/\/www.univnt.ro\/wp-content\/uploads\/cropped-logo-unt-color-transparenta-e1597657560749-192x192.png 192w, https:\/\/www.univnt.ro\/wp-content\/uploads\/cropped-logo-unt-color-transparenta-e1597657560749-180x180.png 180w, https:\/\/www.univnt.ro\/wp-content\/uploads\/cropped-logo-unt-color-transparenta-e1597657560749-32x32.png 32w, https:\/\/www.univnt.ro\/wp-content\/uploads\/cropped-logo-unt-color-transparenta-e1597657560749.png 512w\" sizes=\"(max-width: 300px) 100vw, 300px\" \/>\t\t\t\t\t\t\t\t\t\t\t\t\t\t\t<\/div>\n\t\t\t\t<\/div>\n\t\t\t\t\t<\/div>\n\t\t<\/div>\n\t\t\t\t<div class=\"elementor-column elementor-col-50 elementor-top-column elementor-element elementor-element-94857a4\" data-id=\"94857a4\" data-element_type=\"column\">\n\t\t\t<div class=\"elementor-widget-wrap elementor-element-populated\">\n\t\t\t\t\t\t<div class=\"elementor-element elementor-element-08f1077 elementor-widget-mobile__width-initial elementor-widget elementor-widget-image\" data-id=\"08f1077\" data-element_type=\"widget\" data-widget_type=\"image.default\">\n\t\t\t\t<div class=\"elementor-widget-container\">\n\t\t\t\t\t\t\t\t\t\t\t\t\t\t\t<img decoding=\"async\" width=\"350\" height=\"141\" src=\"https:\/\/www.univnt.ro\/wp-content\/uploads\/Ed.-HMG2.png\" class=\"attachment-large size-large wp-image-9532\" alt=\"\" srcset=\"https:\/\/www.univnt.ro\/wp-content\/uploads\/Ed.-HMG2.png 350w, https:\/\/www.univnt.ro\/wp-content\/uploads\/Ed.-HMG2-300x121.png 300w\" sizes=\"(max-width: 350px) 100vw, 350px\" \/>\t\t\t\t\t\t\t\t\t\t\t\t\t\t\t<\/div>\n\t\t\t\t<\/div>\n\t\t\t\t\t<\/div>\n\t\t<\/div>\n\t\t\t\t\t<\/div>\n\t\t<\/section>\n\t\t\t\t<section class=\"elementor-section elementor-top-section elementor-element elementor-element-cadc99a elementor-section-boxed elementor-section-height-default elementor-section-height-default\" data-id=\"cadc99a\" data-element_type=\"section\">\n\t\t\t\t\t\t<div class=\"elementor-container elementor-column-gap-default\">\n\t\t\t\t\t<div class=\"elementor-column elementor-col-100 elementor-top-column elementor-element elementor-element-6bd83c1\" data-id=\"6bd83c1\" data-element_type=\"column\">\n\t\t\t<div class=\"elementor-widget-wrap elementor-element-populated\">\n\t\t\t\t\t\t<div class=\"elementor-element elementor-element-f3a1741 elementor-widget elementor-widget-spacer\" data-id=\"f3a1741\" data-element_type=\"widget\" data-widget_type=\"spacer.default\">\n\t\t\t\t<div class=\"elementor-widget-container\">\n\t\t\t\t\t\t\t<div class=\"elementor-spacer\">\n\t\t\t<div class=\"elementor-spacer-inner\"><\/div>\n\t\t<\/div>\n\t\t\t\t\t\t<\/div>\n\t\t\t\t<\/div>\n\t\t\t\t\t<\/div>\n\t\t<\/div>\n\t\t\t\t\t<\/div>\n\t\t<\/section>\n\t\t\t\t<section class=\"elementor-section elementor-top-section elementor-element elementor-element-d91469c elementor-section-boxed elementor-section-height-default elementor-section-height-default\" data-id=\"d91469c\" data-element_type=\"section\">\n\t\t\t\t\t\t<div class=\"elementor-container elementor-column-gap-default\">\n\t\t\t\t\t<div class=\"elementor-column elementor-col-100 elementor-top-column elementor-element elementor-element-895c979\" data-id=\"895c979\" data-element_type=\"column\">\n\t\t\t<div class=\"elementor-widget-wrap elementor-element-populated\">\n\t\t\t\t\t\t<div class=\"elementor-element elementor-element-258e96e elementor-tabs-alignment-stretch elementor-tabs-view-horizontal elementor-widget elementor-widget-tabs\" data-id=\"258e96e\" data-element_type=\"widget\" data-widget_type=\"tabs.default\">\n\t\t\t\t<div class=\"elementor-widget-container\">\n\t\t\t\t\t\t\t<div class=\"elementor-tabs\">\n\t\t\t<div class=\"elementor-tabs-wrapper\" role=\"tablist\" >\n\t\t\t\t\t\t\t\t\t<div id=\"elementor-tab-title-3931\" class=\"elementor-tab-title elementor-tab-desktop-title\" aria-selected=\"true\" data-tab=\"1\" role=\"tab\" tabindex=\"0\" aria-controls=\"elementor-tab-content-3931\" aria-expanded=\"false\">Despre Conferin\u021b\u0103<\/div>\n\t\t\t\t\t\t\t\t\t<div id=\"elementor-tab-title-3932\" class=\"elementor-tab-title elementor-tab-desktop-title\" aria-selected=\"false\" data-tab=\"2\" role=\"tab\" tabindex=\"-1\" aria-controls=\"elementor-tab-content-3932\" aria-expanded=\"false\">Scopul Conferin\u021bei<\/div>\n\t\t\t\t\t\t\t\t\t<div id=\"elementor-tab-title-3933\" class=\"elementor-tab-title elementor-tab-desktop-title\" aria-selected=\"false\" data-tab=\"3\" role=\"tab\" tabindex=\"-1\" aria-controls=\"elementor-tab-content-3933\" aria-expanded=\"false\">Program<\/div>\n\t\t\t\t\t\t\t\t\t<div id=\"elementor-tab-title-3934\" class=\"elementor-tab-title elementor-tab-desktop-title\" aria-selected=\"false\" data-tab=\"4\" role=\"tab\" tabindex=\"-1\" aria-controls=\"elementor-tab-content-3934\" aria-expanded=\"false\">Reguli de Tehnoredactare<\/div>\n\t\t\t\t\t\t\t\t\t<div id=\"elementor-tab-title-3935\" class=\"elementor-tab-title elementor-tab-desktop-title\" aria-selected=\"false\" data-tab=\"5\" role=\"tab\" tabindex=\"-1\" aria-controls=\"elementor-tab-content-3935\" aria-expanded=\"false\">CNEP proceedings<\/div>\n\t\t\t\t\t\t\t<\/div>\n\t\t\t<div class=\"elementor-tabs-content-wrapper\" role=\"tablist\" aria-orientation=\"vertical\">\n\t\t\t\t\t\t\t\t\t<div class=\"elementor-tab-title elementor-tab-mobile-title\" aria-selected=\"true\" data-tab=\"1\" role=\"tab\" tabindex=\"0\" aria-controls=\"elementor-tab-content-3931\" aria-expanded=\"false\">Despre Conferin\u021b\u0103<\/div>\n\t\t\t\t\t<div id=\"elementor-tab-content-3931\" class=\"elementor-tab-content elementor-clearfix\" data-tab=\"1\" role=\"tabpanel\" aria-labelledby=\"elementor-tab-title-3931\" tabindex=\"0\" hidden=\"false\"><p>\u00cen cadrul reunirii cercet\u0103rilor din diferitele ramuri ale \u0219tiin\u021belor juridice, anul acesta avem satisfac\u021bia organiz\u0103rii unei <span style=\"color: #000000;\"><span style=\"color: #808080;\">prime<\/span><\/span><strong><span style=\"color: #000000;\"> Conferin\u021be de Drept Execu\u021bional Penal<\/span><\/strong> din \u021bara noastr\u0103, g\u0103zduit\u0103 cu generozitate de <strong><span style=\"color: #000080;\">Universitatea Nicolae Titulescu din Bucure\u0219ti<\/span><\/strong>.<\/p><p>Dup\u0103 anii comunismului \u00een care \u00een materia execut\u0103rii pedepselor \u0219i altor sanc\u021biuni penale totul era clasificat ca secret de serviciu sau secret de stat, informa\u021bii despre modalit\u0103\u021bile concrete de punere \u00een executare a hot\u0103r\u00e2rilor instan\u021belor de judecat\u0103 nu puteau fi puse la dispozi\u021bia publicului, chiar \u0219i cei ce se liberau din locurile de de\u021binere fiind obliga\u021bi s\u0103 nu disemineze niciun fel de informa\u021bii din lumea de dup\u0103 gratii.<\/p><p>A fost o adev\u0103rat\u0103 perioad\u0103 de deschidere spre societate a sistemului penitenciar dup\u0103 1989.<\/p><p>Dup\u0103 trecerea sistemului penitenciar la Ministerul Justi\u021biei s-a realizat un proiect de Reform\u0103 penitenciar\u0103 ini\u021biat de Guvernul Rom\u00e2n, s-au elaborat 100 de ordine ala ministrului Justi\u021biei \u0219i 74 de ordine ale directorului general al Direc\u021biei Generale a penitenciarelor \u00een scopul intr\u0103rii \u00een legalitate a sistemului, umaniz\u0103rii regimului execu\u021bional, asigurarea drepturilor personalului \u0219i perfec\u021bionarea acestuia, ameliorarea constructiv\u0103 \u0219i construc\u021bia unor noi a\u0219ez\u0103minte, depolitizarea \u0219i introducerea culturii \u0219i moralei cre\u0219tine \u00een educa\u021bia condamna\u021bilor \u0219i minorilor, realizarea bibliotecilor, cluburilor, terenurilor de sport \u0219i plimbare, organizarea \u00eenvoirilor \u00een familie, \u0219i a vizitelor f\u0103r\u0103 separa\u021bie \u00eentre condamnat \u0219i familie, organizarea unui sistem de vizite intime, introducerea \u00een activitatea de resocializare a membrilor comunit\u0103\u021bii, a voluntarilor, a O.N.G.-urilor cu scop caritabil \u0219i de sus\u021binere post-penal\u0103, asigurarea echip\u0103rii civile, prezentarea prompt\u0103 la spitale a celor bolnavi, asigurarea prezen\u021bei \u00een fa\u021ba organelor judiciare, a transferurilor \u00een interesul condamnatului, a familiei sau a instan\u021belor de judecat\u0103.<\/p><p>S-a constituit un colectiv de lucru pentru noua lege de execuarea a sanc\u021biunilor penale, care dup\u0103 mai multe ezit\u0103ri, \u00eencerc\u0103ri \u0219i chiar e\u0219ecuri s-a realizat \u00eentr-o form\u0103 acceptabil\u0103 dup\u0103 13 ani de la evenimentele din 1989. Drumul ireversibil al democratiz\u0103rii Rom\u00e2niei a fost receptat \u0219i \u00een mediul universitar, pentru prima oar\u0103 la Universitatea Nicolae Titulescu din Bucure\u0219ti, sub conducerea meritorie a Domnului Profesor Universitar Doctor Ion Neagu.<\/p><p>Participarea a peste 120 de audien\u021bi la Conferin\u021b\u0103, prezentarea unor studii \u0219i comunic\u0103ri \u0219tiin\u021bifice de c\u0103tre reputa\u021bi cercet\u0103tori, magistra\u021bi, cadre didactice, doctoranzi, cadre de conducere din Administra\u021bia Na\u021bional\u0103 a Penitenciarelor a fost un succes dorit din partea organizatorilor. Dorin\u021ba majorit\u0103\u021bii participan\u021bilor a fost aceea de a avea acces la lucr\u0103rile prezentate, astfel lucr\u0103rile fiind publicate pe site-ul propriu cu acces liber la con\u021binutul lucr\u0103rilor, autorii d\u00e2ndu-\u0219i acceptul \u00een acest sens.<\/p><p>Pentru c\u0103 orice activitate de acest fel produce un efect ulterior, apreciem c\u0103 este posibil ca aceast\u0103 Conferin\u021b\u0103 Na\u021bional\u0103 s\u0103 aib\u0103 loc anual, s\u0103 se desf\u0103\u0219oare pe mai multe sec\u021biuni, \u00eentre care s\u0103 enumer\u0103m doar c\u00e2teva: Perfec\u021bionarea legisla\u021biei execu\u021bional penale, Asigurarea drepturilor civile pentru persoanele condamnate, Evolu\u021bia perfec\u021bion\u0103rii personalului a\u0219ez\u0103mintelor de de\u021binere, Evolu\u021bia cadrelor de conducere din sistemul penitenciar, Regimurile aplicabile, Drepturile de\u021binu\u021bilor, Resocializarea acestora dup\u0103 liberare, Comunicarea cu societatea \u00een cadrul noilor a\u0219ez\u0103minte de de\u021binere numite Institute de Resocializare\u00a0 Este evident c\u0103 ne dorim schimbarea radical\u0103 a institu\u021biei de\u021binerii \u00een viitorul apropiat, rolul fiind acela de resocializare.<\/p><p>\u00a0Profesor Univ. Dr. Ioan CHI\u0218<\/p><\/div>\n\t\t\t\t\t\t\t\t\t<div class=\"elementor-tab-title elementor-tab-mobile-title\" aria-selected=\"false\" data-tab=\"2\" role=\"tab\" tabindex=\"-1\" aria-controls=\"elementor-tab-content-3932\" aria-expanded=\"false\">Scopul Conferin\u021bei<\/div>\n\t\t\t\t\t<div id=\"elementor-tab-content-3932\" class=\"elementor-tab-content elementor-clearfix\" data-tab=\"2\" role=\"tabpanel\" aria-labelledby=\"elementor-tab-title-3932\" tabindex=\"0\" hidden=\"hidden\"><p>Ini\u021biativa organiz\u0103rii unei astfel de conferin\u021be apar\u021bine cadrelor didactice din Departamentul de \u0218tiin\u021be penale a Facult\u0103\u021bii de Drept din cadrul Universit\u0103\u021bii Nicolae Titulescu ca urmare a numeroaselor lucr\u0103ri cu con\u021binut de noutate din domeniul Dreptului execu\u021bional penal.<\/p><p>Lucr\u0103rile preg\u0103titoare s-au derulat sub conducerea Consiliului de Administra\u021bie a Universit\u0103\u021bii Nicolae Titulescu din Bucure\u0219ti, \u0219i anume a Domnului Profesor Univ. Dr. Ion Neagu care a sprijinit din 1997 \u00eenfiin\u021barea studiilor de licen\u021b\u0103, masterate, \u00a0a \u0219colii doctorale \u00een domeniile drept procesual penal, drept penal, drept execu\u021bional penal, implic\u00e2ndu-se cu deosebit\u0103 aten\u021bie asupra calit\u0103\u021bii desf\u0103\u0219ur\u0103rii cursurilor \u0219i a evenimentelor \u0219tiin\u021bifice.<\/p><p>\u00cen cei aproximativ 30 de ani de c\u00e2nd \u00een Universitatea Nicolae Titulescu din Bucure\u0219ti se deruleaz\u0103 studii specializate la toate nivelurile universitare \u00een domeniul dreptului execu\u021bional penal, absolven\u021bii au putut s\u0103 se familiarizeze cu tot ce \u021bine de punerea \u00een executare a sanc\u021biunilor penale, a m\u0103surilor educative pentru minori, a pedepselor neprivative de libertate sau cu privare de libertate, a procedurilor pe timpul execut\u0103rii, a programelor de resocializare, a \u00eendeplinirii m\u0103surilor \u0219i obliga\u021biilor \u00een termenele de supraveghere \u0219i \u00een sistemul de proba\u021biune instituit pentru sprijinul persoanelor sanc\u021bionate pentru a se putea reintegra social.<\/p><p>S-au desf\u0103\u0219urat \u00een 30 de ani mai multe Conferin\u021be cu con\u021binut aplicativ, \u0219tiin\u021bific, profesional direc\u021bionate spre executarea pedepselor, colocvii \u0219i alte asemenea manifest\u0103ri, ce au dezb\u0103tut diverse aspecte privind pedeapsele \u0219i condamna\u021bii.<\/p><p>\u00cen cei peste 15 ani de studii doctorale, s-au elaborat numeroase lucr\u0103ri ce au fost publicate, absolven\u021bii doctoratelor \u00een drept execu\u021bional penal eviden\u021biind progresele realizate \u00een domeniu, dar \u0219i posibilit\u0103\u021bile deosebite de evolu\u021bie, \u0219i \u00eembun\u0103t\u0103\u021bire a legisla\u021biei specifice cu zeci de propuneri de <em>lege ferenda<\/em>, dar \u0219i pentru proiectarea unor modele noi de a\u0219ez\u0103minte de de\u021binere \u0219i educare, a \u00eembun\u0103t\u0103\u021birii administra\u021biei, a asigur\u0103rii s\u0103n\u0103t\u0103\u021bii fizice \u0219i morale a de\u021binu\u021bilor, a instruirii \u0219i recuper\u0103rii \u0219colare, a orient\u0103rii spre via\u021ba f\u0103r\u0103 infrac\u021biune a celor care au trecut prin camerele de deten\u021bie.<\/p><p>A\u0219adar, un pas important l-a consacrat organizarea acestei conferin\u021be prin care s-a \u00eencercat ini\u021bierea unei ac\u021biuni de con\u0219tientizare a opiniei publice cu ceea ce este posibil s\u0103 realiz\u0103m pe linia resocializ\u0103rii, astfel s\u0103 diminu\u0103m impactul sanc\u021biunilor penale \u0219i a locurilor de de\u021binere asupra a peste 100.000 de cet\u0103\u021beni condamna\u021bi \u0219i familiile lor \u00eentr-o perioad\u0103 de mai pu\u021bin de 10 ani.<\/p><p>Acesta este <strong>scopul<\/strong> Conferin\u021bei Na\u021bionale de Drept Execu\u021bional Penal, \u0219i anume s\u0103 ar\u0103t\u0103m societ\u0103\u021bii c\u0103 se poate convie\u021bui \u00eentr-o societate modern\u0103 lipsit\u0103 de criminalitate sau cu un indice c\u00e2t mai sc\u0103zut de la o etap\u0103 la alta \u0219i s\u0103 protej\u0103m viitoarele victime de efectul devastator asupra vie\u021bilor lor a actelor criminogene, indiferent de la ce nivel se produc.<\/p><\/div>\n\t\t\t\t\t\t\t\t\t<div class=\"elementor-tab-title elementor-tab-mobile-title\" aria-selected=\"false\" data-tab=\"3\" role=\"tab\" tabindex=\"-1\" aria-controls=\"elementor-tab-content-3933\" aria-expanded=\"false\">Program<\/div>\n\t\t\t\t\t<div id=\"elementor-tab-content-3933\" class=\"elementor-tab-content elementor-clearfix\" data-tab=\"3\" role=\"tabpanel\" aria-labelledby=\"elementor-tab-title-3933\" tabindex=\"0\" hidden=\"hidden\"><p><div class=\"_df_book df-lite\" id=\"df_9605\"  data-title=\"cnep_program\" _slug=\"cnep_program\" wpoptions=\"true\" thumbtype=\"\" ><\/div><script class=\"df-shortcode-script\" type=\"application\/javascript\">window.option_df_9605 = {\"outline\":[],\"autoEnableOutline\":\"false\",\"autoEnableThumbnail\":\"false\",\"overwritePDFOutline\":\"false\",\"direction\":\"1\",\"pageSize\":\"0\",\"source\":\"https:\\\/\\\/www.univnt.ro\\\/wp-content\\\/uploads\\\/program_cnep.pdf\",\"wpOptions\":\"true\"}; if(window.DFLIP && window.DFLIP.parseBooks){window.DFLIP.parseBooks();}<\/script><\/p><\/div>\n\t\t\t\t\t\t\t\t\t<div class=\"elementor-tab-title elementor-tab-mobile-title\" aria-selected=\"false\" data-tab=\"4\" role=\"tab\" tabindex=\"-1\" aria-controls=\"elementor-tab-content-3934\" aria-expanded=\"false\">Reguli de Tehnoredactare<\/div>\n\t\t\t\t\t<div id=\"elementor-tab-content-3934\" class=\"elementor-tab-content elementor-clearfix\" data-tab=\"4\" role=\"tabpanel\" aria-labelledby=\"elementor-tab-title-3934\" tabindex=\"0\" hidden=\"hidden\"><p>-Pentru a fi \u0219i publicate, studiile trebuie redactate exclusiv \u00een limba rom\u00e2n\u0103.<br \/>-M\u0103rimea recomandat\u0103 este \u00eentre 3000 de cuvinte \u015fi 12000 de cuvinte.<br \/>-Studiile trebuie scrise clar, concis \u0219i s\u0103 nu con\u021bin\u0103 formul\u0103ri ambigue.<br \/>-Fiecare lucrare destinat\u0103 public\u0103rii va fi evaluat\u0103 preliminar de c\u0103tre membrii comitetului \u0219tiin\u021bific al CNEP, iar \u00een situa\u021bia \u00een care se vor impune modific\u0103ri\/ad\u0103ugiri de form\u0103\/fond autorii vor fi \u00eencuno\u0219tin\u021ba\u021bi pentru a remedia cele necesare, urm\u00e2nd ca ulterior materialul s\u0103 fie retransmis cu respectarea termenului limit\u0103 din 20.04.2024.<br \/>&#8211;<u>Fiecare autor r\u0103spunde personal privind con\u021binutul de idei \u0219i modalitatea de preluare a textelor din alte lucr\u0103ri de specialitate, inclusiv personale (teze de doctorat, alte studii) asum\u00e2ndu-\u0219i pe deplin \u00eentregul con\u021binut sub toate aspectele legale ce deriv\u0103 din publicarea unei lucr\u0103ri \u0219tiin\u021bifice.<\/u><\/p><p><u><span style=\"color: #0000ff;\"><strong>STRUCTURA LUCR\u0102RII<\/strong><\/span><br \/><\/u><br \/><span style=\"color: #3366ff;\"><strong>TITLUL LUCR\u0102RII\u00a0<\/strong><\/span><br \/><span style=\"color: #3366ff;\"><strong>PRENUMELE SI NUMELE AUTORULUI\/AUTORILOR<\/strong><\/span>\u00a0\u00a0(\u00een cadrul notei de subsol se va insera gradul didactic, titlul \u015ftiin\u021bific \u015fi afilierea autorului; de asemenea, \u00eentre paranteze, va fi indicate adresa de coresponden\u021b\u0103\u00a0electronic\u0103)<\/p><p><span style=\"color: #3366ff;\"><strong>ABSTRACT<\/strong><\/span>\u00a0\u00a0Abstractul va con\u021bine minimum 200 de cuvinte &#8211; maxim 300 de cuvinte (<em>\u00een limba englez\u0103<\/em>). \u00cen abstract autorul trebuie s\u0103 men\u021bioneze clar care este scopul concret al lucr\u0103rii.<\/p><p><span style=\"color: #3366ff;\"><strong>CUVINTE-CHEIE<\/strong><\/span>\u00a0 Vor fi inserate 5 cuvinte-cheie ori expresii care definesc obiectul cercet\u0103rii (<em>\u00een limba englez\u0103<\/em>).<\/p><p><span style=\"color: #3366ff;\"><strong>INTRODUCERE<\/strong><\/span>\u00a0\u00a0Introducerea trebuie s\u0103 fie dimensionat\u0103 pe cel mult o pagin\u0103, dar nu mai pu\u021bin de o jum\u0103tate de pagin\u0103. Prin introducere, autorul va r\u0103spunde urm\u0103toarelor 4 \u00eentreb\u0103ri:<\/p><p>1) care este domeniul acoperit de tematica studiului;<\/p><p>2) care este importan\u021ba studiului propus \u015fi ce obiective sunt vizate;<\/p><p>3) care este modalitatea prin care autorul va r\u0103spunde la obiectivele asumate;<\/p><p>4) care este stadiul cunoa\u015fterii \u00een material abordat\u0103, cu referire la contribu\u021biile deja existente \u00een literatura de specialitate.<\/p><p>Introducerea \u00een studiu trebuie s\u0103 fie clar redactat\u0103. Orice confuzie care ar putea plana asupra celor 4 \u00eentreb\u0103ri poate fi apt\u0103 s\u0103 determine respingerea cercet\u0103rii.<\/p><p><span style=\"color: #3366ff;\"><strong>CONTINUTUL PROPRIU-ZIS<\/strong><\/span>\u00a0 \u00cen cadrul acestei sec\u021biuni a studiului propus autorul va prezenta \u015fi va sus\u021bine argumentat rezultatele cercet\u0103rii \u00eentreprinse.<\/p><p>Poate fi posibil\u0103 orice structur\u0103 care, \u00een opinia autorului, poate sus\u021bine lucrarea.<\/p><p><span style=\"color: #3366ff;\"><strong>CONCLUZII<\/strong><\/span> \u00cen cadrul acestei sec\u021biuni, autorul va acoperi urm\u0103toarele probleme:<\/p><p>1) prezentarea principalelor direc\u021bii abordate \u00een articol \u015fi a rezultatelor ob\u021binute;<\/p><p>2) prezentarea impactului preconizat al acestor rezultate;<\/p><p>3) sugestii pentru viitoare activit\u0103\u021bi de cercetare \u00een domeniul supus analizei.<\/p><p><span style=\"color: #3366ff;\"><strong>REFERINTE BIBLIOGRAFICE<\/strong><\/span>\u00a0 Referin\u021bele bibliografice vor fi redactate \u00een conformitate cu template-ul pe care \u00eel vom comunica ulterior \u00eenscrierii.<\/p><p>Referintele bibliografice sunt obligatorii.<br \/>\u00cen cuprinsul lucr\u0103rii vor fi utilizate notele de subsol.<\/p><\/div>\n\t\t\t\t\t\t\t\t\t<div class=\"elementor-tab-title elementor-tab-mobile-title\" aria-selected=\"false\" data-tab=\"5\" role=\"tab\" tabindex=\"-1\" aria-controls=\"elementor-tab-content-3935\" aria-expanded=\"false\">CNEP proceedings<\/div>\n\t\t\t\t\t<div id=\"elementor-tab-content-3935\" class=\"elementor-tab-content elementor-clearfix\" data-tab=\"5\" role=\"tabpanel\" aria-labelledby=\"elementor-tab-title-3935\" tabindex=\"0\" hidden=\"hidden\"><p><a href=\"https:\/\/www.univnt.ro\/wp-content\/uploads\/cnep\/cnep_2024.pdf\">Edi\u021bia I &#8211; 2024<\/a><\/p><\/div>\n\t\t\t\t\t\t\t<\/div>\n\t\t<\/div>\n\t\t\t\t\t\t<\/div>\n\t\t\t\t<\/div>\n\t\t\t\t\t<\/div>\n\t\t<\/div>\n\t\t\t\t\t<\/div>\n\t\t<\/section>\n\t\t\t\t<\/div>\n\t\t","protected":false},"excerpt":{"rendered":"<p>Conferin\u021ba Na\u021bional\u0103 de Drept Execu\u021bional Penal Despre Conferin\u021b\u0103 Scopul Conferin\u021bei Program Reguli de Tehnoredactare CNEP proceedings Despre Conferin\u021b\u0103 \u00cen cadrul &hellip; <\/p>\n","protected":false},"author":1,"featured_media":0,"parent":0,"menu_order":0,"comment_status":"closed","ping_status":"closed","template":"","meta":{"_mi_skip_tracking":false,"_monsterinsights_sitenote_active":false,"_monsterinsights_sitenote_note":"","_monsterinsights_sitenote_category":0,"footnotes":""},"class_list":["post-9525","page","type-page","status-publish","hentry"],"_links":{"self":[{"href":"https:\/\/www.univnt.ro\/index.php\/wp-json\/wp\/v2\/pages\/9525","targetHints":{"allow":["GET"]}}],"collection":[{"href":"https:\/\/www.univnt.ro\/index.php\/wp-json\/wp\/v2\/pages"}],"about":[{"href":"https:\/\/www.univnt.ro\/index.php\/wp-json\/wp\/v2\/types\/page"}],"author":[{"embeddable":true,"href":"https:\/\/www.univnt.ro\/index.php\/wp-json\/wp\/v2\/users\/1"}],"replies":[{"embeddable":true,"href":"https:\/\/www.univnt.ro\/index.php\/wp-json\/wp\/v2\/comments?post=9525"}],"version-history":[{"count":89,"href":"https:\/\/www.univnt.ro\/index.php\/wp-json\/wp\/v2\/pages\/9525\/revisions"}],"predecessor-version":[{"id":12714,"href":"https:\/\/www.univnt.ro\/index.php\/wp-json\/wp\/v2\/pages\/9525\/revisions\/12714"}],"wp:attachment":[{"href":"https:\/\/www.univnt.ro\/index.php\/wp-json\/wp\/v2\/media?parent=9525"}],"curies":[{"name":"wp","href":"https:\/\/api.w.org\/{rel}","templated":true}]}}